{"id":10390,"date":"2016-10-14T08:53:57","date_gmt":"2021-09-11T23:07:24","guid":{"rendered":"https:\/\/smartdoor.sk\/produkt\/hy7024\/"},"modified":"2021-11-16T14:22:24","modified_gmt":"2021-11-16T13:22:24","slug":"hy7024","status":"publish","type":"product","link":"https:\/\/smartdoor.sk\/en\/produkt\/hy7024\/","title":{"rendered":"HY7024"},"content":{"rendered":"<p><strong>For swing gates with leaves up to 3 m, also ideal for large pillars.<\/strong><br \/>\nElectromechanical gear motor, surface mounted, also in 24 Vdc version with magnetic encoder, with articulated arm.<br \/>\nSingle model for right and left leaves.<br \/>\nFewer connections mean quicker installation.<br \/>\n<strong>Pre-wired, incorporated double limit-switch<\/strong> both during opening and closing.<br \/>\n<strong>Easy and quick to install:<\/strong> thanks to fewer connections and nothing welded to the gates.<br \/>\n<strong>Long-lasting:<\/strong> solid metal mechanics.<br \/>\n<strong>Compact:<\/strong> shockproof bodywork with no sharp corners.<br \/>\nRecommended control units:<br \/>\nMindy A6F, A60, A700F;<br \/>\nfor HY7024 Moonclever MC824H.<br \/>\n<strong>24 Vdc version<\/strong> with magnetic encoder.<br \/>\n<strong>Perfect for intensive use<\/strong>, compatible with the control unit<br \/>\n<strong>Moonclever MC824H:<\/strong><br \/>\n\u2022 simple programming, by means of a single key;<br \/>\n\u2022 self-learning of opening and closing limit positions;<br \/>\n\u2022 automatic fault diagnostics;<br \/>\n\u2022 programming of pause time;<br \/>\n\u2022 pedestrian pass door;<br \/>\n\u2022 deceleration on opening and closing;<br \/>\n\u2022 obstacle detection with dual technology;<br \/>\n\u2022 operation in event of power failure by means of optional rechargeable batteries (PS324);<br \/>\n\u2022 provision for connection of latest generation resistive sensitive edges.<\/p>\n","protected":false},"excerpt":{"rendered":"<p>For swing gates with leaves up to 3 m, also ideal for large pillars. Electromechanical gear motor, surface mounted, also in 24 Vdc version with magnetic encoder, with articulated arm. Single model for right and left leaves. Fewer connections mean quicker installation. Pre-wired, incorporated double limit-switch both during opening and closing. Easy and quick to [&hellip;]<\/p>\n","protected":false},"featured_media":11911,"template":"","meta":{"_acf_changed":false,"site-sidebar-layout":"default","site-content-layout":"","ast-site-content-layout":"default","site-content-style":"default","site-sidebar-style":"default","ast-global-header-display":"","ast-banner-title-visibility":"","ast-main-header-display":"","ast-hfb-above-header-display":"","ast-hfb-below-header-display":"","ast-hfb-mobile-header-display":"","site-post-title":"","ast-breadcrumbs-content":"","ast-featured-img":"","footer-sml-layout":"","ast-disable-related-posts":"","theme-transparent-header-meta":"","adv-header-id-meta":"","stick-header-meta":"","header-above-stick-meta":"","header-main-stick-meta":"","header-below-stick-meta":"","astra-migrate-meta-layouts":"default","ast-page-background-enabled":"default","ast-page-background-meta":{"desktop":{"background-color":"","background-image":"","background-repeat":"repeat","background-position":"center center","background-size":"auto","background-attachment":"scroll","background-type":"","background-media":"","overlay-type":"","overlay-color":"","overlay-opacity":"","overlay-gradient":""},"tablet":{"background-color":"","background-image":"","background-repeat":"repeat","background-position":"center center","background-size":"auto","background-attachment":"scroll","background-type":"","background-media":"","overlay-type":"","overlay-color":"","overlay-opacity":"","overlay-gradient":""},"mobile":{"background-color":"","background-image":"","background-repeat":"repeat","background-position":"center center","background-size":"auto","background-attachment":"scroll","background-type":"","background-media":"","overlay-type":"","overlay-color":"","overlay-opacity":"","overlay-gradient":""}},"ast-content-background-meta":{"desktop":{"background-color":"var(--ast-global-color-5)","background-image":"","background-repeat":"repeat","background-position":"center center","background-size":"auto","background-attachment":"scroll","background-type":"","background-media":"","overlay-type":"","overlay-color":"","overlay-opacity":"","overlay-gradient":""},"tablet":{"background-color":"var(--ast-global-color-5)","background-image":"","background-repeat":"repeat","background-position":"center center","background-size":"auto","background-attachment":"scroll","background-type":"","background-media":"","overlay-type":"","overlay-color":"","overlay-opacity":"","overlay-gradient":""},"mobile":{"background-color":"var(--ast-global-color-5)","background-image":"","background-repeat":"repeat","background-position":"center center","background-size":"auto","background-attachment":"scroll","background-type":"","background-media":"","overlay-type":"","overlay-color":"","overlay-opacity":"","overlay-gradient":""}}},"product_brand":[],"product_cat":[339,341],"product_tag":[],"class_list":{"0":"post-10390","1":"product","2":"type-product","3":"status-publish","4":"has-post-thumbnail","6":"product_cat-nice-en","7":"product_cat-swing-door-openers","8":"desktop-align-left","9":"tablet-align-left","10":"mobile-align-left","11":"ast-product-gallery-layout-horizontal-slider","12":"ast-product-gallery-with-no-image","13":"ast-product-tabs-layout-horizontal","15":"first","16":"instock","17":"product-type-simple"},"acf":[],"yoast_head":"<!-- This site is optimized with the Yoast SEO Premium plugin v26.2 (Yoast SEO v27.2) - https:\/\/yoast.com\/product\/yoast-seo-premium-wordpress\/ -->\n<title>HY7024 - Smartdoor<\/title>\n<meta name=\"robots\" content=\"index, follow, max-snippet:-1, max-image-preview:large, max-video-preview:-1\" \/>\n<link rel=\"canonical\" href=\"https:\/\/smartdoor.sk\/en\/produkt\/hy7024\/\" \/>\n<meta property=\"og:locale\" content=\"en_US\" \/>\n<meta property=\"og:type\" content=\"article\" \/>\n<meta property=\"og:title\" content=\"HY7024\" \/>\n<meta property=\"og:description\" content=\"For swing gates with leaves up to 3 m, also ideal for large pillars. Electromechanical gear motor, surface mounted, also in 24 Vdc version with magnetic encoder, with articulated arm. Single model for right and left leaves. Fewer connections mean quicker installation. Pre-wired, incorporated double limit-switch both during opening and closing. Easy and quick to [&hellip;]\" \/>\n<meta property=\"og:url\" content=\"https:\/\/smartdoor.sk\/en\/produkt\/hy7024\/\" \/>\n<meta property=\"og:site_name\" content=\"Smartdoor\" \/>\n<meta property=\"article:modified_time\" content=\"2021-11-16T13:22:24+00:00\" \/>\n<meta property=\"og:image\" content=\"https:\/\/smartdoor.sk\/wp-content\/uploads\/2021\/03\/HYPPO_HY7024.jpg\" \/>\n\t<meta property=\"og:image:width\" content=\"800\" \/>\n\t<meta property=\"og:image:height\" content=\"800\" \/>\n\t<meta property=\"og:image:type\" content=\"image\/jpeg\" \/>\n<meta name=\"twitter:card\" content=\"summary_large_image\" \/>\n<meta name=\"twitter:label1\" content=\"Est. reading time\" \/>\n\t<meta name=\"twitter:data1\" content=\"1 minute\" \/>\n<script type=\"application\/ld+json\" class=\"yoast-schema-graph\">{\"@context\":\"https:\/\/schema.org\",\"@graph\":[{\"@type\":\"WebPage\",\"@id\":\"https:\/\/smartdoor.sk\/en\/produkt\/hy7024\/\",\"url\":\"https:\/\/smartdoor.sk\/en\/produkt\/hy7024\/\",\"name\":\"HY7024 - Smartdoor\",\"isPartOf\":{\"@id\":\"https:\/\/smartdoor.sk\/en\/#website\"},\"primaryImageOfPage\":{\"@id\":\"https:\/\/smartdoor.sk\/en\/produkt\/hy7024\/#primaryimage\"},\"image\":{\"@id\":\"https:\/\/smartdoor.sk\/en\/produkt\/hy7024\/#primaryimage\"},\"thumbnailUrl\":\"https:\/\/smartdoor.sk\/wp-content\/uploads\/2021\/03\/HYPPO_HY7024.jpg\",\"datePublished\":\"2021-09-11T23:07:24+00:00\",\"dateModified\":\"2021-11-16T13:22:24+00:00\",\"breadcrumb\":{\"@id\":\"https:\/\/smartdoor.sk\/en\/produkt\/hy7024\/#breadcrumb\"},\"inLanguage\":\"en-US\",\"potentialAction\":[{\"@type\":\"ReadAction\",\"target\":[\"https:\/\/smartdoor.sk\/en\/produkt\/hy7024\/\"]}]},{\"@type\":\"ImageObject\",\"inLanguage\":\"en-US\",\"@id\":\"https:\/\/smartdoor.sk\/en\/produkt\/hy7024\/#primaryimage\",\"url\":\"https:\/\/smartdoor.sk\/wp-content\/uploads\/2021\/03\/HYPPO_HY7024.jpg\",\"contentUrl\":\"https:\/\/smartdoor.sk\/wp-content\/uploads\/2021\/03\/HYPPO_HY7024.jpg\",\"width\":800,\"height\":800},{\"@type\":\"BreadcrumbList\",\"@id\":\"https:\/\/smartdoor.sk\/en\/produkt\/hy7024\/#breadcrumb\",\"itemListElement\":[{\"@type\":\"ListItem\",\"position\":1,\"name\":\"Domovsk\u00e1 str\u00e1nka\",\"item\":\"https:\/\/smartdoor.sk\/en\/\"},{\"@type\":\"ListItem\",\"position\":2,\"name\":\"Products\",\"item\":\"https:\/\/smartdoor.sk\/en\/products\/\"},{\"@type\":\"ListItem\",\"position\":3,\"name\":\"HY7024\"}]},{\"@type\":\"WebSite\",\"@id\":\"https:\/\/smartdoor.sk\/en\/#website\",\"url\":\"https:\/\/smartdoor.sk\/en\/\",\"name\":\"Smartdoor\",\"description\":\"M\u00fadre rie\u0161enia pre gar\u00e1\u017eov\u00e9 br\u00e1ny\",\"publisher\":{\"@id\":\"https:\/\/smartdoor.sk\/en\/#organization\"},\"potentialAction\":[{\"@type\":\"SearchAction\",\"target\":{\"@type\":\"EntryPoint\",\"urlTemplate\":\"https:\/\/smartdoor.sk\/en\/?s={search_term_string}\"},\"query-input\":{\"@type\":\"PropertyValueSpecification\",\"valueRequired\":true,\"valueName\":\"search_term_string\"}}],\"inLanguage\":\"en-US\"},{\"@type\":\"Organization\",\"@id\":\"https:\/\/smartdoor.sk\/en\/#organization\",\"name\":\"Smartdoor\",\"url\":\"https:\/\/smartdoor.sk\/en\/\",\"logo\":{\"@type\":\"ImageObject\",\"inLanguage\":\"en-US\",\"@id\":\"https:\/\/smartdoor.sk\/en\/#\/schema\/logo\/image\/\",\"url\":\"https:\/\/smartdoor.sk\/wp-content\/uploads\/2023\/03\/SmartDoorLogo.png\",\"contentUrl\":\"https:\/\/smartdoor.sk\/wp-content\/uploads\/2023\/03\/SmartDoorLogo.png\",\"width\":1500,\"height\":902,\"caption\":\"Smartdoor\"},\"image\":{\"@id\":\"https:\/\/smartdoor.sk\/en\/#\/schema\/logo\/image\/\"}}]}<\/script>\n<!-- \/ Yoast SEO Premium plugin. -->","yoast_head_json":{"title":"HY7024 - Smartdoor","robots":{"index":"index","follow":"follow","max-snippet":"max-snippet:-1","max-image-preview":"max-image-preview:large","max-video-preview":"max-video-preview:-1"},"canonical":"https:\/\/smartdoor.sk\/en\/produkt\/hy7024\/","og_locale":"en_US","og_type":"article","og_title":"HY7024","og_description":"For swing gates with leaves up to 3 m, also ideal for large pillars. Electromechanical gear motor, surface mounted, also in 24 Vdc version with magnetic encoder, with articulated arm. Single model for right and left leaves. Fewer connections mean quicker installation. Pre-wired, incorporated double limit-switch both during opening and closing. Easy and quick to [&hellip;]","og_url":"https:\/\/smartdoor.sk\/en\/produkt\/hy7024\/","og_site_name":"Smartdoor","article_modified_time":"2021-11-16T13:22:24+00:00","og_image":[{"width":800,"height":800,"url":"https:\/\/smartdoor.sk\/wp-content\/uploads\/2021\/03\/HYPPO_HY7024.jpg","type":"image\/jpeg"}],"twitter_card":"summary_large_image","twitter_misc":{"Est. reading time":"1 minute"},"schema":{"@context":"https:\/\/schema.org","@graph":[{"@type":"WebPage","@id":"https:\/\/smartdoor.sk\/en\/produkt\/hy7024\/","url":"https:\/\/smartdoor.sk\/en\/produkt\/hy7024\/","name":"HY7024 - Smartdoor","isPartOf":{"@id":"https:\/\/smartdoor.sk\/en\/#website"},"primaryImageOfPage":{"@id":"https:\/\/smartdoor.sk\/en\/produkt\/hy7024\/#primaryimage"},"image":{"@id":"https:\/\/smartdoor.sk\/en\/produkt\/hy7024\/#primaryimage"},"thumbnailUrl":"https:\/\/smartdoor.sk\/wp-content\/uploads\/2021\/03\/HYPPO_HY7024.jpg","datePublished":"2021-09-11T23:07:24+00:00","dateModified":"2021-11-16T13:22:24+00:00","breadcrumb":{"@id":"https:\/\/smartdoor.sk\/en\/produkt\/hy7024\/#breadcrumb"},"inLanguage":"en-US","potentialAction":[{"@type":"ReadAction","target":["https:\/\/smartdoor.sk\/en\/produkt\/hy7024\/"]}]},{"@type":"ImageObject","inLanguage":"en-US","@id":"https:\/\/smartdoor.sk\/en\/produkt\/hy7024\/#primaryimage","url":"https:\/\/smartdoor.sk\/wp-content\/uploads\/2021\/03\/HYPPO_HY7024.jpg","contentUrl":"https:\/\/smartdoor.sk\/wp-content\/uploads\/2021\/03\/HYPPO_HY7024.jpg","width":800,"height":800},{"@type":"BreadcrumbList","@id":"https:\/\/smartdoor.sk\/en\/produkt\/hy7024\/#breadcrumb","itemListElement":[{"@type":"ListItem","position":1,"name":"Domovsk\u00e1 str\u00e1nka","item":"https:\/\/smartdoor.sk\/en\/"},{"@type":"ListItem","position":2,"name":"Products","item":"https:\/\/smartdoor.sk\/en\/products\/"},{"@type":"ListItem","position":3,"name":"HY7024"}]},{"@type":"WebSite","@id":"https:\/\/smartdoor.sk\/en\/#website","url":"https:\/\/smartdoor.sk\/en\/","name":"Smartdoor","description":"M\u00fadre rie\u0161enia pre gar\u00e1\u017eov\u00e9 br\u00e1ny","publisher":{"@id":"https:\/\/smartdoor.sk\/en\/#organization"},"potentialAction":[{"@type":"SearchAction","target":{"@type":"EntryPoint","urlTemplate":"https:\/\/smartdoor.sk\/en\/?s={search_term_string}"},"query-input":{"@type":"PropertyValueSpecification","valueRequired":true,"valueName":"search_term_string"}}],"inLanguage":"en-US"},{"@type":"Organization","@id":"https:\/\/smartdoor.sk\/en\/#organization","name":"Smartdoor","url":"https:\/\/smartdoor.sk\/en\/","logo":{"@type":"ImageObject","inLanguage":"en-US","@id":"https:\/\/smartdoor.sk\/en\/#\/schema\/logo\/image\/","url":"https:\/\/smartdoor.sk\/wp-content\/uploads\/2023\/03\/SmartDoorLogo.png","contentUrl":"https:\/\/smartdoor.sk\/wp-content\/uploads\/2023\/03\/SmartDoorLogo.png","width":1500,"height":902,"caption":"Smartdoor"},"image":{"@id":"https:\/\/smartdoor.sk\/en\/#\/schema\/logo\/image\/"}}]}},"_links":{"self":[{"href":"https:\/\/smartdoor.sk\/en\/wp-json\/wp\/v2\/product\/10390","targetHints":{"allow":["GET"]}}],"collection":[{"href":"https:\/\/smartdoor.sk\/en\/wp-json\/wp\/v2\/product"}],"about":[{"href":"https:\/\/smartdoor.sk\/en\/wp-json\/wp\/v2\/types\/product"}],"version-history":[{"count":1,"href":"https:\/\/smartdoor.sk\/en\/wp-json\/wp\/v2\/product\/10390\/revisions"}],"predecessor-version":[{"id":10391,"href":"https:\/\/smartdoor.sk\/en\/wp-json\/wp\/v2\/product\/10390\/revisions\/10391"}],"wp:featuredmedia":[{"embeddable":true,"href":"https:\/\/smartdoor.sk\/en\/wp-json\/wp\/v2\/media\/11911"}],"wp:attachment":[{"href":"https:\/\/smartdoor.sk\/en\/wp-json\/wp\/v2\/media?parent=10390"}],"wp:term":[{"taxonomy":"product_brand","embeddable":true,"href":"https:\/\/smartdoor.sk\/en\/wp-json\/wp\/v2\/product_brand?post=10390"},{"taxonomy":"product_cat","embeddable":true,"href":"https:\/\/smartdoor.sk\/en\/wp-json\/wp\/v2\/product_cat?post=10390"},{"taxonomy":"product_tag","embeddable":true,"href":"https:\/\/smartdoor.sk\/en\/wp-json\/wp\/v2\/product_tag?post=10390"}],"curies":[{"name":"wp","href":"https:\/\/api.w.org\/{rel}","templated":true}]}}