{"id":10402,"date":"2016-10-11T07:22:27","date_gmt":"2021-09-11T23:07:31","guid":{"rendered":"https:\/\/smartdoor.sk\/produkt\/m-fab-me3000\/"},"modified":"2021-11-16T14:32:16","modified_gmt":"2021-11-16T13:32:16","slug":"m-fab-me3000","status":"publish","type":"product","link":"https:\/\/smartdoor.sk\/en\/produkt\/m-fab-me3000\/","title":{"rendered":"M-FAB ME3000"},"content":{"rendered":"<p><strong>For swing gates with leaves up to 3 m,<\/strong><br \/>\n<strong>underground installation.<\/strong><br \/>\nIrreversible electromechanical gear motor, also<br \/>\navailable in 24 Vdc versions with magnetic encoder.<br \/>\n<strong>An even more evolved range:<\/strong> 3 types of electromechanical<br \/>\ngear motors irreversible M-Fab.<br \/>\n2 foundation boxes externally chamfered, Fab Box,<br \/>\nwith mechanical stop on opening:<br \/>\n\u2022 in stainless steel (MECX), ideal for use in extreme conditions,<br \/>\n\u2022 with the cataphoresis paint finish (MECF), highly resistant<br \/>\nto corrosion.<\/p>\n<p><strong>Reliable and resistant:<\/strong> motors made up of solid internal parts<br \/>\nin metal. New IP67 waterproof die cast aluminium.<br \/>\n<strong>Total freedom of choice:<\/strong> release from inside and outside,<br \/>\ntwo key-operated models or freely compatible lever version<br \/>\nand easily activated with just one hand.<br \/>\n<strong>Simple to use:<\/strong> mechanical stop system on closure.<br \/>\nStandard opening max. 110\u00b0, optional opening 360\u00b0.<br \/>\nTotally compatible with the previous Metro series.<br \/>\n<strong>Recommended control units:<\/strong> Mindy A6F, A60, A700F;<br \/>\nfor ME3024 Moonclever MC824H.<br \/>\n<strong>24 Vdc version<\/strong> with magnetic encoder.<br \/>\n<strong>Perfect for intensive use<\/strong>, compatible with the control unit<br \/>\nMoonclever MC824H:<br \/>\n\u2022 simple programming, by means of a single key;<br \/>\n\u2022 self-learning of opening and closing limit positions;<br \/>\n\u2022 automatic fault diagnostics;<br \/>\n\u2022 programming of pause time;<br \/>\n\u2022 pedestrian pass door;<br \/>\n\u2022 deceleration on opening and closing;<br \/>\n\u2022 obstacle detection with dual technology;<br \/>\n\u2022 operation in event of power failure by means of optional<br \/>\nrechargeable batteries (PS324);<br \/>\n\u2022 provision for connection of latest generation resistive<br \/>\nsensitive edges.<\/p>\n","protected":false},"excerpt":{"rendered":"<p>For swing gates with leaves up to 3 m, underground installation. Irreversible electromechanical gear motor, also available in 24 Vdc versions with magnetic encoder. An even more evolved range: 3 types of electromechanical gear motors irreversible M-Fab. 2 foundation boxes externally chamfered, Fab Box, with mechanical stop on opening: \u2022 in stainless steel (MECX), ideal [&hellip;]<\/p>\n","protected":false},"featured_media":11915,"template":"","meta":{"_acf_changed":false,"site-sidebar-layout":"default","site-content-layout":"","ast-site-content-layout":"default","site-content-style":"default","site-sidebar-style":"default","ast-global-header-display":"","ast-banner-title-visibility":"","ast-main-header-display":"","ast-hfb-above-header-display":"","ast-hfb-below-header-display":"","ast-hfb-mobile-header-display":"","site-post-title":"","ast-breadcrumbs-content":"","ast-featured-img":"","footer-sml-layout":"","ast-disable-related-posts":"","theme-transparent-header-meta":"","adv-header-id-meta":"","stick-header-meta":"","header-above-stick-meta":"","header-main-stick-meta":"","header-below-stick-meta":"","astra-migrate-meta-layouts":"default","ast-page-background-enabled":"default","ast-page-background-meta":{"desktop":{"background-color":"","background-image":"","background-repeat":"repeat","background-position":"center center","background-size":"auto","background-attachment":"scroll","background-type":"","background-media":"","overlay-type":"","overlay-color":"","overlay-opacity":"","overlay-gradient":""},"tablet":{"background-color":"","background-image":"","background-repeat":"repeat","background-position":"center center","background-size":"auto","background-attachment":"scroll","background-type":"","background-media":"","overlay-type":"","overlay-color":"","overlay-opacity":"","overlay-gradient":""},"mobile":{"background-color":"","background-image":"","background-repeat":"repeat","background-position":"center center","background-size":"auto","background-attachment":"scroll","background-type":"","background-media":"","overlay-type":"","overlay-color":"","overlay-opacity":"","overlay-gradient":""}},"ast-content-background-meta":{"desktop":{"background-color":"var(--ast-global-color-5)","background-image":"","background-repeat":"repeat","background-position":"center center","background-size":"auto","background-attachment":"scroll","background-type":"","background-media":"","overlay-type":"","overlay-color":"","overlay-opacity":"","overlay-gradient":""},"tablet":{"background-color":"var(--ast-global-color-5)","background-image":"","background-repeat":"repeat","background-position":"center center","background-size":"auto","background-attachment":"scroll","background-type":"","background-media":"","overlay-type":"","overlay-color":"","overlay-opacity":"","overlay-gradient":""},"mobile":{"background-color":"var(--ast-global-color-5)","background-image":"","background-repeat":"repeat","background-position":"center center","background-size":"auto","background-attachment":"scroll","background-type":"","background-media":"","overlay-type":"","overlay-color":"","overlay-opacity":"","overlay-gradient":""}}},"product_brand":[],"product_cat":[339,341],"product_tag":[],"class_list":{"0":"post-10402","1":"product","2":"type-product","3":"status-publish","4":"has-post-thumbnail","6":"product_cat-nice-en","7":"product_cat-swing-door-openers","8":"desktop-align-left","9":"tablet-align-left","10":"mobile-align-left","11":"ast-product-gallery-layout-horizontal-slider","12":"ast-product-gallery-with-no-image","13":"ast-product-tabs-layout-horizontal","15":"first","16":"instock","17":"product-type-simple"},"acf":[],"yoast_head":"<!-- This site is optimized with the Yoast SEO Premium plugin v26.2 (Yoast SEO v27.2) - https:\/\/yoast.com\/product\/yoast-seo-premium-wordpress\/ -->\n<title>M-FAB ME3000 - Smartdoor<\/title>\n<meta name=\"robots\" content=\"index, follow, max-snippet:-1, max-image-preview:large, max-video-preview:-1\" \/>\n<link rel=\"canonical\" href=\"https:\/\/smartdoor.sk\/en\/produkt\/m-fab-me3000\/\" \/>\n<meta property=\"og:locale\" content=\"en_US\" \/>\n<meta property=\"og:type\" content=\"article\" \/>\n<meta property=\"og:title\" content=\"M-FAB ME3000\" \/>\n<meta property=\"og:description\" content=\"For swing gates with leaves up to 3 m, underground installation. Irreversible electromechanical gear motor, also available in 24 Vdc versions with magnetic encoder. An even more evolved range: 3 types of electromechanical gear motors irreversible M-Fab. 2 foundation boxes externally chamfered, Fab Box, with mechanical stop on opening: \u2022 in stainless steel (MECX), ideal [&hellip;]\" \/>\n<meta property=\"og:url\" content=\"https:\/\/smartdoor.sk\/en\/produkt\/m-fab-me3000\/\" \/>\n<meta property=\"og:site_name\" content=\"Smartdoor\" \/>\n<meta property=\"article:modified_time\" content=\"2021-11-16T13:32:16+00:00\" \/>\n<meta property=\"og:image\" content=\"https:\/\/smartdoor.sk\/wp-content\/uploads\/2021\/03\/n_stl1268oa_mfab______-scaled.jpg\" \/>\n\t<meta property=\"og:image:width\" content=\"2560\" \/>\n\t<meta property=\"og:image:height\" content=\"1920\" \/>\n\t<meta property=\"og:image:type\" content=\"image\/jpeg\" \/>\n<meta name=\"twitter:card\" content=\"summary_large_image\" \/>\n<meta name=\"twitter:label1\" content=\"Est. reading time\" \/>\n\t<meta name=\"twitter:data1\" content=\"1 minute\" \/>\n<script type=\"application\/ld+json\" class=\"yoast-schema-graph\">{\"@context\":\"https:\/\/schema.org\",\"@graph\":[{\"@type\":\"WebPage\",\"@id\":\"https:\/\/smartdoor.sk\/en\/produkt\/m-fab-me3000\/\",\"url\":\"https:\/\/smartdoor.sk\/en\/produkt\/m-fab-me3000\/\",\"name\":\"M-FAB ME3000 - Smartdoor\",\"isPartOf\":{\"@id\":\"https:\/\/smartdoor.sk\/en\/#website\"},\"primaryImageOfPage\":{\"@id\":\"https:\/\/smartdoor.sk\/en\/produkt\/m-fab-me3000\/#primaryimage\"},\"image\":{\"@id\":\"https:\/\/smartdoor.sk\/en\/produkt\/m-fab-me3000\/#primaryimage\"},\"thumbnailUrl\":\"https:\/\/smartdoor.sk\/wp-content\/uploads\/2021\/03\/n_stl1268oa_mfab______-scaled.jpg\",\"datePublished\":\"2021-09-11T23:07:31+00:00\",\"dateModified\":\"2021-11-16T13:32:16+00:00\",\"breadcrumb\":{\"@id\":\"https:\/\/smartdoor.sk\/en\/produkt\/m-fab-me3000\/#breadcrumb\"},\"inLanguage\":\"en-US\",\"potentialAction\":[{\"@type\":\"ReadAction\",\"target\":[\"https:\/\/smartdoor.sk\/en\/produkt\/m-fab-me3000\/\"]}]},{\"@type\":\"ImageObject\",\"inLanguage\":\"en-US\",\"@id\":\"https:\/\/smartdoor.sk\/en\/produkt\/m-fab-me3000\/#primaryimage\",\"url\":\"https:\/\/smartdoor.sk\/wp-content\/uploads\/2021\/03\/n_stl1268oa_mfab______-scaled.jpg\",\"contentUrl\":\"https:\/\/smartdoor.sk\/wp-content\/uploads\/2021\/03\/n_stl1268oa_mfab______-scaled.jpg\",\"width\":2560,\"height\":1920},{\"@type\":\"BreadcrumbList\",\"@id\":\"https:\/\/smartdoor.sk\/en\/produkt\/m-fab-me3000\/#breadcrumb\",\"itemListElement\":[{\"@type\":\"ListItem\",\"position\":1,\"name\":\"Domovsk\u00e1 str\u00e1nka\",\"item\":\"https:\/\/smartdoor.sk\/en\/\"},{\"@type\":\"ListItem\",\"position\":2,\"name\":\"Products\",\"item\":\"https:\/\/smartdoor.sk\/en\/products\/\"},{\"@type\":\"ListItem\",\"position\":3,\"name\":\"M-FAB ME3000\"}]},{\"@type\":\"WebSite\",\"@id\":\"https:\/\/smartdoor.sk\/en\/#website\",\"url\":\"https:\/\/smartdoor.sk\/en\/\",\"name\":\"Smartdoor\",\"description\":\"M\u00fadre rie\u0161enia pre gar\u00e1\u017eov\u00e9 br\u00e1ny\",\"publisher\":{\"@id\":\"https:\/\/smartdoor.sk\/en\/#organization\"},\"potentialAction\":[{\"@type\":\"SearchAction\",\"target\":{\"@type\":\"EntryPoint\",\"urlTemplate\":\"https:\/\/smartdoor.sk\/en\/?s={search_term_string}\"},\"query-input\":{\"@type\":\"PropertyValueSpecification\",\"valueRequired\":true,\"valueName\":\"search_term_string\"}}],\"inLanguage\":\"en-US\"},{\"@type\":\"Organization\",\"@id\":\"https:\/\/smartdoor.sk\/en\/#organization\",\"name\":\"Smartdoor\",\"url\":\"https:\/\/smartdoor.sk\/en\/\",\"logo\":{\"@type\":\"ImageObject\",\"inLanguage\":\"en-US\",\"@id\":\"https:\/\/smartdoor.sk\/en\/#\/schema\/logo\/image\/\",\"url\":\"https:\/\/smartdoor.sk\/wp-content\/uploads\/2023\/03\/SmartDoorLogo.png\",\"contentUrl\":\"https:\/\/smartdoor.sk\/wp-content\/uploads\/2023\/03\/SmartDoorLogo.png\",\"width\":1500,\"height\":902,\"caption\":\"Smartdoor\"},\"image\":{\"@id\":\"https:\/\/smartdoor.sk\/en\/#\/schema\/logo\/image\/\"}}]}<\/script>\n<!-- \/ Yoast SEO Premium plugin. -->","yoast_head_json":{"title":"M-FAB ME3000 - Smartdoor","robots":{"index":"index","follow":"follow","max-snippet":"max-snippet:-1","max-image-preview":"max-image-preview:large","max-video-preview":"max-video-preview:-1"},"canonical":"https:\/\/smartdoor.sk\/en\/produkt\/m-fab-me3000\/","og_locale":"en_US","og_type":"article","og_title":"M-FAB ME3000","og_description":"For swing gates with leaves up to 3 m, underground installation. Irreversible electromechanical gear motor, also available in 24 Vdc versions with magnetic encoder. An even more evolved range: 3 types of electromechanical gear motors irreversible M-Fab. 2 foundation boxes externally chamfered, Fab Box, with mechanical stop on opening: \u2022 in stainless steel (MECX), ideal [&hellip;]","og_url":"https:\/\/smartdoor.sk\/en\/produkt\/m-fab-me3000\/","og_site_name":"Smartdoor","article_modified_time":"2021-11-16T13:32:16+00:00","og_image":[{"width":2560,"height":1920,"url":"https:\/\/smartdoor.sk\/wp-content\/uploads\/2021\/03\/n_stl1268oa_mfab______-scaled.jpg","type":"image\/jpeg"}],"twitter_card":"summary_large_image","twitter_misc":{"Est. reading time":"1 minute"},"schema":{"@context":"https:\/\/schema.org","@graph":[{"@type":"WebPage","@id":"https:\/\/smartdoor.sk\/en\/produkt\/m-fab-me3000\/","url":"https:\/\/smartdoor.sk\/en\/produkt\/m-fab-me3000\/","name":"M-FAB ME3000 - Smartdoor","isPartOf":{"@id":"https:\/\/smartdoor.sk\/en\/#website"},"primaryImageOfPage":{"@id":"https:\/\/smartdoor.sk\/en\/produkt\/m-fab-me3000\/#primaryimage"},"image":{"@id":"https:\/\/smartdoor.sk\/en\/produkt\/m-fab-me3000\/#primaryimage"},"thumbnailUrl":"https:\/\/smartdoor.sk\/wp-content\/uploads\/2021\/03\/n_stl1268oa_mfab______-scaled.jpg","datePublished":"2021-09-11T23:07:31+00:00","dateModified":"2021-11-16T13:32:16+00:00","breadcrumb":{"@id":"https:\/\/smartdoor.sk\/en\/produkt\/m-fab-me3000\/#breadcrumb"},"inLanguage":"en-US","potentialAction":[{"@type":"ReadAction","target":["https:\/\/smartdoor.sk\/en\/produkt\/m-fab-me3000\/"]}]},{"@type":"ImageObject","inLanguage":"en-US","@id":"https:\/\/smartdoor.sk\/en\/produkt\/m-fab-me3000\/#primaryimage","url":"https:\/\/smartdoor.sk\/wp-content\/uploads\/2021\/03\/n_stl1268oa_mfab______-scaled.jpg","contentUrl":"https:\/\/smartdoor.sk\/wp-content\/uploads\/2021\/03\/n_stl1268oa_mfab______-scaled.jpg","width":2560,"height":1920},{"@type":"BreadcrumbList","@id":"https:\/\/smartdoor.sk\/en\/produkt\/m-fab-me3000\/#breadcrumb","itemListElement":[{"@type":"ListItem","position":1,"name":"Domovsk\u00e1 str\u00e1nka","item":"https:\/\/smartdoor.sk\/en\/"},{"@type":"ListItem","position":2,"name":"Products","item":"https:\/\/smartdoor.sk\/en\/products\/"},{"@type":"ListItem","position":3,"name":"M-FAB ME3000"}]},{"@type":"WebSite","@id":"https:\/\/smartdoor.sk\/en\/#website","url":"https:\/\/smartdoor.sk\/en\/","name":"Smartdoor","description":"M\u00fadre rie\u0161enia pre gar\u00e1\u017eov\u00e9 br\u00e1ny","publisher":{"@id":"https:\/\/smartdoor.sk\/en\/#organization"},"potentialAction":[{"@type":"SearchAction","target":{"@type":"EntryPoint","urlTemplate":"https:\/\/smartdoor.sk\/en\/?s={search_term_string}"},"query-input":{"@type":"PropertyValueSpecification","valueRequired":true,"valueName":"search_term_string"}}],"inLanguage":"en-US"},{"@type":"Organization","@id":"https:\/\/smartdoor.sk\/en\/#organization","name":"Smartdoor","url":"https:\/\/smartdoor.sk\/en\/","logo":{"@type":"ImageObject","inLanguage":"en-US","@id":"https:\/\/smartdoor.sk\/en\/#\/schema\/logo\/image\/","url":"https:\/\/smartdoor.sk\/wp-content\/uploads\/2023\/03\/SmartDoorLogo.png","contentUrl":"https:\/\/smartdoor.sk\/wp-content\/uploads\/2023\/03\/SmartDoorLogo.png","width":1500,"height":902,"caption":"Smartdoor"},"image":{"@id":"https:\/\/smartdoor.sk\/en\/#\/schema\/logo\/image\/"}}]}},"_links":{"self":[{"href":"https:\/\/smartdoor.sk\/en\/wp-json\/wp\/v2\/product\/10402","targetHints":{"allow":["GET"]}}],"collection":[{"href":"https:\/\/smartdoor.sk\/en\/wp-json\/wp\/v2\/product"}],"about":[{"href":"https:\/\/smartdoor.sk\/en\/wp-json\/wp\/v2\/types\/product"}],"version-history":[{"count":1,"href":"https:\/\/smartdoor.sk\/en\/wp-json\/wp\/v2\/product\/10402\/revisions"}],"predecessor-version":[{"id":10403,"href":"https:\/\/smartdoor.sk\/en\/wp-json\/wp\/v2\/product\/10402\/revisions\/10403"}],"wp:featuredmedia":[{"embeddable":true,"href":"https:\/\/smartdoor.sk\/en\/wp-json\/wp\/v2\/media\/11915"}],"wp:attachment":[{"href":"https:\/\/smartdoor.sk\/en\/wp-json\/wp\/v2\/media?parent=10402"}],"wp:term":[{"taxonomy":"product_brand","embeddable":true,"href":"https:\/\/smartdoor.sk\/en\/wp-json\/wp\/v2\/product_brand?post=10402"},{"taxonomy":"product_cat","embeddable":true,"href":"https:\/\/smartdoor.sk\/en\/wp-json\/wp\/v2\/product_cat?post=10402"},{"taxonomy":"product_tag","embeddable":true,"href":"https:\/\/smartdoor.sk\/en\/wp-json\/wp\/v2\/product_tag?post=10402"}],"curies":[{"name":"wp","href":"https:\/\/api.w.org\/{rel}","templated":true}]}}