{"id":10914,"date":"2021-09-12T01:09:02","date_gmt":"2021-09-11T23:09:02","guid":{"rendered":"https:\/\/smartdoor.sk\/produkt\/g-401-60-3m\/"},"modified":"2021-09-12T03:09:02","modified_gmt":"2021-09-12T01:09:02","slug":"g-401-60-3m","status":"publish","type":"product","link":"https:\/\/smartdoor.sk\/en\/produkt\/g-401-60-3m\/","title":{"rendered":"G 401-60, 3m"},"content":{"rendered":"<p><span id=\"result_box\" class=\"\" lang=\"en\"><span class=\"hps\">The drive<\/span> <span class=\"hps\">for sectional doors<\/span> <span class=\"hps\">BERNAL<\/span>.<\/span><\/p>\n<p><span class=\"hps\">&#8211; Automatic<\/span> <span class=\"hps\">opener<\/span> <span class=\"hps\">600N<\/span><\/p>\n<p><span class=\"hps\">&#8211;<\/span> <span class=\"hps\">3 m<\/span> <span class=\"hps atn\">(<\/span>2&#215;1.5 <span class=\"hps\">m<\/span>) <span class=\"hps\">runway<\/span><\/p>\n<p><span class=\"hps\">&#8211;<\/span> <span class=\"hps\">Receiver<\/span> <span class=\"hps\">FLOXI2R<\/span>, <span class=\"hps\">FLO2R<\/span><\/p>\n","protected":false},"excerpt":{"rendered":"<p>The drive for sectional doors BERNAL. &#8211; Automatic opener 600N &#8211; 3 m (2&#215;1.5 m) runway &#8211; Receiver FLOXI2R, FLO2R<\/p>\n","protected":false},"featured_media":0,"template":"","meta":{"_acf_changed":false,"site-sidebar-layout":"default","site-content-layout":"","ast-site-content-layout":"default","site-content-style":"default","site-sidebar-style":"default","ast-global-header-display":"","ast-banner-title-visibility":"","ast-main-header-display":"","ast-hfb-above-header-display":"","ast-hfb-below-header-display":"","ast-hfb-mobile-header-display":"","site-post-title":"","ast-breadcrumbs-content":"","ast-featured-img":"","footer-sml-layout":"","ast-disable-related-posts":"","theme-transparent-header-meta":"","adv-header-id-meta":"","stick-header-meta":"","header-above-stick-meta":"","header-main-stick-meta":"","header-below-stick-meta":"","astra-migrate-meta-layouts":"default","ast-page-background-enabled":"default","ast-page-background-meta":{"desktop":{"background-color":"","background-image":"","background-repeat":"repeat","background-position":"center center","background-size":"auto","background-attachment":"scroll","background-type":"","background-media":"","overlay-type":"","overlay-color":"","overlay-opacity":"","overlay-gradient":""},"tablet":{"background-color":"","background-image":"","background-repeat":"repeat","background-position":"center center","background-size":"auto","background-attachment":"scroll","background-type":"","background-media":"","overlay-type":"","overlay-color":"","overlay-opacity":"","overlay-gradient":""},"mobile":{"background-color":"","background-image":"","background-repeat":"repeat","background-position":"center center","background-size":"auto","background-attachment":"scroll","background-type":"","background-media":"","overlay-type":"","overlay-color":"","overlay-opacity":"","overlay-gradient":""}},"ast-content-background-meta":{"desktop":{"background-color":"var(--ast-global-color-5)","background-image":"","background-repeat":"repeat","background-position":"center center","background-size":"auto","background-attachment":"scroll","background-type":"","background-media":"","overlay-type":"","overlay-color":"","overlay-opacity":"","overlay-gradient":""},"tablet":{"background-color":"var(--ast-global-color-5)","background-image":"","background-repeat":"repeat","background-position":"center center","background-size":"auto","background-attachment":"scroll","background-type":"","background-media":"","overlay-type":"","overlay-color":"","overlay-opacity":"","overlay-gradient":""},"mobile":{"background-color":"var(--ast-global-color-5)","background-image":"","background-repeat":"repeat","background-position":"center center","background-size":"auto","background-attachment":"scroll","background-type":"","background-media":"","overlay-type":"","overlay-color":"","overlay-opacity":"","overlay-gradient":""}}},"product_brand":[],"product_cat":[283],"product_tag":[],"class_list":{"0":"post-10914","1":"product","2":"type-product","3":"status-publish","5":"product_cat-becker-2","6":"desktop-align-left","7":"tablet-align-left","8":"mobile-align-left","9":"ast-product-gallery-layout-horizontal-slider","10":"ast-product-gallery-with-no-image","11":"ast-product-tabs-layout-horizontal","13":"first","14":"instock","15":"product-type-simple"},"acf":[],"yoast_head":"<!-- This site is optimized with the Yoast SEO Premium plugin v26.2 (Yoast SEO v27.2) - https:\/\/yoast.com\/product\/yoast-seo-premium-wordpress\/ -->\n<title>G 401-60, 3m - Smartdoor<\/title>\n<meta name=\"robots\" content=\"index, follow, max-snippet:-1, max-image-preview:large, max-video-preview:-1\" \/>\n<link rel=\"canonical\" href=\"https:\/\/smartdoor.sk\/en\/produkt\/g-401-60-3m\/\" \/>\n<meta property=\"og:locale\" content=\"en_US\" \/>\n<meta property=\"og:type\" content=\"article\" \/>\n<meta property=\"og:title\" content=\"G 401-60, 3m\" \/>\n<meta property=\"og:description\" content=\"The drive for sectional doors BERNAL. &#8211; Automatic opener 600N &#8211; 3 m (2&#215;1.5 m) runway &#8211; Receiver FLOXI2R, FLO2R\" \/>\n<meta property=\"og:url\" content=\"https:\/\/smartdoor.sk\/en\/produkt\/g-401-60-3m\/\" \/>\n<meta property=\"og:site_name\" content=\"Smartdoor\" \/>\n<meta property=\"article:modified_time\" content=\"2021-09-12T01:09:02+00:00\" \/>\n<meta name=\"twitter:card\" content=\"summary_large_image\" \/>\n<script type=\"application\/ld+json\" class=\"yoast-schema-graph\">{\"@context\":\"https:\/\/schema.org\",\"@graph\":[{\"@type\":\"WebPage\",\"@id\":\"https:\/\/smartdoor.sk\/en\/produkt\/g-401-60-3m\/\",\"url\":\"https:\/\/smartdoor.sk\/en\/produkt\/g-401-60-3m\/\",\"name\":\"G 401-60, 3m - Smartdoor\",\"isPartOf\":{\"@id\":\"https:\/\/smartdoor.sk\/en\/#website\"},\"datePublished\":\"2021-09-11T23:09:02+00:00\",\"dateModified\":\"2021-09-12T01:09:02+00:00\",\"breadcrumb\":{\"@id\":\"https:\/\/smartdoor.sk\/en\/produkt\/g-401-60-3m\/#breadcrumb\"},\"inLanguage\":\"en-US\",\"potentialAction\":[{\"@type\":\"ReadAction\",\"target\":[\"https:\/\/smartdoor.sk\/en\/produkt\/g-401-60-3m\/\"]}]},{\"@type\":\"BreadcrumbList\",\"@id\":\"https:\/\/smartdoor.sk\/en\/produkt\/g-401-60-3m\/#breadcrumb\",\"itemListElement\":[{\"@type\":\"ListItem\",\"position\":1,\"name\":\"Domovsk\u00e1 str\u00e1nka\",\"item\":\"https:\/\/smartdoor.sk\/en\/\"},{\"@type\":\"ListItem\",\"position\":2,\"name\":\"Products\",\"item\":\"https:\/\/smartdoor.sk\/en\/products\/\"},{\"@type\":\"ListItem\",\"position\":3,\"name\":\"G 401-60, 3m\"}]},{\"@type\":\"WebSite\",\"@id\":\"https:\/\/smartdoor.sk\/en\/#website\",\"url\":\"https:\/\/smartdoor.sk\/en\/\",\"name\":\"Smartdoor\",\"description\":\"M\u00fadre rie\u0161enia pre gar\u00e1\u017eov\u00e9 br\u00e1ny\",\"publisher\":{\"@id\":\"https:\/\/smartdoor.sk\/en\/#organization\"},\"potentialAction\":[{\"@type\":\"SearchAction\",\"target\":{\"@type\":\"EntryPoint\",\"urlTemplate\":\"https:\/\/smartdoor.sk\/en\/?s={search_term_string}\"},\"query-input\":{\"@type\":\"PropertyValueSpecification\",\"valueRequired\":true,\"valueName\":\"search_term_string\"}}],\"inLanguage\":\"en-US\"},{\"@type\":\"Organization\",\"@id\":\"https:\/\/smartdoor.sk\/en\/#organization\",\"name\":\"Smartdoor\",\"url\":\"https:\/\/smartdoor.sk\/en\/\",\"logo\":{\"@type\":\"ImageObject\",\"inLanguage\":\"en-US\",\"@id\":\"https:\/\/smartdoor.sk\/en\/#\/schema\/logo\/image\/\",\"url\":\"https:\/\/smartdoor.sk\/wp-content\/uploads\/2023\/03\/SmartDoorLogo.png\",\"contentUrl\":\"https:\/\/smartdoor.sk\/wp-content\/uploads\/2023\/03\/SmartDoorLogo.png\",\"width\":1500,\"height\":902,\"caption\":\"Smartdoor\"},\"image\":{\"@id\":\"https:\/\/smartdoor.sk\/en\/#\/schema\/logo\/image\/\"}}]}<\/script>\n<!-- \/ Yoast SEO Premium plugin. -->","yoast_head_json":{"title":"G 401-60, 3m - Smartdoor","robots":{"index":"index","follow":"follow","max-snippet":"max-snippet:-1","max-image-preview":"max-image-preview:large","max-video-preview":"max-video-preview:-1"},"canonical":"https:\/\/smartdoor.sk\/en\/produkt\/g-401-60-3m\/","og_locale":"en_US","og_type":"article","og_title":"G 401-60, 3m","og_description":"The drive for sectional doors BERNAL. &#8211; Automatic opener 600N &#8211; 3 m (2&#215;1.5 m) runway &#8211; Receiver FLOXI2R, FLO2R","og_url":"https:\/\/smartdoor.sk\/en\/produkt\/g-401-60-3m\/","og_site_name":"Smartdoor","article_modified_time":"2021-09-12T01:09:02+00:00","twitter_card":"summary_large_image","schema":{"@context":"https:\/\/schema.org","@graph":[{"@type":"WebPage","@id":"https:\/\/smartdoor.sk\/en\/produkt\/g-401-60-3m\/","url":"https:\/\/smartdoor.sk\/en\/produkt\/g-401-60-3m\/","name":"G 401-60, 3m - Smartdoor","isPartOf":{"@id":"https:\/\/smartdoor.sk\/en\/#website"},"datePublished":"2021-09-11T23:09:02+00:00","dateModified":"2021-09-12T01:09:02+00:00","breadcrumb":{"@id":"https:\/\/smartdoor.sk\/en\/produkt\/g-401-60-3m\/#breadcrumb"},"inLanguage":"en-US","potentialAction":[{"@type":"ReadAction","target":["https:\/\/smartdoor.sk\/en\/produkt\/g-401-60-3m\/"]}]},{"@type":"BreadcrumbList","@id":"https:\/\/smartdoor.sk\/en\/produkt\/g-401-60-3m\/#breadcrumb","itemListElement":[{"@type":"ListItem","position":1,"name":"Domovsk\u00e1 str\u00e1nka","item":"https:\/\/smartdoor.sk\/en\/"},{"@type":"ListItem","position":2,"name":"Products","item":"https:\/\/smartdoor.sk\/en\/products\/"},{"@type":"ListItem","position":3,"name":"G 401-60, 3m"}]},{"@type":"WebSite","@id":"https:\/\/smartdoor.sk\/en\/#website","url":"https:\/\/smartdoor.sk\/en\/","name":"Smartdoor","description":"M\u00fadre rie\u0161enia pre gar\u00e1\u017eov\u00e9 br\u00e1ny","publisher":{"@id":"https:\/\/smartdoor.sk\/en\/#organization"},"potentialAction":[{"@type":"SearchAction","target":{"@type":"EntryPoint","urlTemplate":"https:\/\/smartdoor.sk\/en\/?s={search_term_string}"},"query-input":{"@type":"PropertyValueSpecification","valueRequired":true,"valueName":"search_term_string"}}],"inLanguage":"en-US"},{"@type":"Organization","@id":"https:\/\/smartdoor.sk\/en\/#organization","name":"Smartdoor","url":"https:\/\/smartdoor.sk\/en\/","logo":{"@type":"ImageObject","inLanguage":"en-US","@id":"https:\/\/smartdoor.sk\/en\/#\/schema\/logo\/image\/","url":"https:\/\/smartdoor.sk\/wp-content\/uploads\/2023\/03\/SmartDoorLogo.png","contentUrl":"https:\/\/smartdoor.sk\/wp-content\/uploads\/2023\/03\/SmartDoorLogo.png","width":1500,"height":902,"caption":"Smartdoor"},"image":{"@id":"https:\/\/smartdoor.sk\/en\/#\/schema\/logo\/image\/"}}]}},"_links":{"self":[{"href":"https:\/\/smartdoor.sk\/en\/wp-json\/wp\/v2\/product\/10914","targetHints":{"allow":["GET"]}}],"collection":[{"href":"https:\/\/smartdoor.sk\/en\/wp-json\/wp\/v2\/product"}],"about":[{"href":"https:\/\/smartdoor.sk\/en\/wp-json\/wp\/v2\/types\/product"}],"version-history":[{"count":1,"href":"https:\/\/smartdoor.sk\/en\/wp-json\/wp\/v2\/product\/10914\/revisions"}],"predecessor-version":[{"id":10915,"href":"https:\/\/smartdoor.sk\/en\/wp-json\/wp\/v2\/product\/10914\/revisions\/10915"}],"wp:attachment":[{"href":"https:\/\/smartdoor.sk\/en\/wp-json\/wp\/v2\/media?parent=10914"}],"wp:term":[{"taxonomy":"product_brand","embeddable":true,"href":"https:\/\/smartdoor.sk\/en\/wp-json\/wp\/v2\/product_brand?post=10914"},{"taxonomy":"product_cat","embeddable":true,"href":"https:\/\/smartdoor.sk\/en\/wp-json\/wp\/v2\/product_cat?post=10914"},{"taxonomy":"product_tag","embeddable":true,"href":"https:\/\/smartdoor.sk\/en\/wp-json\/wp\/v2\/product_tag?post=10914"}],"curies":[{"name":"wp","href":"https:\/\/api.w.org\/{rel}","templated":true}]}}