{"id":11004,"date":"2016-10-06T10:56:12","date_gmt":"2021-09-11T23:09:16","guid":{"rendered":"https:\/\/smartdoor.sk\/produkt\/bdc-i440r-set-2\/"},"modified":"2021-11-04T11:03:42","modified_gmt":"2021-11-04T10:03:42","slug":"bdc-i440r-set-2","status":"publish","type":"product","link":"https:\/\/smartdoor.sk\/en\/produkt\/bdc-i440r-set-2\/","title":{"rendered":"BDC-i440R Set 2"},"content":{"rendered":"<p><span id=\"result_box\" class=\"\" lang=\"en\"><span class=\"hps\">Drive control<\/span> <span class=\"hps\">system<\/span> <span class=\"hps\">for industrial doors<\/span> <span class=\"hps\">BECKER<\/span>.<\/span><\/p>\n<p><span class=\"hps\">&#8211;<\/span> <span class=\"hps\">3 buttons,<\/span> <span class=\"hps\">pneumatic<\/span> <span class=\"hps\">strip<\/span><\/p>\n<p><span class=\"hps\">&#8211; Spiral cable mounting bracket<\/span>, <span class=\"hps\">control<\/span> <span class=\"hps\">housing<\/span><\/p>\n<p><span class=\"hps\">&#8211;<\/span> <span class=\"hps\">Mounting brackets<\/span> <span class=\"hps\">&#8211;<\/span> <span class=\"hps\">2<\/span> <span class=\"hps\">pieces<\/span><\/p>\n<p><span class=\"hps\">&#8211;<\/span> <span class=\"hps\">IP54<\/span><\/p>\n","protected":false},"excerpt":{"rendered":"<p>Drive control system for industrial doors BECKER. &#8211; 3 buttons, pneumatic strip &#8211; Spiral cable mounting bracket, control housing &#8211; Mounting brackets &#8211; 2 pieces &#8211; IP54<\/p>\n","protected":false},"featured_media":11876,"template":"","meta":{"_acf_changed":false,"site-sidebar-layout":"default","site-content-layout":"","ast-site-content-layout":"default","site-content-style":"default","site-sidebar-style":"default","ast-global-header-display":"","ast-banner-title-visibility":"","ast-main-header-display":"","ast-hfb-above-header-display":"","ast-hfb-below-header-display":"","ast-hfb-mobile-header-display":"","site-post-title":"","ast-breadcrumbs-content":"","ast-featured-img":"","footer-sml-layout":"","ast-disable-related-posts":"","theme-transparent-header-meta":"","adv-header-id-meta":"","stick-header-meta":"","header-above-stick-meta":"","header-main-stick-meta":"","header-below-stick-meta":"","astra-migrate-meta-layouts":"default","ast-page-background-enabled":"default","ast-page-background-meta":{"desktop":{"background-color":"","background-image":"","background-repeat":"repeat","background-position":"center center","background-size":"auto","background-attachment":"scroll","background-type":"","background-media":"","overlay-type":"","overlay-color":"","overlay-opacity":"","overlay-gradient":""},"tablet":{"background-color":"","background-image":"","background-repeat":"repeat","background-position":"center center","background-size":"auto","background-attachment":"scroll","background-type":"","background-media":"","overlay-type":"","overlay-color":"","overlay-opacity":"","overlay-gradient":""},"mobile":{"background-color":"","background-image":"","background-repeat":"repeat","background-position":"center center","background-size":"auto","background-attachment":"scroll","background-type":"","background-media":"","overlay-type":"","overlay-color":"","overlay-opacity":"","overlay-gradient":""}},"ast-content-background-meta":{"desktop":{"background-color":"var(--ast-global-color-5)","background-image":"","background-repeat":"repeat","background-position":"center center","background-size":"auto","background-attachment":"scroll","background-type":"","background-media":"","overlay-type":"","overlay-color":"","overlay-opacity":"","overlay-gradient":""},"tablet":{"background-color":"var(--ast-global-color-5)","background-image":"","background-repeat":"repeat","background-position":"center center","background-size":"auto","background-attachment":"scroll","background-type":"","background-media":"","overlay-type":"","overlay-color":"","overlay-opacity":"","overlay-gradient":""},"mobile":{"background-color":"var(--ast-global-color-5)","background-image":"","background-repeat":"repeat","background-position":"center center","background-size":"auto","background-attachment":"scroll","background-type":"","background-media":"","overlay-type":"","overlay-color":"","overlay-opacity":"","overlay-gradient":""}}},"product_brand":[],"product_cat":[283,328],"product_tag":[],"class_list":{"0":"post-11004","1":"product","2":"type-product","3":"status-publish","4":"has-post-thumbnail","6":"product_cat-becker-2","7":"product_cat-control-units","8":"desktop-align-left","9":"tablet-align-left","10":"mobile-align-left","11":"ast-product-gallery-layout-horizontal-slider","12":"ast-product-gallery-with-no-image","13":"ast-product-tabs-layout-horizontal","15":"first","16":"instock","17":"product-type-simple"},"acf":[],"yoast_head":"<!-- This site is optimized with the Yoast SEO Premium plugin v26.2 (Yoast SEO v27.2) - https:\/\/yoast.com\/product\/yoast-seo-premium-wordpress\/ -->\n<title>BDC-i440R Set 2 - Smartdoor<\/title>\n<meta name=\"robots\" content=\"index, follow, max-snippet:-1, max-image-preview:large, max-video-preview:-1\" \/>\n<link rel=\"canonical\" href=\"https:\/\/smartdoor.sk\/en\/produkt\/bdc-i440r-set-2\/\" \/>\n<meta property=\"og:locale\" content=\"en_US\" \/>\n<meta property=\"og:type\" content=\"article\" \/>\n<meta property=\"og:title\" content=\"BDC-i440R Set 2\" \/>\n<meta property=\"og:description\" content=\"Drive control system for industrial doors BECKER. &#8211; 3 buttons, pneumatic strip &#8211; Spiral cable mounting bracket, control housing &#8211; Mounting brackets &#8211; 2 pieces &#8211; IP54\" \/>\n<meta property=\"og:url\" content=\"https:\/\/smartdoor.sk\/en\/produkt\/bdc-i440r-set-2\/\" \/>\n<meta property=\"og:site_name\" content=\"Smartdoor\" \/>\n<meta property=\"article:modified_time\" content=\"2021-11-04T10:03:42+00:00\" \/>\n<meta property=\"og:image\" content=\"https:\/\/smartdoor.sk\/wp-content\/uploads\/2021\/03\/BDCi440R_sada_2.png\" \/>\n\t<meta property=\"og:image:width\" content=\"400\" \/>\n\t<meta property=\"og:image:height\" content=\"366\" \/>\n\t<meta property=\"og:image:type\" content=\"image\/png\" \/>\n<meta name=\"twitter:card\" content=\"summary_large_image\" \/>\n<script type=\"application\/ld+json\" class=\"yoast-schema-graph\">{\"@context\":\"https:\/\/schema.org\",\"@graph\":[{\"@type\":\"WebPage\",\"@id\":\"https:\/\/smartdoor.sk\/en\/produkt\/bdc-i440r-set-2\/\",\"url\":\"https:\/\/smartdoor.sk\/en\/produkt\/bdc-i440r-set-2\/\",\"name\":\"BDC-i440R Set 2 - Smartdoor\",\"isPartOf\":{\"@id\":\"https:\/\/smartdoor.sk\/en\/#website\"},\"primaryImageOfPage\":{\"@id\":\"https:\/\/smartdoor.sk\/en\/produkt\/bdc-i440r-set-2\/#primaryimage\"},\"image\":{\"@id\":\"https:\/\/smartdoor.sk\/en\/produkt\/bdc-i440r-set-2\/#primaryimage\"},\"thumbnailUrl\":\"https:\/\/smartdoor.sk\/wp-content\/uploads\/2021\/03\/BDCi440R_sada_2.png\",\"datePublished\":\"2021-09-11T23:09:16+00:00\",\"dateModified\":\"2021-11-04T10:03:42+00:00\",\"breadcrumb\":{\"@id\":\"https:\/\/smartdoor.sk\/en\/produkt\/bdc-i440r-set-2\/#breadcrumb\"},\"inLanguage\":\"en-US\",\"potentialAction\":[{\"@type\":\"ReadAction\",\"target\":[\"https:\/\/smartdoor.sk\/en\/produkt\/bdc-i440r-set-2\/\"]}]},{\"@type\":\"ImageObject\",\"inLanguage\":\"en-US\",\"@id\":\"https:\/\/smartdoor.sk\/en\/produkt\/bdc-i440r-set-2\/#primaryimage\",\"url\":\"https:\/\/smartdoor.sk\/wp-content\/uploads\/2021\/03\/BDCi440R_sada_2.png\",\"contentUrl\":\"https:\/\/smartdoor.sk\/wp-content\/uploads\/2021\/03\/BDCi440R_sada_2.png\",\"width\":400,\"height\":366},{\"@type\":\"BreadcrumbList\",\"@id\":\"https:\/\/smartdoor.sk\/en\/produkt\/bdc-i440r-set-2\/#breadcrumb\",\"itemListElement\":[{\"@type\":\"ListItem\",\"position\":1,\"name\":\"Domovsk\u00e1 str\u00e1nka\",\"item\":\"https:\/\/smartdoor.sk\/en\/\"},{\"@type\":\"ListItem\",\"position\":2,\"name\":\"Products\",\"item\":\"https:\/\/smartdoor.sk\/en\/products\/\"},{\"@type\":\"ListItem\",\"position\":3,\"name\":\"BDC-i440R Set 2\"}]},{\"@type\":\"WebSite\",\"@id\":\"https:\/\/smartdoor.sk\/en\/#website\",\"url\":\"https:\/\/smartdoor.sk\/en\/\",\"name\":\"Smartdoor\",\"description\":\"M\u00fadre rie\u0161enia pre gar\u00e1\u017eov\u00e9 br\u00e1ny\",\"publisher\":{\"@id\":\"https:\/\/smartdoor.sk\/en\/#organization\"},\"potentialAction\":[{\"@type\":\"SearchAction\",\"target\":{\"@type\":\"EntryPoint\",\"urlTemplate\":\"https:\/\/smartdoor.sk\/en\/?s={search_term_string}\"},\"query-input\":{\"@type\":\"PropertyValueSpecification\",\"valueRequired\":true,\"valueName\":\"search_term_string\"}}],\"inLanguage\":\"en-US\"},{\"@type\":\"Organization\",\"@id\":\"https:\/\/smartdoor.sk\/en\/#organization\",\"name\":\"Smartdoor\",\"url\":\"https:\/\/smartdoor.sk\/en\/\",\"logo\":{\"@type\":\"ImageObject\",\"inLanguage\":\"en-US\",\"@id\":\"https:\/\/smartdoor.sk\/en\/#\/schema\/logo\/image\/\",\"url\":\"https:\/\/smartdoor.sk\/wp-content\/uploads\/2023\/03\/SmartDoorLogo.png\",\"contentUrl\":\"https:\/\/smartdoor.sk\/wp-content\/uploads\/2023\/03\/SmartDoorLogo.png\",\"width\":1500,\"height\":902,\"caption\":\"Smartdoor\"},\"image\":{\"@id\":\"https:\/\/smartdoor.sk\/en\/#\/schema\/logo\/image\/\"}}]}<\/script>\n<!-- \/ Yoast SEO Premium plugin. -->","yoast_head_json":{"title":"BDC-i440R Set 2 - Smartdoor","robots":{"index":"index","follow":"follow","max-snippet":"max-snippet:-1","max-image-preview":"max-image-preview:large","max-video-preview":"max-video-preview:-1"},"canonical":"https:\/\/smartdoor.sk\/en\/produkt\/bdc-i440r-set-2\/","og_locale":"en_US","og_type":"article","og_title":"BDC-i440R Set 2","og_description":"Drive control system for industrial doors BECKER. &#8211; 3 buttons, pneumatic strip &#8211; Spiral cable mounting bracket, control housing &#8211; Mounting brackets &#8211; 2 pieces &#8211; IP54","og_url":"https:\/\/smartdoor.sk\/en\/produkt\/bdc-i440r-set-2\/","og_site_name":"Smartdoor","article_modified_time":"2021-11-04T10:03:42+00:00","og_image":[{"width":400,"height":366,"url":"https:\/\/smartdoor.sk\/wp-content\/uploads\/2021\/03\/BDCi440R_sada_2.png","type":"image\/png"}],"twitter_card":"summary_large_image","schema":{"@context":"https:\/\/schema.org","@graph":[{"@type":"WebPage","@id":"https:\/\/smartdoor.sk\/en\/produkt\/bdc-i440r-set-2\/","url":"https:\/\/smartdoor.sk\/en\/produkt\/bdc-i440r-set-2\/","name":"BDC-i440R Set 2 - Smartdoor","isPartOf":{"@id":"https:\/\/smartdoor.sk\/en\/#website"},"primaryImageOfPage":{"@id":"https:\/\/smartdoor.sk\/en\/produkt\/bdc-i440r-set-2\/#primaryimage"},"image":{"@id":"https:\/\/smartdoor.sk\/en\/produkt\/bdc-i440r-set-2\/#primaryimage"},"thumbnailUrl":"https:\/\/smartdoor.sk\/wp-content\/uploads\/2021\/03\/BDCi440R_sada_2.png","datePublished":"2021-09-11T23:09:16+00:00","dateModified":"2021-11-04T10:03:42+00:00","breadcrumb":{"@id":"https:\/\/smartdoor.sk\/en\/produkt\/bdc-i440r-set-2\/#breadcrumb"},"inLanguage":"en-US","potentialAction":[{"@type":"ReadAction","target":["https:\/\/smartdoor.sk\/en\/produkt\/bdc-i440r-set-2\/"]}]},{"@type":"ImageObject","inLanguage":"en-US","@id":"https:\/\/smartdoor.sk\/en\/produkt\/bdc-i440r-set-2\/#primaryimage","url":"https:\/\/smartdoor.sk\/wp-content\/uploads\/2021\/03\/BDCi440R_sada_2.png","contentUrl":"https:\/\/smartdoor.sk\/wp-content\/uploads\/2021\/03\/BDCi440R_sada_2.png","width":400,"height":366},{"@type":"BreadcrumbList","@id":"https:\/\/smartdoor.sk\/en\/produkt\/bdc-i440r-set-2\/#breadcrumb","itemListElement":[{"@type":"ListItem","position":1,"name":"Domovsk\u00e1 str\u00e1nka","item":"https:\/\/smartdoor.sk\/en\/"},{"@type":"ListItem","position":2,"name":"Products","item":"https:\/\/smartdoor.sk\/en\/products\/"},{"@type":"ListItem","position":3,"name":"BDC-i440R Set 2"}]},{"@type":"WebSite","@id":"https:\/\/smartdoor.sk\/en\/#website","url":"https:\/\/smartdoor.sk\/en\/","name":"Smartdoor","description":"M\u00fadre rie\u0161enia pre gar\u00e1\u017eov\u00e9 br\u00e1ny","publisher":{"@id":"https:\/\/smartdoor.sk\/en\/#organization"},"potentialAction":[{"@type":"SearchAction","target":{"@type":"EntryPoint","urlTemplate":"https:\/\/smartdoor.sk\/en\/?s={search_term_string}"},"query-input":{"@type":"PropertyValueSpecification","valueRequired":true,"valueName":"search_term_string"}}],"inLanguage":"en-US"},{"@type":"Organization","@id":"https:\/\/smartdoor.sk\/en\/#organization","name":"Smartdoor","url":"https:\/\/smartdoor.sk\/en\/","logo":{"@type":"ImageObject","inLanguage":"en-US","@id":"https:\/\/smartdoor.sk\/en\/#\/schema\/logo\/image\/","url":"https:\/\/smartdoor.sk\/wp-content\/uploads\/2023\/03\/SmartDoorLogo.png","contentUrl":"https:\/\/smartdoor.sk\/wp-content\/uploads\/2023\/03\/SmartDoorLogo.png","width":1500,"height":902,"caption":"Smartdoor"},"image":{"@id":"https:\/\/smartdoor.sk\/en\/#\/schema\/logo\/image\/"}}]}},"_links":{"self":[{"href":"https:\/\/smartdoor.sk\/en\/wp-json\/wp\/v2\/product\/11004","targetHints":{"allow":["GET"]}}],"collection":[{"href":"https:\/\/smartdoor.sk\/en\/wp-json\/wp\/v2\/product"}],"about":[{"href":"https:\/\/smartdoor.sk\/en\/wp-json\/wp\/v2\/types\/product"}],"version-history":[{"count":1,"href":"https:\/\/smartdoor.sk\/en\/wp-json\/wp\/v2\/product\/11004\/revisions"}],"predecessor-version":[{"id":11005,"href":"https:\/\/smartdoor.sk\/en\/wp-json\/wp\/v2\/product\/11004\/revisions\/11005"}],"wp:featuredmedia":[{"embeddable":true,"href":"https:\/\/smartdoor.sk\/en\/wp-json\/wp\/v2\/media\/11876"}],"wp:attachment":[{"href":"https:\/\/smartdoor.sk\/en\/wp-json\/wp\/v2\/media?parent=11004"}],"wp:term":[{"taxonomy":"product_brand","embeddable":true,"href":"https:\/\/smartdoor.sk\/en\/wp-json\/wp\/v2\/product_brand?post=11004"},{"taxonomy":"product_cat","embeddable":true,"href":"https:\/\/smartdoor.sk\/en\/wp-json\/wp\/v2\/product_cat?post=11004"},{"taxonomy":"product_tag","embeddable":true,"href":"https:\/\/smartdoor.sk\/en\/wp-json\/wp\/v2\/product_tag?post=11004"}],"curies":[{"name":"wp","href":"https:\/\/api.w.org\/{rel}","templated":true}]}}