{"id":11028,"date":"2016-10-11T07:06:46","date_gmt":"2021-09-11T23:09:16","guid":{"rendered":"https:\/\/smartdoor.sk\/produkt\/robus-1000p\/"},"modified":"2021-09-12T03:09:21","modified_gmt":"2021-09-12T01:09:21","slug":"robus-1000p","status":"publish","type":"product","link":"https:\/\/smartdoor.sk\/en\/produkt\/robus-1000p\/","title":{"rendered":"ROBUS 1000P"},"content":{"rendered":"<p><span id=\"result_box\" class=\"\" lang=\"en\"><span title=\"Antrieb f\u00fcr Schiebetore bis zu 1000kg Gewicht (RB1000).\n\n\"><strong>Operator for sliding gates up to 1000kg weight (RB1000).<\/strong><\/p>\n<p><\/span><span title=\"Einfach: System NICE BlueBus erm\u00f6glicht die Verbindung und Kontrolle zwischen maximal 7 Paare von Fotozellen aus der Serie Moonbus mit nur zwei Dr\u00e4hten.\n\n\"><strong>Simple:<\/strong> BlueBUS system enables connection and control between a maximum of 7 couples of photocells from the series Moonbus with just two wires.<\/p>\n<p><\/span><span title=\"Praktisch: Ersatzquelle (w\u00e4hlbar) ist einfach an die Steuerelektronik mittels einen Kabel mit Konnektor angeschlossen, und ist im innneren des Motors befestigt.\n\n\"><strong>Practical:<\/strong> replacement source (selectable) is simply connected to the control electronics via a cable with connector, and is mounted in the engine innneren.<\/p>\n<p><\/span><span title=\"Vorteilhaft: einstellbare Antriebskraft, Geschwindigkeit und Pause vor automatischen Schlie\u00dfung.\"><strong>Advantageously:<\/strong> adjustable driving force, speed and pause before automatic closure. <\/span><span title=\"Temperatursensor reguliert die Arbeitskraft des Antriebs nach den Witterungsbedingungen, nach bestimmten inaktiven Zeit schaltet sich das Terminal ab.\">Temperature sensor regulates the work force of the drive according to weather conditions, after certain period of inactivity, the terminal is switched off. <\/span><span title=\"MASTER\/SLAVE Konfiguration synchronisiert automatisch beide gegen\u00fcber stehende Schrankenb\u00e4ume.\n\n\">MASTER \/ SLAVE selection automatically synchronises two opposing barriers trees.<\/p>\n<p><\/span><span title=\"Intelligent: Hinderniserkennungsystem und automatische Programmierung der Betriebszeit.\"><strong>Intelligent:<\/strong> obstacle detection system and automatic programming of the working time. <\/span><span title=\"Betrieb des Motors wird w\u00e4hrend der ganzen Bewegung monitoriert, selbstdiagnostiziert mithilfe von Signalleuchten, 8 Programmierungsarten.\n\n\">Operation of the motor is monitoriert throughout the motion, even diagnosed using signal lamps, 8 programming styles.<\/p>\n<p><\/span><span title=\"Sicher: M\u00f6glichkeit der Verlangsamung und Beschleunigung w\u00e4hrend jeder \u00d6ffnung und Schlie\u00dfung, am Anfang und Ende der Bewegung.\n\n\"><strong>Safe:<\/strong> acceleration and deceleration of the possibility during each opening and closing, at the beginning and end of the movement.<\/p>\n<p><\/span><span title=\"Robust: entlastete Geh\u00e4use des Antriebs aus Aluminium mit Epoxidlackierung.\n\n\"><strong>Robust:<\/strong> relieved of the drive housing made of aluminum with epoxy painting.<\/p>\n<p><\/span><span title=\"Sehr leise: Zahnrad des Motors auf Lagern.\n\n\">Very quiet: gear motor on bearings.<\/p>\n<p><\/span><span title=\"Zubeh\u00f6r:\n\n\"><strong>Accessories:<\/strong><\/p>\n<p><\/span><span title=\"RBA1 - induktiver Endschalter\n\">RBA1 &#8211; Proximity switch<br \/>\n<\/span><span title=\"PS124 - Batterie mit eingebautem Ladeger\u00e4t - 24V\n\">PS124 &#8211; battery with integrated battery charger &#8211; 24V<br \/>\n<\/span><span title=\"ACRV - Zahnstange aus Nylon mit Stahlkern - 25x20x1000mm\n\">ACRV &#8211; Nylon rack with steel core &#8211; 25x20x1000mm<br \/>\n<\/span><span title=\"ROA7 - verzinkte Zahnstange - 22x22x1000mm\n\">ROA7 &#8211; galvanized rack &#8211; 22x22x1000mm<br \/>\n<\/span><span title=\"ROA8 - verzinkte Zahnstange - 30x8x1000mm, komplett mit Schrauben und Distanzst\u00fccken\">ROA8 &#8211; galvanized rack &#8211; 30x8x1000mm, complete with screws and spacers<\/span><\/span><\/p>\n","protected":false},"excerpt":{"rendered":"<p>Operator for sliding gates up to 1000kg weight (RB1000). Simple: BlueBUS system enables connection and control between a maximum of 7 couples of photocells from the series Moonbus with just two wires. Practical: replacement source (selectable) is simply connected to the control electronics via a cable with connector, and is mounted in the engine innneren. [&hellip;]<\/p>\n","protected":false},"featured_media":11926,"template":"","meta":{"_acf_changed":false,"site-sidebar-layout":"default","site-content-layout":"","ast-site-content-layout":"default","site-content-style":"default","site-sidebar-style":"default","ast-global-header-display":"","ast-banner-title-visibility":"","ast-main-header-display":"","ast-hfb-above-header-display":"","ast-hfb-below-header-display":"","ast-hfb-mobile-header-display":"","site-post-title":"","ast-breadcrumbs-content":"","ast-featured-img":"","footer-sml-layout":"","ast-disable-related-posts":"","theme-transparent-header-meta":"","adv-header-id-meta":"","stick-header-meta":"","header-above-stick-meta":"","header-main-stick-meta":"","header-below-stick-meta":"","astra-migrate-meta-layouts":"default","ast-page-background-enabled":"default","ast-page-background-meta":{"desktop":{"background-color":"","background-image":"","background-repeat":"repeat","background-position":"center center","background-size":"auto","background-attachment":"scroll","background-type":"","background-media":"","overlay-type":"","overlay-color":"","overlay-opacity":"","overlay-gradient":""},"tablet":{"background-color":"","background-image":"","background-repeat":"repeat","background-position":"center center","background-size":"auto","background-attachment":"scroll","background-type":"","background-media":"","overlay-type":"","overlay-color":"","overlay-opacity":"","overlay-gradient":""},"mobile":{"background-color":"","background-image":"","background-repeat":"repeat","background-position":"center center","background-size":"auto","background-attachment":"scroll","background-type":"","background-media":"","overlay-type":"","overlay-color":"","overlay-opacity":"","overlay-gradient":""}},"ast-content-background-meta":{"desktop":{"background-color":"var(--ast-global-color-5)","background-image":"","background-repeat":"repeat","background-position":"center center","background-size":"auto","background-attachment":"scroll","background-type":"","background-media":"","overlay-type":"","overlay-color":"","overlay-opacity":"","overlay-gradient":""},"tablet":{"background-color":"var(--ast-global-color-5)","background-image":"","background-repeat":"repeat","background-position":"center center","background-size":"auto","background-attachment":"scroll","background-type":"","background-media":"","overlay-type":"","overlay-color":"","overlay-opacity":"","overlay-gradient":""},"mobile":{"background-color":"var(--ast-global-color-5)","background-image":"","background-repeat":"repeat","background-position":"center center","background-size":"auto","background-attachment":"scroll","background-type":"","background-media":"","overlay-type":"","overlay-color":"","overlay-opacity":"","overlay-gradient":""}}},"product_brand":[],"product_cat":[339,342],"product_tag":[],"class_list":{"0":"post-11028","1":"product","2":"type-product","3":"status-publish","4":"has-post-thumbnail","6":"product_cat-nice-en","7":"product_cat-sliding-door-openers","8":"desktop-align-left","9":"tablet-align-left","10":"mobile-align-left","11":"ast-product-gallery-layout-horizontal-slider","12":"ast-product-gallery-with-no-image","13":"ast-product-tabs-layout-horizontal","15":"first","16":"instock","17":"product-type-simple"},"acf":[],"yoast_head":"<!-- This site is optimized with the Yoast SEO Premium plugin v26.2 (Yoast SEO v27.2) - https:\/\/yoast.com\/product\/yoast-seo-premium-wordpress\/ -->\n<title>ROBUS 1000P - Smartdoor<\/title>\n<meta name=\"robots\" content=\"index, follow, max-snippet:-1, max-image-preview:large, max-video-preview:-1\" \/>\n<link rel=\"canonical\" href=\"https:\/\/smartdoor.sk\/en\/produkt\/robus-1000p\/\" \/>\n<meta property=\"og:locale\" content=\"en_US\" \/>\n<meta property=\"og:type\" content=\"article\" \/>\n<meta property=\"og:title\" content=\"ROBUS 1000P\" \/>\n<meta property=\"og:description\" content=\"Operator for sliding gates up to 1000kg weight (RB1000). Simple: BlueBUS system enables connection and control between a maximum of 7 couples of photocells from the series Moonbus with just two wires. Practical: replacement source (selectable) is simply connected to the control electronics via a cable with connector, and is mounted in the engine innneren. [&hellip;]\" \/>\n<meta property=\"og:url\" content=\"https:\/\/smartdoor.sk\/en\/produkt\/robus-1000p\/\" \/>\n<meta property=\"og:site_name\" content=\"Smartdoor\" \/>\n<meta property=\"article:modified_time\" content=\"2021-09-12T01:09:21+00:00\" \/>\n<meta property=\"og:image\" content=\"https:\/\/smartdoor.sk\/wp-content\/uploads\/2021\/03\/robus1000.jpg\" \/>\n\t<meta property=\"og:image:width\" content=\"599\" \/>\n\t<meta property=\"og:image:height\" content=\"600\" \/>\n\t<meta property=\"og:image:type\" content=\"image\/jpeg\" \/>\n<meta name=\"twitter:card\" content=\"summary_large_image\" \/>\n<meta name=\"twitter:label1\" content=\"Est. reading time\" \/>\n\t<meta name=\"twitter:data1\" content=\"1 minute\" \/>\n<script type=\"application\/ld+json\" class=\"yoast-schema-graph\">{\"@context\":\"https:\/\/schema.org\",\"@graph\":[{\"@type\":\"WebPage\",\"@id\":\"https:\/\/smartdoor.sk\/en\/produkt\/robus-1000p\/\",\"url\":\"https:\/\/smartdoor.sk\/en\/produkt\/robus-1000p\/\",\"name\":\"ROBUS 1000P - Smartdoor\",\"isPartOf\":{\"@id\":\"https:\/\/smartdoor.sk\/en\/#website\"},\"primaryImageOfPage\":{\"@id\":\"https:\/\/smartdoor.sk\/en\/produkt\/robus-1000p\/#primaryimage\"},\"image\":{\"@id\":\"https:\/\/smartdoor.sk\/en\/produkt\/robus-1000p\/#primaryimage\"},\"thumbnailUrl\":\"https:\/\/smartdoor.sk\/wp-content\/uploads\/2021\/03\/robus1000.jpg\",\"datePublished\":\"2021-09-11T23:09:16+00:00\",\"dateModified\":\"2021-09-12T01:09:21+00:00\",\"breadcrumb\":{\"@id\":\"https:\/\/smartdoor.sk\/en\/produkt\/robus-1000p\/#breadcrumb\"},\"inLanguage\":\"en-US\",\"potentialAction\":[{\"@type\":\"ReadAction\",\"target\":[\"https:\/\/smartdoor.sk\/en\/produkt\/robus-1000p\/\"]}]},{\"@type\":\"ImageObject\",\"inLanguage\":\"en-US\",\"@id\":\"https:\/\/smartdoor.sk\/en\/produkt\/robus-1000p\/#primaryimage\",\"url\":\"https:\/\/smartdoor.sk\/wp-content\/uploads\/2021\/03\/robus1000.jpg\",\"contentUrl\":\"https:\/\/smartdoor.sk\/wp-content\/uploads\/2021\/03\/robus1000.jpg\",\"width\":599,\"height\":600},{\"@type\":\"BreadcrumbList\",\"@id\":\"https:\/\/smartdoor.sk\/en\/produkt\/robus-1000p\/#breadcrumb\",\"itemListElement\":[{\"@type\":\"ListItem\",\"position\":1,\"name\":\"Domovsk\u00e1 str\u00e1nka\",\"item\":\"https:\/\/smartdoor.sk\/en\/\"},{\"@type\":\"ListItem\",\"position\":2,\"name\":\"Products\",\"item\":\"https:\/\/smartdoor.sk\/en\/products\/\"},{\"@type\":\"ListItem\",\"position\":3,\"name\":\"ROBUS 1000P\"}]},{\"@type\":\"WebSite\",\"@id\":\"https:\/\/smartdoor.sk\/en\/#website\",\"url\":\"https:\/\/smartdoor.sk\/en\/\",\"name\":\"Smartdoor\",\"description\":\"M\u00fadre rie\u0161enia pre gar\u00e1\u017eov\u00e9 br\u00e1ny\",\"publisher\":{\"@id\":\"https:\/\/smartdoor.sk\/en\/#organization\"},\"potentialAction\":[{\"@type\":\"SearchAction\",\"target\":{\"@type\":\"EntryPoint\",\"urlTemplate\":\"https:\/\/smartdoor.sk\/en\/?s={search_term_string}\"},\"query-input\":{\"@type\":\"PropertyValueSpecification\",\"valueRequired\":true,\"valueName\":\"search_term_string\"}}],\"inLanguage\":\"en-US\"},{\"@type\":\"Organization\",\"@id\":\"https:\/\/smartdoor.sk\/en\/#organization\",\"name\":\"Smartdoor\",\"url\":\"https:\/\/smartdoor.sk\/en\/\",\"logo\":{\"@type\":\"ImageObject\",\"inLanguage\":\"en-US\",\"@id\":\"https:\/\/smartdoor.sk\/en\/#\/schema\/logo\/image\/\",\"url\":\"https:\/\/smartdoor.sk\/wp-content\/uploads\/2023\/03\/SmartDoorLogo.png\",\"contentUrl\":\"https:\/\/smartdoor.sk\/wp-content\/uploads\/2023\/03\/SmartDoorLogo.png\",\"width\":1500,\"height\":902,\"caption\":\"Smartdoor\"},\"image\":{\"@id\":\"https:\/\/smartdoor.sk\/en\/#\/schema\/logo\/image\/\"}}]}<\/script>\n<!-- \/ Yoast SEO Premium plugin. -->","yoast_head_json":{"title":"ROBUS 1000P - Smartdoor","robots":{"index":"index","follow":"follow","max-snippet":"max-snippet:-1","max-image-preview":"max-image-preview:large","max-video-preview":"max-video-preview:-1"},"canonical":"https:\/\/smartdoor.sk\/en\/produkt\/robus-1000p\/","og_locale":"en_US","og_type":"article","og_title":"ROBUS 1000P","og_description":"Operator for sliding gates up to 1000kg weight (RB1000). Simple: BlueBUS system enables connection and control between a maximum of 7 couples of photocells from the series Moonbus with just two wires. Practical: replacement source (selectable) is simply connected to the control electronics via a cable with connector, and is mounted in the engine innneren. [&hellip;]","og_url":"https:\/\/smartdoor.sk\/en\/produkt\/robus-1000p\/","og_site_name":"Smartdoor","article_modified_time":"2021-09-12T01:09:21+00:00","og_image":[{"width":599,"height":600,"url":"https:\/\/smartdoor.sk\/wp-content\/uploads\/2021\/03\/robus1000.jpg","type":"image\/jpeg"}],"twitter_card":"summary_large_image","twitter_misc":{"Est. reading time":"1 minute"},"schema":{"@context":"https:\/\/schema.org","@graph":[{"@type":"WebPage","@id":"https:\/\/smartdoor.sk\/en\/produkt\/robus-1000p\/","url":"https:\/\/smartdoor.sk\/en\/produkt\/robus-1000p\/","name":"ROBUS 1000P - Smartdoor","isPartOf":{"@id":"https:\/\/smartdoor.sk\/en\/#website"},"primaryImageOfPage":{"@id":"https:\/\/smartdoor.sk\/en\/produkt\/robus-1000p\/#primaryimage"},"image":{"@id":"https:\/\/smartdoor.sk\/en\/produkt\/robus-1000p\/#primaryimage"},"thumbnailUrl":"https:\/\/smartdoor.sk\/wp-content\/uploads\/2021\/03\/robus1000.jpg","datePublished":"2021-09-11T23:09:16+00:00","dateModified":"2021-09-12T01:09:21+00:00","breadcrumb":{"@id":"https:\/\/smartdoor.sk\/en\/produkt\/robus-1000p\/#breadcrumb"},"inLanguage":"en-US","potentialAction":[{"@type":"ReadAction","target":["https:\/\/smartdoor.sk\/en\/produkt\/robus-1000p\/"]}]},{"@type":"ImageObject","inLanguage":"en-US","@id":"https:\/\/smartdoor.sk\/en\/produkt\/robus-1000p\/#primaryimage","url":"https:\/\/smartdoor.sk\/wp-content\/uploads\/2021\/03\/robus1000.jpg","contentUrl":"https:\/\/smartdoor.sk\/wp-content\/uploads\/2021\/03\/robus1000.jpg","width":599,"height":600},{"@type":"BreadcrumbList","@id":"https:\/\/smartdoor.sk\/en\/produkt\/robus-1000p\/#breadcrumb","itemListElement":[{"@type":"ListItem","position":1,"name":"Domovsk\u00e1 str\u00e1nka","item":"https:\/\/smartdoor.sk\/en\/"},{"@type":"ListItem","position":2,"name":"Products","item":"https:\/\/smartdoor.sk\/en\/products\/"},{"@type":"ListItem","position":3,"name":"ROBUS 1000P"}]},{"@type":"WebSite","@id":"https:\/\/smartdoor.sk\/en\/#website","url":"https:\/\/smartdoor.sk\/en\/","name":"Smartdoor","description":"M\u00fadre rie\u0161enia pre gar\u00e1\u017eov\u00e9 br\u00e1ny","publisher":{"@id":"https:\/\/smartdoor.sk\/en\/#organization"},"potentialAction":[{"@type":"SearchAction","target":{"@type":"EntryPoint","urlTemplate":"https:\/\/smartdoor.sk\/en\/?s={search_term_string}"},"query-input":{"@type":"PropertyValueSpecification","valueRequired":true,"valueName":"search_term_string"}}],"inLanguage":"en-US"},{"@type":"Organization","@id":"https:\/\/smartdoor.sk\/en\/#organization","name":"Smartdoor","url":"https:\/\/smartdoor.sk\/en\/","logo":{"@type":"ImageObject","inLanguage":"en-US","@id":"https:\/\/smartdoor.sk\/en\/#\/schema\/logo\/image\/","url":"https:\/\/smartdoor.sk\/wp-content\/uploads\/2023\/03\/SmartDoorLogo.png","contentUrl":"https:\/\/smartdoor.sk\/wp-content\/uploads\/2023\/03\/SmartDoorLogo.png","width":1500,"height":902,"caption":"Smartdoor"},"image":{"@id":"https:\/\/smartdoor.sk\/en\/#\/schema\/logo\/image\/"}}]}},"_links":{"self":[{"href":"https:\/\/smartdoor.sk\/en\/wp-json\/wp\/v2\/product\/11028","targetHints":{"allow":["GET"]}}],"collection":[{"href":"https:\/\/smartdoor.sk\/en\/wp-json\/wp\/v2\/product"}],"about":[{"href":"https:\/\/smartdoor.sk\/en\/wp-json\/wp\/v2\/types\/product"}],"version-history":[{"count":1,"href":"https:\/\/smartdoor.sk\/en\/wp-json\/wp\/v2\/product\/11028\/revisions"}],"predecessor-version":[{"id":11029,"href":"https:\/\/smartdoor.sk\/en\/wp-json\/wp\/v2\/product\/11028\/revisions\/11029"}],"wp:featuredmedia":[{"embeddable":true,"href":"https:\/\/smartdoor.sk\/en\/wp-json\/wp\/v2\/media\/11926"}],"wp:attachment":[{"href":"https:\/\/smartdoor.sk\/en\/wp-json\/wp\/v2\/media?parent=11028"}],"wp:term":[{"taxonomy":"product_brand","embeddable":true,"href":"https:\/\/smartdoor.sk\/en\/wp-json\/wp\/v2\/product_brand?post=11028"},{"taxonomy":"product_cat","embeddable":true,"href":"https:\/\/smartdoor.sk\/en\/wp-json\/wp\/v2\/product_cat?post=11028"},{"taxonomy":"product_tag","embeddable":true,"href":"https:\/\/smartdoor.sk\/en\/wp-json\/wp\/v2\/product_tag?post=11028"}],"curies":[{"name":"wp","href":"https:\/\/api.w.org\/{rel}","templated":true}]}}