{"id":11136,"date":"2021-09-12T01:09:38","date_gmt":"2021-09-11T23:09:38","guid":{"rendered":"https:\/\/smartdoor.sk\/produkt\/gava-hpl-981\/"},"modified":"2021-09-12T03:09:41","modified_gmt":"2021-09-12T01:09:41","slug":"gava-hpl-981","status":"publish","type":"product","link":"https:\/\/smartdoor.sk\/en\/produkt\/gava-hpl-981\/","title":{"rendered":"GAVA HPL 981"},"content":{"rendered":"<div>\n<div><\/div>\n<div class=\"popis\">\n<h1>HPL door infill panel<\/h1>\n<h2>Suitable for plastic and aluminium door<\/h2>\n<ul>\n<li>Available in 2 shades of white<\/li>\n<li>The thickness of the door infill panel ranges from 24 mm to 60 mm<\/li>\n<li>Suitable for plastic as well as aluminium door<\/li>\n<\/ul>\n<p>HPL (High Pressure Laminates) is a resin-based material which offers a greater hardness and a lower thermal expansion than PVC.\u00a0Unlike PVC \u00a0and aluminium, HPL is water-repellent. It is not shapable, therefore it is used in the manufacturing of flat designs.\u00a0Its design is a combination of glass panes and metallic ornaments &#8211; intarsion. All designs are available in a wide range of colours and tones.\u00a0With GAVA HPL, PS styrofoam is usually used. For thickness of 36 mm and more, we recommend to use the F Core, in order to significantly reduce horizontal forces affecting the door infill panels.\u00a0These forces are the result of the bimetallic effect caused by differences between temperatures in the exterior and interior.<\/p>\n<p>The GAVA HPL infill panels are supplied and cut to meet customer requirements, \u00a0but with maximum parameters of 900mm x 2150 mm and tolerance \u00b12 mm.<\/p>\n<p>The protective foil that covers the door infill panel during transportation must be removed immediately after the door has been installed.\u00a0External factors may cause a permanent \u00a0adherence of the foil to the panel within several days.<\/p>\n<p><a href=\"http:\/\/smartdoor.sk\/?p=6723\">GAVA Designer<\/a><\/p>\n<\/div>\n<\/div>\n","protected":false},"excerpt":{"rendered":"<p>HPL door infill panel Suitable for plastic and aluminium door Available in 2 shades of white The thickness of the door infill panel ranges from 24 mm to 60 mm Suitable for plastic as well as aluminium door HPL (High Pressure Laminates) is a resin-based material which offers a greater hardness and a lower thermal [&hellip;]<\/p>\n","protected":false},"featured_media":0,"template":"","meta":{"_acf_changed":false,"site-sidebar-layout":"default","site-content-layout":"","ast-site-content-layout":"default","site-content-style":"default","site-sidebar-style":"default","ast-global-header-display":"","ast-banner-title-visibility":"","ast-main-header-display":"","ast-hfb-above-header-display":"","ast-hfb-below-header-display":"","ast-hfb-mobile-header-display":"","site-post-title":"","ast-breadcrumbs-content":"","ast-featured-img":"","footer-sml-layout":"","ast-disable-related-posts":"","theme-transparent-header-meta":"","adv-header-id-meta":"","stick-header-meta":"","header-above-stick-meta":"","header-main-stick-meta":"","header-below-stick-meta":"","astra-migrate-meta-layouts":"default","ast-page-background-enabled":"default","ast-page-background-meta":{"desktop":{"background-color":"","background-image":"","background-repeat":"repeat","background-position":"center center","background-size":"auto","background-attachment":"scroll","background-type":"","background-media":"","overlay-type":"","overlay-color":"","overlay-opacity":"","overlay-gradient":""},"tablet":{"background-color":"","background-image":"","background-repeat":"repeat","background-position":"center center","background-size":"auto","background-attachment":"scroll","background-type":"","background-media":"","overlay-type":"","overlay-color":"","overlay-opacity":"","overlay-gradient":""},"mobile":{"background-color":"","background-image":"","background-repeat":"repeat","background-position":"center center","background-size":"auto","background-attachment":"scroll","background-type":"","background-media":"","overlay-type":"","overlay-color":"","overlay-opacity":"","overlay-gradient":""}},"ast-content-background-meta":{"desktop":{"background-color":"var(--ast-global-color-5)","background-image":"","background-repeat":"repeat","background-position":"center center","background-size":"auto","background-attachment":"scroll","background-type":"","background-media":"","overlay-type":"","overlay-color":"","overlay-opacity":"","overlay-gradient":""},"tablet":{"background-color":"var(--ast-global-color-5)","background-image":"","background-repeat":"repeat","background-position":"center center","background-size":"auto","background-attachment":"scroll","background-type":"","background-media":"","overlay-type":"","overlay-color":"","overlay-opacity":"","overlay-gradient":""},"mobile":{"background-color":"var(--ast-global-color-5)","background-image":"","background-repeat":"repeat","background-position":"center center","background-size":"auto","background-attachment":"scroll","background-type":"","background-media":"","overlay-type":"","overlay-color":"","overlay-opacity":"","overlay-gradient":""}}},"product_brand":[],"product_cat":[283],"product_tag":[],"class_list":{"0":"post-11136","1":"product","2":"type-product","3":"status-publish","5":"product_cat-becker-2","6":"desktop-align-left","7":"tablet-align-left","8":"mobile-align-left","9":"ast-product-gallery-layout-horizontal-slider","10":"ast-product-gallery-with-no-image","11":"ast-product-tabs-layout-horizontal","13":"first","14":"instock","15":"product-type-simple"},"acf":[],"yoast_head":"<!-- This site is optimized with the Yoast SEO Premium plugin v26.2 (Yoast SEO v27.2) - https:\/\/yoast.com\/product\/yoast-seo-premium-wordpress\/ -->\n<title>GAVA HPL 981 - Smartdoor<\/title>\n<meta name=\"robots\" content=\"index, follow, max-snippet:-1, max-image-preview:large, max-video-preview:-1\" \/>\n<link rel=\"canonical\" href=\"https:\/\/smartdoor.sk\/en\/produkt\/gava-hpl-981\/\" \/>\n<meta property=\"og:locale\" content=\"en_US\" \/>\n<meta property=\"og:type\" content=\"article\" \/>\n<meta property=\"og:title\" content=\"GAVA HPL 981\" \/>\n<meta property=\"og:description\" content=\"HPL door infill panel Suitable for plastic and aluminium door Available in 2 shades of white The thickness of the door infill panel ranges from 24 mm to 60 mm Suitable for plastic as well as aluminium door HPL (High Pressure Laminates) is a resin-based material which offers a greater hardness and a lower thermal [&hellip;]\" \/>\n<meta property=\"og:url\" content=\"https:\/\/smartdoor.sk\/en\/produkt\/gava-hpl-981\/\" \/>\n<meta property=\"og:site_name\" content=\"Smartdoor\" \/>\n<meta property=\"article:modified_time\" content=\"2021-09-12T01:09:41+00:00\" \/>\n<meta name=\"twitter:card\" content=\"summary_large_image\" \/>\n<meta name=\"twitter:label1\" content=\"Est. reading time\" \/>\n\t<meta name=\"twitter:data1\" content=\"1 minute\" \/>\n<script type=\"application\/ld+json\" class=\"yoast-schema-graph\">{\"@context\":\"https:\/\/schema.org\",\"@graph\":[{\"@type\":\"WebPage\",\"@id\":\"https:\/\/smartdoor.sk\/en\/produkt\/gava-hpl-981\/\",\"url\":\"https:\/\/smartdoor.sk\/en\/produkt\/gava-hpl-981\/\",\"name\":\"GAVA HPL 981 - Smartdoor\",\"isPartOf\":{\"@id\":\"https:\/\/smartdoor.sk\/en\/#website\"},\"datePublished\":\"2021-09-11T23:09:38+00:00\",\"dateModified\":\"2021-09-12T01:09:41+00:00\",\"breadcrumb\":{\"@id\":\"https:\/\/smartdoor.sk\/en\/produkt\/gava-hpl-981\/#breadcrumb\"},\"inLanguage\":\"en-US\",\"potentialAction\":[{\"@type\":\"ReadAction\",\"target\":[\"https:\/\/smartdoor.sk\/en\/produkt\/gava-hpl-981\/\"]}]},{\"@type\":\"BreadcrumbList\",\"@id\":\"https:\/\/smartdoor.sk\/en\/produkt\/gava-hpl-981\/#breadcrumb\",\"itemListElement\":[{\"@type\":\"ListItem\",\"position\":1,\"name\":\"Domovsk\u00e1 str\u00e1nka\",\"item\":\"https:\/\/smartdoor.sk\/en\/\"},{\"@type\":\"ListItem\",\"position\":2,\"name\":\"Products\",\"item\":\"https:\/\/smartdoor.sk\/en\/products\/\"},{\"@type\":\"ListItem\",\"position\":3,\"name\":\"GAVA HPL 981\"}]},{\"@type\":\"WebSite\",\"@id\":\"https:\/\/smartdoor.sk\/en\/#website\",\"url\":\"https:\/\/smartdoor.sk\/en\/\",\"name\":\"Smartdoor\",\"description\":\"M\u00fadre rie\u0161enia pre gar\u00e1\u017eov\u00e9 br\u00e1ny\",\"publisher\":{\"@id\":\"https:\/\/smartdoor.sk\/en\/#organization\"},\"potentialAction\":[{\"@type\":\"SearchAction\",\"target\":{\"@type\":\"EntryPoint\",\"urlTemplate\":\"https:\/\/smartdoor.sk\/en\/?s={search_term_string}\"},\"query-input\":{\"@type\":\"PropertyValueSpecification\",\"valueRequired\":true,\"valueName\":\"search_term_string\"}}],\"inLanguage\":\"en-US\"},{\"@type\":\"Organization\",\"@id\":\"https:\/\/smartdoor.sk\/en\/#organization\",\"name\":\"Smartdoor\",\"url\":\"https:\/\/smartdoor.sk\/en\/\",\"logo\":{\"@type\":\"ImageObject\",\"inLanguage\":\"en-US\",\"@id\":\"https:\/\/smartdoor.sk\/en\/#\/schema\/logo\/image\/\",\"url\":\"https:\/\/smartdoor.sk\/wp-content\/uploads\/2023\/03\/SmartDoorLogo.png\",\"contentUrl\":\"https:\/\/smartdoor.sk\/wp-content\/uploads\/2023\/03\/SmartDoorLogo.png\",\"width\":1500,\"height\":902,\"caption\":\"Smartdoor\"},\"image\":{\"@id\":\"https:\/\/smartdoor.sk\/en\/#\/schema\/logo\/image\/\"}}]}<\/script>\n<!-- \/ Yoast SEO Premium plugin. -->","yoast_head_json":{"title":"GAVA HPL 981 - Smartdoor","robots":{"index":"index","follow":"follow","max-snippet":"max-snippet:-1","max-image-preview":"max-image-preview:large","max-video-preview":"max-video-preview:-1"},"canonical":"https:\/\/smartdoor.sk\/en\/produkt\/gava-hpl-981\/","og_locale":"en_US","og_type":"article","og_title":"GAVA HPL 981","og_description":"HPL door infill panel Suitable for plastic and aluminium door Available in 2 shades of white The thickness of the door infill panel ranges from 24 mm to 60 mm Suitable for plastic as well as aluminium door HPL (High Pressure Laminates) is a resin-based material which offers a greater hardness and a lower thermal [&hellip;]","og_url":"https:\/\/smartdoor.sk\/en\/produkt\/gava-hpl-981\/","og_site_name":"Smartdoor","article_modified_time":"2021-09-12T01:09:41+00:00","twitter_card":"summary_large_image","twitter_misc":{"Est. reading time":"1 minute"},"schema":{"@context":"https:\/\/schema.org","@graph":[{"@type":"WebPage","@id":"https:\/\/smartdoor.sk\/en\/produkt\/gava-hpl-981\/","url":"https:\/\/smartdoor.sk\/en\/produkt\/gava-hpl-981\/","name":"GAVA HPL 981 - Smartdoor","isPartOf":{"@id":"https:\/\/smartdoor.sk\/en\/#website"},"datePublished":"2021-09-11T23:09:38+00:00","dateModified":"2021-09-12T01:09:41+00:00","breadcrumb":{"@id":"https:\/\/smartdoor.sk\/en\/produkt\/gava-hpl-981\/#breadcrumb"},"inLanguage":"en-US","potentialAction":[{"@type":"ReadAction","target":["https:\/\/smartdoor.sk\/en\/produkt\/gava-hpl-981\/"]}]},{"@type":"BreadcrumbList","@id":"https:\/\/smartdoor.sk\/en\/produkt\/gava-hpl-981\/#breadcrumb","itemListElement":[{"@type":"ListItem","position":1,"name":"Domovsk\u00e1 str\u00e1nka","item":"https:\/\/smartdoor.sk\/en\/"},{"@type":"ListItem","position":2,"name":"Products","item":"https:\/\/smartdoor.sk\/en\/products\/"},{"@type":"ListItem","position":3,"name":"GAVA HPL 981"}]},{"@type":"WebSite","@id":"https:\/\/smartdoor.sk\/en\/#website","url":"https:\/\/smartdoor.sk\/en\/","name":"Smartdoor","description":"M\u00fadre rie\u0161enia pre gar\u00e1\u017eov\u00e9 br\u00e1ny","publisher":{"@id":"https:\/\/smartdoor.sk\/en\/#organization"},"potentialAction":[{"@type":"SearchAction","target":{"@type":"EntryPoint","urlTemplate":"https:\/\/smartdoor.sk\/en\/?s={search_term_string}"},"query-input":{"@type":"PropertyValueSpecification","valueRequired":true,"valueName":"search_term_string"}}],"inLanguage":"en-US"},{"@type":"Organization","@id":"https:\/\/smartdoor.sk\/en\/#organization","name":"Smartdoor","url":"https:\/\/smartdoor.sk\/en\/","logo":{"@type":"ImageObject","inLanguage":"en-US","@id":"https:\/\/smartdoor.sk\/en\/#\/schema\/logo\/image\/","url":"https:\/\/smartdoor.sk\/wp-content\/uploads\/2023\/03\/SmartDoorLogo.png","contentUrl":"https:\/\/smartdoor.sk\/wp-content\/uploads\/2023\/03\/SmartDoorLogo.png","width":1500,"height":902,"caption":"Smartdoor"},"image":{"@id":"https:\/\/smartdoor.sk\/en\/#\/schema\/logo\/image\/"}}]}},"_links":{"self":[{"href":"https:\/\/smartdoor.sk\/en\/wp-json\/wp\/v2\/product\/11136","targetHints":{"allow":["GET"]}}],"collection":[{"href":"https:\/\/smartdoor.sk\/en\/wp-json\/wp\/v2\/product"}],"about":[{"href":"https:\/\/smartdoor.sk\/en\/wp-json\/wp\/v2\/types\/product"}],"version-history":[{"count":1,"href":"https:\/\/smartdoor.sk\/en\/wp-json\/wp\/v2\/product\/11136\/revisions"}],"predecessor-version":[{"id":11137,"href":"https:\/\/smartdoor.sk\/en\/wp-json\/wp\/v2\/product\/11136\/revisions\/11137"}],"wp:attachment":[{"href":"https:\/\/smartdoor.sk\/en\/wp-json\/wp\/v2\/media?parent=11136"}],"wp:term":[{"taxonomy":"product_brand","embeddable":true,"href":"https:\/\/smartdoor.sk\/en\/wp-json\/wp\/v2\/product_brand?post=11136"},{"taxonomy":"product_cat","embeddable":true,"href":"https:\/\/smartdoor.sk\/en\/wp-json\/wp\/v2\/product_cat?post=11136"},{"taxonomy":"product_tag","embeddable":true,"href":"https:\/\/smartdoor.sk\/en\/wp-json\/wp\/v2\/product_tag?post=11136"}],"curies":[{"name":"wp","href":"https:\/\/api.w.org\/{rel}","templated":true}]}}