{"id":11152,"date":"2016-10-06T12:16:44","date_gmt":"2021-09-11T23:09:44","guid":{"rendered":"https:\/\/smartdoor.sk\/produkt\/to5024hs\/"},"modified":"2021-11-16T15:01:53","modified_gmt":"2021-11-16T14:01:53","slug":"to5024hs","status":"publish","type":"product","link":"https:\/\/smartdoor.sk\/en\/produkt\/to5024hs\/","title":{"rendered":"TO5024HS"},"content":{"rendered":"<h1>For hi-speed automation of swing gates with leaves up to 5 m or 400 kg, ideal for residential and industrial applications.<\/h1>\n<p>24 Vdc, electromechanical gear motor, surface mounted, with magnetic encoder.<\/p>\n<h3><span style=\"color: red;\">Quick manoeuvres: 90\u00b0 opening in about 16 seconds.<\/span><\/h3>\n<h3>Reliable:<\/h3>\n<p>the magnetic encoder ensures the safeguard of set values over time and precise obstacle detection.<\/p>\n<h3>Silent:<\/h3>\n<p>patented layout of internal parts and lead nut in bronze.<\/p>\n<h3>Sturdy:<\/h3>\n<p>thanks to the housing, made up of two tough aluminium shells with polyester paint finish; more resistant to atmospheric agents.<br \/>\nInternal moving parts completely in steel, light alloys and technopolymers.<\/p>\n<h3>Generously sized and practical connection compartment:<\/h3>\n<p>rapid and easy access from above to internal parts located in the upper section of the motor.<\/p>\n<h3>Simple installation and maintenance:<\/h3>\n<p>with built-in capacitor.<\/p>\n<h3>Moonclever control unit MC824H:<\/h3>\n<p>\u2022 simple programming, by means of a single key;<br \/>\n\u2022 automatic memorization of limit switches on opening and closing with self-learning function;<br \/>\n\u2022 automatic fault diagnostics;<br \/>\n\u2022 programming of pause time;<br \/>\n\u2022 pedestrian pass door;<br \/>\n\u2022 deceleration on opening and closing;<br \/>\n\u2022 obstacle detection with dual technology;<br \/>\n\u2022 operation in event of power failure by means of optional rechargeable batteries (PS324);<br \/>\n\u2022 provision for connection of latest generation resistive sensitive edges.<\/p>\n<table border=\"1\">\n<tbody>\n<tr>\n<td>Power supply (Vac):<\/td>\n<td>24<\/td>\n<\/tr>\n<tr>\n<td>Absorption (A):<\/td>\n<td>5<\/td>\n<\/tr>\n<tr>\n<td>Power (W):<\/td>\n<td>120<\/td>\n<\/tr>\n<tr>\n<td>Speed (m\/s):<\/td>\n<td>0,025<\/td>\n<\/tr>\n<tr>\n<td>Force (Nm):<\/td>\n<td>1800<\/td>\n<\/tr>\n<tr>\n<td>Work cycle (cycles\/hour):<\/td>\n<td>95<\/td>\n<\/tr>\n<tr>\n<td>Protection level (IP):<\/td>\n<td>44<\/td>\n<\/tr>\n<tr>\n<td>Working temp. (\u00b0C):<\/td>\n<td>-20 \u00f7 +50<\/td>\n<\/tr>\n<tr>\n<td>Dimensions (mm):<\/td>\n<td>965x115x105 h<\/td>\n<\/tr>\n<tr>\n<td>Weight (kg):<\/td>\n<td>7.5<\/td>\n<\/tr>\n<\/tbody>\n<\/table>\n","protected":false},"excerpt":{"rendered":"<p>For hi-speed automation of swing gates with leaves up to 5 m or 400 kg, ideal for residential and industrial applications. 24 Vdc, electromechanical gear motor, surface mounted, with magnetic encoder. Quick manoeuvres: 90\u00b0 opening in about 16 seconds. Reliable: the magnetic encoder ensures the safeguard of set values over time and precise obstacle detection. [&hellip;]<\/p>\n","protected":false},"featured_media":11917,"template":"","meta":{"_acf_changed":false,"site-sidebar-layout":"default","site-content-layout":"","ast-site-content-layout":"default","site-content-style":"default","site-sidebar-style":"default","ast-global-header-display":"","ast-banner-title-visibility":"","ast-main-header-display":"","ast-hfb-above-header-display":"","ast-hfb-below-header-display":"","ast-hfb-mobile-header-display":"","site-post-title":"","ast-breadcrumbs-content":"","ast-featured-img":"","footer-sml-layout":"","ast-disable-related-posts":"","theme-transparent-header-meta":"","adv-header-id-meta":"","stick-header-meta":"","header-above-stick-meta":"","header-main-stick-meta":"","header-below-stick-meta":"","astra-migrate-meta-layouts":"default","ast-page-background-enabled":"default","ast-page-background-meta":{"desktop":{"background-color":"","background-image":"","background-repeat":"repeat","background-position":"center center","background-size":"auto","background-attachment":"scroll","background-type":"","background-media":"","overlay-type":"","overlay-color":"","overlay-opacity":"","overlay-gradient":""},"tablet":{"background-color":"","background-image":"","background-repeat":"repeat","background-position":"center center","background-size":"auto","background-attachment":"scroll","background-type":"","background-media":"","overlay-type":"","overlay-color":"","overlay-opacity":"","overlay-gradient":""},"mobile":{"background-color":"","background-image":"","background-repeat":"repeat","background-position":"center center","background-size":"auto","background-attachment":"scroll","background-type":"","background-media":"","overlay-type":"","overlay-color":"","overlay-opacity":"","overlay-gradient":""}},"ast-content-background-meta":{"desktop":{"background-color":"var(--ast-global-color-5)","background-image":"","background-repeat":"repeat","background-position":"center center","background-size":"auto","background-attachment":"scroll","background-type":"","background-media":"","overlay-type":"","overlay-color":"","overlay-opacity":"","overlay-gradient":""},"tablet":{"background-color":"var(--ast-global-color-5)","background-image":"","background-repeat":"repeat","background-position":"center center","background-size":"auto","background-attachment":"scroll","background-type":"","background-media":"","overlay-type":"","overlay-color":"","overlay-opacity":"","overlay-gradient":""},"mobile":{"background-color":"var(--ast-global-color-5)","background-image":"","background-repeat":"repeat","background-position":"center center","background-size":"auto","background-attachment":"scroll","background-type":"","background-media":"","overlay-type":"","overlay-color":"","overlay-opacity":"","overlay-gradient":""}}},"product_brand":[],"product_cat":[339,341],"product_tag":[],"class_list":{"0":"post-11152","1":"product","2":"type-product","3":"status-publish","4":"has-post-thumbnail","6":"product_cat-nice-en","7":"product_cat-swing-door-openers","8":"desktop-align-left","9":"tablet-align-left","10":"mobile-align-left","11":"ast-product-gallery-layout-horizontal-slider","12":"ast-product-gallery-with-no-image","13":"ast-product-tabs-layout-horizontal","15":"first","16":"instock","17":"product-type-simple"},"acf":[],"yoast_head":"<!-- This site is optimized with the Yoast SEO Premium plugin v26.2 (Yoast SEO v27.2) - https:\/\/yoast.com\/product\/yoast-seo-premium-wordpress\/ -->\n<title>TO5024HS - Smartdoor<\/title>\n<meta name=\"robots\" content=\"index, follow, max-snippet:-1, max-image-preview:large, max-video-preview:-1\" \/>\n<link rel=\"canonical\" href=\"https:\/\/smartdoor.sk\/en\/produkt\/to5024hs\/\" \/>\n<meta property=\"og:locale\" content=\"en_US\" \/>\n<meta property=\"og:type\" content=\"article\" \/>\n<meta property=\"og:title\" content=\"TO5024HS\" \/>\n<meta property=\"og:description\" content=\"For hi-speed automation of swing gates with leaves up to 5 m or 400 kg, ideal for residential and industrial applications. 24 Vdc, electromechanical gear motor, surface mounted, with magnetic encoder. Quick manoeuvres: 90\u00b0 opening in about 16 seconds. Reliable: the magnetic encoder ensures the safeguard of set values over time and precise obstacle detection. [&hellip;]\" \/>\n<meta property=\"og:url\" content=\"https:\/\/smartdoor.sk\/en\/produkt\/to5024hs\/\" \/>\n<meta property=\"og:site_name\" content=\"Smartdoor\" \/>\n<meta property=\"article:modified_time\" content=\"2021-11-16T14:01:53+00:00\" \/>\n<meta property=\"og:image\" content=\"https:\/\/smartdoor.sk\/wp-content\/uploads\/2021\/03\/TO5024HS_1.jpg\" \/>\n\t<meta property=\"og:image:width\" content=\"400\" \/>\n\t<meta property=\"og:image:height\" content=\"280\" \/>\n\t<meta property=\"og:image:type\" content=\"image\/jpeg\" \/>\n<meta name=\"twitter:card\" content=\"summary_large_image\" \/>\n<meta name=\"twitter:label1\" content=\"Est. reading time\" \/>\n\t<meta name=\"twitter:data1\" content=\"1 minute\" \/>\n<script type=\"application\/ld+json\" class=\"yoast-schema-graph\">{\"@context\":\"https:\/\/schema.org\",\"@graph\":[{\"@type\":\"WebPage\",\"@id\":\"https:\/\/smartdoor.sk\/en\/produkt\/to5024hs\/\",\"url\":\"https:\/\/smartdoor.sk\/en\/produkt\/to5024hs\/\",\"name\":\"TO5024HS - Smartdoor\",\"isPartOf\":{\"@id\":\"https:\/\/smartdoor.sk\/en\/#website\"},\"primaryImageOfPage\":{\"@id\":\"https:\/\/smartdoor.sk\/en\/produkt\/to5024hs\/#primaryimage\"},\"image\":{\"@id\":\"https:\/\/smartdoor.sk\/en\/produkt\/to5024hs\/#primaryimage\"},\"thumbnailUrl\":\"https:\/\/smartdoor.sk\/wp-content\/uploads\/2021\/03\/TO5024HS_1.jpg\",\"datePublished\":\"2021-09-11T23:09:44+00:00\",\"dateModified\":\"2021-11-16T14:01:53+00:00\",\"breadcrumb\":{\"@id\":\"https:\/\/smartdoor.sk\/en\/produkt\/to5024hs\/#breadcrumb\"},\"inLanguage\":\"en-US\",\"potentialAction\":[{\"@type\":\"ReadAction\",\"target\":[\"https:\/\/smartdoor.sk\/en\/produkt\/to5024hs\/\"]}]},{\"@type\":\"ImageObject\",\"inLanguage\":\"en-US\",\"@id\":\"https:\/\/smartdoor.sk\/en\/produkt\/to5024hs\/#primaryimage\",\"url\":\"https:\/\/smartdoor.sk\/wp-content\/uploads\/2021\/03\/TO5024HS_1.jpg\",\"contentUrl\":\"https:\/\/smartdoor.sk\/wp-content\/uploads\/2021\/03\/TO5024HS_1.jpg\",\"width\":400,\"height\":280},{\"@type\":\"BreadcrumbList\",\"@id\":\"https:\/\/smartdoor.sk\/en\/produkt\/to5024hs\/#breadcrumb\",\"itemListElement\":[{\"@type\":\"ListItem\",\"position\":1,\"name\":\"Domovsk\u00e1 str\u00e1nka\",\"item\":\"https:\/\/smartdoor.sk\/en\/\"},{\"@type\":\"ListItem\",\"position\":2,\"name\":\"Products\",\"item\":\"https:\/\/smartdoor.sk\/en\/products\/\"},{\"@type\":\"ListItem\",\"position\":3,\"name\":\"TO5024HS\"}]},{\"@type\":\"WebSite\",\"@id\":\"https:\/\/smartdoor.sk\/en\/#website\",\"url\":\"https:\/\/smartdoor.sk\/en\/\",\"name\":\"Smartdoor\",\"description\":\"M\u00fadre rie\u0161enia pre gar\u00e1\u017eov\u00e9 br\u00e1ny\",\"publisher\":{\"@id\":\"https:\/\/smartdoor.sk\/en\/#organization\"},\"potentialAction\":[{\"@type\":\"SearchAction\",\"target\":{\"@type\":\"EntryPoint\",\"urlTemplate\":\"https:\/\/smartdoor.sk\/en\/?s={search_term_string}\"},\"query-input\":{\"@type\":\"PropertyValueSpecification\",\"valueRequired\":true,\"valueName\":\"search_term_string\"}}],\"inLanguage\":\"en-US\"},{\"@type\":\"Organization\",\"@id\":\"https:\/\/smartdoor.sk\/en\/#organization\",\"name\":\"Smartdoor\",\"url\":\"https:\/\/smartdoor.sk\/en\/\",\"logo\":{\"@type\":\"ImageObject\",\"inLanguage\":\"en-US\",\"@id\":\"https:\/\/smartdoor.sk\/en\/#\/schema\/logo\/image\/\",\"url\":\"https:\/\/smartdoor.sk\/wp-content\/uploads\/2023\/03\/SmartDoorLogo.png\",\"contentUrl\":\"https:\/\/smartdoor.sk\/wp-content\/uploads\/2023\/03\/SmartDoorLogo.png\",\"width\":1500,\"height\":902,\"caption\":\"Smartdoor\"},\"image\":{\"@id\":\"https:\/\/smartdoor.sk\/en\/#\/schema\/logo\/image\/\"}}]}<\/script>\n<!-- \/ Yoast SEO Premium plugin. -->","yoast_head_json":{"title":"TO5024HS - Smartdoor","robots":{"index":"index","follow":"follow","max-snippet":"max-snippet:-1","max-image-preview":"max-image-preview:large","max-video-preview":"max-video-preview:-1"},"canonical":"https:\/\/smartdoor.sk\/en\/produkt\/to5024hs\/","og_locale":"en_US","og_type":"article","og_title":"TO5024HS","og_description":"For hi-speed automation of swing gates with leaves up to 5 m or 400 kg, ideal for residential and industrial applications. 24 Vdc, electromechanical gear motor, surface mounted, with magnetic encoder. Quick manoeuvres: 90\u00b0 opening in about 16 seconds. Reliable: the magnetic encoder ensures the safeguard of set values over time and precise obstacle detection. [&hellip;]","og_url":"https:\/\/smartdoor.sk\/en\/produkt\/to5024hs\/","og_site_name":"Smartdoor","article_modified_time":"2021-11-16T14:01:53+00:00","og_image":[{"width":400,"height":280,"url":"https:\/\/smartdoor.sk\/wp-content\/uploads\/2021\/03\/TO5024HS_1.jpg","type":"image\/jpeg"}],"twitter_card":"summary_large_image","twitter_misc":{"Est. reading time":"1 minute"},"schema":{"@context":"https:\/\/schema.org","@graph":[{"@type":"WebPage","@id":"https:\/\/smartdoor.sk\/en\/produkt\/to5024hs\/","url":"https:\/\/smartdoor.sk\/en\/produkt\/to5024hs\/","name":"TO5024HS - Smartdoor","isPartOf":{"@id":"https:\/\/smartdoor.sk\/en\/#website"},"primaryImageOfPage":{"@id":"https:\/\/smartdoor.sk\/en\/produkt\/to5024hs\/#primaryimage"},"image":{"@id":"https:\/\/smartdoor.sk\/en\/produkt\/to5024hs\/#primaryimage"},"thumbnailUrl":"https:\/\/smartdoor.sk\/wp-content\/uploads\/2021\/03\/TO5024HS_1.jpg","datePublished":"2021-09-11T23:09:44+00:00","dateModified":"2021-11-16T14:01:53+00:00","breadcrumb":{"@id":"https:\/\/smartdoor.sk\/en\/produkt\/to5024hs\/#breadcrumb"},"inLanguage":"en-US","potentialAction":[{"@type":"ReadAction","target":["https:\/\/smartdoor.sk\/en\/produkt\/to5024hs\/"]}]},{"@type":"ImageObject","inLanguage":"en-US","@id":"https:\/\/smartdoor.sk\/en\/produkt\/to5024hs\/#primaryimage","url":"https:\/\/smartdoor.sk\/wp-content\/uploads\/2021\/03\/TO5024HS_1.jpg","contentUrl":"https:\/\/smartdoor.sk\/wp-content\/uploads\/2021\/03\/TO5024HS_1.jpg","width":400,"height":280},{"@type":"BreadcrumbList","@id":"https:\/\/smartdoor.sk\/en\/produkt\/to5024hs\/#breadcrumb","itemListElement":[{"@type":"ListItem","position":1,"name":"Domovsk\u00e1 str\u00e1nka","item":"https:\/\/smartdoor.sk\/en\/"},{"@type":"ListItem","position":2,"name":"Products","item":"https:\/\/smartdoor.sk\/en\/products\/"},{"@type":"ListItem","position":3,"name":"TO5024HS"}]},{"@type":"WebSite","@id":"https:\/\/smartdoor.sk\/en\/#website","url":"https:\/\/smartdoor.sk\/en\/","name":"Smartdoor","description":"M\u00fadre rie\u0161enia pre gar\u00e1\u017eov\u00e9 br\u00e1ny","publisher":{"@id":"https:\/\/smartdoor.sk\/en\/#organization"},"potentialAction":[{"@type":"SearchAction","target":{"@type":"EntryPoint","urlTemplate":"https:\/\/smartdoor.sk\/en\/?s={search_term_string}"},"query-input":{"@type":"PropertyValueSpecification","valueRequired":true,"valueName":"search_term_string"}}],"inLanguage":"en-US"},{"@type":"Organization","@id":"https:\/\/smartdoor.sk\/en\/#organization","name":"Smartdoor","url":"https:\/\/smartdoor.sk\/en\/","logo":{"@type":"ImageObject","inLanguage":"en-US","@id":"https:\/\/smartdoor.sk\/en\/#\/schema\/logo\/image\/","url":"https:\/\/smartdoor.sk\/wp-content\/uploads\/2023\/03\/SmartDoorLogo.png","contentUrl":"https:\/\/smartdoor.sk\/wp-content\/uploads\/2023\/03\/SmartDoorLogo.png","width":1500,"height":902,"caption":"Smartdoor"},"image":{"@id":"https:\/\/smartdoor.sk\/en\/#\/schema\/logo\/image\/"}}]}},"_links":{"self":[{"href":"https:\/\/smartdoor.sk\/en\/wp-json\/wp\/v2\/product\/11152","targetHints":{"allow":["GET"]}}],"collection":[{"href":"https:\/\/smartdoor.sk\/en\/wp-json\/wp\/v2\/product"}],"about":[{"href":"https:\/\/smartdoor.sk\/en\/wp-json\/wp\/v2\/types\/product"}],"version-history":[{"count":1,"href":"https:\/\/smartdoor.sk\/en\/wp-json\/wp\/v2\/product\/11152\/revisions"}],"predecessor-version":[{"id":11153,"href":"https:\/\/smartdoor.sk\/en\/wp-json\/wp\/v2\/product\/11152\/revisions\/11153"}],"wp:featuredmedia":[{"embeddable":true,"href":"https:\/\/smartdoor.sk\/en\/wp-json\/wp\/v2\/media\/11917"}],"wp:attachment":[{"href":"https:\/\/smartdoor.sk\/en\/wp-json\/wp\/v2\/media?parent=11152"}],"wp:term":[{"taxonomy":"product_brand","embeddable":true,"href":"https:\/\/smartdoor.sk\/en\/wp-json\/wp\/v2\/product_brand?post=11152"},{"taxonomy":"product_cat","embeddable":true,"href":"https:\/\/smartdoor.sk\/en\/wp-json\/wp\/v2\/product_cat?post=11152"},{"taxonomy":"product_tag","embeddable":true,"href":"https:\/\/smartdoor.sk\/en\/wp-json\/wp\/v2\/product_tag?post=11152"}],"curies":[{"name":"wp","href":"https:\/\/api.w.org\/{rel}","templated":true}]}}