{"id":11156,"date":"2021-09-12T01:09:44","date_gmt":"2021-09-11T23:09:44","guid":{"rendered":"https:\/\/smartdoor.sk\/produkt\/hk7024hs\/"},"modified":"2021-09-12T03:09:44","modified_gmt":"2021-09-12T01:09:44","slug":"hk7024hs","status":"publish","type":"product","link":"https:\/\/smartdoor.sk\/en\/produkt\/hk7024hs\/","title":{"rendered":"HK7024HS"},"content":{"rendered":"<h1>For hi-speed automation of swing gates with leaves up to 3 m or 270 kg, ideal for residential applications even with large columns.<\/h1>\n<p>24 Vdc electromechanical gear motor with articulated arm, surface mounted, with magnetic encoder.<\/p>\n<h3><span style=\"color: red;\">Ideal for intensive use and quick manoeuvres: 90\u00b0 opening in about 10 seconds.<\/span><\/h3>\n<h3>Ultra-powerful and reliable:<\/h3>\n<p>thanks to the torque of 500 Nm and encoder technology, for millimetric precision and reliability.<br \/>\nSafe movement with dual technology obstacle detection.<\/p>\n<h3>Sturdy<\/h3>\n<p>thanks to the housing in aluminium with polyester paint finish, resistant to atmospheric agents.<\/p>\n<h3>Irreversible 24 Vdc with limit switches on opening and closing:<\/h3>\n<p>with built-in control unit.<\/p>\n<h3>Practical and quick installation:<\/h3>\n<p>the articulated arm is adjustable in length for maximum flexibility.<\/p>\n<h3>Simple and precise limit switch adjustment:<\/h3>\n<p>mechanical stops and micrometric adjustment screws.<\/p>\n<h3>No black out:<\/h3>\n<p>with the optional batteries (PS124) housed inside the gear motor.<\/p>\n<h3>Built-in control unit (HK7024):<\/h3>\n<p>\u2022 simple programming via a single key;<br \/>\n\u2022 self-learning of opening and closing limit positions;<br \/>\n\u2022 automatic fault diagnostics;<br \/>\n\u2022 pause time programming;<br \/>\n\u2022 pedestrian pass door;<br \/>\n\u2022 deceleration on opening and closing;<br \/>\n\u2022 obstacle detection with dual technology;<br \/>\n\u2022 provision for connection of latest generation sensitive edges.<\/p>\n<table border=\"1\">\n<tbody>\n<tr>\n<td>Power supply (Vac):<\/td>\n<td>230<\/td>\n<\/tr>\n<tr>\n<td>Absorption (A):<\/td>\n<td>1.5<\/td>\n<\/tr>\n<tr>\n<td>Power (W):<\/td>\n<td>300<\/td>\n<\/tr>\n<tr>\n<td>Speed (m\/s):<\/td>\n<td>2<\/td>\n<\/tr>\n<tr>\n<td>Force (Nm):<\/td>\n<td>500<\/td>\n<\/tr>\n<tr>\n<td>Work cycle (cycles\/hour):<\/td>\n<td>40<\/td>\n<\/tr>\n<tr>\n<td>Protection level (IP):<\/td>\n<td>54<\/td>\n<\/tr>\n<tr>\n<td>Working temp. (\u00b0C):<\/td>\n<td>-20 \u00f7 +50<\/td>\n<\/tr>\n<tr>\n<td>Dimensions (mm):<\/td>\n<td>290x210x320 h<\/td>\n<\/tr>\n<tr>\n<td>Weight (kg):<\/td>\n<td>10.5<\/td>\n<\/tr>\n<\/tbody>\n<\/table>\n","protected":false},"excerpt":{"rendered":"<p>For hi-speed automation of swing gates with leaves up to 3 m or 270 kg, ideal for residential applications even with large columns. 24 Vdc electromechanical gear motor with articulated arm, surface mounted, with magnetic encoder. Ideal for intensive use and quick manoeuvres: 90\u00b0 opening in about 10 seconds. Ultra-powerful and reliable: thanks to the [&hellip;]<\/p>\n","protected":false},"featured_media":0,"template":"","meta":{"_acf_changed":false,"site-sidebar-layout":"default","site-content-layout":"","ast-site-content-layout":"default","site-content-style":"default","site-sidebar-style":"default","ast-global-header-display":"","ast-banner-title-visibility":"","ast-main-header-display":"","ast-hfb-above-header-display":"","ast-hfb-below-header-display":"","ast-hfb-mobile-header-display":"","site-post-title":"","ast-breadcrumbs-content":"","ast-featured-img":"","footer-sml-layout":"","ast-disable-related-posts":"","theme-transparent-header-meta":"","adv-header-id-meta":"","stick-header-meta":"","header-above-stick-meta":"","header-main-stick-meta":"","header-below-stick-meta":"","astra-migrate-meta-layouts":"default","ast-page-background-enabled":"default","ast-page-background-meta":{"desktop":{"background-color":"","background-image":"","background-repeat":"repeat","background-position":"center center","background-size":"auto","background-attachment":"scroll","background-type":"","background-media":"","overlay-type":"","overlay-color":"","overlay-opacity":"","overlay-gradient":""},"tablet":{"background-color":"","background-image":"","background-repeat":"repeat","background-position":"center center","background-size":"auto","background-attachment":"scroll","background-type":"","background-media":"","overlay-type":"","overlay-color":"","overlay-opacity":"","overlay-gradient":""},"mobile":{"background-color":"","background-image":"","background-repeat":"repeat","background-position":"center center","background-size":"auto","background-attachment":"scroll","background-type":"","background-media":"","overlay-type":"","overlay-color":"","overlay-opacity":"","overlay-gradient":""}},"ast-content-background-meta":{"desktop":{"background-color":"var(--ast-global-color-5)","background-image":"","background-repeat":"repeat","background-position":"center center","background-size":"auto","background-attachment":"scroll","background-type":"","background-media":"","overlay-type":"","overlay-color":"","overlay-opacity":"","overlay-gradient":""},"tablet":{"background-color":"var(--ast-global-color-5)","background-image":"","background-repeat":"repeat","background-position":"center center","background-size":"auto","background-attachment":"scroll","background-type":"","background-media":"","overlay-type":"","overlay-color":"","overlay-opacity":"","overlay-gradient":""},"mobile":{"background-color":"var(--ast-global-color-5)","background-image":"","background-repeat":"repeat","background-position":"center center","background-size":"auto","background-attachment":"scroll","background-type":"","background-media":"","overlay-type":"","overlay-color":"","overlay-opacity":"","overlay-gradient":""}}},"product_brand":[],"product_cat":[283],"product_tag":[],"class_list":{"0":"post-11156","1":"product","2":"type-product","3":"status-publish","5":"product_cat-becker-2","6":"desktop-align-left","7":"tablet-align-left","8":"mobile-align-left","9":"ast-product-gallery-layout-horizontal-slider","10":"ast-product-gallery-with-no-image","11":"ast-product-tabs-layout-horizontal","13":"first","14":"instock","15":"product-type-simple"},"acf":[],"yoast_head":"<!-- This site is optimized with the Yoast SEO Premium plugin v26.2 (Yoast SEO v27.2) - https:\/\/yoast.com\/product\/yoast-seo-premium-wordpress\/ -->\n<title>HK7024HS - Smartdoor<\/title>\n<meta name=\"robots\" content=\"index, follow, max-snippet:-1, max-image-preview:large, max-video-preview:-1\" \/>\n<link rel=\"canonical\" href=\"https:\/\/smartdoor.sk\/en\/produkt\/hk7024hs\/\" \/>\n<meta property=\"og:locale\" content=\"en_US\" \/>\n<meta property=\"og:type\" content=\"article\" \/>\n<meta property=\"og:title\" content=\"HK7024HS\" \/>\n<meta property=\"og:description\" content=\"For hi-speed automation of swing gates with leaves up to 3 m or 270 kg, ideal for residential applications even with large columns. 24 Vdc electromechanical gear motor with articulated arm, surface mounted, with magnetic encoder. Ideal for intensive use and quick manoeuvres: 90\u00b0 opening in about 10 seconds. Ultra-powerful and reliable: thanks to the [&hellip;]\" \/>\n<meta property=\"og:url\" content=\"https:\/\/smartdoor.sk\/en\/produkt\/hk7024hs\/\" \/>\n<meta property=\"og:site_name\" content=\"Smartdoor\" \/>\n<meta property=\"article:modified_time\" content=\"2021-09-12T01:09:44+00:00\" \/>\n<meta name=\"twitter:card\" content=\"summary_large_image\" \/>\n<meta name=\"twitter:label1\" content=\"Est. reading time\" \/>\n\t<meta name=\"twitter:data1\" content=\"1 minute\" \/>\n<script type=\"application\/ld+json\" class=\"yoast-schema-graph\">{\"@context\":\"https:\/\/schema.org\",\"@graph\":[{\"@type\":\"WebPage\",\"@id\":\"https:\/\/smartdoor.sk\/en\/produkt\/hk7024hs\/\",\"url\":\"https:\/\/smartdoor.sk\/en\/produkt\/hk7024hs\/\",\"name\":\"HK7024HS - Smartdoor\",\"isPartOf\":{\"@id\":\"https:\/\/smartdoor.sk\/en\/#website\"},\"datePublished\":\"2021-09-11T23:09:44+00:00\",\"dateModified\":\"2021-09-12T01:09:44+00:00\",\"breadcrumb\":{\"@id\":\"https:\/\/smartdoor.sk\/en\/produkt\/hk7024hs\/#breadcrumb\"},\"inLanguage\":\"en-US\",\"potentialAction\":[{\"@type\":\"ReadAction\",\"target\":[\"https:\/\/smartdoor.sk\/en\/produkt\/hk7024hs\/\"]}]},{\"@type\":\"BreadcrumbList\",\"@id\":\"https:\/\/smartdoor.sk\/en\/produkt\/hk7024hs\/#breadcrumb\",\"itemListElement\":[{\"@type\":\"ListItem\",\"position\":1,\"name\":\"Domovsk\u00e1 str\u00e1nka\",\"item\":\"https:\/\/smartdoor.sk\/en\/\"},{\"@type\":\"ListItem\",\"position\":2,\"name\":\"Products\",\"item\":\"https:\/\/smartdoor.sk\/en\/products\/\"},{\"@type\":\"ListItem\",\"position\":3,\"name\":\"HK7024HS\"}]},{\"@type\":\"WebSite\",\"@id\":\"https:\/\/smartdoor.sk\/en\/#website\",\"url\":\"https:\/\/smartdoor.sk\/en\/\",\"name\":\"Smartdoor\",\"description\":\"M\u00fadre rie\u0161enia pre gar\u00e1\u017eov\u00e9 br\u00e1ny\",\"publisher\":{\"@id\":\"https:\/\/smartdoor.sk\/en\/#organization\"},\"potentialAction\":[{\"@type\":\"SearchAction\",\"target\":{\"@type\":\"EntryPoint\",\"urlTemplate\":\"https:\/\/smartdoor.sk\/en\/?s={search_term_string}\"},\"query-input\":{\"@type\":\"PropertyValueSpecification\",\"valueRequired\":true,\"valueName\":\"search_term_string\"}}],\"inLanguage\":\"en-US\"},{\"@type\":\"Organization\",\"@id\":\"https:\/\/smartdoor.sk\/en\/#organization\",\"name\":\"Smartdoor\",\"url\":\"https:\/\/smartdoor.sk\/en\/\",\"logo\":{\"@type\":\"ImageObject\",\"inLanguage\":\"en-US\",\"@id\":\"https:\/\/smartdoor.sk\/en\/#\/schema\/logo\/image\/\",\"url\":\"https:\/\/smartdoor.sk\/wp-content\/uploads\/2023\/03\/SmartDoorLogo.png\",\"contentUrl\":\"https:\/\/smartdoor.sk\/wp-content\/uploads\/2023\/03\/SmartDoorLogo.png\",\"width\":1500,\"height\":902,\"caption\":\"Smartdoor\"},\"image\":{\"@id\":\"https:\/\/smartdoor.sk\/en\/#\/schema\/logo\/image\/\"}}]}<\/script>\n<!-- \/ Yoast SEO Premium plugin. -->","yoast_head_json":{"title":"HK7024HS - Smartdoor","robots":{"index":"index","follow":"follow","max-snippet":"max-snippet:-1","max-image-preview":"max-image-preview:large","max-video-preview":"max-video-preview:-1"},"canonical":"https:\/\/smartdoor.sk\/en\/produkt\/hk7024hs\/","og_locale":"en_US","og_type":"article","og_title":"HK7024HS","og_description":"For hi-speed automation of swing gates with leaves up to 3 m or 270 kg, ideal for residential applications even with large columns. 24 Vdc electromechanical gear motor with articulated arm, surface mounted, with magnetic encoder. Ideal for intensive use and quick manoeuvres: 90\u00b0 opening in about 10 seconds. Ultra-powerful and reliable: thanks to the [&hellip;]","og_url":"https:\/\/smartdoor.sk\/en\/produkt\/hk7024hs\/","og_site_name":"Smartdoor","article_modified_time":"2021-09-12T01:09:44+00:00","twitter_card":"summary_large_image","twitter_misc":{"Est. reading time":"1 minute"},"schema":{"@context":"https:\/\/schema.org","@graph":[{"@type":"WebPage","@id":"https:\/\/smartdoor.sk\/en\/produkt\/hk7024hs\/","url":"https:\/\/smartdoor.sk\/en\/produkt\/hk7024hs\/","name":"HK7024HS - Smartdoor","isPartOf":{"@id":"https:\/\/smartdoor.sk\/en\/#website"},"datePublished":"2021-09-11T23:09:44+00:00","dateModified":"2021-09-12T01:09:44+00:00","breadcrumb":{"@id":"https:\/\/smartdoor.sk\/en\/produkt\/hk7024hs\/#breadcrumb"},"inLanguage":"en-US","potentialAction":[{"@type":"ReadAction","target":["https:\/\/smartdoor.sk\/en\/produkt\/hk7024hs\/"]}]},{"@type":"BreadcrumbList","@id":"https:\/\/smartdoor.sk\/en\/produkt\/hk7024hs\/#breadcrumb","itemListElement":[{"@type":"ListItem","position":1,"name":"Domovsk\u00e1 str\u00e1nka","item":"https:\/\/smartdoor.sk\/en\/"},{"@type":"ListItem","position":2,"name":"Products","item":"https:\/\/smartdoor.sk\/en\/products\/"},{"@type":"ListItem","position":3,"name":"HK7024HS"}]},{"@type":"WebSite","@id":"https:\/\/smartdoor.sk\/en\/#website","url":"https:\/\/smartdoor.sk\/en\/","name":"Smartdoor","description":"M\u00fadre rie\u0161enia pre gar\u00e1\u017eov\u00e9 br\u00e1ny","publisher":{"@id":"https:\/\/smartdoor.sk\/en\/#organization"},"potentialAction":[{"@type":"SearchAction","target":{"@type":"EntryPoint","urlTemplate":"https:\/\/smartdoor.sk\/en\/?s={search_term_string}"},"query-input":{"@type":"PropertyValueSpecification","valueRequired":true,"valueName":"search_term_string"}}],"inLanguage":"en-US"},{"@type":"Organization","@id":"https:\/\/smartdoor.sk\/en\/#organization","name":"Smartdoor","url":"https:\/\/smartdoor.sk\/en\/","logo":{"@type":"ImageObject","inLanguage":"en-US","@id":"https:\/\/smartdoor.sk\/en\/#\/schema\/logo\/image\/","url":"https:\/\/smartdoor.sk\/wp-content\/uploads\/2023\/03\/SmartDoorLogo.png","contentUrl":"https:\/\/smartdoor.sk\/wp-content\/uploads\/2023\/03\/SmartDoorLogo.png","width":1500,"height":902,"caption":"Smartdoor"},"image":{"@id":"https:\/\/smartdoor.sk\/en\/#\/schema\/logo\/image\/"}}]}},"_links":{"self":[{"href":"https:\/\/smartdoor.sk\/en\/wp-json\/wp\/v2\/product\/11156","targetHints":{"allow":["GET"]}}],"collection":[{"href":"https:\/\/smartdoor.sk\/en\/wp-json\/wp\/v2\/product"}],"about":[{"href":"https:\/\/smartdoor.sk\/en\/wp-json\/wp\/v2\/types\/product"}],"version-history":[{"count":1,"href":"https:\/\/smartdoor.sk\/en\/wp-json\/wp\/v2\/product\/11156\/revisions"}],"predecessor-version":[{"id":11157,"href":"https:\/\/smartdoor.sk\/en\/wp-json\/wp\/v2\/product\/11156\/revisions\/11157"}],"wp:attachment":[{"href":"https:\/\/smartdoor.sk\/en\/wp-json\/wp\/v2\/media?parent=11156"}],"wp:term":[{"taxonomy":"product_brand","embeddable":true,"href":"https:\/\/smartdoor.sk\/en\/wp-json\/wp\/v2\/product_brand?post=11156"},{"taxonomy":"product_cat","embeddable":true,"href":"https:\/\/smartdoor.sk\/en\/wp-json\/wp\/v2\/product_cat?post=11156"},{"taxonomy":"product_tag","embeddable":true,"href":"https:\/\/smartdoor.sk\/en\/wp-json\/wp\/v2\/product_tag?post=11156"}],"curies":[{"name":"wp","href":"https:\/\/api.w.org\/{rel}","templated":true}]}}