{"id":13396,"date":"2024-03-21T15:00:26","date_gmt":"2024-03-21T14:00:26","guid":{"rendered":"https:\/\/www.smartdoor.sk\/blog\/"},"modified":"2024-03-21T15:00:26","modified_gmt":"2024-03-21T14:00:26","slug":"blog","status":"publish","type":"page","link":"https:\/\/smartdoor.sk\/hu\/blog\/","title":{"rendered":"Blog"},"content":{"rendered":"\t\t<div data-elementor-type=\"wp-page\" data-elementor-id=\"13396\" class=\"elementor elementor-13396 elementor-12579\" data-elementor-post-type=\"page\">\n\t\t\t\t\t\t<section class=\"elementor-section elementor-top-section elementor-element elementor-element-c649f79 elementor-section-boxed elementor-section-height-default elementor-section-height-default\" data-id=\"c649f79\" data-element_type=\"section\" data-e-type=\"section\">\n\t\t\t\t\t\t<div class=\"elementor-container elementor-column-gap-default\">\n\t\t\t\t\t<div class=\"elementor-column elementor-col-100 elementor-top-column elementor-element elementor-element-9cd29eb\" data-id=\"9cd29eb\" data-element_type=\"column\" data-e-type=\"column\">\n\t\t\t<div class=\"elementor-widget-wrap elementor-element-populated\">\n\t\t\t\t\t\t<div class=\"elementor-element elementor-element-cba3547 elementor-widget elementor-widget-heading\" data-id=\"cba3547\" data-element_type=\"widget\" data-e-type=\"widget\" data-widget_type=\"heading.default\">\n\t\t\t\t<div class=\"elementor-widget-container\">\n\t\t\t\t\t<h1 class=\"elementor-heading-title elementor-size-default\">Blog<\/h1>\t\t\t\t<\/div>\n\t\t\t\t<\/div>\n\t\t\t\t<div class=\"elementor-element elementor-element-2cf80d8 elementor-grid-3 elementor-grid-tablet-2 elementor-grid-mobile-1 elementor-posts--thumbnail-top elementor-card-shadow-yes elementor-posts__hover-gradient elementor-widget elementor-widget-posts\" data-id=\"2cf80d8\" data-element_type=\"widget\" data-e-type=\"widget\" data-settings=\"{&quot;cards_row_gap&quot;:{&quot;unit&quot;:&quot;px&quot;,&quot;size&quot;:30,&quot;sizes&quot;:[]},&quot;pagination_type&quot;:&quot;load_more_infinite_scroll&quot;,&quot;cards_columns&quot;:&quot;3&quot;,&quot;cards_columns_tablet&quot;:&quot;2&quot;,&quot;cards_columns_mobile&quot;:&quot;1&quot;,&quot;cards_row_gap_tablet&quot;:{&quot;unit&quot;:&quot;px&quot;,&quot;size&quot;:&quot;&quot;,&quot;sizes&quot;:[]},&quot;cards_row_gap_mobile&quot;:{&quot;unit&quot;:&quot;px&quot;,&quot;size&quot;:&quot;&quot;,&quot;sizes&quot;:[]},&quot;load_more_spinner&quot;:{&quot;value&quot;:&quot;fas fa-spinner&quot;,&quot;library&quot;:&quot;fa-solid&quot;}}\" data-widget_type=\"posts.cards\">\n\t\t\t\t<div class=\"elementor-widget-container\">\n\t\t\t\t\t\t\t<div class=\"elementor-posts-container elementor-posts elementor-posts--skin-cards elementor-grid\" role=\"list\">\n\t\t\t\t<article class=\"elementor-post elementor-grid-item post-13793 post type-post status-publish format-standard has-post-thumbnail hentry category-garazs-kapuk tag-intelligens-ajto tag-liftmester tag-olympus-ajto\" role=\"listitem\">\n\t\t\t<div class=\"elementor-post__card\">\n\t\t\t\t<a class=\"elementor-post__thumbnail__link\" href=\"https:\/\/smartdoor.sk\/hu\/a-garazskapu-ara-2\/\" tabindex=\"-1\" ><div class=\"elementor-post__thumbnail\"><img fetchpriority=\"high\" decoding=\"async\" width=\"300\" height=\"200\" src=\"https:\/\/smartdoor.sk\/wp-content\/uploads\/2022\/10\/dvojkridlova-garazova-brana-smart-door-300x200.jpg\" class=\"attachment-medium size-medium wp-image-12828\" alt=\"kr\u00eddlov\u00e1 gar\u00e1\u017eov\u00e1 br\u00e1na\" srcset=\"https:\/\/smartdoor.sk\/wp-content\/uploads\/2022\/10\/dvojkridlova-garazova-brana-smart-door-300x200.jpg 300w, https:\/\/smartdoor.sk\/wp-content\/uploads\/2022\/10\/dvojkridlova-garazova-brana-smart-door-768x512.jpg 768w, https:\/\/smartdoor.sk\/wp-content\/uploads\/2022\/10\/dvojkridlova-garazova-brana-smart-door-600x400.jpg 600w, https:\/\/smartdoor.sk\/wp-content\/uploads\/2022\/10\/dvojkridlova-garazova-brana-smart-door.jpg 800w\" sizes=\"(max-width: 300px) 100vw, 300px\" \/><\/div><\/a>\n\t\t\t\t<div class=\"elementor-post__badge\">Gar\u00e1zskapuk<\/div>\n\t\t\t\t<div class=\"elementor-post__text\">\n\t\t\t\t<h4 class=\"elementor-post__title\">\n\t\t\t<a href=\"https:\/\/smartdoor.sk\/hu\/a-garazskapu-ara-2\/\" >\n\t\t\t\tA gar\u00e1zskapu \u00e1ra\t\t\t<\/a>\n\t\t<\/h4>\n\t\t\t\t<div class=\"elementor-post__excerpt\">\n\t\t\t<p>Egy gar\u00e1zskapu pontosan annyiba ker\u00fcl, amennyit bele szeretne fektetni. A kapu \u00e1r\u00e1nak van egy als\u00f3 hat\u00e1ra, de mindannyian sz\u00e1molunk vele, amikor h\u00e1zat \u00e9p\u00edt\u00fcnk. M\u00e1r r\u00e9gen elm\u00faltak azok az id\u0151k, amikor az automata gar\u00e1zskapu csak kevesek sz\u00e1m\u00e1ra volt luxuscikk.  <\/p>\n\t\t<\/div>\n\t\t\n\t\t<a class=\"elementor-post__read-more\" href=\"https:\/\/smartdoor.sk\/hu\/a-garazskapu-ara-2\/\" aria-label=\"Read more about A gar\u00e1zskapu \u00e1ra\" tabindex=\"-1\" >\n\t\t\tB\u0151vebben\t\t<\/a>\n\n\t\t\t\t<\/div>\n\t\t\t\t<div class=\"elementor-post__meta-data\">\n\t\t\t\t\t<span class=\"elementor-post-date\">\n\t\t\t2024.03.27.\t\t<\/span>\n\t\t\t\t<\/div>\n\t\t\t\t\t<\/div>\n\t\t<\/article>\n\t\t\t\t<article class=\"elementor-post elementor-grid-item post-13784 post type-post status-publish format-standard hentry category-ipari-kapuk tag-becker-hu tag-efpolska-hu tag-giesse-hu tag-liftmaster-hu tag-smartdoor-hu\" role=\"listitem\">\n\t\t\t<div class=\"elementor-post__card\">\n\t\t\t\t<div class=\"elementor-post__text\">\n\t\t\t\t<h4 class=\"elementor-post__title\">\n\t\t\t<a href=\"https:\/\/smartdoor.sk\/hu\/kulonleges-kapuk\/\" >\n\t\t\t\tK\u00fcl\u00f6nleges kapuk\t\t\t<\/a>\n\t\t<\/h4>\n\t\t\t\t<div class=\"elementor-post__excerpt\">\n\t\t\t<p>A speci\u00e1lis ipari kapuk olyan kapuk, amelyeket a gy\u00e1rt\u00f3 pontosan az \u00d6n ig\u00e9nyei szerint k\u00e9sz\u00edt el \u00d6nnek.<\/p>\n\t\t<\/div>\n\t\t\n\t\t<a class=\"elementor-post__read-more\" href=\"https:\/\/smartdoor.sk\/hu\/kulonleges-kapuk\/\" aria-label=\"Read more about K\u00fcl\u00f6nleges kapuk\" tabindex=\"-1\" >\n\t\t\tB\u0151vebben\t\t<\/a>\n\n\t\t\t\t<\/div>\n\t\t\t\t<div class=\"elementor-post__meta-data\">\n\t\t\t\t\t<span class=\"elementor-post-date\">\n\t\t\t2024.03.27.\t\t<\/span>\n\t\t\t\t<\/div>\n\t\t\t\t\t<\/div>\n\t\t<\/article>\n\t\t\t\t<article class=\"elementor-post elementor-grid-item post-13783 post type-post status-publish format-standard has-post-thumbnail hentry category-garazs-kapuk tag-liftmaster-hu tag-smartdoor-hu tag-szep\" role=\"listitem\">\n\t\t\t<div class=\"elementor-post__card\">\n\t\t\t\t<a class=\"elementor-post__thumbnail__link\" href=\"https:\/\/smartdoor.sk\/hu\/garazskapu-mukodteto-es-annak-vezerlese\/\" tabindex=\"-1\" ><div class=\"elementor-post__thumbnail\"><img decoding=\"async\" width=\"300\" height=\"192\" src=\"https:\/\/smartdoor.sk\/wp-content\/uploads\/2021\/02\/liftmaster-accessory-tx4evs_1-1-300x192.png\" class=\"attachment-medium size-medium wp-image-12718\" alt=\"\" srcset=\"https:\/\/smartdoor.sk\/wp-content\/uploads\/2021\/02\/liftmaster-accessory-tx4evs_1-1-300x192.png 300w, https:\/\/smartdoor.sk\/wp-content\/uploads\/2021\/02\/liftmaster-accessory-tx4evs_1-1.png 350w\" sizes=\"(max-width: 300px) 100vw, 300px\" \/><\/div><\/a>\n\t\t\t\t<div class=\"elementor-post__badge\">Gar\u00e1zskapuk<\/div>\n\t\t\t\t<div class=\"elementor-post__text\">\n\t\t\t\t<h4 class=\"elementor-post__title\">\n\t\t\t<a href=\"https:\/\/smartdoor.sk\/hu\/garazskapu-mukodteto-es-annak-vezerlese\/\" >\n\t\t\t\tGar\u00e1zskapu m\u0171k\u00f6dtet\u0151 \u00e9s annak vez\u00e9rl\u00e9se\t\t\t<\/a>\n\t\t<\/h4>\n\t\t\t\t<div class=\"elementor-post__excerpt\">\n\t\t\t<p>A gar\u00e1zskapu nyit\u00f3ja \u00e1ltal\u00e1ban a gar\u00e1zskapu sz\u00e1ll\u00edt\u00e1sakor ker\u00fcl a csomagba, ha az \u00fcgyf\u00e9l a gar\u00e1zskapu automatikus vez\u00e9rl\u00e9s\u00e9t ig\u00e9nyli. Maga a hajt\u00e1s, a hajt\u00f3p\u00e1lya \u00e9s a t\u00e1vir\u00e1ny\u00edt\u00f3 a norm\u00e1l esetben sz\u00e1ll\u00edtott kapuegys\u00e9g r\u00e9sze.  <\/p>\n\t\t<\/div>\n\t\t\n\t\t<a class=\"elementor-post__read-more\" href=\"https:\/\/smartdoor.sk\/hu\/garazskapu-mukodteto-es-annak-vezerlese\/\" aria-label=\"Read more about Gar\u00e1zskapu m\u0171k\u00f6dtet\u0151 \u00e9s annak vez\u00e9rl\u00e9se\" tabindex=\"-1\" >\n\t\t\tB\u0151vebben\t\t<\/a>\n\n\t\t\t\t<\/div>\n\t\t\t\t<div class=\"elementor-post__meta-data\">\n\t\t\t\t\t<span class=\"elementor-post-date\">\n\t\t\t2024.03.27.\t\t<\/span>\n\t\t\t\t<\/div>\n\t\t\t\t\t<\/div>\n\t\t<\/article>\n\t\t\t\t<article class=\"elementor-post elementor-grid-item post-13782 post type-post status-publish format-standard hentry category-ipari-kapuk tag-epitoanyagok-hu-2 tag-garazskapuk-hu tag-garazsok tag-kornyezet tag-vallalati-kultura\" role=\"listitem\">\n\t\t\t<div class=\"elementor-post__card\">\n\t\t\t\t<div class=\"elementor-post__text\">\n\t\t\t\t<h4 class=\"elementor-post__title\">\n\t\t\t<a href=\"https:\/\/smartdoor.sk\/hu\/ipari-kapu-a-vallalat-kapuja\/\" >\n\t\t\t\tIpari kapu &#8211; a v\u00e1llalat kapuja\t\t\t<\/a>\n\t\t<\/h4>\n\t\t\t\t<div class=\"elementor-post__excerpt\">\n\t\t\t<p>A gar\u00e1zskapunak a m\u0171k\u00f6d\u00e9s hat\u00e9konys\u00e1g\u00e1t kell szolg\u00e1lnia, ugyanakkor biztons\u00e1gosnak \u00e9s k\u00f6nnyen kezelhet\u0151nek kell lennie.  <\/p>\n\t\t<\/div>\n\t\t\n\t\t<a class=\"elementor-post__read-more\" href=\"https:\/\/smartdoor.sk\/hu\/ipari-kapu-a-vallalat-kapuja\/\" aria-label=\"Read more about Ipari kapu &#8211; a v\u00e1llalat kapuja\" tabindex=\"-1\" >\n\t\t\tB\u0151vebben\t\t<\/a>\n\n\t\t\t\t<\/div>\n\t\t\t\t<div class=\"elementor-post__meta-data\">\n\t\t\t\t\t<span class=\"elementor-post-date\">\n\t\t\t2024.03.27.\t\t<\/span>\n\t\t\t\t<\/div>\n\t\t\t\t\t<\/div>\n\t\t<\/article>\n\t\t\t\t<article class=\"elementor-post elementor-grid-item post-13775 post type-post status-publish format-standard hentry category-garazs-kapuk tag-epitoanyagok-hu-2 tag-garazskapuk-hu tag-hazak-hu tag-intelligens-ajto\" role=\"listitem\">\n\t\t\t<div class=\"elementor-post__card\">\n\t\t\t\t<div class=\"elementor-post__text\">\n\t\t\t\t<h4 class=\"elementor-post__title\">\n\t\t\t<a href=\"https:\/\/smartdoor.sk\/hu\/a-megfelelo-garazskapu-az-on-otthonahoz\/\" >\n\t\t\t\tA megfelel\u0151 gar\u00e1zskapu az \u00d6n otthon\u00e1hoz\t\t\t<\/a>\n\t\t<\/h4>\n\t\t\t\t<div class=\"elementor-post__excerpt\">\n\t\t\t<p>  A gar\u00e1zskapu kiv\u00e1laszt\u00e1sakor t\u00f6bb t\u00e9nyez\u0151t is figyelembe kell vennie. Nem csak a kapu kin\u00e9zete \u00e9s \u00e1ra. Ugyanilyen fontos a kapu sz\u00e1ll\u00edt\u00f3ja, a kapu megk\u00f6zel\u00edt\u00e9se \u00e9s tov\u00e1bbi gondoz\u00e1sa. Egy gar\u00e1zskapu megfelel\u0151 karbantart\u00e1s mellett legal\u00e1bb 20 \u00e9vig tart.<\/p>\n\t\t<\/div>\n\t\t\n\t\t<a class=\"elementor-post__read-more\" href=\"https:\/\/smartdoor.sk\/hu\/a-megfelelo-garazskapu-az-on-otthonahoz\/\" aria-label=\"Read more about A megfelel\u0151 gar\u00e1zskapu az \u00d6n otthon\u00e1hoz\" tabindex=\"-1\" >\n\t\t\tB\u0151vebben\t\t<\/a>\n\n\t\t\t\t<\/div>\n\t\t\t\t<div class=\"elementor-post__meta-data\">\n\t\t\t\t\t<span class=\"elementor-post-date\">\n\t\t\t2024.03.27.\t\t<\/span>\n\t\t\t\t<\/div>\n\t\t\t\t\t<\/div>\n\t\t<\/article>\n\t\t\t\t<article class=\"elementor-post elementor-grid-item post-13773 post type-post status-publish format-standard hentry category-garazs-kapuk tag-epitoanyagok-hu-2 tag-garazskapuk-hu tag-garazsok tag-hazak\" role=\"listitem\">\n\t\t\t<div class=\"elementor-post__card\">\n\t\t\t\t<div class=\"elementor-post__text\">\n\t\t\t\t<h4 class=\"elementor-post__title\">\n\t\t\t<a href=\"https:\/\/smartdoor.sk\/hu\/melyik-garazskaput-valasszuk-a-hazhoz\/\" >\n\t\t\t\tMelyik gar\u00e1zskaput v\u00e1lasszuk a h\u00e1zhoz\t\t\t<\/a>\n\t\t<\/h4>\n\t\t\t\t<div class=\"elementor-post__excerpt\">\n\t\t\t<p>  Az automata gar\u00e1zskapuk ma m\u00e1r gyakoriak a lak\u00e1sokban. Mint a h\u00e1z homlokzat\u00e1nak legnagyobb mozgathat\u00f3 t\u00e1rgya, figyelmet \u00e9rdemel a v\u00e1laszt\u00e1skor.<\/p>\n\t\t<\/div>\n\t\t\n\t\t<a class=\"elementor-post__read-more\" href=\"https:\/\/smartdoor.sk\/hu\/melyik-garazskaput-valasszuk-a-hazhoz\/\" aria-label=\"Read more about Melyik gar\u00e1zskaput v\u00e1lasszuk a h\u00e1zhoz\" tabindex=\"-1\" >\n\t\t\tB\u0151vebben\t\t<\/a>\n\n\t\t\t\t<\/div>\n\t\t\t\t<div class=\"elementor-post__meta-data\">\n\t\t\t\t\t<span class=\"elementor-post-date\">\n\t\t\t2024.03.27.\t\t<\/span>\n\t\t\t\t<\/div>\n\t\t\t\t\t<\/div>\n\t\t<\/article>\n\t\t\t\t<article class=\"elementor-post elementor-grid-item post-13771 post type-post status-publish format-standard hentry category-ipari-kapuk tag-becker-hu tag-efpolska-hu tag-giesse-hu tag-intelligens-ajto tag-liftmaster-hu tag-nassaui\" role=\"listitem\">\n\t\t\t<div class=\"elementor-post__card\">\n\t\t\t\t<div class=\"elementor-post__text\">\n\t\t\t\t<h4 class=\"elementor-post__title\">\n\t\t\t<a href=\"https:\/\/smartdoor.sk\/hu\/szekcionalt-ipari-kapu-ez-a-legolcsobb\/\" >\n\t\t\t\tSzekcion\u00e1lt ipari kapu &#8211; ez a legolcs\u00f3bb ?\t\t\t<\/a>\n\t\t<\/h4>\n\t\t\t\t<div class=\"elementor-post__excerpt\">\n\t\t\t<p>  Az ipari \u00e9p\u00fcletekben a kapu \u00e1ra a kapu specifik\u00e1ci\u00f3j\u00e1t\u00f3l f\u00fcgg. A legegyszer\u0171bbt\u0151l a rendk\u00edv\u00fcl kifinomult speci\u00e1lis kapukig.<\/p>\n\t\t<\/div>\n\t\t\n\t\t<a class=\"elementor-post__read-more\" href=\"https:\/\/smartdoor.sk\/hu\/szekcionalt-ipari-kapu-ez-a-legolcsobb\/\" aria-label=\"Read more about Szekcion\u00e1lt ipari kapu &#8211; ez a legolcs\u00f3bb ?\" tabindex=\"-1\" >\n\t\t\tB\u0151vebben\t\t<\/a>\n\n\t\t\t\t<\/div>\n\t\t\t\t<div class=\"elementor-post__meta-data\">\n\t\t\t\t\t<span class=\"elementor-post-date\">\n\t\t\t2024.03.27.\t\t<\/span>\n\t\t\t\t<\/div>\n\t\t\t\t\t<\/div>\n\t\t<\/article>\n\t\t\t\t<article class=\"elementor-post elementor-grid-item post-13768 post type-post status-publish format-standard hentry category-garazs-kapuk tag-drivebran tag-garazskapuk tag-intelligens-ajto tag-kapuk-hu tag-liftmaster-hu\" role=\"listitem\">\n\t\t\t<div class=\"elementor-post__card\">\n\t\t\t\t<div class=\"elementor-post__text\">\n\t\t\t\t<h4 class=\"elementor-post__title\">\n\t\t\t<a href=\"https:\/\/smartdoor.sk\/hu\/mit-kell-tudni-ha-a-kapu-elromlik\/\" >\n\t\t\t\tMit kell tudni, ha a kapu elromlik ?\t\t\t<\/a>\n\t\t<\/h4>\n\t\t\t\t<div class=\"elementor-post__excerpt\">\n\t\t\t<p>Egy s\u00e9r\u00fclt gar\u00e1zskapu vagy egy meghib\u00e1sodott motor nagyon kellemetlenn\u00e9 teheti az \u00e9letet. Azonnal foglalkozzon a probl\u00e9m\u00e1val, de a k\u00f6vetkez\u0151 inform\u00e1ci\u00f3kat tartsa k\u00e9szenl\u00e9tben a szervizc\u00e9g sz\u00e1m\u00e1ra.<\/p>\n\t\t<\/div>\n\t\t\n\t\t<a class=\"elementor-post__read-more\" href=\"https:\/\/smartdoor.sk\/hu\/mit-kell-tudni-ha-a-kapu-elromlik\/\" aria-label=\"Read more about Mit kell tudni, ha a kapu elromlik ?\" tabindex=\"-1\" >\n\t\t\tB\u0151vebben\t\t<\/a>\n\n\t\t\t\t<\/div>\n\t\t\t\t<div class=\"elementor-post__meta-data\">\n\t\t\t\t\t<span class=\"elementor-post-date\">\n\t\t\t2024.03.27.\t\t<\/span>\n\t\t\t\t<\/div>\n\t\t\t\t\t<\/div>\n\t\t<\/article>\n\t\t\t\t<article class=\"elementor-post elementor-grid-item post-13763 post type-post status-publish format-standard hentry category-ipari-kapuk tag-intelligens-ajto\" role=\"listitem\">\n\t\t\t<div class=\"elementor-post__card\">\n\t\t\t\t<div class=\"elementor-post__text\">\n\t\t\t\t<h4 class=\"elementor-post__title\">\n\t\t\t<a href=\"https:\/\/smartdoor.sk\/hu\/a-megfelelo-ipari-kapu-az-on-vallalkozasahoz\/\" >\n\t\t\t\tA megfelel\u0151 ipari kapu az \u00d6n v\u00e1llalkoz\u00e1s\u00e1hoz\t\t\t<\/a>\n\t\t<\/h4>\n\t\t\t\t<div class=\"elementor-post__excerpt\">\n\t\t\t<p>  Minden ipari kapunak megvannak a maga saj\u00e1toss\u00e1gai, ez\u00e9rt j\u00f3, ha szak\u00e9rt\u0151kkel konzult\u00e1l.<\/p>\n\t\t<\/div>\n\t\t\n\t\t<a class=\"elementor-post__read-more\" href=\"https:\/\/smartdoor.sk\/hu\/a-megfelelo-ipari-kapu-az-on-vallalkozasahoz\/\" aria-label=\"Read more about A megfelel\u0151 ipari kapu az \u00d6n v\u00e1llalkoz\u00e1s\u00e1hoz\" tabindex=\"-1\" >\n\t\t\tB\u0151vebben\t\t<\/a>\n\n\t\t\t\t<\/div>\n\t\t\t\t<div class=\"elementor-post__meta-data\">\n\t\t\t\t\t<span class=\"elementor-post-date\">\n\t\t\t2024.03.27.\t\t<\/span>\n\t\t\t\t<\/div>\n\t\t\t\t\t<\/div>\n\t\t<\/article>\n\t\t\t\t<\/div>\n\t\t\t\t\t<span class=\"e-load-more-spinner\">\n\t\t\t\t<i aria-hidden=\"true\" class=\"fas fa-spinner\"><\/i>\t\t\t<\/span>\n\t\t\n\t\t\t\t<div class=\"e-load-more-anchor\" data-page=\"1\" data-max-page=\"7\" data-next-page=\"https:\/\/smartdoor.sk\/hu\/wp-json\/wp\/v2\/pages\/13396\/page\/2\/\"><\/div>\n\t\t\t\t<div class=\"e-load-more-message\"><\/div>\n\t\t\t\t\t\t<\/div>\n\t\t\t\t<\/div>\n\t\t\t\t\t<\/div>\n\t\t<\/div>\n\t\t\t\t\t<\/div>\n\t\t<\/section>\n\t\t\t\t<\/div>\n\t\t","protected":false},"excerpt":{"rendered":"<p>Blog<\/p>\n","protected":false},"author":1,"featured_media":0,"parent":0,"menu_order":0,"comment_status":"closed","ping_status":"closed","template":"","meta":{"_acf_changed":false,"site-sidebar-layout":"no-sidebar","site-content-layout":"page-builder","ast-site-content-layout":"default","site-content-style":"default","site-sidebar-style":"default","ast-global-header-display":"","ast-banner-title-visibility":"","ast-main-header-display":"","ast-hfb-above-header-display":"","ast-hfb-below-header-display":"","ast-hfb-mobile-header-display":"","site-post-title":"disabled","ast-breadcrumbs-content":"","ast-featured-img":"disabled","footer-sml-layout":"","ast-disable-related-posts":"","theme-transparent-header-meta":"","adv-header-id-meta":"","stick-header-meta":"","header-above-stick-meta":"","header-main-stick-meta":"","header-below-stick-meta":"","astra-migrate-meta-layouts":"default","ast-page-background-enabled":"default","ast-page-background-meta":{"desktop":{"background-color":"","background-image":"","background-repeat":"repeat","background-position":"center center","background-size":"auto","background-attachment":"scroll","background-type":"","background-media":"","overlay-type":"","overlay-color":"","overlay-opacity":"","overlay-gradient":""},"tablet":{"background-color":"","background-image":"","background-repeat":"repeat","background-position":"center center","background-size":"auto","background-attachment":"scroll","background-type":"","background-media":"","overlay-type":"","overlay-color":"","overlay-opacity":"","overlay-gradient":""},"mobile":{"background-color":"","background-image":"","background-repeat":"repeat","background-position":"center center","background-size":"auto","background-attachment":"scroll","background-type":"","background-media":"","overlay-type":"","overlay-color":"","overlay-opacity":"","overlay-gradient":""}},"ast-content-background-meta":{"desktop":{"background-color":"var(--ast-global-color-5)","background-image":"","background-repeat":"repeat","background-position":"center center","background-size":"auto","background-attachment":"scroll","background-type":"","background-media":"","overlay-type":"","overlay-color":"","overlay-opacity":"","overlay-gradient":""},"tablet":{"background-color":"var(--ast-global-color-5)","background-image":"","background-repeat":"repeat","background-position":"center center","background-size":"auto","background-attachment":"scroll","background-type":"","background-media":"","overlay-type":"","overlay-color":"","overlay-opacity":"","overlay-gradient":""},"mobile":{"background-color":"var(--ast-global-color-5)","background-image":"","background-repeat":"repeat","background-position":"center center","background-size":"auto","background-attachment":"scroll","background-type":"","background-media":"","overlay-type":"","overlay-color":"","overlay-opacity":"","overlay-gradient":""}},"footnotes":""},"class_list":["post-13396","page","type-page","status-publish","hentry"],"acf":[],"yoast_head":"<!-- This site is optimized with the Yoast SEO Premium plugin v26.2 (Yoast SEO v27.2) - https:\/\/yoast.com\/product\/yoast-seo-premium-wordpress\/ -->\n<title>Blog - Smartdoor<\/title>\n<meta name=\"robots\" content=\"index, follow, max-snippet:-1, max-image-preview:large, max-video-preview:-1\" \/>\n<link rel=\"canonical\" href=\"https:\/\/smartdoor.sk\/hu\/blog\/\" \/>\n<meta property=\"og:locale\" content=\"hu_HU\" \/>\n<meta property=\"og:type\" content=\"article\" \/>\n<meta property=\"og:title\" content=\"Blog\" \/>\n<meta property=\"og:description\" content=\"Blog\" \/>\n<meta property=\"og:url\" content=\"https:\/\/smartdoor.sk\/hu\/blog\/\" \/>\n<meta property=\"og:site_name\" content=\"Smartdoor\" \/>\n<meta name=\"twitter:card\" content=\"summary_large_image\" \/>\n<script type=\"application\/ld+json\" class=\"yoast-schema-graph\">{\"@context\":\"https:\/\/schema.org\",\"@graph\":[{\"@type\":\"WebPage\",\"@id\":\"https:\/\/smartdoor.sk\/hu\/blog\/\",\"url\":\"https:\/\/smartdoor.sk\/hu\/blog\/\",\"name\":\"Blog - Smartdoor\",\"isPartOf\":{\"@id\":\"https:\/\/smartdoor.sk\/hu\/#website\"},\"datePublished\":\"2024-03-21T14:00:26+00:00\",\"breadcrumb\":{\"@id\":\"https:\/\/smartdoor.sk\/hu\/blog\/#breadcrumb\"},\"inLanguage\":\"hu\",\"potentialAction\":[{\"@type\":\"ReadAction\",\"target\":[\"https:\/\/smartdoor.sk\/hu\/blog\/\"]}]},{\"@type\":\"BreadcrumbList\",\"@id\":\"https:\/\/smartdoor.sk\/hu\/blog\/#breadcrumb\",\"itemListElement\":[{\"@type\":\"ListItem\",\"position\":1,\"name\":\"Domovsk\u00e1 str\u00e1nka\",\"item\":\"https:\/\/smartdoor.sk\/hu\/\"},{\"@type\":\"ListItem\",\"position\":2,\"name\":\"Blog\"}]},{\"@type\":\"WebSite\",\"@id\":\"https:\/\/smartdoor.sk\/hu\/#website\",\"url\":\"https:\/\/smartdoor.sk\/hu\/\",\"name\":\"Smartdoor\",\"description\":\"M\u00fadre rie\u0161enia pre gar\u00e1\u017eov\u00e9 br\u00e1ny\",\"publisher\":{\"@id\":\"https:\/\/smartdoor.sk\/hu\/#organization\"},\"potentialAction\":[{\"@type\":\"SearchAction\",\"target\":{\"@type\":\"EntryPoint\",\"urlTemplate\":\"https:\/\/smartdoor.sk\/hu\/?s={search_term_string}\"},\"query-input\":{\"@type\":\"PropertyValueSpecification\",\"valueRequired\":true,\"valueName\":\"search_term_string\"}}],\"inLanguage\":\"hu\"},{\"@type\":\"Organization\",\"@id\":\"https:\/\/smartdoor.sk\/hu\/#organization\",\"name\":\"Smartdoor\",\"url\":\"https:\/\/smartdoor.sk\/hu\/\",\"logo\":{\"@type\":\"ImageObject\",\"inLanguage\":\"hu\",\"@id\":\"https:\/\/smartdoor.sk\/hu\/#\/schema\/logo\/image\/\",\"url\":\"https:\/\/smartdoor.sk\/wp-content\/uploads\/2023\/03\/SmartDoorLogo.png\",\"contentUrl\":\"https:\/\/smartdoor.sk\/wp-content\/uploads\/2023\/03\/SmartDoorLogo.png\",\"width\":1500,\"height\":902,\"caption\":\"Smartdoor\"},\"image\":{\"@id\":\"https:\/\/smartdoor.sk\/hu\/#\/schema\/logo\/image\/\"}}]}<\/script>\n<!-- \/ Yoast SEO Premium plugin. -->","yoast_head_json":{"title":"Blog - Smartdoor","robots":{"index":"index","follow":"follow","max-snippet":"max-snippet:-1","max-image-preview":"max-image-preview:large","max-video-preview":"max-video-preview:-1"},"canonical":"https:\/\/smartdoor.sk\/hu\/blog\/","og_locale":"hu_HU","og_type":"article","og_title":"Blog","og_description":"Blog","og_url":"https:\/\/smartdoor.sk\/hu\/blog\/","og_site_name":"Smartdoor","twitter_card":"summary_large_image","schema":{"@context":"https:\/\/schema.org","@graph":[{"@type":"WebPage","@id":"https:\/\/smartdoor.sk\/hu\/blog\/","url":"https:\/\/smartdoor.sk\/hu\/blog\/","name":"Blog - Smartdoor","isPartOf":{"@id":"https:\/\/smartdoor.sk\/hu\/#website"},"datePublished":"2024-03-21T14:00:26+00:00","breadcrumb":{"@id":"https:\/\/smartdoor.sk\/hu\/blog\/#breadcrumb"},"inLanguage":"hu","potentialAction":[{"@type":"ReadAction","target":["https:\/\/smartdoor.sk\/hu\/blog\/"]}]},{"@type":"BreadcrumbList","@id":"https:\/\/smartdoor.sk\/hu\/blog\/#breadcrumb","itemListElement":[{"@type":"ListItem","position":1,"name":"Domovsk\u00e1 str\u00e1nka","item":"https:\/\/smartdoor.sk\/hu\/"},{"@type":"ListItem","position":2,"name":"Blog"}]},{"@type":"WebSite","@id":"https:\/\/smartdoor.sk\/hu\/#website","url":"https:\/\/smartdoor.sk\/hu\/","name":"Smartdoor","description":"M\u00fadre rie\u0161enia pre gar\u00e1\u017eov\u00e9 br\u00e1ny","publisher":{"@id":"https:\/\/smartdoor.sk\/hu\/#organization"},"potentialAction":[{"@type":"SearchAction","target":{"@type":"EntryPoint","urlTemplate":"https:\/\/smartdoor.sk\/hu\/?s={search_term_string}"},"query-input":{"@type":"PropertyValueSpecification","valueRequired":true,"valueName":"search_term_string"}}],"inLanguage":"hu"},{"@type":"Organization","@id":"https:\/\/smartdoor.sk\/hu\/#organization","name":"Smartdoor","url":"https:\/\/smartdoor.sk\/hu\/","logo":{"@type":"ImageObject","inLanguage":"hu","@id":"https:\/\/smartdoor.sk\/hu\/#\/schema\/logo\/image\/","url":"https:\/\/smartdoor.sk\/wp-content\/uploads\/2023\/03\/SmartDoorLogo.png","contentUrl":"https:\/\/smartdoor.sk\/wp-content\/uploads\/2023\/03\/SmartDoorLogo.png","width":1500,"height":902,"caption":"Smartdoor"},"image":{"@id":"https:\/\/smartdoor.sk\/hu\/#\/schema\/logo\/image\/"}}]}},"_links":{"self":[{"href":"https:\/\/smartdoor.sk\/hu\/wp-json\/wp\/v2\/pages\/13396","targetHints":{"allow":["GET"]}}],"collection":[{"href":"https:\/\/smartdoor.sk\/hu\/wp-json\/wp\/v2\/pages"}],"about":[{"href":"https:\/\/smartdoor.sk\/hu\/wp-json\/wp\/v2\/types\/page"}],"author":[{"embeddable":true,"href":"https:\/\/smartdoor.sk\/hu\/wp-json\/wp\/v2\/users\/1"}],"replies":[{"embeddable":true,"href":"https:\/\/smartdoor.sk\/hu\/wp-json\/wp\/v2\/comments?post=13396"}],"version-history":[{"count":1,"href":"https:\/\/smartdoor.sk\/hu\/wp-json\/wp\/v2\/pages\/13396\/revisions"}],"predecessor-version":[{"id":13397,"href":"https:\/\/smartdoor.sk\/hu\/wp-json\/wp\/v2\/pages\/13396\/revisions\/13397"}],"wp:attachment":[{"href":"https:\/\/smartdoor.sk\/hu\/wp-json\/wp\/v2\/media?parent=13396"}],"curies":[{"name":"wp","href":"https:\/\/api.w.org\/{rel}","templated":true}]}}