{"id":13531,"date":"2023-03-06T22:26:34","date_gmt":"2024-03-26T13:35:16","guid":{"rendered":"https:\/\/www.smartdoor.sk\/produkt\/1702ev-kulso-veszkioldo-garazskapu-mukodteto-berendezesek\/"},"modified":"2024-03-26T14:35:18","modified_gmt":"2024-03-26T13:35:18","slug":"1702ev-external-foreign-unlocking-garage-gate-unlocking-drives","status":"publish","type":"product","link":"https:\/\/smartdoor.sk\/hu\/produkt\/1702ev-external-foreign-unlocking-garage-gate-unlocking-drives\/","title":{"rendered":"1702EV &#8211; k\u00fcls\u0151 v\u00e9szkiold\u00f3 Gar\u00e1zskapu m\u0171k\u00f6dtet\u0151 berendez\u00e9sek"},"content":{"rendered":"","protected":false},"excerpt":{"rendered":"<p>K\u00edv\u00fclr\u0151l t\u00f6rt\u00e9n\u0151 k\u00e9zi nyit\u00e1shoz egy kieg\u00e9sz\u00edt\u0151 z\u00e1r seg\u00edts\u00e9g\u00e9vel \u00e1ramsz\u00fcnet eset\u00e9n, ha a gar\u00e1zskapun nincs z\u00e1r vagy foganty\u00fa.<br \/>\n&#8211; Legfeljebb 50 mm falvastags\u00e1g\u00fa ajt\u00f3khoz<br \/>\n&#8211; Biztons\u00e1gos kapcsolat a k\u00e1bel \u00e9s a kocsi k\u00f6z\u00f6tt<\/p>\n","protected":false},"featured_media":13046,"template":"","meta":{"_acf_changed":false,"site-sidebar-layout":"default","site-content-layout":"default","ast-site-content-layout":"default","site-content-style":"default","site-sidebar-style":"default","ast-global-header-display":"","ast-banner-title-visibility":"","ast-main-header-display":"","ast-hfb-above-header-display":"","ast-hfb-below-header-display":"","ast-hfb-mobile-header-display":"","site-post-title":"","ast-breadcrumbs-content":"","ast-featured-img":"","footer-sml-layout":"","ast-disable-related-posts":"","theme-transparent-header-meta":"default","adv-header-id-meta":"","stick-header-meta":"default","header-above-stick-meta":"","header-main-stick-meta":"","header-below-stick-meta":"","astra-migrate-meta-layouts":"default","ast-page-background-enabled":"default","ast-page-background-meta":{"desktop":{"background-color":"","background-image":"","background-repeat":"repeat","background-position":"center center","background-size":"auto","background-attachment":"scroll","background-type":"","background-media":"","overlay-type":"","overlay-color":"","overlay-opacity":"","overlay-gradient":""},"tablet":{"background-color":"","background-image":"","background-repeat":"repeat","background-position":"center center","background-size":"auto","background-attachment":"scroll","background-type":"","background-media":"","overlay-type":"","overlay-color":"","overlay-opacity":"","overlay-gradient":""},"mobile":{"background-color":"","background-image":"","background-repeat":"repeat","background-position":"center center","background-size":"auto","background-attachment":"scroll","background-type":"","background-media":"","overlay-type":"","overlay-color":"","overlay-opacity":"","overlay-gradient":""}},"ast-content-background-meta":{"desktop":{"background-color":"var(--ast-global-color-5)","background-image":"","background-repeat":"repeat","background-position":"center center","background-size":"auto","background-attachment":"scroll","background-type":"","background-media":"","overlay-type":"","overlay-color":"","overlay-opacity":"","overlay-gradient":""},"tablet":{"background-color":"var(--ast-global-color-5)","background-image":"","background-repeat":"repeat","background-position":"center center","background-size":"auto","background-attachment":"scroll","background-type":"","background-media":"","overlay-type":"","overlay-color":"","overlay-opacity":"","overlay-gradient":""},"mobile":{"background-color":"var(--ast-global-color-5)","background-image":"","background-repeat":"repeat","background-position":"center center","background-size":"auto","background-attachment":"scroll","background-type":"","background-media":"","overlay-type":"","overlay-color":"","overlay-opacity":"","overlay-gradient":""}}},"product_brand":[],"product_cat":[424],"product_tag":[],"class_list":{"0":"post-13531","1":"product","2":"type-product","3":"status-publish","4":"has-post-thumbnail","6":"product_cat-kiegeszitok","7":"desktop-align-left","8":"tablet-align-left","9":"mobile-align-left","10":"ast-product-gallery-layout-horizontal-slider","11":"ast-product-gallery-with-no-image","12":"ast-product-tabs-layout-horizontal","14":"first","15":"instock","16":"shipping-taxable","17":"product-type-simple"},"acf":[],"yoast_head":"<!-- This site is optimized with the Yoast SEO Premium plugin v26.2 (Yoast SEO v27.2) - https:\/\/yoast.com\/product\/yoast-seo-premium-wordpress\/ -->\n<title>1702EV - k\u00fcls\u0151 v\u00e9szkiold\u00f3 Gar\u00e1zskapu m\u0171k\u00f6dtet\u0151 berendez\u00e9sek - Smartdoor<\/title>\n<meta name=\"robots\" content=\"index, follow, max-snippet:-1, max-image-preview:large, max-video-preview:-1\" \/>\n<link rel=\"canonical\" href=\"https:\/\/smartdoor.sk\/hu\/produkt\/1702ev-external-foreign-unlocking-garage-gate-unlocking-drives\/\" \/>\n<meta property=\"og:locale\" content=\"hu_HU\" \/>\n<meta property=\"og:type\" content=\"article\" \/>\n<meta property=\"og:title\" content=\"1702EV - k\u00fcls\u0151 v\u00e9szkiold\u00f3 Gar\u00e1zskapu m\u0171k\u00f6dtet\u0151 berendez\u00e9sek\" \/>\n<meta property=\"og:description\" content=\"K\u00edv\u00fclr\u0151l t\u00f6rt\u00e9n\u0151 k\u00e9zi nyit\u00e1shoz egy kieg\u00e9sz\u00edt\u0151 z\u00e1r seg\u00edts\u00e9g\u00e9vel \u00e1ramsz\u00fcnet eset\u00e9n, ha a gar\u00e1zskapun nincs z\u00e1r vagy foganty\u00fa. - Legfeljebb 50 mm falvastags\u00e1g\u00fa ajt\u00f3khoz - Biztons\u00e1gos kapcsolat a k\u00e1bel \u00e9s a kocsi k\u00f6z\u00f6tt\" \/>\n<meta property=\"og:url\" content=\"https:\/\/smartdoor.sk\/hu\/produkt\/1702ev-external-foreign-unlocking-garage-gate-unlocking-drives\/\" \/>\n<meta property=\"og:site_name\" content=\"Smartdoor\" \/>\n<meta property=\"article:modified_time\" content=\"2024-03-26T13:35:18+00:00\" \/>\n<meta property=\"og:image\" content=\"https:\/\/smartdoor.sk\/wp-content\/uploads\/2023\/03\/15872822481.jpg\" \/>\n\t<meta property=\"og:image:width\" content=\"460\" \/>\n\t<meta property=\"og:image:height\" content=\"360\" \/>\n\t<meta property=\"og:image:type\" content=\"image\/jpeg\" \/>\n<meta name=\"twitter:card\" content=\"summary_large_image\" \/>\n<script type=\"application\/ld+json\" class=\"yoast-schema-graph\">{\"@context\":\"https:\/\/schema.org\",\"@graph\":[{\"@type\":\"WebPage\",\"@id\":\"https:\/\/smartdoor.sk\/hu\/produkt\/1702ev-external-foreign-unlocking-garage-gate-unlocking-drives\/\",\"url\":\"https:\/\/smartdoor.sk\/hu\/produkt\/1702ev-external-foreign-unlocking-garage-gate-unlocking-drives\/\",\"name\":\"1702EV - k\u00fcls\u0151 v\u00e9szkiold\u00f3 Gar\u00e1zskapu m\u0171k\u00f6dtet\u0151 berendez\u00e9sek - Smartdoor\",\"isPartOf\":{\"@id\":\"https:\/\/smartdoor.sk\/hu\/#website\"},\"primaryImageOfPage\":{\"@id\":\"https:\/\/smartdoor.sk\/hu\/produkt\/1702ev-external-foreign-unlocking-garage-gate-unlocking-drives\/#primaryimage\"},\"image\":{\"@id\":\"https:\/\/smartdoor.sk\/hu\/produkt\/1702ev-external-foreign-unlocking-garage-gate-unlocking-drives\/#primaryimage\"},\"thumbnailUrl\":\"https:\/\/smartdoor.sk\/wp-content\/uploads\/2023\/03\/15872822481.jpg\",\"datePublished\":\"2024-03-26T13:35:16+00:00\",\"dateModified\":\"2024-03-26T13:35:18+00:00\",\"breadcrumb\":{\"@id\":\"https:\/\/smartdoor.sk\/hu\/produkt\/1702ev-external-foreign-unlocking-garage-gate-unlocking-drives\/#breadcrumb\"},\"inLanguage\":\"hu\",\"potentialAction\":[{\"@type\":\"ReadAction\",\"target\":[\"https:\/\/smartdoor.sk\/hu\/produkt\/1702ev-external-foreign-unlocking-garage-gate-unlocking-drives\/\"]}]},{\"@type\":\"ImageObject\",\"inLanguage\":\"hu\",\"@id\":\"https:\/\/smartdoor.sk\/hu\/produkt\/1702ev-external-foreign-unlocking-garage-gate-unlocking-drives\/#primaryimage\",\"url\":\"https:\/\/smartdoor.sk\/wp-content\/uploads\/2023\/03\/15872822481.jpg\",\"contentUrl\":\"https:\/\/smartdoor.sk\/wp-content\/uploads\/2023\/03\/15872822481.jpg\",\"width\":460,\"height\":360},{\"@type\":\"BreadcrumbList\",\"@id\":\"https:\/\/smartdoor.sk\/hu\/produkt\/1702ev-external-foreign-unlocking-garage-gate-unlocking-drives\/#breadcrumb\",\"itemListElement\":[{\"@type\":\"ListItem\",\"position\":1,\"name\":\"Domovsk\u00e1 str\u00e1nka\",\"item\":\"https:\/\/smartdoor.sk\/hu\/\"},{\"@type\":\"ListItem\",\"position\":2,\"name\":\"Term\u00e9kek\",\"item\":\"https:\/\/smartdoor.sk\/hu\/termekek\/\"},{\"@type\":\"ListItem\",\"position\":3,\"name\":\"1702EV &#8211; k\u00fcls\u0151 v\u00e9szkiold\u00f3 Gar\u00e1zskapu m\u0171k\u00f6dtet\u0151 berendez\u00e9sek\"}]},{\"@type\":\"WebSite\",\"@id\":\"https:\/\/smartdoor.sk\/hu\/#website\",\"url\":\"https:\/\/smartdoor.sk\/hu\/\",\"name\":\"Smartdoor\",\"description\":\"M\u00fadre rie\u0161enia pre gar\u00e1\u017eov\u00e9 br\u00e1ny\",\"publisher\":{\"@id\":\"https:\/\/smartdoor.sk\/hu\/#organization\"},\"potentialAction\":[{\"@type\":\"SearchAction\",\"target\":{\"@type\":\"EntryPoint\",\"urlTemplate\":\"https:\/\/smartdoor.sk\/hu\/?s={search_term_string}\"},\"query-input\":{\"@type\":\"PropertyValueSpecification\",\"valueRequired\":true,\"valueName\":\"search_term_string\"}}],\"inLanguage\":\"hu\"},{\"@type\":\"Organization\",\"@id\":\"https:\/\/smartdoor.sk\/hu\/#organization\",\"name\":\"Smartdoor\",\"url\":\"https:\/\/smartdoor.sk\/hu\/\",\"logo\":{\"@type\":\"ImageObject\",\"inLanguage\":\"hu\",\"@id\":\"https:\/\/smartdoor.sk\/hu\/#\/schema\/logo\/image\/\",\"url\":\"https:\/\/smartdoor.sk\/wp-content\/uploads\/2023\/03\/SmartDoorLogo.png\",\"contentUrl\":\"https:\/\/smartdoor.sk\/wp-content\/uploads\/2023\/03\/SmartDoorLogo.png\",\"width\":1500,\"height\":902,\"caption\":\"Smartdoor\"},\"image\":{\"@id\":\"https:\/\/smartdoor.sk\/hu\/#\/schema\/logo\/image\/\"}}]}<\/script>\n<!-- \/ Yoast SEO Premium plugin. -->","yoast_head_json":{"title":"1702EV - k\u00fcls\u0151 v\u00e9szkiold\u00f3 Gar\u00e1zskapu m\u0171k\u00f6dtet\u0151 berendez\u00e9sek - Smartdoor","robots":{"index":"index","follow":"follow","max-snippet":"max-snippet:-1","max-image-preview":"max-image-preview:large","max-video-preview":"max-video-preview:-1"},"canonical":"https:\/\/smartdoor.sk\/hu\/produkt\/1702ev-external-foreign-unlocking-garage-gate-unlocking-drives\/","og_locale":"hu_HU","og_type":"article","og_title":"1702EV - k\u00fcls\u0151 v\u00e9szkiold\u00f3 Gar\u00e1zskapu m\u0171k\u00f6dtet\u0151 berendez\u00e9sek","og_description":"K\u00edv\u00fclr\u0151l t\u00f6rt\u00e9n\u0151 k\u00e9zi nyit\u00e1shoz egy kieg\u00e9sz\u00edt\u0151 z\u00e1r seg\u00edts\u00e9g\u00e9vel \u00e1ramsz\u00fcnet eset\u00e9n, ha a gar\u00e1zskapun nincs z\u00e1r vagy foganty\u00fa. - Legfeljebb 50 mm falvastags\u00e1g\u00fa ajt\u00f3khoz - Biztons\u00e1gos kapcsolat a k\u00e1bel \u00e9s a kocsi k\u00f6z\u00f6tt","og_url":"https:\/\/smartdoor.sk\/hu\/produkt\/1702ev-external-foreign-unlocking-garage-gate-unlocking-drives\/","og_site_name":"Smartdoor","article_modified_time":"2024-03-26T13:35:18+00:00","og_image":[{"width":460,"height":360,"url":"https:\/\/smartdoor.sk\/wp-content\/uploads\/2023\/03\/15872822481.jpg","type":"image\/jpeg"}],"twitter_card":"summary_large_image","schema":{"@context":"https:\/\/schema.org","@graph":[{"@type":"WebPage","@id":"https:\/\/smartdoor.sk\/hu\/produkt\/1702ev-external-foreign-unlocking-garage-gate-unlocking-drives\/","url":"https:\/\/smartdoor.sk\/hu\/produkt\/1702ev-external-foreign-unlocking-garage-gate-unlocking-drives\/","name":"1702EV - k\u00fcls\u0151 v\u00e9szkiold\u00f3 Gar\u00e1zskapu m\u0171k\u00f6dtet\u0151 berendez\u00e9sek - Smartdoor","isPartOf":{"@id":"https:\/\/smartdoor.sk\/hu\/#website"},"primaryImageOfPage":{"@id":"https:\/\/smartdoor.sk\/hu\/produkt\/1702ev-external-foreign-unlocking-garage-gate-unlocking-drives\/#primaryimage"},"image":{"@id":"https:\/\/smartdoor.sk\/hu\/produkt\/1702ev-external-foreign-unlocking-garage-gate-unlocking-drives\/#primaryimage"},"thumbnailUrl":"https:\/\/smartdoor.sk\/wp-content\/uploads\/2023\/03\/15872822481.jpg","datePublished":"2024-03-26T13:35:16+00:00","dateModified":"2024-03-26T13:35:18+00:00","breadcrumb":{"@id":"https:\/\/smartdoor.sk\/hu\/produkt\/1702ev-external-foreign-unlocking-garage-gate-unlocking-drives\/#breadcrumb"},"inLanguage":"hu","potentialAction":[{"@type":"ReadAction","target":["https:\/\/smartdoor.sk\/hu\/produkt\/1702ev-external-foreign-unlocking-garage-gate-unlocking-drives\/"]}]},{"@type":"ImageObject","inLanguage":"hu","@id":"https:\/\/smartdoor.sk\/hu\/produkt\/1702ev-external-foreign-unlocking-garage-gate-unlocking-drives\/#primaryimage","url":"https:\/\/smartdoor.sk\/wp-content\/uploads\/2023\/03\/15872822481.jpg","contentUrl":"https:\/\/smartdoor.sk\/wp-content\/uploads\/2023\/03\/15872822481.jpg","width":460,"height":360},{"@type":"BreadcrumbList","@id":"https:\/\/smartdoor.sk\/hu\/produkt\/1702ev-external-foreign-unlocking-garage-gate-unlocking-drives\/#breadcrumb","itemListElement":[{"@type":"ListItem","position":1,"name":"Domovsk\u00e1 str\u00e1nka","item":"https:\/\/smartdoor.sk\/hu\/"},{"@type":"ListItem","position":2,"name":"Term\u00e9kek","item":"https:\/\/smartdoor.sk\/hu\/termekek\/"},{"@type":"ListItem","position":3,"name":"1702EV &#8211; k\u00fcls\u0151 v\u00e9szkiold\u00f3 Gar\u00e1zskapu m\u0171k\u00f6dtet\u0151 berendez\u00e9sek"}]},{"@type":"WebSite","@id":"https:\/\/smartdoor.sk\/hu\/#website","url":"https:\/\/smartdoor.sk\/hu\/","name":"Smartdoor","description":"M\u00fadre rie\u0161enia pre gar\u00e1\u017eov\u00e9 br\u00e1ny","publisher":{"@id":"https:\/\/smartdoor.sk\/hu\/#organization"},"potentialAction":[{"@type":"SearchAction","target":{"@type":"EntryPoint","urlTemplate":"https:\/\/smartdoor.sk\/hu\/?s={search_term_string}"},"query-input":{"@type":"PropertyValueSpecification","valueRequired":true,"valueName":"search_term_string"}}],"inLanguage":"hu"},{"@type":"Organization","@id":"https:\/\/smartdoor.sk\/hu\/#organization","name":"Smartdoor","url":"https:\/\/smartdoor.sk\/hu\/","logo":{"@type":"ImageObject","inLanguage":"hu","@id":"https:\/\/smartdoor.sk\/hu\/#\/schema\/logo\/image\/","url":"https:\/\/smartdoor.sk\/wp-content\/uploads\/2023\/03\/SmartDoorLogo.png","contentUrl":"https:\/\/smartdoor.sk\/wp-content\/uploads\/2023\/03\/SmartDoorLogo.png","width":1500,"height":902,"caption":"Smartdoor"},"image":{"@id":"https:\/\/smartdoor.sk\/hu\/#\/schema\/logo\/image\/"}}]}},"_links":{"self":[{"href":"https:\/\/smartdoor.sk\/hu\/wp-json\/wp\/v2\/product\/13531","targetHints":{"allow":["GET"]}}],"collection":[{"href":"https:\/\/smartdoor.sk\/hu\/wp-json\/wp\/v2\/product"}],"about":[{"href":"https:\/\/smartdoor.sk\/hu\/wp-json\/wp\/v2\/types\/product"}],"version-history":[{"count":1,"href":"https:\/\/smartdoor.sk\/hu\/wp-json\/wp\/v2\/product\/13531\/revisions"}],"predecessor-version":[{"id":13539,"href":"https:\/\/smartdoor.sk\/hu\/wp-json\/wp\/v2\/product\/13531\/revisions\/13539"}],"wp:featuredmedia":[{"embeddable":true,"href":"https:\/\/smartdoor.sk\/hu\/wp-json\/wp\/v2\/media\/13046"}],"wp:attachment":[{"href":"https:\/\/smartdoor.sk\/hu\/wp-json\/wp\/v2\/media?parent=13531"}],"wp:term":[{"taxonomy":"product_brand","embeddable":true,"href":"https:\/\/smartdoor.sk\/hu\/wp-json\/wp\/v2\/product_brand?post=13531"},{"taxonomy":"product_cat","embeddable":true,"href":"https:\/\/smartdoor.sk\/hu\/wp-json\/wp\/v2\/product_cat?post=13531"},{"taxonomy":"product_tag","embeddable":true,"href":"https:\/\/smartdoor.sk\/hu\/wp-json\/wp\/v2\/product_tag?post=13531"}],"curies":[{"name":"wp","href":"https:\/\/api.w.org\/{rel}","templated":true}]}}