{"id":13556,"date":"2020-10-22T14:49:03","date_gmt":"2024-03-26T13:36:08","guid":{"rendered":"https:\/\/www.smartdoor.sk\/produkt\/tuzvedelmi-toloajtok\/"},"modified":"2024-03-26T14:36:08","modified_gmt":"2024-03-26T13:36:08","slug":"tuzvedelmi-csuszokapuk","status":"publish","type":"product","link":"https:\/\/smartdoor.sk\/hu\/produkt\/tuzvedelmi-csuszokapuk\/","title":{"rendered":"T\u0171zv\u00e9delmi tol\u00f3ajt\u00f3k"},"content":{"rendered":"<p><sub>EI130<\/sub>, <sub>EI160<\/sub>\u00e9s <sub>EI130<\/sub>t\u0171zv\u00e9delmi oszt\u00e1ly\u00fa tol\u00f3ajt\u00f3k.<br \/>\nAz EI2 120 t\u0171z\u00e1ll\u00f3s\u00e1got \u00e9s h\u0151\u00e1ll\u00f3s\u00e1got biztos\u00edt<br \/>\nszigetel\u00e9s legal\u00e1bb 30, 60 \u00e9s 120 percig.<br \/>\n\u00c1rammentes z\u00e1r\u00e1s ellens\u00falyrendszerrel.<br \/>\nMegfelel az EN 1634-1 \u00e9s EN 13501-2 szabv\u00e1nyoknak.<br \/>\nT\u0171zg\u00e1tl\u00f3 tol\u00f3ajt\u00f3k N80 \u00e9s N150.<\/p>\n<p>&#8211; konstrukci\u00f3: egysz\u00e1rny\u00fa, k\u00e9tsz\u00e1rny\u00fa, teleszk\u00f3pos, f\u00fcgg\u0151leges<br \/>\n&#8211; szem\u00e9lyzeti ajt\u00f3k \u00e9s p\u00e1nik hardverek<br \/>\n&#8211; k\u00f6nny\u0171 s\u00faly (kb. 20,5 kg\/m2 \u00e9s 29 kg\/m2)<br \/>\n&#8211; szabv\u00e1nyos RAL 9002\/7035 sz\u00ednez\u00e9s, RAL sz\u00ednez\u00e9s lehets\u00e9ges<\/p>\n","protected":false},"excerpt":{"rendered":"<p>EI130, EI160\u00e9s EI130t\u0171zv\u00e9delmi oszt\u00e1ly\u00fa tol\u00f3ajt\u00f3k. Az EI2 120 t\u0171z\u00e1ll\u00f3s\u00e1got \u00e9s h\u0151\u00e1ll\u00f3s\u00e1got biztos\u00edt szigetel\u00e9s legal\u00e1bb 30, 60 \u00e9s 120 percig. \u00c1rammentes z\u00e1r\u00e1s ellens\u00falyrendszerrel. Megfelel az EN 1634-1 \u00e9s EN 13501-2 szabv\u00e1nyoknak. T\u0171zg\u00e1tl\u00f3 tol\u00f3ajt\u00f3k N80 \u00e9s N150. &#8211; konstrukci\u00f3: egysz\u00e1rny\u00fa, k\u00e9tsz\u00e1rny\u00fa, teleszk\u00f3pos, f\u00fcgg\u0151leges &#8211; szem\u00e9lyzeti ajt\u00f3k \u00e9s p\u00e1nik hardverek &#8211; k\u00f6nny\u0171 s\u00faly (kb. 20,5 kg\/m2 \u00e9s 29 [&hellip;]<\/p>\n","protected":false},"featured_media":9993,"template":"","meta":{"_acf_changed":false,"site-sidebar-layout":"default","site-content-layout":"","ast-site-content-layout":"default","site-content-style":"default","site-sidebar-style":"default","ast-global-header-display":"","ast-banner-title-visibility":"","ast-main-header-display":"","ast-hfb-above-header-display":"","ast-hfb-below-header-display":"","ast-hfb-mobile-header-display":"","site-post-title":"","ast-breadcrumbs-content":"","ast-featured-img":"","footer-sml-layout":"","ast-disable-related-posts":"","theme-transparent-header-meta":"","adv-header-id-meta":"","stick-header-meta":"","header-above-stick-meta":"","header-main-stick-meta":"","header-below-stick-meta":"","astra-migrate-meta-layouts":"default","ast-page-background-enabled":"default","ast-page-background-meta":{"desktop":{"background-color":"","background-image":"","background-repeat":"repeat","background-position":"center center","background-size":"auto","background-attachment":"scroll","background-type":"","background-media":"","overlay-type":"","overlay-color":"","overlay-opacity":"","overlay-gradient":""},"tablet":{"background-color":"","background-image":"","background-repeat":"repeat","background-position":"center center","background-size":"auto","background-attachment":"scroll","background-type":"","background-media":"","overlay-type":"","overlay-color":"","overlay-opacity":"","overlay-gradient":""},"mobile":{"background-color":"","background-image":"","background-repeat":"repeat","background-position":"center center","background-size":"auto","background-attachment":"scroll","background-type":"","background-media":"","overlay-type":"","overlay-color":"","overlay-opacity":"","overlay-gradient":""}},"ast-content-background-meta":{"desktop":{"background-color":"var(--ast-global-color-5)","background-image":"","background-repeat":"repeat","background-position":"center center","background-size":"auto","background-attachment":"scroll","background-type":"","background-media":"","overlay-type":"","overlay-color":"","overlay-opacity":"","overlay-gradient":""},"tablet":{"background-color":"var(--ast-global-color-5)","background-image":"","background-repeat":"repeat","background-position":"center center","background-size":"auto","background-attachment":"scroll","background-type":"","background-media":"","overlay-type":"","overlay-color":"","overlay-opacity":"","overlay-gradient":""},"mobile":{"background-color":"var(--ast-global-color-5)","background-image":"","background-repeat":"repeat","background-position":"center center","background-size":"auto","background-attachment":"scroll","background-type":"","background-media":"","overlay-type":"","overlay-color":"","overlay-opacity":"","overlay-gradient":""}}},"product_brand":[],"product_cat":[444,447],"product_tag":[],"class_list":{"0":"post-13556","1":"product","2":"type-product","3":"status-publish","4":"has-post-thumbnail","6":"product_cat-ipari-kapuk","7":"product_cat-tuzallokapuk","8":"desktop-align-left","9":"tablet-align-left","10":"mobile-align-left","11":"ast-product-gallery-layout-horizontal-slider","12":"ast-product-gallery-with-no-image","13":"ast-product-tabs-layout-horizontal","15":"first","16":"instock","17":"product-type-simple"},"acf":[],"yoast_head":"<!-- This site is optimized with the Yoast SEO Premium plugin v26.2 (Yoast SEO v27.2) - https:\/\/yoast.com\/product\/yoast-seo-premium-wordpress\/ -->\n<title>T\u0171zv\u00e9delmi tol\u00f3ajt\u00f3k - Smartdoor<\/title>\n<meta name=\"description\" content=\"Az EI130, EI160 \u00e9s EI2 120 oszt\u00e1ly\u00fa t\u0171zg\u00e1tl\u00f3 tol\u00f3ajt\u00f3k t\u0171z\u00e1ll\u00f3s\u00e1got \u00e9s h\u0151szigetel\u00e9st biztos\u00edtanak legal\u00e1bb 30 \u00e9vig.\" \/>\n<meta name=\"robots\" content=\"index, follow, max-snippet:-1, max-image-preview:large, max-video-preview:-1\" \/>\n<link rel=\"canonical\" href=\"https:\/\/smartdoor.sk\/hu\/produkt\/tuzvedelmi-csuszokapuk\/\" \/>\n<meta property=\"og:locale\" content=\"hu_HU\" \/>\n<meta property=\"og:type\" content=\"article\" \/>\n<meta property=\"og:title\" content=\"T\u0171zv\u00e9delmi tol\u00f3ajt\u00f3k\" \/>\n<meta property=\"og:description\" content=\"Az EI130, EI160 \u00e9s EI2 120 oszt\u00e1ly\u00fa t\u0171zg\u00e1tl\u00f3 tol\u00f3ajt\u00f3k t\u0171z\u00e1ll\u00f3s\u00e1got \u00e9s h\u0151szigetel\u00e9st biztos\u00edtanak legal\u00e1bb 30 \u00e9vig.\" \/>\n<meta property=\"og:url\" content=\"https:\/\/smartdoor.sk\/hu\/produkt\/tuzvedelmi-csuszokapuk\/\" \/>\n<meta property=\"og:site_name\" content=\"Smartdoor\" \/>\n<meta property=\"og:image\" content=\"https:\/\/smartdoor.sk\/wp-content\/uploads\/2021\/03\/Protipoziarne_dvere.jpg\" \/>\n\t<meta property=\"og:image:width\" content=\"418\" \/>\n\t<meta property=\"og:image:height\" content=\"279\" \/>\n\t<meta property=\"og:image:type\" content=\"image\/jpeg\" \/>\n<meta name=\"twitter:card\" content=\"summary_large_image\" \/>\n<meta name=\"twitter:label1\" content=\"Becs\u00fclt olvas\u00e1si id\u0151\" \/>\n\t<meta name=\"twitter:data1\" content=\"1 perc\" \/>\n<script type=\"application\/ld+json\" class=\"yoast-schema-graph\">{\"@context\":\"https:\/\/schema.org\",\"@graph\":[{\"@type\":\"WebPage\",\"@id\":\"https:\/\/smartdoor.sk\/hu\/produkt\/tuzvedelmi-csuszokapuk\/\",\"url\":\"https:\/\/smartdoor.sk\/hu\/produkt\/tuzvedelmi-csuszokapuk\/\",\"name\":\"T\u0171zv\u00e9delmi tol\u00f3ajt\u00f3k - Smartdoor\",\"isPartOf\":{\"@id\":\"https:\/\/smartdoor.sk\/hu\/#website\"},\"primaryImageOfPage\":{\"@id\":\"https:\/\/smartdoor.sk\/hu\/produkt\/tuzvedelmi-csuszokapuk\/#primaryimage\"},\"image\":{\"@id\":\"https:\/\/smartdoor.sk\/hu\/produkt\/tuzvedelmi-csuszokapuk\/#primaryimage\"},\"thumbnailUrl\":\"https:\/\/smartdoor.sk\/wp-content\/uploads\/2021\/03\/Protipoziarne_dvere.jpg\",\"datePublished\":\"2024-03-26T13:36:08+00:00\",\"description\":\"Az EI130, EI160 \u00e9s EI2 120 oszt\u00e1ly\u00fa t\u0171zg\u00e1tl\u00f3 tol\u00f3ajt\u00f3k t\u0171z\u00e1ll\u00f3s\u00e1got \u00e9s h\u0151szigetel\u00e9st biztos\u00edtanak legal\u00e1bb 30 \u00e9vig.\",\"breadcrumb\":{\"@id\":\"https:\/\/smartdoor.sk\/hu\/produkt\/tuzvedelmi-csuszokapuk\/#breadcrumb\"},\"inLanguage\":\"hu\",\"potentialAction\":[{\"@type\":\"ReadAction\",\"target\":[\"https:\/\/smartdoor.sk\/hu\/produkt\/tuzvedelmi-csuszokapuk\/\"]}]},{\"@type\":\"ImageObject\",\"inLanguage\":\"hu\",\"@id\":\"https:\/\/smartdoor.sk\/hu\/produkt\/tuzvedelmi-csuszokapuk\/#primaryimage\",\"url\":\"https:\/\/smartdoor.sk\/wp-content\/uploads\/2021\/03\/Protipoziarne_dvere.jpg\",\"contentUrl\":\"https:\/\/smartdoor.sk\/wp-content\/uploads\/2021\/03\/Protipoziarne_dvere.jpg\",\"width\":418,\"height\":279,\"caption\":\"Protipo\u017eiarne posuvn\u00e9 br\u00e1ny\"},{\"@type\":\"BreadcrumbList\",\"@id\":\"https:\/\/smartdoor.sk\/hu\/produkt\/tuzvedelmi-csuszokapuk\/#breadcrumb\",\"itemListElement\":[{\"@type\":\"ListItem\",\"position\":1,\"name\":\"Domovsk\u00e1 str\u00e1nka\",\"item\":\"https:\/\/smartdoor.sk\/hu\/\"},{\"@type\":\"ListItem\",\"position\":2,\"name\":\"Term\u00e9kek\",\"item\":\"https:\/\/smartdoor.sk\/hu\/termekek\/\"},{\"@type\":\"ListItem\",\"position\":3,\"name\":\"T\u0171zv\u00e9delmi tol\u00f3ajt\u00f3k\"}]},{\"@type\":\"WebSite\",\"@id\":\"https:\/\/smartdoor.sk\/hu\/#website\",\"url\":\"https:\/\/smartdoor.sk\/hu\/\",\"name\":\"Smartdoor\",\"description\":\"M\u00fadre rie\u0161enia pre gar\u00e1\u017eov\u00e9 br\u00e1ny\",\"publisher\":{\"@id\":\"https:\/\/smartdoor.sk\/hu\/#organization\"},\"potentialAction\":[{\"@type\":\"SearchAction\",\"target\":{\"@type\":\"EntryPoint\",\"urlTemplate\":\"https:\/\/smartdoor.sk\/hu\/?s={search_term_string}\"},\"query-input\":{\"@type\":\"PropertyValueSpecification\",\"valueRequired\":true,\"valueName\":\"search_term_string\"}}],\"inLanguage\":\"hu\"},{\"@type\":\"Organization\",\"@id\":\"https:\/\/smartdoor.sk\/hu\/#organization\",\"name\":\"Smartdoor\",\"url\":\"https:\/\/smartdoor.sk\/hu\/\",\"logo\":{\"@type\":\"ImageObject\",\"inLanguage\":\"hu\",\"@id\":\"https:\/\/smartdoor.sk\/hu\/#\/schema\/logo\/image\/\",\"url\":\"https:\/\/smartdoor.sk\/wp-content\/uploads\/2023\/03\/SmartDoorLogo.png\",\"contentUrl\":\"https:\/\/smartdoor.sk\/wp-content\/uploads\/2023\/03\/SmartDoorLogo.png\",\"width\":1500,\"height\":902,\"caption\":\"Smartdoor\"},\"image\":{\"@id\":\"https:\/\/smartdoor.sk\/hu\/#\/schema\/logo\/image\/\"}}]}<\/script>\n<!-- \/ Yoast SEO Premium plugin. -->","yoast_head_json":{"title":"T\u0171zv\u00e9delmi tol\u00f3ajt\u00f3k - Smartdoor","description":"Az EI130, EI160 \u00e9s EI2 120 oszt\u00e1ly\u00fa t\u0171zg\u00e1tl\u00f3 tol\u00f3ajt\u00f3k t\u0171z\u00e1ll\u00f3s\u00e1got \u00e9s h\u0151szigetel\u00e9st biztos\u00edtanak legal\u00e1bb 30 \u00e9vig.","robots":{"index":"index","follow":"follow","max-snippet":"max-snippet:-1","max-image-preview":"max-image-preview:large","max-video-preview":"max-video-preview:-1"},"canonical":"https:\/\/smartdoor.sk\/hu\/produkt\/tuzvedelmi-csuszokapuk\/","og_locale":"hu_HU","og_type":"article","og_title":"T\u0171zv\u00e9delmi tol\u00f3ajt\u00f3k","og_description":"Az EI130, EI160 \u00e9s EI2 120 oszt\u00e1ly\u00fa t\u0171zg\u00e1tl\u00f3 tol\u00f3ajt\u00f3k t\u0171z\u00e1ll\u00f3s\u00e1got \u00e9s h\u0151szigetel\u00e9st biztos\u00edtanak legal\u00e1bb 30 \u00e9vig.","og_url":"https:\/\/smartdoor.sk\/hu\/produkt\/tuzvedelmi-csuszokapuk\/","og_site_name":"Smartdoor","og_image":[{"width":418,"height":279,"url":"https:\/\/smartdoor.sk\/wp-content\/uploads\/2021\/03\/Protipoziarne_dvere.jpg","type":"image\/jpeg"}],"twitter_card":"summary_large_image","twitter_misc":{"Becs\u00fclt olvas\u00e1si id\u0151":"1 perc"},"schema":{"@context":"https:\/\/schema.org","@graph":[{"@type":"WebPage","@id":"https:\/\/smartdoor.sk\/hu\/produkt\/tuzvedelmi-csuszokapuk\/","url":"https:\/\/smartdoor.sk\/hu\/produkt\/tuzvedelmi-csuszokapuk\/","name":"T\u0171zv\u00e9delmi tol\u00f3ajt\u00f3k - Smartdoor","isPartOf":{"@id":"https:\/\/smartdoor.sk\/hu\/#website"},"primaryImageOfPage":{"@id":"https:\/\/smartdoor.sk\/hu\/produkt\/tuzvedelmi-csuszokapuk\/#primaryimage"},"image":{"@id":"https:\/\/smartdoor.sk\/hu\/produkt\/tuzvedelmi-csuszokapuk\/#primaryimage"},"thumbnailUrl":"https:\/\/smartdoor.sk\/wp-content\/uploads\/2021\/03\/Protipoziarne_dvere.jpg","datePublished":"2024-03-26T13:36:08+00:00","description":"Az EI130, EI160 \u00e9s EI2 120 oszt\u00e1ly\u00fa t\u0171zg\u00e1tl\u00f3 tol\u00f3ajt\u00f3k t\u0171z\u00e1ll\u00f3s\u00e1got \u00e9s h\u0151szigetel\u00e9st biztos\u00edtanak legal\u00e1bb 30 \u00e9vig.","breadcrumb":{"@id":"https:\/\/smartdoor.sk\/hu\/produkt\/tuzvedelmi-csuszokapuk\/#breadcrumb"},"inLanguage":"hu","potentialAction":[{"@type":"ReadAction","target":["https:\/\/smartdoor.sk\/hu\/produkt\/tuzvedelmi-csuszokapuk\/"]}]},{"@type":"ImageObject","inLanguage":"hu","@id":"https:\/\/smartdoor.sk\/hu\/produkt\/tuzvedelmi-csuszokapuk\/#primaryimage","url":"https:\/\/smartdoor.sk\/wp-content\/uploads\/2021\/03\/Protipoziarne_dvere.jpg","contentUrl":"https:\/\/smartdoor.sk\/wp-content\/uploads\/2021\/03\/Protipoziarne_dvere.jpg","width":418,"height":279,"caption":"Protipo\u017eiarne posuvn\u00e9 br\u00e1ny"},{"@type":"BreadcrumbList","@id":"https:\/\/smartdoor.sk\/hu\/produkt\/tuzvedelmi-csuszokapuk\/#breadcrumb","itemListElement":[{"@type":"ListItem","position":1,"name":"Domovsk\u00e1 str\u00e1nka","item":"https:\/\/smartdoor.sk\/hu\/"},{"@type":"ListItem","position":2,"name":"Term\u00e9kek","item":"https:\/\/smartdoor.sk\/hu\/termekek\/"},{"@type":"ListItem","position":3,"name":"T\u0171zv\u00e9delmi tol\u00f3ajt\u00f3k"}]},{"@type":"WebSite","@id":"https:\/\/smartdoor.sk\/hu\/#website","url":"https:\/\/smartdoor.sk\/hu\/","name":"Smartdoor","description":"M\u00fadre rie\u0161enia pre gar\u00e1\u017eov\u00e9 br\u00e1ny","publisher":{"@id":"https:\/\/smartdoor.sk\/hu\/#organization"},"potentialAction":[{"@type":"SearchAction","target":{"@type":"EntryPoint","urlTemplate":"https:\/\/smartdoor.sk\/hu\/?s={search_term_string}"},"query-input":{"@type":"PropertyValueSpecification","valueRequired":true,"valueName":"search_term_string"}}],"inLanguage":"hu"},{"@type":"Organization","@id":"https:\/\/smartdoor.sk\/hu\/#organization","name":"Smartdoor","url":"https:\/\/smartdoor.sk\/hu\/","logo":{"@type":"ImageObject","inLanguage":"hu","@id":"https:\/\/smartdoor.sk\/hu\/#\/schema\/logo\/image\/","url":"https:\/\/smartdoor.sk\/wp-content\/uploads\/2023\/03\/SmartDoorLogo.png","contentUrl":"https:\/\/smartdoor.sk\/wp-content\/uploads\/2023\/03\/SmartDoorLogo.png","width":1500,"height":902,"caption":"Smartdoor"},"image":{"@id":"https:\/\/smartdoor.sk\/hu\/#\/schema\/logo\/image\/"}}]}},"_links":{"self":[{"href":"https:\/\/smartdoor.sk\/hu\/wp-json\/wp\/v2\/product\/13556","targetHints":{"allow":["GET"]}}],"collection":[{"href":"https:\/\/smartdoor.sk\/hu\/wp-json\/wp\/v2\/product"}],"about":[{"href":"https:\/\/smartdoor.sk\/hu\/wp-json\/wp\/v2\/types\/product"}],"version-history":[{"count":0,"href":"https:\/\/smartdoor.sk\/hu\/wp-json\/wp\/v2\/product\/13556\/revisions"}],"wp:featuredmedia":[{"embeddable":true,"href":"https:\/\/smartdoor.sk\/hu\/wp-json\/wp\/v2\/media\/9993"}],"wp:attachment":[{"href":"https:\/\/smartdoor.sk\/hu\/wp-json\/wp\/v2\/media?parent=13556"}],"wp:term":[{"taxonomy":"product_brand","embeddable":true,"href":"https:\/\/smartdoor.sk\/hu\/wp-json\/wp\/v2\/product_brand?post=13556"},{"taxonomy":"product_cat","embeddable":true,"href":"https:\/\/smartdoor.sk\/hu\/wp-json\/wp\/v2\/product_cat?post=13556"},{"taxonomy":"product_tag","embeddable":true,"href":"https:\/\/smartdoor.sk\/hu\/wp-json\/wp\/v2\/product_tag?post=13556"}],"curies":[{"name":"wp","href":"https:\/\/api.w.org\/{rel}","templated":true}]}}