{"id":13559,"date":"2021-09-12T01:07:11","date_gmt":"2024-03-26T13:36:11","guid":{"rendered":"https:\/\/www.smartdoor.sk\/produkt\/horony-modell-final\/"},"modified":"2024-03-26T14:36:14","modified_gmt":"2024-03-26T13:36:14","slug":"drazkovy-model-final","status":"publish","type":"product","link":"https:\/\/smartdoor.sk\/hu\/produkt\/drazkovy-model-final\/","title":{"rendered":"horony modell FINAL"},"content":{"rendered":"<p><span style=\"color: #ff0000;\"><strong>SZEKCION\u00c1LT GAR\u00c1ZSKAPU V\u00c9GLEGES <\/strong>&#8211; <strong>SPECIFIK\u00c1CI\u00d3:<\/strong><\/span><\/p>\n<p><span style=\"color: #000000;\"><br \/>\n  <strong>szelv\u00e9nyvastags\u00e1g<\/strong><br \/>\n<\/span>: 40 mm<br \/>\n<span style=\"color: #000000;\"><br \/>\n  <strong>m\u00e9retek<\/strong><br \/>\n<\/span>: max. sz\u00e9less\u00e9g 6000 mm<br \/>\nmax. magass\u00e1g 3000 mm<br \/>\n<span style=\"color: #000000;\"><br \/>\n  <strong>tervez\u00e9s<\/strong><br \/>\n<\/span>: horony<br \/>\n<span style=\"color: #000000;\"><br \/>\n  <strong>fel\u00fclet<\/strong><br \/>\n<\/span>: fadombor\u00edt\u00e1s<br \/>\n<span style=\"color: #000000;\"><br \/>\n  <strong>szigetel\u00e9s<\/strong><br \/>\n<\/span>: poliuret\u00e1n<br \/>\n<strong><span style=\"color: #000000;\">sz\u00ednek<\/span>: <\/strong> arany t\u00f6lgy, di\u00f3, s\u00e1r t\u00f6lgy<\/p>\n<p><a class=\"button\" href=\"http:\/\/smartdoor.sk\/sk\/dopyt\/\">V\u00e1s\u00e1roljon most!<\/a><\/p>\n<hr>\n<hr>\n<p><span style=\"color: #000000;\"><br \/>\n  <strong>SZEKCION\u00c1LT GAR\u00c1ZSKAPU V\u00c9GLEGES <\/strong><br \/>\n<\/span>fa ut\u00e1nzat\u00fa fel\u00fclettel ac\u00e9lszelv\u00e9nyekb\u0151l \u00e1ll, amelyek freonmentes f\u00e9reggel vannak t\u00f6ltve. <span style=\"color: #000000;\"><br \/>\n  <strong>poliuret\u00e1n hab<\/strong><br \/>\n<\/span>amely rendk\u00edv\u00fcl hat\u00e9kony szigetel\u00e9sk\u00e9nt szolg\u00e1l. Ac\u00e9lkapu a fa term\u00e9szetes sz\u00e9ps\u00e9g\u00e9vel<strong><br \/>\n  <span style=\"color: #000000;\"> hornyos szelv\u00e9ny kialak\u00edt\u00e1ssal <\/span><br \/>\n<\/strong>modern megjelen\u00e9se \u00e9s sokoldal\u00fa felhaszn\u00e1lhat\u00f3s\u00e1ga miatt n\u00e9pszer\u0171 az \u00fcgyfelek k\u00f6r\u00e9ben. A kapu alap\u00e1r\u00e1ban k\u00e9tf\u00e9le faanyagut\u00e1nzat &#8211; aranyt\u00f6lgy dekor \u00e9s di\u00f3fa dekor &#8211; szerepel. A Woodgrain szekci\u00f3k fel\u00fclete alacsony karbantart\u00e1si ig\u00e9ny\u0171 \u00e9s ellen\u00e1ll a szok\u00e1sos s\u00e9r\u00fcl\u00e9seknek. Standard<span style=\"color: #000000;\"> <strong>szelv\u00e9nyvastags\u00e1g 40 mm<\/strong> <\/span>elegend\u0151 szil\u00e1rds\u00e1got biztos\u00edt a gar\u00e1zskapu sz\u00e1m\u00e1ra. Az egyes szelv\u00e9nyek k\u00f6z\u00f6tti illeszt\u00e9sek \u00fagy vannak kialak\u00edtva, hogy garant\u00e1lj\u00e1k a gar\u00e1zskapu biztons\u00e1gos haszn\u00e1lat\u00e1t, \u00e9s hogy a haszn\u00e1lat megfeleljen az el\u0151\u00edrt <span style=\"color: #000000;\"><strong>uni\u00f3s biztons\u00e1gi el\u0151\u00edr\u00e1soknak<\/strong><\/span>.<\/p>\n<hr>\n<hr>\n<p><strong><span style=\"color: #000000;\">TELEP\u00cdT\u00c9SI FELT\u00c9TELEK<\/span> <\/strong>:<br \/>\nA szekcion\u00e1lt kapukat az \u00e9p\u00fcleten bel\u00fcl szerelik \u00f6ssze. A szekcion\u00e1lt gar\u00e1zskapu z\u00f6kken\u0151mentes be\u00e9p\u00edt\u00e9s\u00e9hez szil\u00e1rd fal vagy szil\u00e1rd tart\u00f3szerkezet\u0171 szerel\u0151keret sz\u00fcks\u00e9ges. Sz\u00fcks\u00e9ges szabv\u00e1ny <span style=\"color: #000000;\"><br \/>\n  <strong>a b\u00e9l\u00e9s sz\u00e9less\u00e9ge <\/strong><br \/>\n<\/span>150 mm az \u00e9p\u00edt\u00e9si ny\u00edl\u00e1s mindk\u00e9t oldal\u00e1n. Speci\u00e1lis vasalati megold\u00e1si rendszer (bels\u0151 f\u00e9melemekb\u0151l \u00e1ll\u00f3 rendszer, az \u00fagynevezett vezet\u0151s\u00ednek) haszn\u00e1lata eset\u00e9n a kapu fel\u00e1r ellen\u00e9ben ak\u00e1r 100 mm b\u00e9l\u00e9st\u00e1vols\u00e1gig &#8211; a vezet\u0151s\u00ednek r\u00f6gz\u00edt\u00e9s\u00e9hez rendelkez\u00e9sre \u00e1ll\u00f3 hely az \u00e9p\u00fcletny\u00edl\u00e1s mindk\u00e9t oldal\u00e1n &#8211; felszerelhet\u0151.<br \/>\nA t\u00e9r magass\u00e1ga, az \u00fan. <span style=\"color: #000000;\"><br \/>\n  <strong>a ny\u00edl\u00e1s feletti karzat magass\u00e1ga<\/strong><br \/>\n<\/span> meg kell felelnie az alkalmazott vezet\u0151p\u00e1lya-kialak\u00edt\u00e1s egyik t\u00edpus\u00e1nak. A szabv\u00e1nyos vezet\u0151s\u00ednekkel t\u00f6rt\u00e9n\u0151 be\u00e9p\u00edt\u00e9shez legal\u00e1bb 320 mm \u00e1tfed\u00e9si magass\u00e1g sz\u00fcks\u00e9ges, ha a kaput hajt\u00e1ssal szerelik fel, vagy legal\u00e1bb 290 mm, ha a kaput hajt\u00e1s n\u00e9lk\u00fcl szerelik fel. Elektromos meghajt\u00e1s\u00fa kapu eset\u00e9n fel\u00e1r ellen\u00e9ben speci\u00e1lis vezet\u0151korl\u00e1tok k\u00e9sz\u00edthet\u0151k 120 mm-es minim\u00e1lis ford\u00edt\u00e1si magass\u00e1gig, elektromos meghajt\u00e1s n\u00e9lk\u00fcli kapu eset\u00e9n pedig 70 mm-ig.  <a href=\"http:\/\/smartdoor.sk\/sk\/garage-door-repair-sk\/\">A kapuk telep\u00edt\u00e9s\u00e9vel kapcsolatos tov\u00e1bbi inform\u00e1ci\u00f3k\u00e9rt kattintson ide.<\/a><\/p>\n<p><a href=\"https:\/\/branyservis.sk\/\">Az \u00e1ltalunk sz\u00e1ll\u00edtott kapukhoz szervizt \u00e9s p\u00f3talkatr\u00e9szeket biztos\u00edtunk.<\/a><\/p>\n<p>&nbsp;<\/p>\n","protected":false},"excerpt":{"rendered":"<p>SZEKCION\u00c1LT GAR\u00c1ZSKAPU V\u00c9GLEGES &#8211; SPECIFIK\u00c1CI\u00d3: szelv\u00e9nyvastags\u00e1g : 40 mm m\u00e9retek : max. sz\u00e9less\u00e9g 6000 mm max. magass\u00e1g 3000 mm tervez\u00e9s : horony fel\u00fclet : fadombor\u00edt\u00e1s szigetel\u00e9s : poliuret\u00e1n sz\u00ednek: arany t\u00f6lgy, di\u00f3, s\u00e1r t\u00f6lgy V\u00e1s\u00e1roljon most! SZEKCION\u00c1LT GAR\u00c1ZSKAPU V\u00c9GLEGES fa ut\u00e1nzat\u00fa fel\u00fclettel ac\u00e9lszelv\u00e9nyekb\u0151l \u00e1ll, amelyek freonmentes f\u00e9reggel vannak t\u00f6ltve. poliuret\u00e1n hab amely rendk\u00edv\u00fcl hat\u00e9kony szigetel\u00e9sk\u00e9nt [&hellip;]<\/p>\n","protected":false},"featured_media":13563,"template":"","meta":{"_acf_changed":false,"site-sidebar-layout":"default","site-content-layout":"default","ast-site-content-layout":"default","site-content-style":"default","site-sidebar-style":"default","ast-global-header-display":"","ast-banner-title-visibility":"","ast-main-header-display":"","ast-hfb-above-header-display":"","ast-hfb-below-header-display":"","ast-hfb-mobile-header-display":"","site-post-title":"","ast-breadcrumbs-content":"","ast-featured-img":"","footer-sml-layout":"","ast-disable-related-posts":"","theme-transparent-header-meta":"default","adv-header-id-meta":"","stick-header-meta":"default","header-above-stick-meta":"","header-main-stick-meta":"","header-below-stick-meta":"","astra-migrate-meta-layouts":"default","ast-page-background-enabled":"default","ast-page-background-meta":{"desktop":{"background-color":"","background-image":"","background-repeat":"repeat","background-position":"center center","background-size":"auto","background-attachment":"scroll","background-type":"","background-media":"","overlay-type":"","overlay-color":"","overlay-opacity":"","overlay-gradient":""},"tablet":{"background-color":"","background-image":"","background-repeat":"repeat","background-position":"center center","background-size":"auto","background-attachment":"scroll","background-type":"","background-media":"","overlay-type":"","overlay-color":"","overlay-opacity":"","overlay-gradient":""},"mobile":{"background-color":"","background-image":"","background-repeat":"repeat","background-position":"center center","background-size":"auto","background-attachment":"scroll","background-type":"","background-media":"","overlay-type":"","overlay-color":"","overlay-opacity":"","overlay-gradient":""}},"ast-content-background-meta":{"desktop":{"background-color":"var(--ast-global-color-5)","background-image":"","background-repeat":"repeat","background-position":"center center","background-size":"auto","background-attachment":"scroll","background-type":"","background-media":"","overlay-type":"","overlay-color":"","overlay-opacity":"","overlay-gradient":""},"tablet":{"background-color":"var(--ast-global-color-5)","background-image":"","background-repeat":"repeat","background-position":"center center","background-size":"auto","background-attachment":"scroll","background-type":"","background-media":"","overlay-type":"","overlay-color":"","overlay-opacity":"","overlay-gradient":""},"mobile":{"background-color":"var(--ast-global-color-5)","background-image":"","background-repeat":"repeat","background-position":"center center","background-size":"auto","background-attachment":"scroll","background-type":"","background-media":"","overlay-type":"","overlay-color":"","overlay-opacity":"","overlay-gradient":""}}},"product_brand":[],"product_cat":[435,438],"product_tag":[],"class_list":{"0":"post-13559","1":"product","2":"type-product","3":"status-publish","4":"has-post-thumbnail","6":"product_cat-garazskapuk","7":"product_cat-szekcionalt-kapuk","8":"desktop-align-left","9":"tablet-align-left","10":"mobile-align-left","11":"ast-product-gallery-layout-horizontal-slider","12":"ast-product-gallery-with-no-image","13":"ast-product-tabs-layout-horizontal","15":"first","16":"instock","17":"product-type-simple"},"acf":[],"yoast_head":"<!-- This site is optimized with the Yoast SEO Premium plugin v26.2 (Yoast SEO v27.2) - https:\/\/yoast.com\/product\/yoast-seo-premium-wordpress\/ -->\n<title>horony modell FINAL - Smartdoor<\/title>\n<meta name=\"robots\" content=\"index, follow, max-snippet:-1, max-image-preview:large, max-video-preview:-1\" \/>\n<link rel=\"canonical\" href=\"https:\/\/smartdoor.sk\/hu\/produkt\/drazkovy-model-final\/\" \/>\n<meta property=\"og:locale\" content=\"hu_HU\" \/>\n<meta property=\"og:type\" content=\"article\" \/>\n<meta property=\"og:title\" content=\"horony modell FINAL\" \/>\n<meta property=\"og:description\" content=\"SZEKCION\u00c1LT GAR\u00c1ZSKAPU V\u00c9GLEGES &#8211; SPECIFIK\u00c1CI\u00d3: szelv\u00e9nyvastags\u00e1g : 40 mm m\u00e9retek : max. sz\u00e9less\u00e9g 6000 mm max. magass\u00e1g 3000 mm tervez\u00e9s : horony fel\u00fclet : fadombor\u00edt\u00e1s szigetel\u00e9s : poliuret\u00e1n sz\u00ednek: arany t\u00f6lgy, di\u00f3, s\u00e1r t\u00f6lgy V\u00e1s\u00e1roljon most! SZEKCION\u00c1LT GAR\u00c1ZSKAPU V\u00c9GLEGES fa ut\u00e1nzat\u00fa fel\u00fclettel ac\u00e9lszelv\u00e9nyekb\u0151l \u00e1ll, amelyek freonmentes f\u00e9reggel vannak t\u00f6ltve. poliuret\u00e1n hab amely rendk\u00edv\u00fcl hat\u00e9kony szigetel\u00e9sk\u00e9nt [&hellip;]\" \/>\n<meta property=\"og:url\" content=\"https:\/\/smartdoor.sk\/hu\/produkt\/drazkovy-model-final\/\" \/>\n<meta property=\"og:site_name\" content=\"Smartdoor\" \/>\n<meta property=\"article:modified_time\" content=\"2024-03-26T13:36:14+00:00\" \/>\n<meta property=\"og:image\" content=\"https:\/\/smartdoor.sk\/wp-content\/uploads\/2021\/03\/TENDER.jpg\" \/>\n\t<meta property=\"og:image:width\" content=\"300\" \/>\n\t<meta property=\"og:image:height\" content=\"280\" \/>\n\t<meta property=\"og:image:type\" content=\"image\/jpeg\" \/>\n<meta name=\"twitter:card\" content=\"summary_large_image\" \/>\n<meta name=\"twitter:label1\" content=\"Becs\u00fclt olvas\u00e1si id\u0151\" \/>\n\t<meta name=\"twitter:data1\" content=\"2 perc\" \/>\n<script type=\"application\/ld+json\" class=\"yoast-schema-graph\">{\"@context\":\"https:\/\/schema.org\",\"@graph\":[{\"@type\":\"WebPage\",\"@id\":\"https:\/\/smartdoor.sk\/hu\/produkt\/drazkovy-model-final\/\",\"url\":\"https:\/\/smartdoor.sk\/hu\/produkt\/drazkovy-model-final\/\",\"name\":\"horony modell FINAL - Smartdoor\",\"isPartOf\":{\"@id\":\"https:\/\/smartdoor.sk\/hu\/#website\"},\"primaryImageOfPage\":{\"@id\":\"https:\/\/smartdoor.sk\/hu\/produkt\/drazkovy-model-final\/#primaryimage\"},\"image\":{\"@id\":\"https:\/\/smartdoor.sk\/hu\/produkt\/drazkovy-model-final\/#primaryimage\"},\"thumbnailUrl\":\"https:\/\/smartdoor.sk\/wp-content\/uploads\/2021\/03\/TENDER.jpg\",\"datePublished\":\"2024-03-26T13:36:11+00:00\",\"dateModified\":\"2024-03-26T13:36:14+00:00\",\"breadcrumb\":{\"@id\":\"https:\/\/smartdoor.sk\/hu\/produkt\/drazkovy-model-final\/#breadcrumb\"},\"inLanguage\":\"hu\",\"potentialAction\":[{\"@type\":\"ReadAction\",\"target\":[\"https:\/\/smartdoor.sk\/hu\/produkt\/drazkovy-model-final\/\"]}]},{\"@type\":\"ImageObject\",\"inLanguage\":\"hu\",\"@id\":\"https:\/\/smartdoor.sk\/hu\/produkt\/drazkovy-model-final\/#primaryimage\",\"url\":\"https:\/\/smartdoor.sk\/wp-content\/uploads\/2021\/03\/TENDER.jpg\",\"contentUrl\":\"https:\/\/smartdoor.sk\/wp-content\/uploads\/2021\/03\/TENDER.jpg\",\"width\":300,\"height\":280},{\"@type\":\"BreadcrumbList\",\"@id\":\"https:\/\/smartdoor.sk\/hu\/produkt\/drazkovy-model-final\/#breadcrumb\",\"itemListElement\":[{\"@type\":\"ListItem\",\"position\":1,\"name\":\"Domovsk\u00e1 str\u00e1nka\",\"item\":\"https:\/\/smartdoor.sk\/hu\/\"},{\"@type\":\"ListItem\",\"position\":2,\"name\":\"Term\u00e9kek\",\"item\":\"https:\/\/smartdoor.sk\/hu\/termekek\/\"},{\"@type\":\"ListItem\",\"position\":3,\"name\":\"horony modell FINAL\"}]},{\"@type\":\"WebSite\",\"@id\":\"https:\/\/smartdoor.sk\/hu\/#website\",\"url\":\"https:\/\/smartdoor.sk\/hu\/\",\"name\":\"Smartdoor\",\"description\":\"M\u00fadre rie\u0161enia pre gar\u00e1\u017eov\u00e9 br\u00e1ny\",\"publisher\":{\"@id\":\"https:\/\/smartdoor.sk\/hu\/#organization\"},\"potentialAction\":[{\"@type\":\"SearchAction\",\"target\":{\"@type\":\"EntryPoint\",\"urlTemplate\":\"https:\/\/smartdoor.sk\/hu\/?s={search_term_string}\"},\"query-input\":{\"@type\":\"PropertyValueSpecification\",\"valueRequired\":true,\"valueName\":\"search_term_string\"}}],\"inLanguage\":\"hu\"},{\"@type\":\"Organization\",\"@id\":\"https:\/\/smartdoor.sk\/hu\/#organization\",\"name\":\"Smartdoor\",\"url\":\"https:\/\/smartdoor.sk\/hu\/\",\"logo\":{\"@type\":\"ImageObject\",\"inLanguage\":\"hu\",\"@id\":\"https:\/\/smartdoor.sk\/hu\/#\/schema\/logo\/image\/\",\"url\":\"https:\/\/smartdoor.sk\/wp-content\/uploads\/2023\/03\/SmartDoorLogo.png\",\"contentUrl\":\"https:\/\/smartdoor.sk\/wp-content\/uploads\/2023\/03\/SmartDoorLogo.png\",\"width\":1500,\"height\":902,\"caption\":\"Smartdoor\"},\"image\":{\"@id\":\"https:\/\/smartdoor.sk\/hu\/#\/schema\/logo\/image\/\"}}]}<\/script>\n<!-- \/ Yoast SEO Premium plugin. -->","yoast_head_json":{"title":"horony modell FINAL - Smartdoor","robots":{"index":"index","follow":"follow","max-snippet":"max-snippet:-1","max-image-preview":"max-image-preview:large","max-video-preview":"max-video-preview:-1"},"canonical":"https:\/\/smartdoor.sk\/hu\/produkt\/drazkovy-model-final\/","og_locale":"hu_HU","og_type":"article","og_title":"horony modell FINAL","og_description":"SZEKCION\u00c1LT GAR\u00c1ZSKAPU V\u00c9GLEGES &#8211; SPECIFIK\u00c1CI\u00d3: szelv\u00e9nyvastags\u00e1g : 40 mm m\u00e9retek : max. sz\u00e9less\u00e9g 6000 mm max. magass\u00e1g 3000 mm tervez\u00e9s : horony fel\u00fclet : fadombor\u00edt\u00e1s szigetel\u00e9s : poliuret\u00e1n sz\u00ednek: arany t\u00f6lgy, di\u00f3, s\u00e1r t\u00f6lgy V\u00e1s\u00e1roljon most! SZEKCION\u00c1LT GAR\u00c1ZSKAPU V\u00c9GLEGES fa ut\u00e1nzat\u00fa fel\u00fclettel ac\u00e9lszelv\u00e9nyekb\u0151l \u00e1ll, amelyek freonmentes f\u00e9reggel vannak t\u00f6ltve. poliuret\u00e1n hab amely rendk\u00edv\u00fcl hat\u00e9kony szigetel\u00e9sk\u00e9nt [&hellip;]","og_url":"https:\/\/smartdoor.sk\/hu\/produkt\/drazkovy-model-final\/","og_site_name":"Smartdoor","article_modified_time":"2024-03-26T13:36:14+00:00","og_image":[{"width":300,"height":280,"url":"https:\/\/smartdoor.sk\/wp-content\/uploads\/2021\/03\/TENDER.jpg","type":"image\/jpeg"}],"twitter_card":"summary_large_image","twitter_misc":{"Becs\u00fclt olvas\u00e1si id\u0151":"2 perc"},"schema":{"@context":"https:\/\/schema.org","@graph":[{"@type":"WebPage","@id":"https:\/\/smartdoor.sk\/hu\/produkt\/drazkovy-model-final\/","url":"https:\/\/smartdoor.sk\/hu\/produkt\/drazkovy-model-final\/","name":"horony modell FINAL - Smartdoor","isPartOf":{"@id":"https:\/\/smartdoor.sk\/hu\/#website"},"primaryImageOfPage":{"@id":"https:\/\/smartdoor.sk\/hu\/produkt\/drazkovy-model-final\/#primaryimage"},"image":{"@id":"https:\/\/smartdoor.sk\/hu\/produkt\/drazkovy-model-final\/#primaryimage"},"thumbnailUrl":"https:\/\/smartdoor.sk\/wp-content\/uploads\/2021\/03\/TENDER.jpg","datePublished":"2024-03-26T13:36:11+00:00","dateModified":"2024-03-26T13:36:14+00:00","breadcrumb":{"@id":"https:\/\/smartdoor.sk\/hu\/produkt\/drazkovy-model-final\/#breadcrumb"},"inLanguage":"hu","potentialAction":[{"@type":"ReadAction","target":["https:\/\/smartdoor.sk\/hu\/produkt\/drazkovy-model-final\/"]}]},{"@type":"ImageObject","inLanguage":"hu","@id":"https:\/\/smartdoor.sk\/hu\/produkt\/drazkovy-model-final\/#primaryimage","url":"https:\/\/smartdoor.sk\/wp-content\/uploads\/2021\/03\/TENDER.jpg","contentUrl":"https:\/\/smartdoor.sk\/wp-content\/uploads\/2021\/03\/TENDER.jpg","width":300,"height":280},{"@type":"BreadcrumbList","@id":"https:\/\/smartdoor.sk\/hu\/produkt\/drazkovy-model-final\/#breadcrumb","itemListElement":[{"@type":"ListItem","position":1,"name":"Domovsk\u00e1 str\u00e1nka","item":"https:\/\/smartdoor.sk\/hu\/"},{"@type":"ListItem","position":2,"name":"Term\u00e9kek","item":"https:\/\/smartdoor.sk\/hu\/termekek\/"},{"@type":"ListItem","position":3,"name":"horony modell FINAL"}]},{"@type":"WebSite","@id":"https:\/\/smartdoor.sk\/hu\/#website","url":"https:\/\/smartdoor.sk\/hu\/","name":"Smartdoor","description":"M\u00fadre rie\u0161enia pre gar\u00e1\u017eov\u00e9 br\u00e1ny","publisher":{"@id":"https:\/\/smartdoor.sk\/hu\/#organization"},"potentialAction":[{"@type":"SearchAction","target":{"@type":"EntryPoint","urlTemplate":"https:\/\/smartdoor.sk\/hu\/?s={search_term_string}"},"query-input":{"@type":"PropertyValueSpecification","valueRequired":true,"valueName":"search_term_string"}}],"inLanguage":"hu"},{"@type":"Organization","@id":"https:\/\/smartdoor.sk\/hu\/#organization","name":"Smartdoor","url":"https:\/\/smartdoor.sk\/hu\/","logo":{"@type":"ImageObject","inLanguage":"hu","@id":"https:\/\/smartdoor.sk\/hu\/#\/schema\/logo\/image\/","url":"https:\/\/smartdoor.sk\/wp-content\/uploads\/2023\/03\/SmartDoorLogo.png","contentUrl":"https:\/\/smartdoor.sk\/wp-content\/uploads\/2023\/03\/SmartDoorLogo.png","width":1500,"height":902,"caption":"Smartdoor"},"image":{"@id":"https:\/\/smartdoor.sk\/hu\/#\/schema\/logo\/image\/"}}]}},"_links":{"self":[{"href":"https:\/\/smartdoor.sk\/hu\/wp-json\/wp\/v2\/product\/13559","targetHints":{"allow":["GET"]}}],"collection":[{"href":"https:\/\/smartdoor.sk\/hu\/wp-json\/wp\/v2\/product"}],"about":[{"href":"https:\/\/smartdoor.sk\/hu\/wp-json\/wp\/v2\/types\/product"}],"version-history":[{"count":1,"href":"https:\/\/smartdoor.sk\/hu\/wp-json\/wp\/v2\/product\/13559\/revisions"}],"predecessor-version":[{"id":13575,"href":"https:\/\/smartdoor.sk\/hu\/wp-json\/wp\/v2\/product\/13559\/revisions\/13575"}],"wp:featuredmedia":[{"embeddable":true,"href":"https:\/\/smartdoor.sk\/hu\/wp-json\/wp\/v2\/media\/13563"}],"wp:attachment":[{"href":"https:\/\/smartdoor.sk\/hu\/wp-json\/wp\/v2\/media?parent=13559"}],"wp:term":[{"taxonomy":"product_brand","embeddable":true,"href":"https:\/\/smartdoor.sk\/hu\/wp-json\/wp\/v2\/product_brand?post=13559"},{"taxonomy":"product_cat","embeddable":true,"href":"https:\/\/smartdoor.sk\/hu\/wp-json\/wp\/v2\/product_cat?post=13559"},{"taxonomy":"product_tag","embeddable":true,"href":"https:\/\/smartdoor.sk\/hu\/wp-json\/wp\/v2\/product_tag?post=13559"}],"curies":[{"name":"wp","href":"https:\/\/api.w.org\/{rel}","templated":true}]}}