{"id":13561,"date":"2024-03-26T14:36:14","date_gmt":"2024-03-26T13:36:14","guid":{"rendered":"https:\/\/www.smartdoor.sk\/?post_type=product&#038;p=13561"},"modified":"2024-03-26T14:36:14","modified_gmt":"2024-03-26T13:36:14","slug":"__trashed","status":"publish","type":"product","link":"https:\/\/smartdoor.sk\/hu\/produkt\/__trashed\/","title":{"rendered":"LiftMaster LM130EVS (m\u00e1solat)"},"content":{"rendered":"\t\t<div data-elementor-type=\"wp-post\" data-elementor-id=\"13561\" class=\"elementor elementor-13561\" data-elementor-post-type=\"product\">\n\t\t\t\t\t\t<section class=\"elementor-section elementor-top-section elementor-element elementor-element-63532071 elementor-section-boxed elementor-section-height-default elementor-section-height-default\" data-id=\"63532071\" data-element_type=\"section\" data-e-type=\"section\">\n\t\t\t\t\t\t<div class=\"elementor-container elementor-column-gap-default\">\n\t\t\t\t\t<div class=\"elementor-column elementor-col-100 elementor-top-column elementor-element elementor-element-7af57461\" data-id=\"7af57461\" data-element_type=\"column\" data-e-type=\"column\">\n\t\t\t<div class=\"elementor-widget-wrap elementor-element-populated\">\n\t\t\t\t\t\t<div class=\"elementor-element elementor-element-1d22cee4 elementor-widget elementor-widget-text-editor\" data-id=\"1d22cee4\" data-element_type=\"widget\" data-e-type=\"widget\" data-widget_type=\"text-editor.default\">\n\t\t\t\t<div class=\"elementor-widget-container\">\n\t\t\t\t\t\t\t\t\t<p>LiftMaster LM130EVS &#8211; meghajt\u00f3 gar\u00e1zskapu sz\u00e1m\u00e1ra<\/p>\n\t\t\t\t\t\t\t\t<\/div>\n\t\t\t\t<\/div>\n\t\t\t\t\t<\/div>\n\t\t<\/div>\n\t\t\t\t\t<\/div>\n\t\t<\/section>\n\t\t\t\t<section class=\"elementor-section elementor-top-section elementor-element elementor-element-3b82f1c elementor-section-boxed elementor-section-height-default elementor-section-height-default\" data-id=\"3b82f1c\" data-element_type=\"section\" data-e-type=\"section\">\n\t\t\t\t\t\t<div class=\"elementor-container elementor-column-gap-default\">\n\t\t\t\t\t<div class=\"elementor-column elementor-col-50 elementor-top-column elementor-element elementor-element-b9d8860\" data-id=\"b9d8860\" data-element_type=\"column\" data-e-type=\"column\">\n\t\t\t<div class=\"elementor-widget-wrap elementor-element-populated\">\n\t\t\t\t\t\t<div class=\"elementor-element elementor-element-43a0cb6 elementor-widget elementor-widget-text-editor\" data-id=\"43a0cb6\" data-element_type=\"widget\" data-e-type=\"widget\" data-widget_type=\"text-editor.default\">\n\t\t\t\t<div class=\"elementor-widget-container\">\n\t\t\t\t\t\t\t\t\t<p>T\u00e1pfesz\u00fclts\u00e9g<br \/>T\u00edpus<br \/>Max. von\u00f3er\u0151<br \/>K\u00e9szenl\u00e9ti energia<br \/>Vil\u00e1g\u00edt\u00e1s<br \/>Hajt\u00f3m\u0171<br \/>Nyit\u00e1si sebess\u00e9g<br \/>A v\u00e9g be\u00e1ll\u00edt\u00e1sa. poz\u00edci\u00f3k<br \/>L\u00e1gy ind\u00edt\u00e1s\/le\u00e1ll\u00edt\u00e1s<br \/>Automatikus z\u00e1r\u00e1s programoz\u00e1sa<br \/>Motorgarancia<br \/>Max. kapu s\u00falya<\/p>\n\t\t\t\t\t\t\t\t<\/div>\n\t\t\t\t<\/div>\n\t\t\t\t\t<\/div>\n\t\t<\/div>\n\t\t\t\t<div class=\"elementor-column elementor-col-50 elementor-top-column elementor-element elementor-element-012cd10\" data-id=\"012cd10\" data-element_type=\"column\" data-e-type=\"column\">\n\t\t\t<div class=\"elementor-widget-wrap elementor-element-populated\">\n\t\t\t\t\t\t<div class=\"elementor-element elementor-element-ce75027 elementor-widget elementor-widget-text-editor\" data-id=\"ce75027\" data-element_type=\"widget\" data-e-type=\"widget\" data-widget_type=\"text-editor.default\">\n\t\t\t\t<div class=\"elementor-widget-container\">\n\t\t\t\t\t\t\t\t\t<p>220-240 V, 50-60 Hz<br \/>24 V DC<br \/>13000 N<br \/>0.8 W<br \/>LED\/2.5 perc<br \/>\u00f6v<br \/>130 mm\/s<br \/>Automatikus<br \/>Igen<br \/>Igen<br \/>10 \u00e9v<br \/>200 kg<\/p>\n\t\t\t\t\t\t\t\t<\/div>\n\t\t\t\t<\/div>\n\t\t\t\t\t<\/div>\n\t\t<\/div>\n\t\t\t\t\t<\/div>\n\t\t<\/section>\n\t\t\t\t<\/div>\n\t\t","protected":false},"excerpt":{"rendered":"<p>LiftMaster LM130EVS &#8211; meghajt\u00f3 gar\u00e1zskapu sz\u00e1m\u00e1ra T\u00e1pfesz\u00fclts\u00e9gT\u00edpusMax. von\u00f3er\u0151K\u00e9szenl\u00e9ti energiaVil\u00e1g\u00edt\u00e1sHajt\u00f3m\u0171Nyit\u00e1si sebess\u00e9gA v\u00e9g be\u00e1ll\u00edt\u00e1sa. poz\u00edci\u00f3kL\u00e1gy ind\u00edt\u00e1s\/le\u00e1ll\u00edt\u00e1sAutomatikus z\u00e1r\u00e1s programoz\u00e1saMotorgaranciaMax. kapu s\u00falya 220-240 V, 50-60 Hz24 V DC13000 N0.8 WLED\/2.5 perc\u00f6v130 mm\/sAutomatikusIgenIgen10 \u00e9v200 kg<\/p>\n","protected":false},"featured_media":13564,"template":"","meta":{"_acf_changed":false,"site-sidebar-layout":"default","site-content-layout":"","ast-site-content-layout":"default","site-content-style":"default","site-sidebar-style":"default","ast-global-header-display":"","ast-banner-title-visibility":"","ast-main-header-display":"","ast-hfb-above-header-display":"","ast-hfb-below-header-display":"","ast-hfb-mobile-header-display":"","site-post-title":"","ast-breadcrumbs-content":"","ast-featured-img":"","footer-sml-layout":"","ast-disable-related-posts":"","theme-transparent-header-meta":"","adv-header-id-meta":"","stick-header-meta":"","header-above-stick-meta":"","header-main-stick-meta":"","header-below-stick-meta":"","astra-migrate-meta-layouts":"default","ast-page-background-enabled":"default","ast-page-background-meta":{"desktop":{"background-color":"","background-image":"","background-repeat":"repeat","background-position":"center center","background-size":"auto","background-attachment":"scroll","background-type":"","background-media":"","overlay-type":"","overlay-color":"","overlay-opacity":"","overlay-gradient":""},"tablet":{"background-color":"","background-image":"","background-repeat":"repeat","background-position":"center center","background-size":"auto","background-attachment":"scroll","background-type":"","background-media":"","overlay-type":"","overlay-color":"","overlay-opacity":"","overlay-gradient":""},"mobile":{"background-color":"","background-image":"","background-repeat":"repeat","background-position":"center center","background-size":"auto","background-attachment":"scroll","background-type":"","background-media":"","overlay-type":"","overlay-color":"","overlay-opacity":"","overlay-gradient":""}},"ast-content-background-meta":{"desktop":{"background-color":"var(--ast-global-color-5)","background-image":"","background-repeat":"repeat","background-position":"center center","background-size":"auto","background-attachment":"scroll","background-type":"","background-media":"","overlay-type":"","overlay-color":"","overlay-opacity":"","overlay-gradient":""},"tablet":{"background-color":"var(--ast-global-color-5)","background-image":"","background-repeat":"repeat","background-position":"center center","background-size":"auto","background-attachment":"scroll","background-type":"","background-media":"","overlay-type":"","overlay-color":"","overlay-opacity":"","overlay-gradient":""},"mobile":{"background-color":"var(--ast-global-color-5)","background-image":"","background-repeat":"repeat","background-position":"center center","background-size":"auto","background-attachment":"scroll","background-type":"","background-media":"","overlay-type":"","overlay-color":"","overlay-opacity":"","overlay-gradient":""}}},"product_brand":[],"product_cat":[421],"product_tag":[],"class_list":{"0":"post-13561","1":"product","2":"type-product","3":"status-publish","4":"has-post-thumbnail","6":"product_cat-garazskapu-meghajtas","7":"desktop-align-left","8":"tablet-align-left","9":"mobile-align-left","10":"ast-product-gallery-layout-horizontal-slider","11":"ast-product-gallery-with-no-image","12":"ast-product-tabs-layout-horizontal","14":"first","15":"instock","16":"product-type-simple"},"acf":[],"yoast_head":"<!-- This site is optimized with the Yoast SEO Premium plugin v26.2 (Yoast SEO v27.2) - https:\/\/yoast.com\/product\/yoast-seo-premium-wordpress\/ -->\n<title>LiftMaster LM130EVS (m\u00e1solat) - Smartdoor<\/title>\n<meta name=\"robots\" content=\"index, follow, max-snippet:-1, max-image-preview:large, max-video-preview:-1\" \/>\n<link rel=\"canonical\" href=\"https:\/\/smartdoor.sk\/hu\/produkt\/__trashed\/\" \/>\n<meta property=\"og:locale\" content=\"hu_HU\" \/>\n<meta property=\"og:type\" content=\"article\" \/>\n<meta property=\"og:title\" content=\"LiftMaster LM130EVS (m\u00e1solat)\" \/>\n<meta property=\"og:description\" content=\"LiftMaster LM130EVS &#8211; meghajt\u00f3 gar\u00e1zskapu sz\u00e1m\u00e1ra T\u00e1pfesz\u00fclts\u00e9gT\u00edpusMax. von\u00f3er\u0151K\u00e9szenl\u00e9ti energiaVil\u00e1g\u00edt\u00e1sHajt\u00f3m\u0171Nyit\u00e1si sebess\u00e9gA v\u00e9g be\u00e1ll\u00edt\u00e1sa. poz\u00edci\u00f3kL\u00e1gy ind\u00edt\u00e1s\/le\u00e1ll\u00edt\u00e1sAutomatikus z\u00e1r\u00e1s programoz\u00e1saMotorgaranciaMax. kapu s\u00falya 220-240 V, 50-60 Hz24 V DC13000 N0.8 WLED\/2.5 perc\u00f6v130 mm\/sAutomatikusIgenIgen10 \u00e9v200 kg\" \/>\n<meta property=\"og:url\" content=\"https:\/\/smartdoor.sk\/hu\/produkt\/__trashed\/\" \/>\n<meta property=\"og:site_name\" content=\"Smartdoor\" \/>\n<meta property=\"article:modified_time\" content=\"2024-03-26T13:36:14+00:00\" \/>\n<meta property=\"og:image\" content=\"https:\/\/smartdoor.sk\/wp-content\/uploads\/2021\/03\/liftmaster-garage-door-opener-small.png\" \/>\n\t<meta property=\"og:image:width\" content=\"400\" \/>\n\t<meta property=\"og:image:height\" content=\"400\" \/>\n\t<meta property=\"og:image:type\" content=\"image\/png\" \/>\n<meta name=\"twitter:card\" content=\"summary_large_image\" \/>\n<script type=\"application\/ld+json\" class=\"yoast-schema-graph\">{\"@context\":\"https:\/\/schema.org\",\"@graph\":[{\"@type\":\"WebPage\",\"@id\":\"https:\/\/smartdoor.sk\/hu\/produkt\/__trashed\/\",\"url\":\"https:\/\/smartdoor.sk\/hu\/produkt\/__trashed\/\",\"name\":\"LiftMaster LM130EVS (m\u00e1solat) - Smartdoor\",\"isPartOf\":{\"@id\":\"https:\/\/smartdoor.sk\/hu\/#website\"},\"primaryImageOfPage\":{\"@id\":\"https:\/\/smartdoor.sk\/hu\/produkt\/__trashed\/#primaryimage\"},\"image\":{\"@id\":\"https:\/\/smartdoor.sk\/hu\/produkt\/__trashed\/#primaryimage\"},\"thumbnailUrl\":\"https:\/\/smartdoor.sk\/wp-content\/uploads\/2021\/03\/liftmaster-garage-door-opener-small.png\",\"datePublished\":\"-0001-11-30T00:00:00+00:00\",\"dateModified\":\"2024-03-26T13:36:14+00:00\",\"breadcrumb\":{\"@id\":\"https:\/\/smartdoor.sk\/hu\/produkt\/__trashed\/#breadcrumb\"},\"inLanguage\":\"hu\",\"potentialAction\":[{\"@type\":\"ReadAction\",\"target\":[\"https:\/\/smartdoor.sk\/hu\/produkt\/__trashed\/\"]}]},{\"@type\":\"ImageObject\",\"inLanguage\":\"hu\",\"@id\":\"https:\/\/smartdoor.sk\/hu\/produkt\/__trashed\/#primaryimage\",\"url\":\"https:\/\/smartdoor.sk\/wp-content\/uploads\/2021\/03\/liftmaster-garage-door-opener-small.png\",\"contentUrl\":\"https:\/\/smartdoor.sk\/wp-content\/uploads\/2021\/03\/liftmaster-garage-door-opener-small.png\",\"width\":400,\"height\":400},{\"@type\":\"BreadcrumbList\",\"@id\":\"https:\/\/smartdoor.sk\/hu\/produkt\/__trashed\/#breadcrumb\",\"itemListElement\":[{\"@type\":\"ListItem\",\"position\":1,\"name\":\"Domovsk\u00e1 str\u00e1nka\",\"item\":\"https:\/\/smartdoor.sk\/hu\/\"},{\"@type\":\"ListItem\",\"position\":2,\"name\":\"Term\u00e9kek\",\"item\":\"https:\/\/smartdoor.sk\/hu\/termekek\/\"},{\"@type\":\"ListItem\",\"position\":3,\"name\":\"LiftMaster LM130EVS (m\u00e1solat)\"}]},{\"@type\":\"WebSite\",\"@id\":\"https:\/\/smartdoor.sk\/hu\/#website\",\"url\":\"https:\/\/smartdoor.sk\/hu\/\",\"name\":\"Smartdoor\",\"description\":\"M\u00fadre rie\u0161enia pre gar\u00e1\u017eov\u00e9 br\u00e1ny\",\"publisher\":{\"@id\":\"https:\/\/smartdoor.sk\/hu\/#organization\"},\"potentialAction\":[{\"@type\":\"SearchAction\",\"target\":{\"@type\":\"EntryPoint\",\"urlTemplate\":\"https:\/\/smartdoor.sk\/hu\/?s={search_term_string}\"},\"query-input\":{\"@type\":\"PropertyValueSpecification\",\"valueRequired\":true,\"valueName\":\"search_term_string\"}}],\"inLanguage\":\"hu\"},{\"@type\":\"Organization\",\"@id\":\"https:\/\/smartdoor.sk\/hu\/#organization\",\"name\":\"Smartdoor\",\"url\":\"https:\/\/smartdoor.sk\/hu\/\",\"logo\":{\"@type\":\"ImageObject\",\"inLanguage\":\"hu\",\"@id\":\"https:\/\/smartdoor.sk\/hu\/#\/schema\/logo\/image\/\",\"url\":\"https:\/\/smartdoor.sk\/wp-content\/uploads\/2023\/03\/SmartDoorLogo.png\",\"contentUrl\":\"https:\/\/smartdoor.sk\/wp-content\/uploads\/2023\/03\/SmartDoorLogo.png\",\"width\":1500,\"height\":902,\"caption\":\"Smartdoor\"},\"image\":{\"@id\":\"https:\/\/smartdoor.sk\/hu\/#\/schema\/logo\/image\/\"}}]}<\/script>\n<!-- \/ Yoast SEO Premium plugin. -->","yoast_head_json":{"title":"LiftMaster LM130EVS (m\u00e1solat) - Smartdoor","robots":{"index":"index","follow":"follow","max-snippet":"max-snippet:-1","max-image-preview":"max-image-preview:large","max-video-preview":"max-video-preview:-1"},"canonical":"https:\/\/smartdoor.sk\/hu\/produkt\/__trashed\/","og_locale":"hu_HU","og_type":"article","og_title":"LiftMaster LM130EVS (m\u00e1solat)","og_description":"LiftMaster LM130EVS &#8211; meghajt\u00f3 gar\u00e1zskapu sz\u00e1m\u00e1ra T\u00e1pfesz\u00fclts\u00e9gT\u00edpusMax. von\u00f3er\u0151K\u00e9szenl\u00e9ti energiaVil\u00e1g\u00edt\u00e1sHajt\u00f3m\u0171Nyit\u00e1si sebess\u00e9gA v\u00e9g be\u00e1ll\u00edt\u00e1sa. poz\u00edci\u00f3kL\u00e1gy ind\u00edt\u00e1s\/le\u00e1ll\u00edt\u00e1sAutomatikus z\u00e1r\u00e1s programoz\u00e1saMotorgaranciaMax. kapu s\u00falya 220-240 V, 50-60 Hz24 V DC13000 N0.8 WLED\/2.5 perc\u00f6v130 mm\/sAutomatikusIgenIgen10 \u00e9v200 kg","og_url":"https:\/\/smartdoor.sk\/hu\/produkt\/__trashed\/","og_site_name":"Smartdoor","article_modified_time":"2024-03-26T13:36:14+00:00","og_image":[{"width":400,"height":400,"url":"https:\/\/smartdoor.sk\/wp-content\/uploads\/2021\/03\/liftmaster-garage-door-opener-small.png","type":"image\/png"}],"twitter_card":"summary_large_image","schema":{"@context":"https:\/\/schema.org","@graph":[{"@type":"WebPage","@id":"https:\/\/smartdoor.sk\/hu\/produkt\/__trashed\/","url":"https:\/\/smartdoor.sk\/hu\/produkt\/__trashed\/","name":"LiftMaster LM130EVS (m\u00e1solat) - Smartdoor","isPartOf":{"@id":"https:\/\/smartdoor.sk\/hu\/#website"},"primaryImageOfPage":{"@id":"https:\/\/smartdoor.sk\/hu\/produkt\/__trashed\/#primaryimage"},"image":{"@id":"https:\/\/smartdoor.sk\/hu\/produkt\/__trashed\/#primaryimage"},"thumbnailUrl":"https:\/\/smartdoor.sk\/wp-content\/uploads\/2021\/03\/liftmaster-garage-door-opener-small.png","datePublished":"-0001-11-30T00:00:00+00:00","dateModified":"2024-03-26T13:36:14+00:00","breadcrumb":{"@id":"https:\/\/smartdoor.sk\/hu\/produkt\/__trashed\/#breadcrumb"},"inLanguage":"hu","potentialAction":[{"@type":"ReadAction","target":["https:\/\/smartdoor.sk\/hu\/produkt\/__trashed\/"]}]},{"@type":"ImageObject","inLanguage":"hu","@id":"https:\/\/smartdoor.sk\/hu\/produkt\/__trashed\/#primaryimage","url":"https:\/\/smartdoor.sk\/wp-content\/uploads\/2021\/03\/liftmaster-garage-door-opener-small.png","contentUrl":"https:\/\/smartdoor.sk\/wp-content\/uploads\/2021\/03\/liftmaster-garage-door-opener-small.png","width":400,"height":400},{"@type":"BreadcrumbList","@id":"https:\/\/smartdoor.sk\/hu\/produkt\/__trashed\/#breadcrumb","itemListElement":[{"@type":"ListItem","position":1,"name":"Domovsk\u00e1 str\u00e1nka","item":"https:\/\/smartdoor.sk\/hu\/"},{"@type":"ListItem","position":2,"name":"Term\u00e9kek","item":"https:\/\/smartdoor.sk\/hu\/termekek\/"},{"@type":"ListItem","position":3,"name":"LiftMaster LM130EVS (m\u00e1solat)"}]},{"@type":"WebSite","@id":"https:\/\/smartdoor.sk\/hu\/#website","url":"https:\/\/smartdoor.sk\/hu\/","name":"Smartdoor","description":"M\u00fadre rie\u0161enia pre gar\u00e1\u017eov\u00e9 br\u00e1ny","publisher":{"@id":"https:\/\/smartdoor.sk\/hu\/#organization"},"potentialAction":[{"@type":"SearchAction","target":{"@type":"EntryPoint","urlTemplate":"https:\/\/smartdoor.sk\/hu\/?s={search_term_string}"},"query-input":{"@type":"PropertyValueSpecification","valueRequired":true,"valueName":"search_term_string"}}],"inLanguage":"hu"},{"@type":"Organization","@id":"https:\/\/smartdoor.sk\/hu\/#organization","name":"Smartdoor","url":"https:\/\/smartdoor.sk\/hu\/","logo":{"@type":"ImageObject","inLanguage":"hu","@id":"https:\/\/smartdoor.sk\/hu\/#\/schema\/logo\/image\/","url":"https:\/\/smartdoor.sk\/wp-content\/uploads\/2023\/03\/SmartDoorLogo.png","contentUrl":"https:\/\/smartdoor.sk\/wp-content\/uploads\/2023\/03\/SmartDoorLogo.png","width":1500,"height":902,"caption":"Smartdoor"},"image":{"@id":"https:\/\/smartdoor.sk\/hu\/#\/schema\/logo\/image\/"}}]}},"_links":{"self":[{"href":"https:\/\/smartdoor.sk\/hu\/wp-json\/wp\/v2\/product\/13561","targetHints":{"allow":["GET"]}}],"collection":[{"href":"https:\/\/smartdoor.sk\/hu\/wp-json\/wp\/v2\/product"}],"about":[{"href":"https:\/\/smartdoor.sk\/hu\/wp-json\/wp\/v2\/types\/product"}],"version-history":[{"count":3,"href":"https:\/\/smartdoor.sk\/hu\/wp-json\/wp\/v2\/product\/13561\/revisions"}],"predecessor-version":[{"id":13570,"href":"https:\/\/smartdoor.sk\/hu\/wp-json\/wp\/v2\/product\/13561\/revisions\/13570"}],"wp:featuredmedia":[{"embeddable":true,"href":"https:\/\/smartdoor.sk\/hu\/wp-json\/wp\/v2\/media\/13564"}],"wp:attachment":[{"href":"https:\/\/smartdoor.sk\/hu\/wp-json\/wp\/v2\/media?parent=13561"}],"wp:term":[{"taxonomy":"product_brand","embeddable":true,"href":"https:\/\/smartdoor.sk\/hu\/wp-json\/wp\/v2\/product_brand?post=13561"},{"taxonomy":"product_cat","embeddable":true,"href":"https:\/\/smartdoor.sk\/hu\/wp-json\/wp\/v2\/product_cat?post=13561"},{"taxonomy":"product_tag","embeddable":true,"href":"https:\/\/smartdoor.sk\/hu\/wp-json\/wp\/v2\/product_tag?post=13561"}],"curies":[{"name":"wp","href":"https:\/\/api.w.org\/{rel}","templated":true}]}}