{"id":13579,"date":"2020-06-03T16:35:57","date_gmt":"2024-03-26T13:36:16","guid":{"rendered":"https:\/\/www.smartdoor.sk\/produkt\/mikrohornyos-modell-fiber\/"},"modified":"2024-03-26T14:36:16","modified_gmt":"2024-03-26T13:36:16","slug":"mikroszal-modell-szal","status":"publish","type":"product","link":"https:\/\/smartdoor.sk\/hu\/produkt\/mikroszal-modell-szal\/","title":{"rendered":"mikrohornyos modell FIBER"},"content":{"rendered":"<p><span style=\"color: #ff0000;\"><strong>SZEKCION\u00c1LT GAR\u00c1ZSKAPU AC\u00c9LSZ\u00c1LAS &#8211; SPECIFIK\u00c1CI\u00d3<\/strong><\/span><\/p>\n<p><span style=\"color: #000000;\"><br \/>\n  <strong>szelv\u00e9nyvastags\u00e1g<\/strong><br \/>\n<\/span>: 40 mm<br \/>\n<span style=\"color: #000000;\"><br \/>\n  <strong>m\u00e9retek<\/strong><br \/>\n<\/span>: max. sz\u00e9less\u00e9g 6000 mm<br \/>\nmax. magass\u00e1g 3000 mm<br \/>\n<span style=\"color: #000000;\"><br \/>\n  <strong>tervez\u00e9s<\/strong><br \/>\n<\/span>: mikro horony<br \/>\n<span style=\"color: #000000;\"><br \/>\n  <strong>fel\u00fclet<\/strong><br \/>\n<\/span>: sima<br \/>\n<span style=\"color: #000000;\"><br \/>\n  <strong>szigetel\u00e9s<\/strong><br \/>\n<\/span>: poliuret\u00e1n<br \/>\n<strong>sz\u00ednek<\/strong>: feh\u00e9r RAL 9010, antracit RAL 7016, ez\u00fcst RAL 9006<\/p>\n<p>a RAL sz\u00ednsk\u00e1la szerinti egy\u00e9b \u00e1rnyalatok sz\u00ednez\u00e9se fel\u00e1r ellen\u00e9ben lehets\u00e9ges.<\/p>\n<p><a class=\"button\" href=\"http:\/\/smartdoor.sk\/sk\/dopyt\/\">V\u00e1s\u00e1roljon most!<\/a><\/p>\n<hr>\n<hr>\n<p><strong><span style=\"color: #000000;\">SZ\u00c1LAS GAR\u00c1ZSKAPU<\/span> <\/strong>ac\u00e9llemez szelv\u00e9nyekb\u0151l \u00e1ll, szigetel\u0151anyaggal szigetelve. <span style=\"color: #000000;\"><br \/>\n  <strong>poliuret\u00e1n habbal <\/strong><br \/>\n<\/span>amely CFC-mentes. Egyedi design<strong> <span style=\"color: #000000;\">Microgrooves <\/span><\/strong><span style=\"color: #808080;\">kifinomult sz\u00ednhat\u00e1st kelt a kapusz\u00e1rnyon.<\/span> A FIBER gar\u00e1zskapu sokoldal\u00faan felhaszn\u00e1lhat\u00f3 &#8211; gyakorlatilag <strong>b\u00e1rmilyen m\u00e9retben<\/strong> \u00e9s ak\u00e1r <strong>atipikus form\u00e1kban<\/strong> is elk\u00e9sz\u00edthet\u0151.<\/p>\n<p>Az alap\u00e1rban h\u00e1rom sz\u00edn\u00e1rnyalatot k\u00edn\u00e1lunk. Az ajt\u00f3 a RAL sz\u00ednsk\u00e1la b\u00e1rmely \u00e1rnyalat\u00e1ban rendelhet\u0151, fel\u00e1r ellen\u00e9ben. A szekci\u00f3k <strong>sima fel\u00fclete<\/strong> jelenleg nagyon n\u00e9pszer\u0171 az \u00fcgyfelek k\u00f6r\u00e9ben. <span style=\"color: #000000;\"><br \/>\n  <strong>A szelv\u00e9ny vastags\u00e1ga 40 mm<\/strong><br \/>\n<\/span> biztos\u00edtja az ajt\u00f3 megfelel\u0151 szil\u00e1rds\u00e1g\u00e1t \u00e9s biztons\u00e1g\u00e1t. Az egyes szelv\u00e9nyek k\u00f6z\u00f6tti \u00f6sszes illeszt\u00e9st \u00fagy alak\u00edtott\u00e1k ki, hogy a felhaszn\u00e1l\u00f3 ne ker\u00fclj\u00f6n vesz\u00e9lybe, amikor a kapu mozog. Minden <strong>SMART DOOR<\/strong> ajt\u00f3 tan\u00fas\u00edtv\u00e1nnyal rendelkezik, \u00e9s megfelel az el\u0151\u00edrt <span style=\"color: #000000;\"><strong>uni\u00f3s biztons\u00e1gi el\u0151\u00edr\u00e1soknak<\/strong><\/span>.<\/p>\n<hr>\n<hr>\n<p><span style=\"color: #000000;\"><strong>TELEP\u00cdT\u00c9SI FELT\u00c9TELEK : <\/strong><\/span><br \/>\nMinden szekcion\u00e1lt gar\u00e1zskapu a gar\u00e1zs belsej\u00e9ben van felszerelve. A szekcion\u00e1lt gar\u00e1zskapu be\u00e9p\u00edt\u00e9s\u00e9hez szil\u00e1rd fal vagy szil\u00e1rd szerel\u0151keret sz\u00fcks\u00e9ges.<br \/>\n<span style=\"color: #000000;\">Aj\u00e1nlott<\/span><span style=\"color: #000000;\"> <\/span><strong><span style=\"color: #000000;\">a b\u00e9l\u00e9s sz\u00e9less\u00e9ge<\/span> <\/strong>az \u00e9p\u00edt\u00e9si ny\u00edl\u00e1s mindk\u00e9t oldal\u00e1n 150 mm. Egy speci\u00e1lis vasalati rendszer (bels\u0151 f\u00e9melemek rendszere, \u00fan. vezet\u0151s\u00ednek) seg\u00edts\u00e9g\u00e9vel az \u00e9p\u00edt\u00e9si ny\u00edl\u00e1s mindk\u00e9t oldal\u00e1n legal\u00e1bb 100 mm-es hely fogadhat\u00f3 el. Az ilyen t\u00edpus\u00fa vezet\u0151p\u00e1ly\u00e1kat fel\u00e1r ellen\u00e9ben sz\u00e1ll\u00edtjuk.<br \/>\nAz \u00e9p\u00fclet m\u00e9retei<span style=\"color: #000000;\"> <strong>a ny\u00edl\u00e1s feletti karzat magass\u00e1ga<\/strong><\/span> meg kell felelni\u00fck az alkalmazott vezet\u0151kialak\u00edt\u00e1s egyik t\u00edpus\u00e1nak.<\/p>\n<p>A szabv\u00e1nyos megold\u00e1s haszn\u00e1lata eset\u00e9n a kapu hajt\u00e1ssal t\u00f6rt\u00e9n\u0151 be\u00e9p\u00edt\u00e9se eset\u00e9n <strong>legal\u00e1bb<\/strong> 320 mm-es, a hajt\u00e1s n\u00e9lk\u00fcli kapu be\u00e9p\u00edt\u00e9se eset\u00e9n pedig legal\u00e1bb 290 mm-es <strong>\u00e1tfed\u00e9si magass\u00e1g<\/strong> sz\u00fcks\u00e9ges. K\u00fcl\u00f6nleges t\u00edpus\u00fa vezet\u0151korl\u00e1tok fel\u00e1r ellen\u00e9ben be\u00e9p\u00edthet\u0151k, elektromos m\u0171k\u00f6dtet\u00e9s\u0171 kapu eset\u00e9n 120 mm-es, elektromos m\u0171k\u00f6dtet\u00e9s n\u00e9lk\u00fcli kapu eset\u00e9n 70 mm-es minim\u00e1lis \u00e1tfed\u00e9si magass\u00e1gig.<\/p>\n<p><a href=\"http:\/\/smartdoor.sk\/sk\/garage-door-repair-sk\/\">A kapuk telep\u00edt\u00e9s\u00e9vel kapcsolatos tov\u00e1bbi inform\u00e1ci\u00f3k\u00e9rt kattintson ide.<\/a><\/p>\n<p><a href=\"https:\/\/branyservis.sk\/\">Az \u00e1ltalunk sz\u00e1ll\u00edtott kapukhoz szervizt \u00e9s p\u00f3talkatr\u00e9szeket biztos\u00edtunk.<\/a><\/p>\n","protected":false},"excerpt":{"rendered":"<p>SZEKCION\u00c1LT GAR\u00c1ZSKAPU AC\u00c9LSZ\u00c1LAS &#8211; SPECIFIK\u00c1CI\u00d3 szelv\u00e9nyvastags\u00e1g : 40 mm m\u00e9retek : max. sz\u00e9less\u00e9g 6000 mm max. magass\u00e1g 3000 mm tervez\u00e9s : mikro horony fel\u00fclet : sima szigetel\u00e9s : poliuret\u00e1n sz\u00ednek: feh\u00e9r RAL 9010, antracit RAL 7016, ez\u00fcst RAL 9006 a RAL sz\u00ednsk\u00e1la szerinti egy\u00e9b \u00e1rnyalatok sz\u00ednez\u00e9se fel\u00e1r ellen\u00e9ben lehets\u00e9ges. V\u00e1s\u00e1roljon most! SZ\u00c1LAS GAR\u00c1ZSKAPU ac\u00e9llemez szelv\u00e9nyekb\u0151l [&hellip;]<\/p>\n","protected":false},"featured_media":13581,"template":"","meta":{"_acf_changed":false,"site-sidebar-layout":"default","site-content-layout":"","ast-site-content-layout":"default","site-content-style":"default","site-sidebar-style":"default","ast-global-header-display":"","ast-banner-title-visibility":"","ast-main-header-display":"","ast-hfb-above-header-display":"","ast-hfb-below-header-display":"","ast-hfb-mobile-header-display":"","site-post-title":"","ast-breadcrumbs-content":"","ast-featured-img":"","footer-sml-layout":"","ast-disable-related-posts":"","theme-transparent-header-meta":"","adv-header-id-meta":"","stick-header-meta":"","header-above-stick-meta":"","header-main-stick-meta":"","header-below-stick-meta":"","astra-migrate-meta-layouts":"default","ast-page-background-enabled":"default","ast-page-background-meta":{"desktop":{"background-color":"","background-image":"","background-repeat":"repeat","background-position":"center center","background-size":"auto","background-attachment":"scroll","background-type":"","background-media":"","overlay-type":"","overlay-color":"","overlay-opacity":"","overlay-gradient":""},"tablet":{"background-color":"","background-image":"","background-repeat":"repeat","background-position":"center center","background-size":"auto","background-attachment":"scroll","background-type":"","background-media":"","overlay-type":"","overlay-color":"","overlay-opacity":"","overlay-gradient":""},"mobile":{"background-color":"","background-image":"","background-repeat":"repeat","background-position":"center center","background-size":"auto","background-attachment":"scroll","background-type":"","background-media":"","overlay-type":"","overlay-color":"","overlay-opacity":"","overlay-gradient":""}},"ast-content-background-meta":{"desktop":{"background-color":"var(--ast-global-color-5)","background-image":"","background-repeat":"repeat","background-position":"center center","background-size":"auto","background-attachment":"scroll","background-type":"","background-media":"","overlay-type":"","overlay-color":"","overlay-opacity":"","overlay-gradient":""},"tablet":{"background-color":"var(--ast-global-color-5)","background-image":"","background-repeat":"repeat","background-position":"center center","background-size":"auto","background-attachment":"scroll","background-type":"","background-media":"","overlay-type":"","overlay-color":"","overlay-opacity":"","overlay-gradient":""},"mobile":{"background-color":"var(--ast-global-color-5)","background-image":"","background-repeat":"repeat","background-position":"center center","background-size":"auto","background-attachment":"scroll","background-type":"","background-media":"","overlay-type":"","overlay-color":"","overlay-opacity":"","overlay-gradient":""}}},"product_brand":[],"product_cat":[435,438],"product_tag":[],"class_list":{"0":"post-13579","1":"product","2":"type-product","3":"status-publish","4":"has-post-thumbnail","6":"product_cat-garazskapuk","7":"product_cat-szekcionalt-kapuk","8":"desktop-align-left","9":"tablet-align-left","10":"mobile-align-left","11":"ast-product-gallery-layout-horizontal-slider","12":"ast-product-gallery-with-no-image","13":"ast-product-tabs-layout-horizontal","15":"first","16":"instock","17":"product-type-simple"},"acf":[],"yoast_head":"<!-- This site is optimized with the Yoast SEO Premium plugin v26.2 (Yoast SEO v27.2) - https:\/\/yoast.com\/product\/yoast-seo-premium-wordpress\/ -->\n<title>mikrohornyos modell FIBER - Smartdoor<\/title>\n<meta name=\"description\" content=\"Szekcion\u00e1lt ac\u00e9l gar\u00e1zskapu FIBER kifinomult sz\u00ednhat\u00e1ssal. - ac\u00e9lkapu festett fel\u00fclettel, - szelv\u00e9nyvastags\u00e1g: 40 mm\" \/>\n<meta name=\"robots\" content=\"index, follow, max-snippet:-1, max-image-preview:large, max-video-preview:-1\" \/>\n<link rel=\"canonical\" href=\"https:\/\/smartdoor.sk\/hu\/produkt\/mikroszal-modell-szal\/\" \/>\n<meta property=\"og:locale\" content=\"hu_HU\" \/>\n<meta property=\"og:type\" content=\"article\" \/>\n<meta property=\"og:title\" content=\"mikrohornyos modell FIBER\" \/>\n<meta property=\"og:description\" content=\"Szekcion\u00e1lt ac\u00e9l gar\u00e1zskapu FIBER kifinomult sz\u00ednhat\u00e1ssal. - ac\u00e9lkapu festett fel\u00fclettel, - szelv\u00e9nyvastags\u00e1g: 40 mm\" \/>\n<meta property=\"og:url\" content=\"https:\/\/smartdoor.sk\/hu\/produkt\/mikroszal-modell-szal\/\" \/>\n<meta property=\"og:site_name\" content=\"Smartdoor\" \/>\n<meta property=\"og:image\" content=\"https:\/\/smartdoor.sk\/wp-content\/uploads\/2021\/03\/FIBER.jpg\" \/>\n\t<meta property=\"og:image:width\" content=\"300\" \/>\n\t<meta property=\"og:image:height\" content=\"280\" \/>\n\t<meta property=\"og:image:type\" content=\"image\/jpeg\" \/>\n<meta name=\"twitter:card\" content=\"summary_large_image\" \/>\n<meta name=\"twitter:label1\" content=\"Becs\u00fclt olvas\u00e1si id\u0151\" \/>\n\t<meta name=\"twitter:data1\" content=\"2 perc\" \/>\n<script type=\"application\/ld+json\" class=\"yoast-schema-graph\">{\"@context\":\"https:\/\/schema.org\",\"@graph\":[{\"@type\":\"WebPage\",\"@id\":\"https:\/\/smartdoor.sk\/hu\/produkt\/mikroszal-modell-szal\/\",\"url\":\"https:\/\/smartdoor.sk\/hu\/produkt\/mikroszal-modell-szal\/\",\"name\":\"mikrohornyos modell FIBER - Smartdoor\",\"isPartOf\":{\"@id\":\"https:\/\/smartdoor.sk\/hu\/#website\"},\"primaryImageOfPage\":{\"@id\":\"https:\/\/smartdoor.sk\/hu\/produkt\/mikroszal-modell-szal\/#primaryimage\"},\"image\":{\"@id\":\"https:\/\/smartdoor.sk\/hu\/produkt\/mikroszal-modell-szal\/#primaryimage\"},\"thumbnailUrl\":\"https:\/\/smartdoor.sk\/wp-content\/uploads\/2021\/03\/FIBER.jpg\",\"datePublished\":\"2024-03-26T13:36:16+00:00\",\"description\":\"Szekcion\u00e1lt ac\u00e9l gar\u00e1zskapu FIBER kifinomult sz\u00ednhat\u00e1ssal. - ac\u00e9lkapu festett fel\u00fclettel, - szelv\u00e9nyvastags\u00e1g: 40 mm\",\"breadcrumb\":{\"@id\":\"https:\/\/smartdoor.sk\/hu\/produkt\/mikroszal-modell-szal\/#breadcrumb\"},\"inLanguage\":\"hu\",\"potentialAction\":[{\"@type\":\"ReadAction\",\"target\":[\"https:\/\/smartdoor.sk\/hu\/produkt\/mikroszal-modell-szal\/\"]}]},{\"@type\":\"ImageObject\",\"inLanguage\":\"hu\",\"@id\":\"https:\/\/smartdoor.sk\/hu\/produkt\/mikroszal-modell-szal\/#primaryimage\",\"url\":\"https:\/\/smartdoor.sk\/wp-content\/uploads\/2021\/03\/FIBER.jpg\",\"contentUrl\":\"https:\/\/smartdoor.sk\/wp-content\/uploads\/2021\/03\/FIBER.jpg\",\"width\":300,\"height\":280},{\"@type\":\"BreadcrumbList\",\"@id\":\"https:\/\/smartdoor.sk\/hu\/produkt\/mikroszal-modell-szal\/#breadcrumb\",\"itemListElement\":[{\"@type\":\"ListItem\",\"position\":1,\"name\":\"Domovsk\u00e1 str\u00e1nka\",\"item\":\"https:\/\/smartdoor.sk\/hu\/\"},{\"@type\":\"ListItem\",\"position\":2,\"name\":\"Term\u00e9kek\",\"item\":\"https:\/\/smartdoor.sk\/hu\/termekek\/\"},{\"@type\":\"ListItem\",\"position\":3,\"name\":\"mikrohornyos modell FIBER\"}]},{\"@type\":\"WebSite\",\"@id\":\"https:\/\/smartdoor.sk\/hu\/#website\",\"url\":\"https:\/\/smartdoor.sk\/hu\/\",\"name\":\"Smartdoor\",\"description\":\"M\u00fadre rie\u0161enia pre gar\u00e1\u017eov\u00e9 br\u00e1ny\",\"publisher\":{\"@id\":\"https:\/\/smartdoor.sk\/hu\/#organization\"},\"potentialAction\":[{\"@type\":\"SearchAction\",\"target\":{\"@type\":\"EntryPoint\",\"urlTemplate\":\"https:\/\/smartdoor.sk\/hu\/?s={search_term_string}\"},\"query-input\":{\"@type\":\"PropertyValueSpecification\",\"valueRequired\":true,\"valueName\":\"search_term_string\"}}],\"inLanguage\":\"hu\"},{\"@type\":\"Organization\",\"@id\":\"https:\/\/smartdoor.sk\/hu\/#organization\",\"name\":\"Smartdoor\",\"url\":\"https:\/\/smartdoor.sk\/hu\/\",\"logo\":{\"@type\":\"ImageObject\",\"inLanguage\":\"hu\",\"@id\":\"https:\/\/smartdoor.sk\/hu\/#\/schema\/logo\/image\/\",\"url\":\"https:\/\/smartdoor.sk\/wp-content\/uploads\/2023\/03\/SmartDoorLogo.png\",\"contentUrl\":\"https:\/\/smartdoor.sk\/wp-content\/uploads\/2023\/03\/SmartDoorLogo.png\",\"width\":1500,\"height\":902,\"caption\":\"Smartdoor\"},\"image\":{\"@id\":\"https:\/\/smartdoor.sk\/hu\/#\/schema\/logo\/image\/\"}}]}<\/script>\n<!-- \/ Yoast SEO Premium plugin. -->","yoast_head_json":{"title":"mikrohornyos modell FIBER - Smartdoor","description":"Szekcion\u00e1lt ac\u00e9l gar\u00e1zskapu FIBER kifinomult sz\u00ednhat\u00e1ssal. - ac\u00e9lkapu festett fel\u00fclettel, - szelv\u00e9nyvastags\u00e1g: 40 mm","robots":{"index":"index","follow":"follow","max-snippet":"max-snippet:-1","max-image-preview":"max-image-preview:large","max-video-preview":"max-video-preview:-1"},"canonical":"https:\/\/smartdoor.sk\/hu\/produkt\/mikroszal-modell-szal\/","og_locale":"hu_HU","og_type":"article","og_title":"mikrohornyos modell FIBER","og_description":"Szekcion\u00e1lt ac\u00e9l gar\u00e1zskapu FIBER kifinomult sz\u00ednhat\u00e1ssal. - ac\u00e9lkapu festett fel\u00fclettel, - szelv\u00e9nyvastags\u00e1g: 40 mm","og_url":"https:\/\/smartdoor.sk\/hu\/produkt\/mikroszal-modell-szal\/","og_site_name":"Smartdoor","og_image":[{"width":300,"height":280,"url":"https:\/\/smartdoor.sk\/wp-content\/uploads\/2021\/03\/FIBER.jpg","type":"image\/jpeg"}],"twitter_card":"summary_large_image","twitter_misc":{"Becs\u00fclt olvas\u00e1si id\u0151":"2 perc"},"schema":{"@context":"https:\/\/schema.org","@graph":[{"@type":"WebPage","@id":"https:\/\/smartdoor.sk\/hu\/produkt\/mikroszal-modell-szal\/","url":"https:\/\/smartdoor.sk\/hu\/produkt\/mikroszal-modell-szal\/","name":"mikrohornyos modell FIBER - Smartdoor","isPartOf":{"@id":"https:\/\/smartdoor.sk\/hu\/#website"},"primaryImageOfPage":{"@id":"https:\/\/smartdoor.sk\/hu\/produkt\/mikroszal-modell-szal\/#primaryimage"},"image":{"@id":"https:\/\/smartdoor.sk\/hu\/produkt\/mikroszal-modell-szal\/#primaryimage"},"thumbnailUrl":"https:\/\/smartdoor.sk\/wp-content\/uploads\/2021\/03\/FIBER.jpg","datePublished":"2024-03-26T13:36:16+00:00","description":"Szekcion\u00e1lt ac\u00e9l gar\u00e1zskapu FIBER kifinomult sz\u00ednhat\u00e1ssal. - ac\u00e9lkapu festett fel\u00fclettel, - szelv\u00e9nyvastags\u00e1g: 40 mm","breadcrumb":{"@id":"https:\/\/smartdoor.sk\/hu\/produkt\/mikroszal-modell-szal\/#breadcrumb"},"inLanguage":"hu","potentialAction":[{"@type":"ReadAction","target":["https:\/\/smartdoor.sk\/hu\/produkt\/mikroszal-modell-szal\/"]}]},{"@type":"ImageObject","inLanguage":"hu","@id":"https:\/\/smartdoor.sk\/hu\/produkt\/mikroszal-modell-szal\/#primaryimage","url":"https:\/\/smartdoor.sk\/wp-content\/uploads\/2021\/03\/FIBER.jpg","contentUrl":"https:\/\/smartdoor.sk\/wp-content\/uploads\/2021\/03\/FIBER.jpg","width":300,"height":280},{"@type":"BreadcrumbList","@id":"https:\/\/smartdoor.sk\/hu\/produkt\/mikroszal-modell-szal\/#breadcrumb","itemListElement":[{"@type":"ListItem","position":1,"name":"Domovsk\u00e1 str\u00e1nka","item":"https:\/\/smartdoor.sk\/hu\/"},{"@type":"ListItem","position":2,"name":"Term\u00e9kek","item":"https:\/\/smartdoor.sk\/hu\/termekek\/"},{"@type":"ListItem","position":3,"name":"mikrohornyos modell FIBER"}]},{"@type":"WebSite","@id":"https:\/\/smartdoor.sk\/hu\/#website","url":"https:\/\/smartdoor.sk\/hu\/","name":"Smartdoor","description":"M\u00fadre rie\u0161enia pre gar\u00e1\u017eov\u00e9 br\u00e1ny","publisher":{"@id":"https:\/\/smartdoor.sk\/hu\/#organization"},"potentialAction":[{"@type":"SearchAction","target":{"@type":"EntryPoint","urlTemplate":"https:\/\/smartdoor.sk\/hu\/?s={search_term_string}"},"query-input":{"@type":"PropertyValueSpecification","valueRequired":true,"valueName":"search_term_string"}}],"inLanguage":"hu"},{"@type":"Organization","@id":"https:\/\/smartdoor.sk\/hu\/#organization","name":"Smartdoor","url":"https:\/\/smartdoor.sk\/hu\/","logo":{"@type":"ImageObject","inLanguage":"hu","@id":"https:\/\/smartdoor.sk\/hu\/#\/schema\/logo\/image\/","url":"https:\/\/smartdoor.sk\/wp-content\/uploads\/2023\/03\/SmartDoorLogo.png","contentUrl":"https:\/\/smartdoor.sk\/wp-content\/uploads\/2023\/03\/SmartDoorLogo.png","width":1500,"height":902,"caption":"Smartdoor"},"image":{"@id":"https:\/\/smartdoor.sk\/hu\/#\/schema\/logo\/image\/"}}]}},"_links":{"self":[{"href":"https:\/\/smartdoor.sk\/hu\/wp-json\/wp\/v2\/product\/13579","targetHints":{"allow":["GET"]}}],"collection":[{"href":"https:\/\/smartdoor.sk\/hu\/wp-json\/wp\/v2\/product"}],"about":[{"href":"https:\/\/smartdoor.sk\/hu\/wp-json\/wp\/v2\/types\/product"}],"version-history":[{"count":0,"href":"https:\/\/smartdoor.sk\/hu\/wp-json\/wp\/v2\/product\/13579\/revisions"}],"wp:featuredmedia":[{"embeddable":true,"href":"https:\/\/smartdoor.sk\/hu\/wp-json\/wp\/v2\/media\/13581"}],"wp:attachment":[{"href":"https:\/\/smartdoor.sk\/hu\/wp-json\/wp\/v2\/media?parent=13579"}],"wp:term":[{"taxonomy":"product_brand","embeddable":true,"href":"https:\/\/smartdoor.sk\/hu\/wp-json\/wp\/v2\/product_brand?post=13579"},{"taxonomy":"product_cat","embeddable":true,"href":"https:\/\/smartdoor.sk\/hu\/wp-json\/wp\/v2\/product_cat?post=13579"},{"taxonomy":"product_tag","embeddable":true,"href":"https:\/\/smartdoor.sk\/hu\/wp-json\/wp\/v2\/product_tag?post=13579"}],"curies":[{"name":"wp","href":"https:\/\/api.w.org\/{rel}","templated":true}]}}