{"id":13589,"date":"2020-06-03T16:26:43","date_gmt":"2024-03-26T13:37:51","guid":{"rendered":"https:\/\/www.smartdoor.sk\/produkt\/focus-kazettas-modell\/"},"modified":"2024-03-26T14:37:51","modified_gmt":"2024-03-26T13:37:51","slug":"kazetta-modell-fokusz-2","status":"publish","type":"product","link":"https:\/\/smartdoor.sk\/hu\/produkt\/kazetta-modell-fokusz-2\/","title":{"rendered":"FOCUS kazett\u00e1s modell"},"content":{"rendered":"<p>FOCUS szekcion\u00e1lt ac\u00e9l gar\u00e1zskapu a fa term\u00e9szetes sz\u00e9ps\u00e9g\u00e9vel, hagyom\u00e1nyos kazett\u00e1s kivitelben.<\/p>\n<p>&#8211; ac\u00e9lkapu fa ut\u00e1nzat\u00fa fel\u00fclettel<br \/>\n&#8211; Szelv\u00e9nyvastags\u00e1g: 40 mm<br \/>\n&#8211; m\u00e9retek: max. sz\u00e9less\u00e9g 5600 x max. magass\u00e1g 3000 mm, maxim\u00e1lis ter\u00fclet 15 m2<br \/>\n&#8211; tervez\u00e9s: patronok<br \/>\n&#8211; fel\u00fclet: woodgrain<br \/>\n&#8211; szigetel\u00e9s: poliuret\u00e1n<br \/>\n&#8211; sz\u00ednek: arany t\u00f6lgy, di\u00f3, s\u00e1r t\u00f6lgy<\/p>\n<p><a class=\"button\" href=\"http:\/\/smartdoor.sk\/sk\/dopyt\/\">V\u00e1s\u00e1roljon most!<\/a><\/p>\n<hr>\n<p><span style=\"color: #000000;\"><br \/>\n  <strong>F\u00d3KUSZ SZEKCION\u00c1LT GAR\u00c1ZSKAPU <\/strong><br \/>\n<\/span>ac\u00e9lszelv\u00e9nyekb\u0151l k\u00e9sz\u00fcl, fa ut\u00e1nzat\u00fa kivitelben. Hagyom\u00e1nyos <strong><br \/>\n  <span style=\"color: #000000;\">kazett\u00e1s kapu kialak\u00edt\u00e1s <\/span><br \/>\n<\/strong>teszi teljess\u00e9 az \u00e9p\u00fclet \u00e9rdekes megjelen\u00e9s\u00e9t. A FOCUS gar\u00e1zskapuk klasszikusnak sz\u00e1m\u00edtanak a szekcion\u00e1lt gar\u00e1zskapuk tervez\u00e9s\u00e9ben. Az alap\u00e1rban arany t\u00f6lgy, di\u00f3, s\u00e1r t\u00f6lgy fa ut\u00e1nzatban k\u00edn\u00e1lunk v\u00e1ltozatot, a megrendel\u0151 k\u00e9r\u00e9s\u00e9re a szekci\u00f3k b\u00e1rmilyen \u00e1rnyalatra festhet\u0151k. A Woodgrain fel\u00fclet alacsony karbantart\u00e1si ig\u00e9ny\u0171 \u00e9s rendk\u00edv\u00fcl ellen\u00e1ll\u00f3 a s\u00e9r\u00fcl\u00e9sekkel szemben. <span style=\"color: #000000;\"><br \/>\n  <strong>Szelv\u00e9nyvastags\u00e1g 40 mm<\/strong><br \/>\n<\/span> elegend\u0151 szil\u00e1rds\u00e1got biztos\u00edt a gar\u00e1zskapu sz\u00e1m\u00e1ra. A szelv\u00e9nyek k\u00f6z\u00f6tti illeszt\u00e9sek speci\u00e1lisan vannak kialak\u00edtva, hogy a kapu biztons\u00e1gosan haszn\u00e1lhat\u00f3 legyen, \u00e9s megfeleljen az \u00f6sszes <span style=\"color: #000000;\"><strong>uni\u00f3s<\/strong><\/span> el\u0151\u00edr\u00e1snak \u00e9s <span style=\"color: #000000;\"><strong>biztons\u00e1gi szabv\u00e1nynak<\/strong><\/span>.<\/p>\n<hr>\n<hr>\n<p>TELEP\u00cdT\u00c9SI FELT\u00c9TELEK :<br \/>\nA szekcion\u00e1lt gar\u00e1zskapukat a gar\u00e1zs vagy az \u00e9p\u00fclet belsej\u00e9be szerelik be. Az oldals\u00f3 vezet\u0151p\u00e1ly\u00e1kat az \u00e9p\u00edt\u00e9si ny\u00edl\u00e1s ment\u00e9n vezetik. Ennek a megold\u00e1snak k\u00f6sz\u00f6nhet\u0151en a gar\u00e1zs teljes m\u00e9lys\u00e9ge kihaszn\u00e1lhat\u00f3. A kapu felszerel\u00e9s\u00e9hez szil\u00e1rd fal vagy szil\u00e1rd szerel\u0151keret sz\u00fcks\u00e9ges. Ide\u00e1lis <span style=\"color: #000000;\"><br \/>\n  <strong>b\u00e9l\u00e9s sz\u00e9less\u00e9ge <\/strong><br \/>\n<\/span>150 mm a gar\u00e1zsny\u00edl\u00e1s mindk\u00e9t oldal\u00e1n. Speci\u00e1lis vasalatrendszer (bels\u0151 f\u00e9melemek rendszere, \u00fan. vezet\u0151s\u00ednek) haszn\u00e1lata eset\u00e9n a szerkezeti ny\u00edl\u00e1s mindk\u00e9t oldal\u00e1n legal\u00e1bb 100 mm-es t\u00e1vols\u00e1got lehet elfogadni.<br \/>\nA <strong><span style=\"color: #000000;\">ny\u00edl\u00e1s feletti<\/span><\/strong> szerkezeti <strong><span style=\"color: #000000;\">karzat<\/span><\/strong> m\u00e9reteinek meg kell felelnie a vezet\u0151s\u00edneknek nevezett hardvermegold\u00e1sok egyik t\u00edpus\u00e1nak. Szabv\u00e1nyos vezet\u0151s\u00ednek haszn\u00e1lata eset\u00e9n a minim\u00e1lisan sz\u00fcks\u00e9ges \u00e1tfed\u00e9si magass\u00e1g 320 mm, ha a kaput hajt\u00e1ssal szerelik fel, vagy legal\u00e1bb 290 mm, ha a kaput hajt\u00e1s n\u00e9lk\u00fcl szerelik fel. K\u00fcl\u00f6nleges vezet\u0151s\u00ednt\u00edpusok fel\u00e1r ellen\u00e9ben felszerelhet\u0151k elektromos meghajt\u00e1s\u00fa kapu eset\u00e9n 120 mm, elektromos meghajt\u00e1s n\u00e9lk\u00fcli kapu eset\u00e9n 70 mm minim\u00e1lis \u00e1tfed\u00e9si magass\u00e1gig.  <a href=\"http:\/\/smartdoor.sk\/sk\/garage-door-repair-sk\/\">A kapuk telep\u00edt\u00e9s\u00e9vel kapcsolatos tov\u00e1bbi inform\u00e1ci\u00f3k\u00e9rt kattintson ide.<\/a><\/p>\n<p><a href=\"https:\/\/branyservis.sk\/\">Az \u00e1ltalunk sz\u00e1ll\u00edtott kapukhoz szervizt \u00e9s p\u00f3talkatr\u00e9szeket biztos\u00edtunk.<\/a><\/p>\n<p>&nbsp;<\/p>\n<p>&nbsp;<\/p>\n","protected":false},"excerpt":{"rendered":"<p>FOCUS szekcion\u00e1lt ac\u00e9l gar\u00e1zskapu a fa term\u00e9szetes sz\u00e9ps\u00e9g\u00e9vel, hagyom\u00e1nyos kazett\u00e1s kivitelben. &#8211; ac\u00e9lkapu fa ut\u00e1nzat\u00fa fel\u00fclettel &#8211; Szelv\u00e9nyvastags\u00e1g: 40 mm &#8211; m\u00e9retek: max. sz\u00e9less\u00e9g 5600 x max. magass\u00e1g 3000 mm, maxim\u00e1lis ter\u00fclet 15 m2 &#8211; tervez\u00e9s: patronok &#8211; fel\u00fclet: woodgrain &#8211; szigetel\u00e9s: poliuret\u00e1n &#8211; sz\u00ednek: arany t\u00f6lgy, di\u00f3, s\u00e1r t\u00f6lgy V\u00e1s\u00e1roljon most! F\u00d3KUSZ SZEKCION\u00c1LT GAR\u00c1ZSKAPU [&hellip;]<\/p>\n","protected":false},"featured_media":13590,"template":"","meta":{"_acf_changed":false,"site-sidebar-layout":"default","site-content-layout":"","ast-site-content-layout":"default","site-content-style":"default","site-sidebar-style":"default","ast-global-header-display":"","ast-banner-title-visibility":"","ast-main-header-display":"","ast-hfb-above-header-display":"","ast-hfb-below-header-display":"","ast-hfb-mobile-header-display":"","site-post-title":"","ast-breadcrumbs-content":"","ast-featured-img":"","footer-sml-layout":"","ast-disable-related-posts":"","theme-transparent-header-meta":"","adv-header-id-meta":"","stick-header-meta":"","header-above-stick-meta":"","header-main-stick-meta":"","header-below-stick-meta":"","astra-migrate-meta-layouts":"default","ast-page-background-enabled":"default","ast-page-background-meta":{"desktop":{"background-color":"","background-image":"","background-repeat":"repeat","background-position":"center center","background-size":"auto","background-attachment":"scroll","background-type":"","background-media":"","overlay-type":"","overlay-color":"","overlay-opacity":"","overlay-gradient":""},"tablet":{"background-color":"","background-image":"","background-repeat":"repeat","background-position":"center center","background-size":"auto","background-attachment":"scroll","background-type":"","background-media":"","overlay-type":"","overlay-color":"","overlay-opacity":"","overlay-gradient":""},"mobile":{"background-color":"","background-image":"","background-repeat":"repeat","background-position":"center center","background-size":"auto","background-attachment":"scroll","background-type":"","background-media":"","overlay-type":"","overlay-color":"","overlay-opacity":"","overlay-gradient":""}},"ast-content-background-meta":{"desktop":{"background-color":"var(--ast-global-color-5)","background-image":"","background-repeat":"repeat","background-position":"center center","background-size":"auto","background-attachment":"scroll","background-type":"","background-media":"","overlay-type":"","overlay-color":"","overlay-opacity":"","overlay-gradient":""},"tablet":{"background-color":"var(--ast-global-color-5)","background-image":"","background-repeat":"repeat","background-position":"center center","background-size":"auto","background-attachment":"scroll","background-type":"","background-media":"","overlay-type":"","overlay-color":"","overlay-opacity":"","overlay-gradient":""},"mobile":{"background-color":"var(--ast-global-color-5)","background-image":"","background-repeat":"repeat","background-position":"center center","background-size":"auto","background-attachment":"scroll","background-type":"","background-media":"","overlay-type":"","overlay-color":"","overlay-opacity":"","overlay-gradient":""}}},"product_brand":[],"product_cat":[435,438],"product_tag":[],"class_list":{"0":"post-13589","1":"product","2":"type-product","3":"status-publish","4":"has-post-thumbnail","6":"product_cat-garazskapuk","7":"product_cat-szekcionalt-kapuk","8":"desktop-align-left","9":"tablet-align-left","10":"mobile-align-left","11":"ast-product-gallery-layout-horizontal-slider","12":"ast-product-gallery-with-no-image","13":"ast-product-tabs-layout-horizontal","15":"first","16":"instock","17":"product-type-simple"},"acf":[],"yoast_head":"<!-- This site is optimized with the Yoast SEO Premium plugin v26.2 (Yoast SEO v27.2) - https:\/\/yoast.com\/product\/yoast-seo-premium-wordpress\/ -->\n<title>FOCUS kazett\u00e1s modell - Smartdoor<\/title>\n<meta name=\"description\" content=\"NATUR szekcion\u00e1lt ac\u00e9l gar\u00e1zskapu a fa term\u00e9szetes sz\u00e9ps\u00e9g\u00e9vel, hagyom\u00e1nyos kazett\u00e1s kivitelben. - ac\u00e9lkapu fa ut\u00e1nzat\u00fa fel\u00fclettel\" \/>\n<meta name=\"robots\" content=\"index, follow, max-snippet:-1, max-image-preview:large, max-video-preview:-1\" \/>\n<link rel=\"canonical\" href=\"https:\/\/smartdoor.sk\/hu\/produkt\/kazetta-modell-fokusz-2\/\" \/>\n<meta property=\"og:locale\" content=\"hu_HU\" \/>\n<meta property=\"og:type\" content=\"article\" \/>\n<meta property=\"og:title\" content=\"FOCUS kazett\u00e1s modell\" \/>\n<meta property=\"og:description\" content=\"NATUR szekcion\u00e1lt ac\u00e9l gar\u00e1zskapu a fa term\u00e9szetes sz\u00e9ps\u00e9g\u00e9vel, hagyom\u00e1nyos kazett\u00e1s kivitelben. - ac\u00e9lkapu fa ut\u00e1nzat\u00fa fel\u00fclettel\" \/>\n<meta property=\"og:url\" content=\"https:\/\/smartdoor.sk\/hu\/produkt\/kazetta-modell-fokusz-2\/\" \/>\n<meta property=\"og:site_name\" content=\"Smartdoor\" \/>\n<meta property=\"og:image\" content=\"https:\/\/smartdoor.sk\/wp-content\/uploads\/2021\/03\/GD_NATUR_golden_oak_MR.jpg\" \/>\n\t<meta property=\"og:image:width\" content=\"591\" \/>\n\t<meta property=\"og:image:height\" content=\"551\" \/>\n\t<meta property=\"og:image:type\" content=\"image\/jpeg\" \/>\n<meta name=\"twitter:card\" content=\"summary_large_image\" \/>\n<meta name=\"twitter:label1\" content=\"Becs\u00fclt olvas\u00e1si id\u0151\" \/>\n\t<meta name=\"twitter:data1\" content=\"2 perc\" \/>\n<script type=\"application\/ld+json\" class=\"yoast-schema-graph\">{\"@context\":\"https:\/\/schema.org\",\"@graph\":[{\"@type\":\"WebPage\",\"@id\":\"https:\/\/smartdoor.sk\/hu\/produkt\/kazetta-modell-fokusz-2\/\",\"url\":\"https:\/\/smartdoor.sk\/hu\/produkt\/kazetta-modell-fokusz-2\/\",\"name\":\"FOCUS kazett\u00e1s modell - Smartdoor\",\"isPartOf\":{\"@id\":\"https:\/\/smartdoor.sk\/hu\/#website\"},\"primaryImageOfPage\":{\"@id\":\"https:\/\/smartdoor.sk\/hu\/produkt\/kazetta-modell-fokusz-2\/#primaryimage\"},\"image\":{\"@id\":\"https:\/\/smartdoor.sk\/hu\/produkt\/kazetta-modell-fokusz-2\/#primaryimage\"},\"thumbnailUrl\":\"https:\/\/smartdoor.sk\/wp-content\/uploads\/2021\/03\/GD_NATUR_golden_oak_MR.jpg\",\"datePublished\":\"2024-03-26T13:37:51+00:00\",\"description\":\"NATUR szekcion\u00e1lt ac\u00e9l gar\u00e1zskapu a fa term\u00e9szetes sz\u00e9ps\u00e9g\u00e9vel, hagyom\u00e1nyos kazett\u00e1s kivitelben. - ac\u00e9lkapu fa ut\u00e1nzat\u00fa fel\u00fclettel\",\"breadcrumb\":{\"@id\":\"https:\/\/smartdoor.sk\/hu\/produkt\/kazetta-modell-fokusz-2\/#breadcrumb\"},\"inLanguage\":\"hu\",\"potentialAction\":[{\"@type\":\"ReadAction\",\"target\":[\"https:\/\/smartdoor.sk\/hu\/produkt\/kazetta-modell-fokusz-2\/\"]}]},{\"@type\":\"ImageObject\",\"inLanguage\":\"hu\",\"@id\":\"https:\/\/smartdoor.sk\/hu\/produkt\/kazetta-modell-fokusz-2\/#primaryimage\",\"url\":\"https:\/\/smartdoor.sk\/wp-content\/uploads\/2021\/03\/GD_NATUR_golden_oak_MR.jpg\",\"contentUrl\":\"https:\/\/smartdoor.sk\/wp-content\/uploads\/2021\/03\/GD_NATUR_golden_oak_MR.jpg\",\"width\":591,\"height\":551},{\"@type\":\"BreadcrumbList\",\"@id\":\"https:\/\/smartdoor.sk\/hu\/produkt\/kazetta-modell-fokusz-2\/#breadcrumb\",\"itemListElement\":[{\"@type\":\"ListItem\",\"position\":1,\"name\":\"Domovsk\u00e1 str\u00e1nka\",\"item\":\"https:\/\/smartdoor.sk\/hu\/\"},{\"@type\":\"ListItem\",\"position\":2,\"name\":\"Term\u00e9kek\",\"item\":\"https:\/\/smartdoor.sk\/hu\/termekek\/\"},{\"@type\":\"ListItem\",\"position\":3,\"name\":\"FOCUS kazett\u00e1s modell\"}]},{\"@type\":\"WebSite\",\"@id\":\"https:\/\/smartdoor.sk\/hu\/#website\",\"url\":\"https:\/\/smartdoor.sk\/hu\/\",\"name\":\"Smartdoor\",\"description\":\"M\u00fadre rie\u0161enia pre gar\u00e1\u017eov\u00e9 br\u00e1ny\",\"publisher\":{\"@id\":\"https:\/\/smartdoor.sk\/hu\/#organization\"},\"potentialAction\":[{\"@type\":\"SearchAction\",\"target\":{\"@type\":\"EntryPoint\",\"urlTemplate\":\"https:\/\/smartdoor.sk\/hu\/?s={search_term_string}\"},\"query-input\":{\"@type\":\"PropertyValueSpecification\",\"valueRequired\":true,\"valueName\":\"search_term_string\"}}],\"inLanguage\":\"hu\"},{\"@type\":\"Organization\",\"@id\":\"https:\/\/smartdoor.sk\/hu\/#organization\",\"name\":\"Smartdoor\",\"url\":\"https:\/\/smartdoor.sk\/hu\/\",\"logo\":{\"@type\":\"ImageObject\",\"inLanguage\":\"hu\",\"@id\":\"https:\/\/smartdoor.sk\/hu\/#\/schema\/logo\/image\/\",\"url\":\"https:\/\/smartdoor.sk\/wp-content\/uploads\/2023\/03\/SmartDoorLogo.png\",\"contentUrl\":\"https:\/\/smartdoor.sk\/wp-content\/uploads\/2023\/03\/SmartDoorLogo.png\",\"width\":1500,\"height\":902,\"caption\":\"Smartdoor\"},\"image\":{\"@id\":\"https:\/\/smartdoor.sk\/hu\/#\/schema\/logo\/image\/\"}}]}<\/script>\n<!-- \/ Yoast SEO Premium plugin. -->","yoast_head_json":{"title":"FOCUS kazett\u00e1s modell - Smartdoor","description":"NATUR szekcion\u00e1lt ac\u00e9l gar\u00e1zskapu a fa term\u00e9szetes sz\u00e9ps\u00e9g\u00e9vel, hagyom\u00e1nyos kazett\u00e1s kivitelben. - ac\u00e9lkapu fa ut\u00e1nzat\u00fa fel\u00fclettel","robots":{"index":"index","follow":"follow","max-snippet":"max-snippet:-1","max-image-preview":"max-image-preview:large","max-video-preview":"max-video-preview:-1"},"canonical":"https:\/\/smartdoor.sk\/hu\/produkt\/kazetta-modell-fokusz-2\/","og_locale":"hu_HU","og_type":"article","og_title":"FOCUS kazett\u00e1s modell","og_description":"NATUR szekcion\u00e1lt ac\u00e9l gar\u00e1zskapu a fa term\u00e9szetes sz\u00e9ps\u00e9g\u00e9vel, hagyom\u00e1nyos kazett\u00e1s kivitelben. - ac\u00e9lkapu fa ut\u00e1nzat\u00fa fel\u00fclettel","og_url":"https:\/\/smartdoor.sk\/hu\/produkt\/kazetta-modell-fokusz-2\/","og_site_name":"Smartdoor","og_image":[{"width":591,"height":551,"url":"https:\/\/smartdoor.sk\/wp-content\/uploads\/2021\/03\/GD_NATUR_golden_oak_MR.jpg","type":"image\/jpeg"}],"twitter_card":"summary_large_image","twitter_misc":{"Becs\u00fclt olvas\u00e1si id\u0151":"2 perc"},"schema":{"@context":"https:\/\/schema.org","@graph":[{"@type":"WebPage","@id":"https:\/\/smartdoor.sk\/hu\/produkt\/kazetta-modell-fokusz-2\/","url":"https:\/\/smartdoor.sk\/hu\/produkt\/kazetta-modell-fokusz-2\/","name":"FOCUS kazett\u00e1s modell - Smartdoor","isPartOf":{"@id":"https:\/\/smartdoor.sk\/hu\/#website"},"primaryImageOfPage":{"@id":"https:\/\/smartdoor.sk\/hu\/produkt\/kazetta-modell-fokusz-2\/#primaryimage"},"image":{"@id":"https:\/\/smartdoor.sk\/hu\/produkt\/kazetta-modell-fokusz-2\/#primaryimage"},"thumbnailUrl":"https:\/\/smartdoor.sk\/wp-content\/uploads\/2021\/03\/GD_NATUR_golden_oak_MR.jpg","datePublished":"2024-03-26T13:37:51+00:00","description":"NATUR szekcion\u00e1lt ac\u00e9l gar\u00e1zskapu a fa term\u00e9szetes sz\u00e9ps\u00e9g\u00e9vel, hagyom\u00e1nyos kazett\u00e1s kivitelben. - ac\u00e9lkapu fa ut\u00e1nzat\u00fa fel\u00fclettel","breadcrumb":{"@id":"https:\/\/smartdoor.sk\/hu\/produkt\/kazetta-modell-fokusz-2\/#breadcrumb"},"inLanguage":"hu","potentialAction":[{"@type":"ReadAction","target":["https:\/\/smartdoor.sk\/hu\/produkt\/kazetta-modell-fokusz-2\/"]}]},{"@type":"ImageObject","inLanguage":"hu","@id":"https:\/\/smartdoor.sk\/hu\/produkt\/kazetta-modell-fokusz-2\/#primaryimage","url":"https:\/\/smartdoor.sk\/wp-content\/uploads\/2021\/03\/GD_NATUR_golden_oak_MR.jpg","contentUrl":"https:\/\/smartdoor.sk\/wp-content\/uploads\/2021\/03\/GD_NATUR_golden_oak_MR.jpg","width":591,"height":551},{"@type":"BreadcrumbList","@id":"https:\/\/smartdoor.sk\/hu\/produkt\/kazetta-modell-fokusz-2\/#breadcrumb","itemListElement":[{"@type":"ListItem","position":1,"name":"Domovsk\u00e1 str\u00e1nka","item":"https:\/\/smartdoor.sk\/hu\/"},{"@type":"ListItem","position":2,"name":"Term\u00e9kek","item":"https:\/\/smartdoor.sk\/hu\/termekek\/"},{"@type":"ListItem","position":3,"name":"FOCUS kazett\u00e1s modell"}]},{"@type":"WebSite","@id":"https:\/\/smartdoor.sk\/hu\/#website","url":"https:\/\/smartdoor.sk\/hu\/","name":"Smartdoor","description":"M\u00fadre rie\u0161enia pre gar\u00e1\u017eov\u00e9 br\u00e1ny","publisher":{"@id":"https:\/\/smartdoor.sk\/hu\/#organization"},"potentialAction":[{"@type":"SearchAction","target":{"@type":"EntryPoint","urlTemplate":"https:\/\/smartdoor.sk\/hu\/?s={search_term_string}"},"query-input":{"@type":"PropertyValueSpecification","valueRequired":true,"valueName":"search_term_string"}}],"inLanguage":"hu"},{"@type":"Organization","@id":"https:\/\/smartdoor.sk\/hu\/#organization","name":"Smartdoor","url":"https:\/\/smartdoor.sk\/hu\/","logo":{"@type":"ImageObject","inLanguage":"hu","@id":"https:\/\/smartdoor.sk\/hu\/#\/schema\/logo\/image\/","url":"https:\/\/smartdoor.sk\/wp-content\/uploads\/2023\/03\/SmartDoorLogo.png","contentUrl":"https:\/\/smartdoor.sk\/wp-content\/uploads\/2023\/03\/SmartDoorLogo.png","width":1500,"height":902,"caption":"Smartdoor"},"image":{"@id":"https:\/\/smartdoor.sk\/hu\/#\/schema\/logo\/image\/"}}]}},"_links":{"self":[{"href":"https:\/\/smartdoor.sk\/hu\/wp-json\/wp\/v2\/product\/13589","targetHints":{"allow":["GET"]}}],"collection":[{"href":"https:\/\/smartdoor.sk\/hu\/wp-json\/wp\/v2\/product"}],"about":[{"href":"https:\/\/smartdoor.sk\/hu\/wp-json\/wp\/v2\/types\/product"}],"version-history":[{"count":0,"href":"https:\/\/smartdoor.sk\/hu\/wp-json\/wp\/v2\/product\/13589\/revisions"}],"wp:featuredmedia":[{"embeddable":true,"href":"https:\/\/smartdoor.sk\/hu\/wp-json\/wp\/v2\/media\/13590"}],"wp:attachment":[{"href":"https:\/\/smartdoor.sk\/hu\/wp-json\/wp\/v2\/media?parent=13589"}],"wp:term":[{"taxonomy":"product_brand","embeddable":true,"href":"https:\/\/smartdoor.sk\/hu\/wp-json\/wp\/v2\/product_brand?post=13589"},{"taxonomy":"product_cat","embeddable":true,"href":"https:\/\/smartdoor.sk\/hu\/wp-json\/wp\/v2\/product_cat?post=13589"},{"taxonomy":"product_tag","embeddable":true,"href":"https:\/\/smartdoor.sk\/hu\/wp-json\/wp\/v2\/product_tag?post=13589"}],"curies":[{"name":"wp","href":"https:\/\/api.w.org\/{rel}","templated":true}]}}