{"id":13592,"date":"2020-02-28T18:28:20","date_gmt":"2024-03-26T13:37:51","guid":{"rendered":"https:\/\/www.smartdoor.sk\/produkt\/horony-modell-final\/"},"modified":"2024-03-26T14:52:09","modified_gmt":"2024-03-26T13:52:09","slug":"drazkovy-model-donto-2","status":"publish","type":"product","link":"https:\/\/smartdoor.sk\/hu\/produkt\/drazkovy-model-donto-2\/","title":{"rendered":"horony modell FINAL"},"content":{"rendered":"<p><span style=\"color: #ff0000;\"><strong>SZEKCION\u00c1LT GAR\u00c1ZSKAPU AC\u00c9L V\u00c9GLEGES &#8211; SPECIFIK\u00c1CI\u00d3<\/strong><\/span><\/p>\n<p><span style=\"color: #000000;\"><br \/>\n  <strong>szelv\u00e9nyvastags\u00e1g<\/strong><br \/>\n<\/span>: 40 mm<br \/>\n<span style=\"color: #000000;\"><br \/>\n  <strong>m\u00e9retek<\/strong><br \/>\n<\/span>: max. sz\u00e9less\u00e9g 6000 mm<br \/>\nmax. magass\u00e1g 3000 mm<br \/>\n<span style=\"color: #000000;\"><br \/>\n  <strong>tervez\u00e9s<\/strong><br \/>\n<\/span>: horony<br \/>\n<span style=\"color: #000000;\"><br \/>\n  <strong>fel\u00fclet<\/strong><br \/>\n<\/span>: fadombor\u00edt\u00e1s<br \/>\n<span style=\"color: #000000;\"><br \/>\n  <strong>szigetel\u00e9s<\/strong><br \/>\n<\/span>: poliuret\u00e1n<br \/>\nsz\u00ednek: feh\u00e9r RAL 9010<br \/>\na RAL sz\u00ednsk\u00e1la szerinti egy\u00e9b \u00e1rnyalatok sz\u00ednez\u00e9se fel\u00e1r ellen\u00e9ben lehets\u00e9ges.<\/p>\n<p><a class=\"button\" href=\"http:\/\/smartdoor.sk\/sk\/dopyt\/\">V\u00e1s\u00e1roljon most!<\/a><\/p>\n<hr>\n<hr>\n<p><strong><span style=\"color: #000000;\">SZEKCION\u00c1LT GAR\u00c1ZSKAPU V\u00c9GLEGES<\/span> <\/strong> ac\u00e9l szelv\u00e9nyekb\u0151l \u00e1ll, szigetelt <span style=\"color: #000000;\"><br \/>\n  <strong>poliuret\u00e1n habbal <\/strong><br \/>\n<\/span>Freon tartalom n\u00e9lk\u00fcl. N\u00e9pszer\u0171 design<strong> <span style=\"color: #000000;\">bar\u00e1zda <\/span><\/strong>univerz\u00e1lisan alkalmazhat\u00f3 b\u00e1rmilyen t\u00edpus\u00fa konstrukci\u00f3hoz. A FINAL gar\u00e1zskapu sokoldal\u00faan haszn\u00e1lhat\u00f3 &#8211; a saj\u00e1t gy\u00e1rt\u00e1snak k\u00f6sz\u00f6nhet\u0151en gyakorlatilag b\u00e1rmilyen m\u00e9ret\u0171, s\u0151t atipikus form\u00e1j\u00fa ajt\u00f3 is k\u00e9sz\u00edthet\u0151. Az alap\u00e1rban egy sz\u00edn\u00e1rnyalatot k\u00edn\u00e1lunk, fel\u00e1r ellen\u00e9ben a RAL sz\u00ednsk\u00e1la b\u00e1rmelyik \u00e1rnyalat\u00e1ban sz\u00e1ll\u00edthatjuk az ajt\u00f3t. A fabor\u00edt\u00e1s\u00fa r\u00e9szek fel\u00fclete rendk\u00edv\u00fcl ellen\u00e1ll\u00f3 a kisebb karcol\u00e1sokkal \u00e9s szennyez\u0151d\u00e9sekkel szemben.<span style=\"color: #000000;\">A<span style=\"color: #808080;\"> gar\u00e1zskapu szil\u00e1rds\u00e1g\u00e1t \u00e9s biztons\u00e1g\u00e1t t\u00f6bbek<\/span> k\u00f6z\u00f6tt a <strong>40 mm-es szelv\u00e9nyvastags\u00e1g<\/strong> biztos\u00edtja.<\/span> Az egyes szekci\u00f3k k\u00f6z\u00f6tti illeszt\u00e9sek \u00fagy vannak kialak\u00edtva, hogy a kapu b\u00e1rmilyen ir\u00e1ny\u00fa elmozdul\u00e1sakor a felhaszn\u00e1l\u00f3 ne ker\u00fclj\u00f6n vesz\u00e9lybe. Minden OLYMPS DOOR term\u00e9k rendelkezik a sz\u00fcks\u00e9ges tan\u00fas\u00edtv\u00e1nyokkal, \u00e9s megfelel az el\u0151\u00edrt <span style=\"color: #000000;\"><br \/>\n  <strong>EU biztons\u00e1gi szabv\u00e1nyoknak<\/strong><br \/>\n<\/span>.<\/p>\n<hr>\n<hr>\n<p><span style=\"color: #000000;\"><strong>TELEP\u00cdT\u00c9SI FELT\u00c9TELEK :<\/strong><\/span><br \/>\nA szekcion\u00e1lt gar\u00e1zskapukat a gar\u00e1zs belsej\u00e9ben szerelik fel. A szekcion\u00e1lt kapu be\u00e9p\u00edt\u00e9s\u00e9hez szil\u00e1rd falr\u00f3l vagy szil\u00e1rd szerel\u0151keretr\u0151l kell gondoskodni.<br \/>\nA<strong style=\"color: #000000;\">b\u00e9l\u00e9s <\/strong><span style=\"line-height: 18px;\">el\u0151\u00edrt <\/span><strong style=\"color: #000000;\">sz\u00e9less\u00e9ge <\/strong>az \u00e9p\u00edt\u00e9si ny\u00edl\u00e1s mindk\u00e9t oldal\u00e1n 150 mm. Egy speci\u00e1lis vasalatrendszer (az \u00fagynevezett vezet\u0151s\u00ednek rendszere) seg\u00edts\u00e9g\u00e9vel az ajt\u00f3 az \u00e9p\u00edt\u00e9si ny\u00edl\u00e1s mindk\u00e9t oldal\u00e1n legal\u00e1bb 100 mm-es helyre illeszthet\u0151. Ezt a fajta vezet\u0151s\u00ednt fel\u00e1r ellen\u00e9ben sz\u00e1ll\u00edtjuk.<br \/>\nM\u00e9retek <span style=\"color: #000000;\"><br \/>\n  <strong>a kapuny\u00edl\u00e1s feletti karzat m\u00e9rete<\/strong><br \/>\n<\/span> meg kell felelnie az alkalmazott vasalatmegold\u00e1s valamelyik t\u00edpus\u00e1nak. A szabv\u00e1nyos vasalatok haszn\u00e1lat\u00e1hoz legal\u00e1bb 320 mm-es ford\u00edt\u00e1si magass\u00e1g sz\u00fcks\u00e9ges, ha a kaput hajt\u00e1ssal szerelik fel, vagy legal\u00e1bb 290 mm, ha elektromos hajt\u00e1s n\u00e9lk\u00fcli kaput szerelnek fel. K\u00fcl\u00f6nleges t\u00edpus\u00fa vezet\u0151korl\u00e1tok fel\u00e1r ellen\u00e9ben be\u00e9p\u00edthet\u0151k, elektromos m\u0171k\u00f6dtet\u00e9s\u0171 kapu eset\u00e9n 120 mm-es, elektromos m\u0171k\u00f6dtet\u00e9s n\u00e9lk\u00fcli kapu eset\u00e9n 70 mm-es minim\u00e1lis \u00e1tfed\u00e9si magass\u00e1gig. <a href=\"http:\/\/smartdoor.sk\/sk\/garage-door-repair-sk\/\">A kapuk telep\u00edt\u00e9s\u00e9vel kapcsolatos tov\u00e1bbi inform\u00e1ci\u00f3k\u00e9rt kattintson ide.<\/a><\/p>\n<p><a href=\"https:\/\/branyservis.sk\/\">Az \u00e1ltalunk sz\u00e1ll\u00edtott kapukhoz szervizt \u00e9s p\u00f3talkatr\u00e9szeket biztos\u00edtunk.<\/a><\/p>\n","protected":false},"excerpt":{"rendered":"<p>SZEKCION\u00c1LT GAR\u00c1ZSKAPU AC\u00c9L V\u00c9GLEGES &#8211; SPECIFIK\u00c1CI\u00d3 szelv\u00e9nyvastags\u00e1g : 40 mm m\u00e9retek : max. sz\u00e9less\u00e9g 6000 mm max. magass\u00e1g 3000 mm tervez\u00e9s : horony fel\u00fclet : fadombor\u00edt\u00e1s szigetel\u00e9s : poliuret\u00e1n sz\u00ednek: feh\u00e9r RAL 9010 a RAL sz\u00ednsk\u00e1la szerinti egy\u00e9b \u00e1rnyalatok sz\u00ednez\u00e9se fel\u00e1r ellen\u00e9ben lehets\u00e9ges. V\u00e1s\u00e1roljon most! SZEKCION\u00c1LT GAR\u00c1ZSKAPU V\u00c9GLEGES ac\u00e9l szelv\u00e9nyekb\u0151l \u00e1ll, szigetelt poliuret\u00e1n habbal Freon [&hellip;]<\/p>\n","protected":false},"featured_media":9943,"template":"","meta":{"_acf_changed":false,"site-sidebar-layout":"default","site-content-layout":"","ast-site-content-layout":"default","site-content-style":"default","site-sidebar-style":"default","ast-global-header-display":"","ast-banner-title-visibility":"","ast-main-header-display":"","ast-hfb-above-header-display":"","ast-hfb-below-header-display":"","ast-hfb-mobile-header-display":"","site-post-title":"","ast-breadcrumbs-content":"","ast-featured-img":"","footer-sml-layout":"","ast-disable-related-posts":"","theme-transparent-header-meta":"","adv-header-id-meta":"","stick-header-meta":"","header-above-stick-meta":"","header-main-stick-meta":"","header-below-stick-meta":"","astra-migrate-meta-layouts":"default","ast-page-background-enabled":"default","ast-page-background-meta":{"desktop":{"background-color":"","background-image":"","background-repeat":"repeat","background-position":"center center","background-size":"auto","background-attachment":"scroll","background-type":"","background-media":"","overlay-type":"","overlay-color":"","overlay-opacity":"","overlay-gradient":""},"tablet":{"background-color":"","background-image":"","background-repeat":"repeat","background-position":"center center","background-size":"auto","background-attachment":"scroll","background-type":"","background-media":"","overlay-type":"","overlay-color":"","overlay-opacity":"","overlay-gradient":""},"mobile":{"background-color":"","background-image":"","background-repeat":"repeat","background-position":"center center","background-size":"auto","background-attachment":"scroll","background-type":"","background-media":"","overlay-type":"","overlay-color":"","overlay-opacity":"","overlay-gradient":""}},"ast-content-background-meta":{"desktop":{"background-color":"var(--ast-global-color-5)","background-image":"","background-repeat":"repeat","background-position":"center center","background-size":"auto","background-attachment":"scroll","background-type":"","background-media":"","overlay-type":"","overlay-color":"","overlay-opacity":"","overlay-gradient":""},"tablet":{"background-color":"var(--ast-global-color-5)","background-image":"","background-repeat":"repeat","background-position":"center center","background-size":"auto","background-attachment":"scroll","background-type":"","background-media":"","overlay-type":"","overlay-color":"","overlay-opacity":"","overlay-gradient":""},"mobile":{"background-color":"var(--ast-global-color-5)","background-image":"","background-repeat":"repeat","background-position":"center center","background-size":"auto","background-attachment":"scroll","background-type":"","background-media":"","overlay-type":"","overlay-color":"","overlay-opacity":"","overlay-gradient":""}}},"product_brand":[],"product_cat":[435,438],"product_tag":[],"class_list":{"0":"post-13592","1":"product","2":"type-product","3":"status-publish","4":"has-post-thumbnail","6":"product_cat-garazskapuk","7":"product_cat-szekcionalt-kapuk","8":"desktop-align-left","9":"tablet-align-left","10":"mobile-align-left","11":"ast-product-gallery-layout-horizontal-slider","12":"ast-product-gallery-with-no-image","13":"ast-product-tabs-layout-horizontal","15":"first","16":"instock","17":"product-type-simple"},"acf":[],"yoast_head":"<!-- This site is optimized with the Yoast SEO Premium plugin v26.2 (Yoast SEO v27.2) - https:\/\/yoast.com\/product\/yoast-seo-premium-wordpress\/ -->\n<title>horony modell FINAL - Smartdoor<\/title>\n<meta name=\"description\" content=\"Szekcion\u00e1lt ac\u00e9l gar\u00e1zskapu FINAL \u00faj hornyos kialak\u00edt\u00e1ssal. - ac\u00e9lkapu festett fel\u00fclettel, - szelv\u00e9nyvastags\u00e1g: 40 mm\" \/>\n<meta name=\"robots\" content=\"index, follow, max-snippet:-1, max-image-preview:large, max-video-preview:-1\" \/>\n<link rel=\"canonical\" href=\"https:\/\/smartdoor.sk\/hu\/produkt\/drazkovy-model-donto-2\/\" \/>\n<meta property=\"og:locale\" content=\"hu_HU\" \/>\n<meta property=\"og:type\" content=\"article\" \/>\n<meta property=\"og:title\" content=\"horony modell FINAL\" \/>\n<meta property=\"og:description\" content=\"Szekcion\u00e1lt ac\u00e9l gar\u00e1zskapu FINAL \u00faj hornyos kialak\u00edt\u00e1ssal. - ac\u00e9lkapu festett fel\u00fclettel, - szelv\u00e9nyvastags\u00e1g: 40 mm\" \/>\n<meta property=\"og:url\" content=\"https:\/\/smartdoor.sk\/hu\/produkt\/drazkovy-model-donto-2\/\" \/>\n<meta property=\"og:site_name\" content=\"Smartdoor\" \/>\n<meta property=\"article:modified_time\" content=\"2024-03-26T13:52:09+00:00\" \/>\n<meta property=\"og:image\" content=\"https:\/\/smartdoor.sk\/wp-content\/uploads\/2021\/03\/FINAL.jpg\" \/>\n\t<meta property=\"og:image:width\" content=\"300\" \/>\n\t<meta property=\"og:image:height\" content=\"280\" \/>\n\t<meta property=\"og:image:type\" content=\"image\/jpeg\" \/>\n<meta name=\"twitter:card\" content=\"summary_large_image\" \/>\n<meta name=\"twitter:label1\" content=\"Becs\u00fclt olvas\u00e1si id\u0151\" \/>\n\t<meta name=\"twitter:data1\" content=\"2 perc\" \/>\n<script type=\"application\/ld+json\" class=\"yoast-schema-graph\">{\"@context\":\"https:\/\/schema.org\",\"@graph\":[{\"@type\":\"WebPage\",\"@id\":\"https:\/\/smartdoor.sk\/hu\/produkt\/drazkovy-model-donto-2\/\",\"url\":\"https:\/\/smartdoor.sk\/hu\/produkt\/drazkovy-model-donto-2\/\",\"name\":\"horony modell FINAL - Smartdoor\",\"isPartOf\":{\"@id\":\"https:\/\/smartdoor.sk\/hu\/#website\"},\"primaryImageOfPage\":{\"@id\":\"https:\/\/smartdoor.sk\/hu\/produkt\/drazkovy-model-donto-2\/#primaryimage\"},\"image\":{\"@id\":\"https:\/\/smartdoor.sk\/hu\/produkt\/drazkovy-model-donto-2\/#primaryimage\"},\"thumbnailUrl\":\"https:\/\/smartdoor.sk\/wp-content\/uploads\/2021\/03\/FINAL.jpg\",\"datePublished\":\"2024-03-26T13:37:51+00:00\",\"dateModified\":\"2024-03-26T13:52:09+00:00\",\"description\":\"Szekcion\u00e1lt ac\u00e9l gar\u00e1zskapu FINAL \u00faj hornyos kialak\u00edt\u00e1ssal. - ac\u00e9lkapu festett fel\u00fclettel, - szelv\u00e9nyvastags\u00e1g: 40 mm\",\"breadcrumb\":{\"@id\":\"https:\/\/smartdoor.sk\/hu\/produkt\/drazkovy-model-donto-2\/#breadcrumb\"},\"inLanguage\":\"hu\",\"potentialAction\":[{\"@type\":\"ReadAction\",\"target\":[\"https:\/\/smartdoor.sk\/hu\/produkt\/drazkovy-model-donto-2\/\"]}]},{\"@type\":\"ImageObject\",\"inLanguage\":\"hu\",\"@id\":\"https:\/\/smartdoor.sk\/hu\/produkt\/drazkovy-model-donto-2\/#primaryimage\",\"url\":\"https:\/\/smartdoor.sk\/wp-content\/uploads\/2021\/03\/FINAL.jpg\",\"contentUrl\":\"https:\/\/smartdoor.sk\/wp-content\/uploads\/2021\/03\/FINAL.jpg\",\"width\":300,\"height\":280,\"caption\":\"Sekcion\u00e1lna gar\u00e1\u017eov\u00e1 br\u00e1na oce\u013eov\u00e1 FINAL\"},{\"@type\":\"BreadcrumbList\",\"@id\":\"https:\/\/smartdoor.sk\/hu\/produkt\/drazkovy-model-donto-2\/#breadcrumb\",\"itemListElement\":[{\"@type\":\"ListItem\",\"position\":1,\"name\":\"Domovsk\u00e1 str\u00e1nka\",\"item\":\"https:\/\/smartdoor.sk\/hu\/\"},{\"@type\":\"ListItem\",\"position\":2,\"name\":\"Term\u00e9kek\",\"item\":\"https:\/\/smartdoor.sk\/hu\/termekek\/\"},{\"@type\":\"ListItem\",\"position\":3,\"name\":\"horony modell FINAL\"}]},{\"@type\":\"WebSite\",\"@id\":\"https:\/\/smartdoor.sk\/hu\/#website\",\"url\":\"https:\/\/smartdoor.sk\/hu\/\",\"name\":\"Smartdoor\",\"description\":\"M\u00fadre rie\u0161enia pre gar\u00e1\u017eov\u00e9 br\u00e1ny\",\"publisher\":{\"@id\":\"https:\/\/smartdoor.sk\/hu\/#organization\"},\"potentialAction\":[{\"@type\":\"SearchAction\",\"target\":{\"@type\":\"EntryPoint\",\"urlTemplate\":\"https:\/\/smartdoor.sk\/hu\/?s={search_term_string}\"},\"query-input\":{\"@type\":\"PropertyValueSpecification\",\"valueRequired\":true,\"valueName\":\"search_term_string\"}}],\"inLanguage\":\"hu\"},{\"@type\":\"Organization\",\"@id\":\"https:\/\/smartdoor.sk\/hu\/#organization\",\"name\":\"Smartdoor\",\"url\":\"https:\/\/smartdoor.sk\/hu\/\",\"logo\":{\"@type\":\"ImageObject\",\"inLanguage\":\"hu\",\"@id\":\"https:\/\/smartdoor.sk\/hu\/#\/schema\/logo\/image\/\",\"url\":\"https:\/\/smartdoor.sk\/wp-content\/uploads\/2023\/03\/SmartDoorLogo.png\",\"contentUrl\":\"https:\/\/smartdoor.sk\/wp-content\/uploads\/2023\/03\/SmartDoorLogo.png\",\"width\":1500,\"height\":902,\"caption\":\"Smartdoor\"},\"image\":{\"@id\":\"https:\/\/smartdoor.sk\/hu\/#\/schema\/logo\/image\/\"}}]}<\/script>\n<!-- \/ Yoast SEO Premium plugin. -->","yoast_head_json":{"title":"horony modell FINAL - Smartdoor","description":"Szekcion\u00e1lt ac\u00e9l gar\u00e1zskapu FINAL \u00faj hornyos kialak\u00edt\u00e1ssal. - ac\u00e9lkapu festett fel\u00fclettel, - szelv\u00e9nyvastags\u00e1g: 40 mm","robots":{"index":"index","follow":"follow","max-snippet":"max-snippet:-1","max-image-preview":"max-image-preview:large","max-video-preview":"max-video-preview:-1"},"canonical":"https:\/\/smartdoor.sk\/hu\/produkt\/drazkovy-model-donto-2\/","og_locale":"hu_HU","og_type":"article","og_title":"horony modell FINAL","og_description":"Szekcion\u00e1lt ac\u00e9l gar\u00e1zskapu FINAL \u00faj hornyos kialak\u00edt\u00e1ssal. - ac\u00e9lkapu festett fel\u00fclettel, - szelv\u00e9nyvastags\u00e1g: 40 mm","og_url":"https:\/\/smartdoor.sk\/hu\/produkt\/drazkovy-model-donto-2\/","og_site_name":"Smartdoor","article_modified_time":"2024-03-26T13:52:09+00:00","og_image":[{"width":300,"height":280,"url":"https:\/\/smartdoor.sk\/wp-content\/uploads\/2021\/03\/FINAL.jpg","type":"image\/jpeg"}],"twitter_card":"summary_large_image","twitter_misc":{"Becs\u00fclt olvas\u00e1si id\u0151":"2 perc"},"schema":{"@context":"https:\/\/schema.org","@graph":[{"@type":"WebPage","@id":"https:\/\/smartdoor.sk\/hu\/produkt\/drazkovy-model-donto-2\/","url":"https:\/\/smartdoor.sk\/hu\/produkt\/drazkovy-model-donto-2\/","name":"horony modell FINAL - Smartdoor","isPartOf":{"@id":"https:\/\/smartdoor.sk\/hu\/#website"},"primaryImageOfPage":{"@id":"https:\/\/smartdoor.sk\/hu\/produkt\/drazkovy-model-donto-2\/#primaryimage"},"image":{"@id":"https:\/\/smartdoor.sk\/hu\/produkt\/drazkovy-model-donto-2\/#primaryimage"},"thumbnailUrl":"https:\/\/smartdoor.sk\/wp-content\/uploads\/2021\/03\/FINAL.jpg","datePublished":"2024-03-26T13:37:51+00:00","dateModified":"2024-03-26T13:52:09+00:00","description":"Szekcion\u00e1lt ac\u00e9l gar\u00e1zskapu FINAL \u00faj hornyos kialak\u00edt\u00e1ssal. - ac\u00e9lkapu festett fel\u00fclettel, - szelv\u00e9nyvastags\u00e1g: 40 mm","breadcrumb":{"@id":"https:\/\/smartdoor.sk\/hu\/produkt\/drazkovy-model-donto-2\/#breadcrumb"},"inLanguage":"hu","potentialAction":[{"@type":"ReadAction","target":["https:\/\/smartdoor.sk\/hu\/produkt\/drazkovy-model-donto-2\/"]}]},{"@type":"ImageObject","inLanguage":"hu","@id":"https:\/\/smartdoor.sk\/hu\/produkt\/drazkovy-model-donto-2\/#primaryimage","url":"https:\/\/smartdoor.sk\/wp-content\/uploads\/2021\/03\/FINAL.jpg","contentUrl":"https:\/\/smartdoor.sk\/wp-content\/uploads\/2021\/03\/FINAL.jpg","width":300,"height":280,"caption":"Sekcion\u00e1lna gar\u00e1\u017eov\u00e1 br\u00e1na oce\u013eov\u00e1 FINAL"},{"@type":"BreadcrumbList","@id":"https:\/\/smartdoor.sk\/hu\/produkt\/drazkovy-model-donto-2\/#breadcrumb","itemListElement":[{"@type":"ListItem","position":1,"name":"Domovsk\u00e1 str\u00e1nka","item":"https:\/\/smartdoor.sk\/hu\/"},{"@type":"ListItem","position":2,"name":"Term\u00e9kek","item":"https:\/\/smartdoor.sk\/hu\/termekek\/"},{"@type":"ListItem","position":3,"name":"horony modell FINAL"}]},{"@type":"WebSite","@id":"https:\/\/smartdoor.sk\/hu\/#website","url":"https:\/\/smartdoor.sk\/hu\/","name":"Smartdoor","description":"M\u00fadre rie\u0161enia pre gar\u00e1\u017eov\u00e9 br\u00e1ny","publisher":{"@id":"https:\/\/smartdoor.sk\/hu\/#organization"},"potentialAction":[{"@type":"SearchAction","target":{"@type":"EntryPoint","urlTemplate":"https:\/\/smartdoor.sk\/hu\/?s={search_term_string}"},"query-input":{"@type":"PropertyValueSpecification","valueRequired":true,"valueName":"search_term_string"}}],"inLanguage":"hu"},{"@type":"Organization","@id":"https:\/\/smartdoor.sk\/hu\/#organization","name":"Smartdoor","url":"https:\/\/smartdoor.sk\/hu\/","logo":{"@type":"ImageObject","inLanguage":"hu","@id":"https:\/\/smartdoor.sk\/hu\/#\/schema\/logo\/image\/","url":"https:\/\/smartdoor.sk\/wp-content\/uploads\/2023\/03\/SmartDoorLogo.png","contentUrl":"https:\/\/smartdoor.sk\/wp-content\/uploads\/2023\/03\/SmartDoorLogo.png","width":1500,"height":902,"caption":"Smartdoor"},"image":{"@id":"https:\/\/smartdoor.sk\/hu\/#\/schema\/logo\/image\/"}}]}},"_links":{"self":[{"href":"https:\/\/smartdoor.sk\/hu\/wp-json\/wp\/v2\/product\/13592","targetHints":{"allow":["GET"]}}],"collection":[{"href":"https:\/\/smartdoor.sk\/hu\/wp-json\/wp\/v2\/product"}],"about":[{"href":"https:\/\/smartdoor.sk\/hu\/wp-json\/wp\/v2\/types\/product"}],"version-history":[{"count":1,"href":"https:\/\/smartdoor.sk\/hu\/wp-json\/wp\/v2\/product\/13592\/revisions"}],"predecessor-version":[{"id":13625,"href":"https:\/\/smartdoor.sk\/hu\/wp-json\/wp\/v2\/product\/13592\/revisions\/13625"}],"wp:featuredmedia":[{"embeddable":true,"href":"https:\/\/smartdoor.sk\/hu\/wp-json\/wp\/v2\/media\/9943"}],"wp:attachment":[{"href":"https:\/\/smartdoor.sk\/hu\/wp-json\/wp\/v2\/media?parent=13592"}],"wp:term":[{"taxonomy":"product_brand","embeddable":true,"href":"https:\/\/smartdoor.sk\/hu\/wp-json\/wp\/v2\/product_brand?post=13592"},{"taxonomy":"product_cat","embeddable":true,"href":"https:\/\/smartdoor.sk\/hu\/wp-json\/wp\/v2\/product_cat?post=13592"},{"taxonomy":"product_tag","embeddable":true,"href":"https:\/\/smartdoor.sk\/hu\/wp-json\/wp\/v2\/product_tag?post=13592"}],"curies":[{"name":"wp","href":"https:\/\/api.w.org\/{rel}","templated":true}]}}