{"id":13595,"date":"2020-06-01T15:28:06","date_gmt":"2024-03-26T13:37:53","guid":{"rendered":"https:\/\/www.smartdoor.sk\/produkt\/sima-modell-futur-fa\/"},"modified":"2024-03-26T14:37:53","modified_gmt":"2024-03-26T13:37:53","slug":"smooth-model-futur-wood","status":"publish","type":"product","link":"https:\/\/smartdoor.sk\/hu\/produkt\/smooth-model-futur-wood\/","title":{"rendered":"sima modell FUTUR fa"},"content":{"rendered":"<p><span style=\"color: #ff0000;\"><strong>SZEKCION\u00c1LT GAR\u00c1ZSKAPU FUTUR <\/strong>&#8211; <strong>SPECIFIK\u00c1CI\u00d3:<\/strong><\/span><\/p>\n<p><span style=\"color: #ff0000;\"><span style=\"color: #000000;\"><strong>szelv\u00e9nyvastags\u00e1g<\/strong>:<\/span> <span style=\"color: #808080;\">40 mm<\/span><\/span><br \/>\n<span style=\"color: #000000;\"><strong>m\u00e9retek<\/strong>:<\/span> max. sz\u00e9less\u00e9g 6000 mm<br \/>\nmax. magass\u00e1g 3000 mm<br \/>\n<span style=\"color: #000000;\"><strong>kialak\u00edt\u00e1s<\/strong>:<\/span> sima<br \/>\n<span style=\"color: #000000;\"><strong>fel\u00fclet<\/strong>:<\/span> woodgrain<br \/>\n<span style=\"color: #000000;\"><strong>szigetel\u00e9s<\/strong>:<\/span> poliuret\u00e1n<br \/>\n<span style=\"color: #000000;\">sz\u00ednek: arany t\u00f6lgy, di\u00f3, s\u00e1r t\u00f6lgy<\/span><\/p>\n<p><a class=\"button\" href=\"http:\/\/smartdoor.sk\/sk\/dopyt\/\">V\u00e1s\u00e1roljon most!<\/a><\/p>\n<hr>\n<hr>\n<p><span style=\"color: #000000;\"><br \/>\n  <strong>SZEKCION\u00c1LT GAR\u00c1ZSKAPU FUTUR <\/strong><br \/>\n<\/span>fa ut\u00e1nzat\u00fa fel\u00fclettel ac\u00e9l szelv\u00e9nyekb\u0151l k\u00e9sz\u00fclt, t\u00f6lt\u00f6tt <span style=\"color: #000000;\"><br \/>\n  <strong>poliuret\u00e1n habbal<\/strong><br \/>\n<\/span>amely rendk\u00edv\u00fcl hat\u00e9kony szigetel\u00e9sk\u00e9nt szolg\u00e1l. A n\u00e9pszer\u0171 \u00e9s sz\u00e9les k\u00f6rben elterjedt<strong><span style=\"color: #000000;\">sima szelv\u00e9nyes kialak\u00edt\u00e1s<\/span> <\/strong>sokoldal\u00fa, b\u00e1rmilyen \u00e9p\u00edt\u00e9szeti st\u00edlushoz illeszkedik. A FUTUR gar\u00e1zskapu sz\u00e9lesk\u00f6r\u0171en alkalmazhat\u00f3 az \u00e9p\u00edt\u0151iparban &#8211; a sima szelv\u00e9nyeknek k\u00f6sz\u00f6nhet\u0151en a kapu gyakorlatilag b\u00e1rmilyen m\u00e9retben elk\u00e9sz\u00edthet\u0151, \u00e9s az \u00e9p\u00fcletny\u00edl\u00e1s atipikus form\u00e1ihoz illeszthet\u0151. Az alap\u00e1rban k\u00e9t faanyagut\u00e1nzatot k\u00edn\u00e1lunk &#8211; arany t\u00f6lgy \u00e9s di\u00f3.A Woodgrain kivitel alacsony karbantart\u00e1si ig\u00e9ny\u0171 \u00e9s ellen\u00e1ll a s\u00e9r\u00fcl\u00e9seknek. Standard <span style=\"color: #000000;\"><strong>szelv\u00e9nyvastags\u00e1g 40 mm<\/strong> <\/span>biztos\u00edtja az ajt\u00f3 megfelel\u0151 szil\u00e1rds\u00e1g\u00e1t \u00e9s szigetel\u00e9s\u00e9t. Az egyes szelv\u00e9nyek k\u00f6z\u00f6tti illeszt\u00e9sek \u00fagy vannak kialak\u00edtva, hogy a gar\u00e1zskapu biztons\u00e1gosan haszn\u00e1lhat\u00f3 legyen, \u00e9s megfeleljen az <span style=\"color: #000000;\"><strong>uni\u00f3s biztons\u00e1gi el\u0151\u00edr\u00e1soknak<\/strong><\/span>.<\/p>\n<hr>\n<hr>\n<p><span style=\"color: #000000;\"><strong>TELEP\u00cdT\u00c9SI FELT\u00c9TELEK : <\/strong><\/span><br \/>\nA szekcion\u00e1lt gar\u00e1zskapukat mindig az \u00e9p\u00fclet belsej\u00e9ben szerelik fel. Ha az oldals\u00edneket a gar\u00e1zsny\u00edl\u00e1s ment\u00e9n vezetj\u00fck, a gar\u00e1zs teljes m\u00e9lys\u00e9ge kihaszn\u00e1lhat\u00f3. A szekcion\u00e1lt kapu be\u00e9p\u00edt\u00e9s\u00e9hez szil\u00e1rd falr\u00f3l vagy szil\u00e1rd tart\u00f3szerkezet\u0171 szerel\u0151keretr\u0151l kell gondoskodni.<br \/>\nK\u00f6telez\u0151 <span style=\"color: #000000;\"><br \/>\n  <strong>a b\u00e9l\u00e9s sz\u00e9less\u00e9ge <\/strong><br \/>\n<\/span>az \u00e9p\u00edt\u00e9si ny\u00edl\u00e1s mindk\u00e9t oldal\u00e1n 150 mm, de egy speci\u00e1lis hardveres megold\u00e1si rendszer (bels\u0151 f\u00e9melemek rendszere, az \u00fan. vezet\u0151s\u00ednek) alkalmaz\u00e1sa eset\u00e9n fel\u00e1r ellen\u00e9ben a szerkezeti ny\u00edl\u00e1s mindk\u00e9t oldal\u00e1n legfeljebb 100 mm-es t\u00e1vols\u00e1got lehet elfogadni.<br \/>\nAz \u00e9p\u00fclet \u00f6sszege <span style=\"color: #000000;\"><br \/>\n  <strong>a ny\u00edl\u00e1s feletti karzat<\/strong><br \/>\n<\/span> meg kell felelnie az alkalmazott vezet\u0151p\u00e1lya-kialak\u00edt\u00e1s egyik t\u00edpus\u00e1nak. A szabv\u00e1nyos vezet\u0151s\u00ednekkel t\u00f6rt\u00e9n\u0151 be\u00e9p\u00edt\u00e9shez legal\u00e1bb 320 mm \u00e1tfed\u00e9si magass\u00e1g sz\u00fcks\u00e9ges, ha a kaput hajt\u00e1ssal szerelik fel, vagy legal\u00e1bb 290 mm, ha a kaput hajt\u00e1s n\u00e9lk\u00fcl szerelik fel. Elektromos meghajt\u00e1s\u00fa kapu eset\u00e9n fel\u00e1r ellen\u00e9ben speci\u00e1lis vezet\u0151korl\u00e1tok k\u00e9sz\u00edthet\u0151k 120 mm-es minim\u00e1lis ford\u00edt\u00e1si magass\u00e1gig, elektromos meghajt\u00e1s n\u00e9lk\u00fcli kapu eset\u00e9n pedig 70 mm-ig.  <a href=\"http:\/\/smartdoor.sk\/sk\/garage-door-repair-sk\/\">A kapuk telep\u00edt\u00e9s\u00e9vel kapcsolatos tov\u00e1bbi inform\u00e1ci\u00f3k\u00e9rt kattintson ide.<\/a><\/p>\n<p><a href=\"https:\/\/branyservis.sk\/\">Az \u00e1ltalunk sz\u00e1ll\u00edtott kapukhoz szervizt \u00e9s p\u00f3talkatr\u00e9szeket biztos\u00edtunk.<\/a><\/p>\n<p>&nbsp;<\/p>\n<p>&nbsp;<\/p>\n<p>&nbsp;<\/p>\n","protected":false},"excerpt":{"rendered":"<p>SZEKCION\u00c1LT GAR\u00c1ZSKAPU FUTUR &#8211; SPECIFIK\u00c1CI\u00d3: szelv\u00e9nyvastags\u00e1g: 40 mm m\u00e9retek: max. sz\u00e9less\u00e9g 6000 mm max. magass\u00e1g 3000 mm kialak\u00edt\u00e1s: sima fel\u00fclet: woodgrain szigetel\u00e9s: poliuret\u00e1n sz\u00ednek: arany t\u00f6lgy, di\u00f3, s\u00e1r t\u00f6lgy V\u00e1s\u00e1roljon most! SZEKCION\u00c1LT GAR\u00c1ZSKAPU FUTUR fa ut\u00e1nzat\u00fa fel\u00fclettel ac\u00e9l szelv\u00e9nyekb\u0151l k\u00e9sz\u00fclt, t\u00f6lt\u00f6tt poliuret\u00e1n habbal amely rendk\u00edv\u00fcl hat\u00e9kony szigetel\u00e9sk\u00e9nt szolg\u00e1l. A n\u00e9pszer\u0171 \u00e9s sz\u00e9les k\u00f6rben elterjedtsima szelv\u00e9nyes [&hellip;]<\/p>\n","protected":false},"featured_media":13596,"template":"","meta":{"_acf_changed":false,"site-sidebar-layout":"default","site-content-layout":"","ast-site-content-layout":"default","site-content-style":"default","site-sidebar-style":"default","ast-global-header-display":"","ast-banner-title-visibility":"","ast-main-header-display":"","ast-hfb-above-header-display":"","ast-hfb-below-header-display":"","ast-hfb-mobile-header-display":"","site-post-title":"","ast-breadcrumbs-content":"","ast-featured-img":"","footer-sml-layout":"","ast-disable-related-posts":"","theme-transparent-header-meta":"","adv-header-id-meta":"","stick-header-meta":"","header-above-stick-meta":"","header-main-stick-meta":"","header-below-stick-meta":"","astra-migrate-meta-layouts":"default","ast-page-background-enabled":"default","ast-page-background-meta":{"desktop":{"background-color":"","background-image":"","background-repeat":"repeat","background-position":"center center","background-size":"auto","background-attachment":"scroll","background-type":"","background-media":"","overlay-type":"","overlay-color":"","overlay-opacity":"","overlay-gradient":""},"tablet":{"background-color":"","background-image":"","background-repeat":"repeat","background-position":"center center","background-size":"auto","background-attachment":"scroll","background-type":"","background-media":"","overlay-type":"","overlay-color":"","overlay-opacity":"","overlay-gradient":""},"mobile":{"background-color":"","background-image":"","background-repeat":"repeat","background-position":"center center","background-size":"auto","background-attachment":"scroll","background-type":"","background-media":"","overlay-type":"","overlay-color":"","overlay-opacity":"","overlay-gradient":""}},"ast-content-background-meta":{"desktop":{"background-color":"var(--ast-global-color-5)","background-image":"","background-repeat":"repeat","background-position":"center center","background-size":"auto","background-attachment":"scroll","background-type":"","background-media":"","overlay-type":"","overlay-color":"","overlay-opacity":"","overlay-gradient":""},"tablet":{"background-color":"var(--ast-global-color-5)","background-image":"","background-repeat":"repeat","background-position":"center center","background-size":"auto","background-attachment":"scroll","background-type":"","background-media":"","overlay-type":"","overlay-color":"","overlay-opacity":"","overlay-gradient":""},"mobile":{"background-color":"var(--ast-global-color-5)","background-image":"","background-repeat":"repeat","background-position":"center center","background-size":"auto","background-attachment":"scroll","background-type":"","background-media":"","overlay-type":"","overlay-color":"","overlay-opacity":"","overlay-gradient":""}}},"product_brand":[],"product_cat":[435,438],"product_tag":[],"class_list":{"0":"post-13595","1":"product","2":"type-product","3":"status-publish","4":"has-post-thumbnail","6":"product_cat-garazskapuk","7":"product_cat-szekcionalt-kapuk","8":"desktop-align-left","9":"tablet-align-left","10":"mobile-align-left","11":"ast-product-gallery-layout-horizontal-slider","12":"ast-product-gallery-with-no-image","13":"ast-product-tabs-layout-horizontal","15":"first","16":"instock","17":"product-type-simple"},"acf":[],"yoast_head":"<!-- This site is optimized with the Yoast SEO Premium plugin v26.2 (Yoast SEO v27.2) - https:\/\/yoast.com\/product\/yoast-seo-premium-wordpress\/ -->\n<title>sima modell FUTUR fa - Smartdoor<\/title>\n<meta name=\"description\" content=\"TABUL\u00c1R szekcion\u00e1lt ac\u00e9l gar\u00e1zskapu a fa term\u00e9szetes sz\u00e9ps\u00e9g\u00e9vel, sima kivitelben. - ac\u00e9lkapu fa ut\u00e1nzat\u00fa fel\u00fclettel, - szelv\u00e9nyvastags\u00e1g: 40 mm\" \/>\n<meta name=\"robots\" content=\"index, follow, max-snippet:-1, max-image-preview:large, max-video-preview:-1\" \/>\n<link rel=\"canonical\" href=\"https:\/\/smartdoor.sk\/hu\/produkt\/smooth-model-futur-wood\/\" \/>\n<meta property=\"og:locale\" content=\"hu_HU\" \/>\n<meta property=\"og:type\" content=\"article\" \/>\n<meta property=\"og:title\" content=\"sima modell FUTUR fa\" \/>\n<meta property=\"og:description\" content=\"TABUL\u00c1R szekcion\u00e1lt ac\u00e9l gar\u00e1zskapu a fa term\u00e9szetes sz\u00e9ps\u00e9g\u00e9vel, sima kivitelben. - ac\u00e9lkapu fa ut\u00e1nzat\u00fa fel\u00fclettel, - szelv\u00e9nyvastags\u00e1g: 40 mm\" \/>\n<meta property=\"og:url\" content=\"https:\/\/smartdoor.sk\/hu\/produkt\/smooth-model-futur-wood\/\" \/>\n<meta property=\"og:site_name\" content=\"Smartdoor\" \/>\n<meta property=\"og:image\" content=\"https:\/\/smartdoor.sk\/wp-content\/uploads\/2021\/03\/TABULAR.jpg\" \/>\n\t<meta property=\"og:image:width\" content=\"300\" \/>\n\t<meta property=\"og:image:height\" content=\"280\" \/>\n\t<meta property=\"og:image:type\" content=\"image\/jpeg\" \/>\n<meta name=\"twitter:card\" content=\"summary_large_image\" \/>\n<meta name=\"twitter:label1\" content=\"Becs\u00fclt olvas\u00e1si id\u0151\" \/>\n\t<meta name=\"twitter:data1\" content=\"2 perc\" \/>\n<script type=\"application\/ld+json\" class=\"yoast-schema-graph\">{\"@context\":\"https:\/\/schema.org\",\"@graph\":[{\"@type\":\"WebPage\",\"@id\":\"https:\/\/smartdoor.sk\/hu\/produkt\/smooth-model-futur-wood\/\",\"url\":\"https:\/\/smartdoor.sk\/hu\/produkt\/smooth-model-futur-wood\/\",\"name\":\"sima modell FUTUR fa - Smartdoor\",\"isPartOf\":{\"@id\":\"https:\/\/smartdoor.sk\/hu\/#website\"},\"primaryImageOfPage\":{\"@id\":\"https:\/\/smartdoor.sk\/hu\/produkt\/smooth-model-futur-wood\/#primaryimage\"},\"image\":{\"@id\":\"https:\/\/smartdoor.sk\/hu\/produkt\/smooth-model-futur-wood\/#primaryimage\"},\"thumbnailUrl\":\"https:\/\/smartdoor.sk\/wp-content\/uploads\/2021\/03\/TABULAR.jpg\",\"datePublished\":\"2024-03-26T13:37:53+00:00\",\"description\":\"TABUL\u00c1R szekcion\u00e1lt ac\u00e9l gar\u00e1zskapu a fa term\u00e9szetes sz\u00e9ps\u00e9g\u00e9vel, sima kivitelben. - ac\u00e9lkapu fa ut\u00e1nzat\u00fa fel\u00fclettel, - szelv\u00e9nyvastags\u00e1g: 40 mm\",\"breadcrumb\":{\"@id\":\"https:\/\/smartdoor.sk\/hu\/produkt\/smooth-model-futur-wood\/#breadcrumb\"},\"inLanguage\":\"hu\",\"potentialAction\":[{\"@type\":\"ReadAction\",\"target\":[\"https:\/\/smartdoor.sk\/hu\/produkt\/smooth-model-futur-wood\/\"]}]},{\"@type\":\"ImageObject\",\"inLanguage\":\"hu\",\"@id\":\"https:\/\/smartdoor.sk\/hu\/produkt\/smooth-model-futur-wood\/#primaryimage\",\"url\":\"https:\/\/smartdoor.sk\/wp-content\/uploads\/2021\/03\/TABULAR.jpg\",\"contentUrl\":\"https:\/\/smartdoor.sk\/wp-content\/uploads\/2021\/03\/TABULAR.jpg\",\"width\":300,\"height\":280},{\"@type\":\"BreadcrumbList\",\"@id\":\"https:\/\/smartdoor.sk\/hu\/produkt\/smooth-model-futur-wood\/#breadcrumb\",\"itemListElement\":[{\"@type\":\"ListItem\",\"position\":1,\"name\":\"Domovsk\u00e1 str\u00e1nka\",\"item\":\"https:\/\/smartdoor.sk\/hu\/\"},{\"@type\":\"ListItem\",\"position\":2,\"name\":\"Term\u00e9kek\",\"item\":\"https:\/\/smartdoor.sk\/hu\/termekek\/\"},{\"@type\":\"ListItem\",\"position\":3,\"name\":\"sima modell FUTUR fa\"}]},{\"@type\":\"WebSite\",\"@id\":\"https:\/\/smartdoor.sk\/hu\/#website\",\"url\":\"https:\/\/smartdoor.sk\/hu\/\",\"name\":\"Smartdoor\",\"description\":\"M\u00fadre rie\u0161enia pre gar\u00e1\u017eov\u00e9 br\u00e1ny\",\"publisher\":{\"@id\":\"https:\/\/smartdoor.sk\/hu\/#organization\"},\"potentialAction\":[{\"@type\":\"SearchAction\",\"target\":{\"@type\":\"EntryPoint\",\"urlTemplate\":\"https:\/\/smartdoor.sk\/hu\/?s={search_term_string}\"},\"query-input\":{\"@type\":\"PropertyValueSpecification\",\"valueRequired\":true,\"valueName\":\"search_term_string\"}}],\"inLanguage\":\"hu\"},{\"@type\":\"Organization\",\"@id\":\"https:\/\/smartdoor.sk\/hu\/#organization\",\"name\":\"Smartdoor\",\"url\":\"https:\/\/smartdoor.sk\/hu\/\",\"logo\":{\"@type\":\"ImageObject\",\"inLanguage\":\"hu\",\"@id\":\"https:\/\/smartdoor.sk\/hu\/#\/schema\/logo\/image\/\",\"url\":\"https:\/\/smartdoor.sk\/wp-content\/uploads\/2023\/03\/SmartDoorLogo.png\",\"contentUrl\":\"https:\/\/smartdoor.sk\/wp-content\/uploads\/2023\/03\/SmartDoorLogo.png\",\"width\":1500,\"height\":902,\"caption\":\"Smartdoor\"},\"image\":{\"@id\":\"https:\/\/smartdoor.sk\/hu\/#\/schema\/logo\/image\/\"}}]}<\/script>\n<!-- \/ Yoast SEO Premium plugin. -->","yoast_head_json":{"title":"sima modell FUTUR fa - Smartdoor","description":"TABUL\u00c1R szekcion\u00e1lt ac\u00e9l gar\u00e1zskapu a fa term\u00e9szetes sz\u00e9ps\u00e9g\u00e9vel, sima kivitelben. - ac\u00e9lkapu fa ut\u00e1nzat\u00fa fel\u00fclettel, - szelv\u00e9nyvastags\u00e1g: 40 mm","robots":{"index":"index","follow":"follow","max-snippet":"max-snippet:-1","max-image-preview":"max-image-preview:large","max-video-preview":"max-video-preview:-1"},"canonical":"https:\/\/smartdoor.sk\/hu\/produkt\/smooth-model-futur-wood\/","og_locale":"hu_HU","og_type":"article","og_title":"sima modell FUTUR fa","og_description":"TABUL\u00c1R szekcion\u00e1lt ac\u00e9l gar\u00e1zskapu a fa term\u00e9szetes sz\u00e9ps\u00e9g\u00e9vel, sima kivitelben. - ac\u00e9lkapu fa ut\u00e1nzat\u00fa fel\u00fclettel, - szelv\u00e9nyvastags\u00e1g: 40 mm","og_url":"https:\/\/smartdoor.sk\/hu\/produkt\/smooth-model-futur-wood\/","og_site_name":"Smartdoor","og_image":[{"width":300,"height":280,"url":"https:\/\/smartdoor.sk\/wp-content\/uploads\/2021\/03\/TABULAR.jpg","type":"image\/jpeg"}],"twitter_card":"summary_large_image","twitter_misc":{"Becs\u00fclt olvas\u00e1si id\u0151":"2 perc"},"schema":{"@context":"https:\/\/schema.org","@graph":[{"@type":"WebPage","@id":"https:\/\/smartdoor.sk\/hu\/produkt\/smooth-model-futur-wood\/","url":"https:\/\/smartdoor.sk\/hu\/produkt\/smooth-model-futur-wood\/","name":"sima modell FUTUR fa - Smartdoor","isPartOf":{"@id":"https:\/\/smartdoor.sk\/hu\/#website"},"primaryImageOfPage":{"@id":"https:\/\/smartdoor.sk\/hu\/produkt\/smooth-model-futur-wood\/#primaryimage"},"image":{"@id":"https:\/\/smartdoor.sk\/hu\/produkt\/smooth-model-futur-wood\/#primaryimage"},"thumbnailUrl":"https:\/\/smartdoor.sk\/wp-content\/uploads\/2021\/03\/TABULAR.jpg","datePublished":"2024-03-26T13:37:53+00:00","description":"TABUL\u00c1R szekcion\u00e1lt ac\u00e9l gar\u00e1zskapu a fa term\u00e9szetes sz\u00e9ps\u00e9g\u00e9vel, sima kivitelben. - ac\u00e9lkapu fa ut\u00e1nzat\u00fa fel\u00fclettel, - szelv\u00e9nyvastags\u00e1g: 40 mm","breadcrumb":{"@id":"https:\/\/smartdoor.sk\/hu\/produkt\/smooth-model-futur-wood\/#breadcrumb"},"inLanguage":"hu","potentialAction":[{"@type":"ReadAction","target":["https:\/\/smartdoor.sk\/hu\/produkt\/smooth-model-futur-wood\/"]}]},{"@type":"ImageObject","inLanguage":"hu","@id":"https:\/\/smartdoor.sk\/hu\/produkt\/smooth-model-futur-wood\/#primaryimage","url":"https:\/\/smartdoor.sk\/wp-content\/uploads\/2021\/03\/TABULAR.jpg","contentUrl":"https:\/\/smartdoor.sk\/wp-content\/uploads\/2021\/03\/TABULAR.jpg","width":300,"height":280},{"@type":"BreadcrumbList","@id":"https:\/\/smartdoor.sk\/hu\/produkt\/smooth-model-futur-wood\/#breadcrumb","itemListElement":[{"@type":"ListItem","position":1,"name":"Domovsk\u00e1 str\u00e1nka","item":"https:\/\/smartdoor.sk\/hu\/"},{"@type":"ListItem","position":2,"name":"Term\u00e9kek","item":"https:\/\/smartdoor.sk\/hu\/termekek\/"},{"@type":"ListItem","position":3,"name":"sima modell FUTUR fa"}]},{"@type":"WebSite","@id":"https:\/\/smartdoor.sk\/hu\/#website","url":"https:\/\/smartdoor.sk\/hu\/","name":"Smartdoor","description":"M\u00fadre rie\u0161enia pre gar\u00e1\u017eov\u00e9 br\u00e1ny","publisher":{"@id":"https:\/\/smartdoor.sk\/hu\/#organization"},"potentialAction":[{"@type":"SearchAction","target":{"@type":"EntryPoint","urlTemplate":"https:\/\/smartdoor.sk\/hu\/?s={search_term_string}"},"query-input":{"@type":"PropertyValueSpecification","valueRequired":true,"valueName":"search_term_string"}}],"inLanguage":"hu"},{"@type":"Organization","@id":"https:\/\/smartdoor.sk\/hu\/#organization","name":"Smartdoor","url":"https:\/\/smartdoor.sk\/hu\/","logo":{"@type":"ImageObject","inLanguage":"hu","@id":"https:\/\/smartdoor.sk\/hu\/#\/schema\/logo\/image\/","url":"https:\/\/smartdoor.sk\/wp-content\/uploads\/2023\/03\/SmartDoorLogo.png","contentUrl":"https:\/\/smartdoor.sk\/wp-content\/uploads\/2023\/03\/SmartDoorLogo.png","width":1500,"height":902,"caption":"Smartdoor"},"image":{"@id":"https:\/\/smartdoor.sk\/hu\/#\/schema\/logo\/image\/"}}]}},"_links":{"self":[{"href":"https:\/\/smartdoor.sk\/hu\/wp-json\/wp\/v2\/product\/13595","targetHints":{"allow":["GET"]}}],"collection":[{"href":"https:\/\/smartdoor.sk\/hu\/wp-json\/wp\/v2\/product"}],"about":[{"href":"https:\/\/smartdoor.sk\/hu\/wp-json\/wp\/v2\/types\/product"}],"version-history":[{"count":0,"href":"https:\/\/smartdoor.sk\/hu\/wp-json\/wp\/v2\/product\/13595\/revisions"}],"wp:featuredmedia":[{"embeddable":true,"href":"https:\/\/smartdoor.sk\/hu\/wp-json\/wp\/v2\/media\/13596"}],"wp:attachment":[{"href":"https:\/\/smartdoor.sk\/hu\/wp-json\/wp\/v2\/media?parent=13595"}],"wp:term":[{"taxonomy":"product_brand","embeddable":true,"href":"https:\/\/smartdoor.sk\/hu\/wp-json\/wp\/v2\/product_brand?post=13595"},{"taxonomy":"product_cat","embeddable":true,"href":"https:\/\/smartdoor.sk\/hu\/wp-json\/wp\/v2\/product_cat?post=13595"},{"taxonomy":"product_tag","embeddable":true,"href":"https:\/\/smartdoor.sk\/hu\/wp-json\/wp\/v2\/product_tag?post=13595"}],"curies":[{"name":"wp","href":"https:\/\/api.w.org\/{rel}","templated":true}]}}