{"id":13610,"date":"2017-04-03T13:20:49","date_gmt":"2024-03-26T13:37:58","guid":{"rendered":"https:\/\/www.smartdoor.sk\/produkt\/tx4evs\/"},"modified":"2024-03-26T14:37:58","modified_gmt":"2024-03-26T13:37:58","slug":"tx4evs","status":"publish","type":"product","link":"https:\/\/smartdoor.sk\/hu\/produkt\/tx4evs\/","title":{"rendered":"TX4EVS"},"content":{"rendered":"<p>Az \u00faj TX4EVS t\u00e1vir\u00e1ny\u00edt\u00f3 az \u00faj Evolution term\u00e9kcsal\u00e1d egyik legszembet\u0171n\u0151bb tervez\u00e9si jellemz\u0151je. A matt fekete sz\u00edn egy nagyon eleg\u00e1ns \u00e9kszer, amelyet b\u00fcszk\u00e9n viselhetsz a kulcstart\u00f3n l\u00f3gva.<br \/>\nA cs\u00fasz\u00f3fed\u00e9l megakad\u00e1lyozza a v\u00e9letlen haszn\u00e1latot. A forradalmian \u00faj tartoz\u00e9k jellemz\u0151i: be\u00e9p\u00edtett MyQ technol\u00f3gia az internetkapcsolathoz, amely lehet\u0151v\u00e9 teszi a h\u00e1zban vagy a h\u00e1z k\u00f6r\u00fcl l\u00e9v\u0151 gar\u00e1zskapu nyit\u00f3k fel\u00fcgyelet\u00e9t \u00e9s vez\u00e9rl\u00e9s\u00e9t a vil\u00e1g b\u00e1rmely pontj\u00e1r\u00f3l okostelefon vagy sz\u00e1m\u00edt\u00f3g\u00e9p seg\u00edts\u00e9g\u00e9vel. K\u00e9tir\u00e1ny\u00fa kommunik\u00e1ci\u00f3s rendszert haszn\u00e1l.<br \/>\nEgyszer\u0171 \u00e9s gyors telep\u00edt\u00e9s az otthoni routeren kereszt\u00fcl. Nincs \u00e9ves aktiv\u00e1l\u00e1si d\u00edj.<br \/>\nKompatibilis a k\u00f6vetkez\u0151 LiftMaster term\u00e9kekkel: LiftMaster Evolution gar\u00e1zskapu nyit\u00f3k (LM60EVS, LM80EVS, LM100EVS, LM130EVS). Az aktiv\u00e1lt myQ technol\u00f3gia lehet\u0151v\u00e9 teszi ak\u00e1r n\u00e9gy gar\u00e1zskapu fel\u00fcgyelet\u00e9t \u00e9s bez\u00e1r\u00e1s\u00e1t a h\u00e1z b\u00e1rmely helyis\u00e9g\u00e9b\u0151l. Hangjelz\u00e9s \u00e1ll\u00edthat\u00f3 hanger\u0151vel gar\u00e1zskapu nyit\u00e1sakor. Gyors \u00e9s egyszer\u0171 telep\u00edt\u00e9s. Kompatibilis a LiftMaster Evolution gar\u00e1zskapu nyit\u00f3kkal (LM60EVS, LM80EVS, LM100EVS, LM130EVS).<br \/>\n4 csatorn\u00e1s 868 MHz-es t\u00e1vir\u00e1ny\u00edt\u00f3 v\u00e1ltoz\u00f3 k\u00f3ddal.<\/p>\n","protected":false},"excerpt":{"rendered":"<p>Az \u00faj TX4EVS t\u00e1vir\u00e1ny\u00edt\u00f3 az \u00faj Evolution term\u00e9kcsal\u00e1d egyik legszembet\u0171n\u0151bb tervez\u00e9si jellemz\u0151je. A matt fekete sz\u00edn egy nagyon eleg\u00e1ns \u00e9kszer, amelyet b\u00fcszk\u00e9n viselhetsz a kulcstart\u00f3n l\u00f3gva. A cs\u00fasz\u00f3fed\u00e9l megakad\u00e1lyozza a v\u00e9letlen haszn\u00e1latot. A forradalmian \u00faj tartoz\u00e9k jellemz\u0151i: be\u00e9p\u00edtett MyQ technol\u00f3gia az internetkapcsolathoz, amely lehet\u0151v\u00e9 teszi a h\u00e1zban vagy a h\u00e1z k\u00f6r\u00fcl l\u00e9v\u0151 gar\u00e1zskapu nyit\u00f3k fel\u00fcgyelet\u00e9t [&hellip;]<\/p>\n","protected":false},"featured_media":13611,"template":"","meta":{"_acf_changed":false,"site-sidebar-layout":"default","site-content-layout":"default","ast-site-content-layout":"default","site-content-style":"default","site-sidebar-style":"default","ast-global-header-display":"","ast-banner-title-visibility":"","ast-main-header-display":"","ast-hfb-above-header-display":"","ast-hfb-below-header-display":"","ast-hfb-mobile-header-display":"","site-post-title":"","ast-breadcrumbs-content":"","ast-featured-img":"","footer-sml-layout":"","ast-disable-related-posts":"","theme-transparent-header-meta":"default","adv-header-id-meta":"","stick-header-meta":"default","header-above-stick-meta":"","header-main-stick-meta":"","header-below-stick-meta":"","astra-migrate-meta-layouts":"default","ast-page-background-enabled":"default","ast-page-background-meta":{"desktop":{"background-color":"","background-image":"","background-repeat":"repeat","background-position":"center center","background-size":"auto","background-attachment":"scroll","background-type":"","background-media":"","overlay-type":"","overlay-color":"","overlay-opacity":"","overlay-gradient":""},"tablet":{"background-color":"","background-image":"","background-repeat":"repeat","background-position":"center center","background-size":"auto","background-attachment":"scroll","background-type":"","background-media":"","overlay-type":"","overlay-color":"","overlay-opacity":"","overlay-gradient":""},"mobile":{"background-color":"","background-image":"","background-repeat":"repeat","background-position":"center center","background-size":"auto","background-attachment":"scroll","background-type":"","background-media":"","overlay-type":"","overlay-color":"","overlay-opacity":"","overlay-gradient":""}},"ast-content-background-meta":{"desktop":{"background-color":"var(--ast-global-color-5)","background-image":"","background-repeat":"repeat","background-position":"center center","background-size":"auto","background-attachment":"scroll","background-type":"","background-media":"","overlay-type":"","overlay-color":"","overlay-opacity":"","overlay-gradient":""},"tablet":{"background-color":"var(--ast-global-color-5)","background-image":"","background-repeat":"repeat","background-position":"center center","background-size":"auto","background-attachment":"scroll","background-type":"","background-media":"","overlay-type":"","overlay-color":"","overlay-opacity":"","overlay-gradient":""},"mobile":{"background-color":"var(--ast-global-color-5)","background-image":"","background-repeat":"repeat","background-position":"center center","background-size":"auto","background-attachment":"scroll","background-type":"","background-media":"","overlay-type":"","overlay-color":"","overlay-opacity":"","overlay-gradient":""}}},"product_brand":[],"product_cat":[419,420],"product_tag":[],"class_list":{"0":"post-13610","1":"product","2":"type-product","3":"status-publish","4":"has-post-thumbnail","6":"product_cat-lift-master-hu","7":"product_cat-taviranyitok","8":"desktop-align-left","9":"tablet-align-left","10":"mobile-align-left","11":"ast-product-gallery-layout-horizontal-slider","12":"ast-product-gallery-with-no-image","13":"ast-product-tabs-layout-horizontal","15":"first","16":"instock","17":"product-type-simple"},"acf":[],"yoast_head":"<!-- This site is optimized with the Yoast SEO Premium plugin v26.2 (Yoast SEO v27.2) - https:\/\/yoast.com\/product\/yoast-seo-premium-wordpress\/ -->\n<title>TX4EVS - Smartdoor<\/title>\n<meta name=\"description\" content=\"LiftMaster TX4EVS t\u00e1vir\u00e1ny\u00edt\u00f3. 4 csatorn\u00e1s t\u00e1vir\u00e1ny\u00edt\u00f3 v\u00e1ltoz\u00f3 k\u00f3ddal.\" \/>\n<meta name=\"robots\" content=\"index, follow, max-snippet:-1, max-image-preview:large, max-video-preview:-1\" \/>\n<link rel=\"canonical\" href=\"https:\/\/smartdoor.sk\/hu\/produkt\/tx4evs\/\" \/>\n<meta property=\"og:locale\" content=\"hu_HU\" \/>\n<meta property=\"og:type\" content=\"article\" \/>\n<meta property=\"og:title\" content=\"TX4EVS\" \/>\n<meta property=\"og:description\" content=\"LiftMaster TX4EVS t\u00e1vir\u00e1ny\u00edt\u00f3. 4 csatorn\u00e1s t\u00e1vir\u00e1ny\u00edt\u00f3 v\u00e1ltoz\u00f3 k\u00f3ddal.\" \/>\n<meta property=\"og:url\" content=\"https:\/\/smartdoor.sk\/hu\/produkt\/tx4evs\/\" \/>\n<meta property=\"og:site_name\" content=\"Smartdoor\" \/>\n<meta property=\"og:image\" content=\"https:\/\/smartdoor.sk\/wp-content\/uploads\/2017\/04\/TX4EVS.png\" \/>\n\t<meta property=\"og:image:width\" content=\"800\" \/>\n\t<meta property=\"og:image:height\" content=\"512\" \/>\n\t<meta property=\"og:image:type\" content=\"image\/png\" \/>\n<meta name=\"twitter:card\" content=\"summary_large_image\" \/>\n<meta name=\"twitter:label1\" content=\"Becs\u00fclt olvas\u00e1si id\u0151\" \/>\n\t<meta name=\"twitter:data1\" content=\"1 perc\" \/>\n<script type=\"application\/ld+json\" class=\"yoast-schema-graph\">{\"@context\":\"https:\/\/schema.org\",\"@graph\":[{\"@type\":\"WebPage\",\"@id\":\"https:\/\/smartdoor.sk\/hu\/produkt\/tx4evs\/\",\"url\":\"https:\/\/smartdoor.sk\/hu\/produkt\/tx4evs\/\",\"name\":\"TX4EVS - Smartdoor\",\"isPartOf\":{\"@id\":\"https:\/\/smartdoor.sk\/hu\/#website\"},\"primaryImageOfPage\":{\"@id\":\"https:\/\/smartdoor.sk\/hu\/produkt\/tx4evs\/#primaryimage\"},\"image\":{\"@id\":\"https:\/\/smartdoor.sk\/hu\/produkt\/tx4evs\/#primaryimage\"},\"thumbnailUrl\":\"https:\/\/smartdoor.sk\/wp-content\/uploads\/2017\/04\/TX4EVS.png\",\"datePublished\":\"2024-03-26T13:37:58+00:00\",\"description\":\"LiftMaster TX4EVS t\u00e1vir\u00e1ny\u00edt\u00f3. 4 csatorn\u00e1s t\u00e1vir\u00e1ny\u00edt\u00f3 v\u00e1ltoz\u00f3 k\u00f3ddal.\",\"breadcrumb\":{\"@id\":\"https:\/\/smartdoor.sk\/hu\/produkt\/tx4evs\/#breadcrumb\"},\"inLanguage\":\"hu\",\"potentialAction\":[{\"@type\":\"ReadAction\",\"target\":[\"https:\/\/smartdoor.sk\/hu\/produkt\/tx4evs\/\"]}]},{\"@type\":\"ImageObject\",\"inLanguage\":\"hu\",\"@id\":\"https:\/\/smartdoor.sk\/hu\/produkt\/tx4evs\/#primaryimage\",\"url\":\"https:\/\/smartdoor.sk\/wp-content\/uploads\/2017\/04\/TX4EVS.png\",\"contentUrl\":\"https:\/\/smartdoor.sk\/wp-content\/uploads\/2017\/04\/TX4EVS.png\",\"width\":800,\"height\":512},{\"@type\":\"BreadcrumbList\",\"@id\":\"https:\/\/smartdoor.sk\/hu\/produkt\/tx4evs\/#breadcrumb\",\"itemListElement\":[{\"@type\":\"ListItem\",\"position\":1,\"name\":\"Domovsk\u00e1 str\u00e1nka\",\"item\":\"https:\/\/smartdoor.sk\/hu\/\"},{\"@type\":\"ListItem\",\"position\":2,\"name\":\"Term\u00e9kek\",\"item\":\"https:\/\/smartdoor.sk\/hu\/termekek\/\"},{\"@type\":\"ListItem\",\"position\":3,\"name\":\"TX4EVS\"}]},{\"@type\":\"WebSite\",\"@id\":\"https:\/\/smartdoor.sk\/hu\/#website\",\"url\":\"https:\/\/smartdoor.sk\/hu\/\",\"name\":\"Smartdoor\",\"description\":\"M\u00fadre rie\u0161enia pre gar\u00e1\u017eov\u00e9 br\u00e1ny\",\"publisher\":{\"@id\":\"https:\/\/smartdoor.sk\/hu\/#organization\"},\"potentialAction\":[{\"@type\":\"SearchAction\",\"target\":{\"@type\":\"EntryPoint\",\"urlTemplate\":\"https:\/\/smartdoor.sk\/hu\/?s={search_term_string}\"},\"query-input\":{\"@type\":\"PropertyValueSpecification\",\"valueRequired\":true,\"valueName\":\"search_term_string\"}}],\"inLanguage\":\"hu\"},{\"@type\":\"Organization\",\"@id\":\"https:\/\/smartdoor.sk\/hu\/#organization\",\"name\":\"Smartdoor\",\"url\":\"https:\/\/smartdoor.sk\/hu\/\",\"logo\":{\"@type\":\"ImageObject\",\"inLanguage\":\"hu\",\"@id\":\"https:\/\/smartdoor.sk\/hu\/#\/schema\/logo\/image\/\",\"url\":\"https:\/\/smartdoor.sk\/wp-content\/uploads\/2023\/03\/SmartDoorLogo.png\",\"contentUrl\":\"https:\/\/smartdoor.sk\/wp-content\/uploads\/2023\/03\/SmartDoorLogo.png\",\"width\":1500,\"height\":902,\"caption\":\"Smartdoor\"},\"image\":{\"@id\":\"https:\/\/smartdoor.sk\/hu\/#\/schema\/logo\/image\/\"}}]}<\/script>\n<!-- \/ Yoast SEO Premium plugin. -->","yoast_head_json":{"title":"TX4EVS - Smartdoor","description":"LiftMaster TX4EVS t\u00e1vir\u00e1ny\u00edt\u00f3. 4 csatorn\u00e1s t\u00e1vir\u00e1ny\u00edt\u00f3 v\u00e1ltoz\u00f3 k\u00f3ddal.","robots":{"index":"index","follow":"follow","max-snippet":"max-snippet:-1","max-image-preview":"max-image-preview:large","max-video-preview":"max-video-preview:-1"},"canonical":"https:\/\/smartdoor.sk\/hu\/produkt\/tx4evs\/","og_locale":"hu_HU","og_type":"article","og_title":"TX4EVS","og_description":"LiftMaster TX4EVS t\u00e1vir\u00e1ny\u00edt\u00f3. 4 csatorn\u00e1s t\u00e1vir\u00e1ny\u00edt\u00f3 v\u00e1ltoz\u00f3 k\u00f3ddal.","og_url":"https:\/\/smartdoor.sk\/hu\/produkt\/tx4evs\/","og_site_name":"Smartdoor","og_image":[{"width":800,"height":512,"url":"https:\/\/smartdoor.sk\/wp-content\/uploads\/2017\/04\/TX4EVS.png","type":"image\/png"}],"twitter_card":"summary_large_image","twitter_misc":{"Becs\u00fclt olvas\u00e1si id\u0151":"1 perc"},"schema":{"@context":"https:\/\/schema.org","@graph":[{"@type":"WebPage","@id":"https:\/\/smartdoor.sk\/hu\/produkt\/tx4evs\/","url":"https:\/\/smartdoor.sk\/hu\/produkt\/tx4evs\/","name":"TX4EVS - Smartdoor","isPartOf":{"@id":"https:\/\/smartdoor.sk\/hu\/#website"},"primaryImageOfPage":{"@id":"https:\/\/smartdoor.sk\/hu\/produkt\/tx4evs\/#primaryimage"},"image":{"@id":"https:\/\/smartdoor.sk\/hu\/produkt\/tx4evs\/#primaryimage"},"thumbnailUrl":"https:\/\/smartdoor.sk\/wp-content\/uploads\/2017\/04\/TX4EVS.png","datePublished":"2024-03-26T13:37:58+00:00","description":"LiftMaster TX4EVS t\u00e1vir\u00e1ny\u00edt\u00f3. 4 csatorn\u00e1s t\u00e1vir\u00e1ny\u00edt\u00f3 v\u00e1ltoz\u00f3 k\u00f3ddal.","breadcrumb":{"@id":"https:\/\/smartdoor.sk\/hu\/produkt\/tx4evs\/#breadcrumb"},"inLanguage":"hu","potentialAction":[{"@type":"ReadAction","target":["https:\/\/smartdoor.sk\/hu\/produkt\/tx4evs\/"]}]},{"@type":"ImageObject","inLanguage":"hu","@id":"https:\/\/smartdoor.sk\/hu\/produkt\/tx4evs\/#primaryimage","url":"https:\/\/smartdoor.sk\/wp-content\/uploads\/2017\/04\/TX4EVS.png","contentUrl":"https:\/\/smartdoor.sk\/wp-content\/uploads\/2017\/04\/TX4EVS.png","width":800,"height":512},{"@type":"BreadcrumbList","@id":"https:\/\/smartdoor.sk\/hu\/produkt\/tx4evs\/#breadcrumb","itemListElement":[{"@type":"ListItem","position":1,"name":"Domovsk\u00e1 str\u00e1nka","item":"https:\/\/smartdoor.sk\/hu\/"},{"@type":"ListItem","position":2,"name":"Term\u00e9kek","item":"https:\/\/smartdoor.sk\/hu\/termekek\/"},{"@type":"ListItem","position":3,"name":"TX4EVS"}]},{"@type":"WebSite","@id":"https:\/\/smartdoor.sk\/hu\/#website","url":"https:\/\/smartdoor.sk\/hu\/","name":"Smartdoor","description":"M\u00fadre rie\u0161enia pre gar\u00e1\u017eov\u00e9 br\u00e1ny","publisher":{"@id":"https:\/\/smartdoor.sk\/hu\/#organization"},"potentialAction":[{"@type":"SearchAction","target":{"@type":"EntryPoint","urlTemplate":"https:\/\/smartdoor.sk\/hu\/?s={search_term_string}"},"query-input":{"@type":"PropertyValueSpecification","valueRequired":true,"valueName":"search_term_string"}}],"inLanguage":"hu"},{"@type":"Organization","@id":"https:\/\/smartdoor.sk\/hu\/#organization","name":"Smartdoor","url":"https:\/\/smartdoor.sk\/hu\/","logo":{"@type":"ImageObject","inLanguage":"hu","@id":"https:\/\/smartdoor.sk\/hu\/#\/schema\/logo\/image\/","url":"https:\/\/smartdoor.sk\/wp-content\/uploads\/2023\/03\/SmartDoorLogo.png","contentUrl":"https:\/\/smartdoor.sk\/wp-content\/uploads\/2023\/03\/SmartDoorLogo.png","width":1500,"height":902,"caption":"Smartdoor"},"image":{"@id":"https:\/\/smartdoor.sk\/hu\/#\/schema\/logo\/image\/"}}]}},"_links":{"self":[{"href":"https:\/\/smartdoor.sk\/hu\/wp-json\/wp\/v2\/product\/13610","targetHints":{"allow":["GET"]}}],"collection":[{"href":"https:\/\/smartdoor.sk\/hu\/wp-json\/wp\/v2\/product"}],"about":[{"href":"https:\/\/smartdoor.sk\/hu\/wp-json\/wp\/v2\/types\/product"}],"version-history":[{"count":0,"href":"https:\/\/smartdoor.sk\/hu\/wp-json\/wp\/v2\/product\/13610\/revisions"}],"wp:featuredmedia":[{"embeddable":true,"href":"https:\/\/smartdoor.sk\/hu\/wp-json\/wp\/v2\/media\/13611"}],"wp:attachment":[{"href":"https:\/\/smartdoor.sk\/hu\/wp-json\/wp\/v2\/media?parent=13610"}],"wp:term":[{"taxonomy":"product_brand","embeddable":true,"href":"https:\/\/smartdoor.sk\/hu\/wp-json\/wp\/v2\/product_brand?post=13610"},{"taxonomy":"product_cat","embeddable":true,"href":"https:\/\/smartdoor.sk\/hu\/wp-json\/wp\/v2\/product_cat?post=13610"},{"taxonomy":"product_tag","embeddable":true,"href":"https:\/\/smartdoor.sk\/hu\/wp-json\/wp\/v2\/product_tag?post=13610"}],"curies":[{"name":"wp","href":"https:\/\/api.w.org\/{rel}","templated":true}]}}