{"id":13619,"date":"2020-02-28T18:26:03","date_gmt":"2024-03-26T13:38:00","guid":{"rendered":"https:\/\/www.smartdoor.sk\/produkt\/lanctalpas-modell-format\/"},"modified":"2024-03-26T14:38:00","modified_gmt":"2024-03-26T13:38:00","slug":"derekmodell-formatum","status":"publish","type":"product","link":"https:\/\/smartdoor.sk\/hu\/produkt\/derekmodell-formatum\/","title":{"rendered":"l\u00e1nctalpas modell FORMAT"},"content":{"rendered":"<p><span style=\"color: #ff0000;\"><strong>SZEKCION\u00c1LT GAR\u00c1ZSKAPU AC\u00c9L FORM\u00c1TUM <\/strong>&#8211; <strong>SPECIFIK\u00c1CI\u00d3:<\/strong><\/span><\/p>\n<p><span style=\"color: #000000;\"><br \/>\n  <strong>szelv\u00e9nyvastags\u00e1g<\/strong><br \/>\n<\/span>: 40 mm<br \/>\n<span style=\"color: #000000;\"><br \/>\n  <strong>m\u00e9retek<\/strong><br \/>\n<\/span>: max. sz\u00e9less\u00e9g 6000 mm<br \/>\nmax. magass\u00e1g 3000 mm<br \/>\n<span style=\"color: #000000;\"><br \/>\n  <strong>tervez\u00e9s<\/strong><br \/>\n<\/span>: \u00f6vek<br \/>\n<span style=\"color: #000000;\"><br \/>\n  <strong>fel\u00fclet<\/strong><br \/>\n<\/span>: fadombor\u00edt\u00e1s<br \/>\n<span style=\"color: #000000;\"><br \/>\n  <strong>szigetel\u00e9s<\/strong><br \/>\n<\/span>: poliuret\u00e1n<br \/>\n<span style=\"color: #000000;\"><br \/>\n  <strong>fest\u00e9kek<\/strong><br \/>\n<\/span>: feh\u00e9r RAL 9010<br \/>\na RAL sz\u00ednsk\u00e1la szerinti egy\u00e9b \u00e1rnyalatok sz\u00ednez\u00e9se fel\u00e1r ellen\u00e9ben lehets\u00e9ges.<\/p>\n<p><a class=\"button\" href=\"http:\/\/smartdoor.sk\/sk\/dopyt\/\">V\u00e1s\u00e1roljon most!<\/a><\/p>\n<hr>\n<hr>\n<p><span style=\"color: #000000;\"><br \/>\n  <strong>SZEKCION\u00c1LT GAR\u00c1ZSKAPU FORM\u00c1TUM <\/strong><br \/>\n<\/span>ac\u00e9lszelv\u00e9nyekb\u0151l k\u00e9sz\u00fcl, amelyek tele vannak <span style=\"color: #000000;\"><br \/>\n  <strong>poliuret\u00e1n habbal <\/strong><br \/>\n<\/span>Freon tartalom n\u00e9lk\u00fcl, amely rendk\u00edv\u00fcl hat\u00e9kony gar\u00e1zskapu szigetel\u00e9st biztos\u00edt.  <span style=\"color: #000000;\"><br \/>\n  <strong>Univerz\u00e1lis \u00f6vszakasz kialak\u00edt\u00e1s <\/strong><br \/>\n<\/span>sokoldal\u00fa felhaszn\u00e1lhat\u00f3s\u00e1ga miatt n\u00e9pszer\u0171 az \u00fcgyfelek k\u00f6r\u00e9ben &#8211; a szalagszerkezetnek k\u00f6sz\u00f6nhet\u0151en szinte korl\u00e1tlan sz\u00e9less\u00e9g- \u00e9s magass\u00e1gv\u00e1laszt\u00e9k k\u00e9sz\u00edthet\u0151, \u00e9s a kapu atipikus ny\u00edl\u00e1sokba is beilleszthet\u0151. Az alap\u00e1r tartalmazza a szelv\u00e9nyek feh\u00e9r sz\u00edn\u00e9t, fel\u00e1r ellen\u00e9ben lehet\u0151s\u00e9g van az ajt\u00f3 sz\u00ednez\u00e9s\u00e9re a RAL sz\u00ednsk\u00e1la szerinti tetsz\u0151leges \u00e1rnyalatra. A szelv\u00e9nyek fabor\u00edt\u00e1s\u00fa fel\u00fclete alacsony karbantart\u00e1si ig\u00e9ny\u0171 \u00e9s rendk\u00edv\u00fcl ellen\u00e1ll\u00f3 a s\u00e9r\u00fcl\u00e9sekkel szemben.<span style=\"color: #000000;\"> <strong>A szelv\u00e9ny vastags\u00e1ga 40 mm<\/strong> <\/span>elegend\u0151 szil\u00e1rds\u00e1got biztos\u00edt a kisebb ipari \u00e9p\u00fcletekben vagy a k\u00f6z\u00f6s gar\u00e1zsok bej\u00e1ratain\u00e1l t\u00f6rt\u00e9n\u0151 felhaszn\u00e1l\u00e1shoz. Az egyes r\u00e9szek k\u00f6z\u00f6tti illeszt\u00e9sek speci\u00e1lisan \u00fagy vannak kialak\u00edtva, hogy biztons\u00e1gosak legyenek, \u00e9s megfeleljenek az <span style=\"color: #000000;\"><strong>uni\u00f3s biztons\u00e1gi el\u0151\u00edr\u00e1soknak<\/strong><\/span>.<\/p>\n<hr>\n<hr>\n<p><strong><span style=\"color: #000000;\">TELEP\u00cdT\u00c9SI FELT\u00c9TELEK<\/span> <\/strong>:<br \/>\nA szekcion\u00e1lt gar\u00e1zskapukat a gar\u00e1zs belsej\u00e9ben szerelik fel. A szekcion\u00e1lt gar\u00e1zskapuk be\u00e9p\u00edt\u00e9s\u00e9hez szil\u00e1rd falra vagy szil\u00e1rd szerel\u0151keretre van sz\u00fcks\u00e9g.<br \/>\nA <span style=\"color: #000000;\"><strong>b\u00e9l\u00e9s <\/strong><\/span>ide\u00e1lis <span style=\"color: #000000;\"><strong>sz\u00e9less\u00e9ge <\/strong><\/span>150 mm az \u00e9p\u00edt\u00e9si ny\u00edl\u00e1s mindk\u00e9t oldal\u00e1n Egy speci\u00e1lis hardverrendszer seg\u00edts\u00e9g\u00e9vel (bels\u0151 f\u00e9melemek rendszere, amelyek seg\u00edts\u00e9g\u00e9vel a szelv\u00e9nyek mozognak) 100 mm-es t\u00e1vols\u00e1got lehet elfogadni az \u00e9p\u00edt\u00e9si ny\u00edl\u00e1s mindk\u00e9t oldal\u00e1n.<br \/>\nM\u00e9retek <span style=\"color: #000000;\"><br \/>\n  <strong>a ny\u00edl\u00e1s feletti ford\u00edt\u00e1s<\/strong><br \/>\n<\/span> meg kell felelnie az alkalmazott hardvermegold\u00e1s egyik t\u00edpus\u00e1nak. A szabv\u00e1nyos vasalatok haszn\u00e1lat\u00e1hoz legal\u00e1bb 320 mm \u00e1tfed\u00e9si magass\u00e1g sz\u00fcks\u00e9ges, ha a kaput hajt\u00e1ssal szerelik fel, vagy legal\u00e1bb 290 mm, ha a kaput hajt\u00e1s n\u00e9lk\u00fcl szerelik fel. K\u00fcl\u00f6nleges vasalatt\u00edpusok elektromos m\u0171k\u00f6dtet\u00e9s\u0171 kapu eset\u00e9n 120 mm minim\u00e1lis \u00e1tfed\u00e9si magass\u00e1gig, elektromos m\u0171k\u00f6dtet\u00e9s n\u00e9lk\u00fcli kapu eset\u00e9n pedig 70 mm \u00e1tfed\u00e9si magass\u00e1gig fel\u00e1r ellen\u00e9ben kaphat\u00f3k.  <a href=\"http:\/\/smartdoor.sk\/sk\/garage-door-repair-sk\/\">A kapuk telep\u00edt\u00e9s\u00e9vel kapcsolatos tov\u00e1bbi inform\u00e1ci\u00f3k\u00e9rt kattintson ide.<\/a><\/p>\n<p><a href=\"https:\/\/branyservis.sk\/\">Az \u00e1ltalunk sz\u00e1ll\u00edtott kapukhoz szervizt \u00e9s p\u00f3talkatr\u00e9szeket biztos\u00edtunk.<\/a><\/p>\n","protected":false},"excerpt":{"rendered":"<p>SZEKCION\u00c1LT GAR\u00c1ZSKAPU AC\u00c9L FORM\u00c1TUM &#8211; SPECIFIK\u00c1CI\u00d3: szelv\u00e9nyvastags\u00e1g : 40 mm m\u00e9retek : max. sz\u00e9less\u00e9g 6000 mm max. magass\u00e1g 3000 mm tervez\u00e9s : \u00f6vek fel\u00fclet : fadombor\u00edt\u00e1s szigetel\u00e9s : poliuret\u00e1n fest\u00e9kek : feh\u00e9r RAL 9010 a RAL sz\u00ednsk\u00e1la szerinti egy\u00e9b \u00e1rnyalatok sz\u00ednez\u00e9se fel\u00e1r ellen\u00e9ben lehets\u00e9ges. V\u00e1s\u00e1roljon most! SZEKCION\u00c1LT GAR\u00c1ZSKAPU FORM\u00c1TUM ac\u00e9lszelv\u00e9nyekb\u0151l k\u00e9sz\u00fcl, amelyek tele vannak poliuret\u00e1n [&hellip;]<\/p>\n","protected":false},"featured_media":9939,"template":"","meta":{"_acf_changed":false,"site-sidebar-layout":"default","site-content-layout":"","ast-site-content-layout":"default","site-content-style":"default","site-sidebar-style":"default","ast-global-header-display":"","ast-banner-title-visibility":"","ast-main-header-display":"","ast-hfb-above-header-display":"","ast-hfb-below-header-display":"","ast-hfb-mobile-header-display":"","site-post-title":"","ast-breadcrumbs-content":"","ast-featured-img":"","footer-sml-layout":"","ast-disable-related-posts":"","theme-transparent-header-meta":"","adv-header-id-meta":"","stick-header-meta":"","header-above-stick-meta":"","header-main-stick-meta":"","header-below-stick-meta":"","astra-migrate-meta-layouts":"default","ast-page-background-enabled":"default","ast-page-background-meta":{"desktop":{"background-color":"","background-image":"","background-repeat":"repeat","background-position":"center center","background-size":"auto","background-attachment":"scroll","background-type":"","background-media":"","overlay-type":"","overlay-color":"","overlay-opacity":"","overlay-gradient":""},"tablet":{"background-color":"","background-image":"","background-repeat":"repeat","background-position":"center center","background-size":"auto","background-attachment":"scroll","background-type":"","background-media":"","overlay-type":"","overlay-color":"","overlay-opacity":"","overlay-gradient":""},"mobile":{"background-color":"","background-image":"","background-repeat":"repeat","background-position":"center center","background-size":"auto","background-attachment":"scroll","background-type":"","background-media":"","overlay-type":"","overlay-color":"","overlay-opacity":"","overlay-gradient":""}},"ast-content-background-meta":{"desktop":{"background-color":"var(--ast-global-color-5)","background-image":"","background-repeat":"repeat","background-position":"center center","background-size":"auto","background-attachment":"scroll","background-type":"","background-media":"","overlay-type":"","overlay-color":"","overlay-opacity":"","overlay-gradient":""},"tablet":{"background-color":"var(--ast-global-color-5)","background-image":"","background-repeat":"repeat","background-position":"center center","background-size":"auto","background-attachment":"scroll","background-type":"","background-media":"","overlay-type":"","overlay-color":"","overlay-opacity":"","overlay-gradient":""},"mobile":{"background-color":"var(--ast-global-color-5)","background-image":"","background-repeat":"repeat","background-position":"center center","background-size":"auto","background-attachment":"scroll","background-type":"","background-media":"","overlay-type":"","overlay-color":"","overlay-opacity":"","overlay-gradient":""}}},"product_brand":[],"product_cat":[435,438],"product_tag":[],"class_list":{"0":"post-13619","1":"product","2":"type-product","3":"status-publish","4":"has-post-thumbnail","6":"product_cat-garazskapuk","7":"product_cat-szekcionalt-kapuk","8":"desktop-align-left","9":"tablet-align-left","10":"mobile-align-left","11":"ast-product-gallery-layout-horizontal-slider","12":"ast-product-gallery-with-no-image","13":"ast-product-tabs-layout-horizontal","15":"first","16":"instock","17":"product-type-simple"},"acf":[],"yoast_head":"<!-- This site is optimized with the Yoast SEO Premium plugin v26.2 (Yoast SEO v27.2) - https:\/\/yoast.com\/product\/yoast-seo-premium-wordpress\/ -->\n<title>l\u00e1nctalpas modell FORMAT - Smartdoor<\/title>\n<meta name=\"description\" content=\"Szekcion\u00e1lt ac\u00e9l gar\u00e1zskapu FORMAT univerz\u00e1lis hevederes kialak\u00edt\u00e1ssal. - ac\u00e9lkapu festett fel\u00fclettel, - szelv\u00e9nyvastags\u00e1g: 40 mm\" \/>\n<meta name=\"robots\" content=\"index, follow, max-snippet:-1, max-image-preview:large, max-video-preview:-1\" \/>\n<link rel=\"canonical\" href=\"https:\/\/smartdoor.sk\/hu\/produkt\/derekmodell-formatum\/\" \/>\n<meta property=\"og:locale\" content=\"hu_HU\" \/>\n<meta property=\"og:type\" content=\"article\" \/>\n<meta property=\"og:title\" content=\"l\u00e1nctalpas modell FORMAT\" \/>\n<meta property=\"og:description\" content=\"Szekcion\u00e1lt ac\u00e9l gar\u00e1zskapu FORMAT univerz\u00e1lis hevederes kialak\u00edt\u00e1ssal. - ac\u00e9lkapu festett fel\u00fclettel, - szelv\u00e9nyvastags\u00e1g: 40 mm\" \/>\n<meta property=\"og:url\" content=\"https:\/\/smartdoor.sk\/hu\/produkt\/derekmodell-formatum\/\" \/>\n<meta property=\"og:site_name\" content=\"Smartdoor\" \/>\n<meta property=\"og:image\" content=\"https:\/\/smartdoor.sk\/wp-content\/uploads\/2021\/03\/FORMAT.jpg\" \/>\n\t<meta property=\"og:image:width\" content=\"300\" \/>\n\t<meta property=\"og:image:height\" content=\"280\" \/>\n\t<meta property=\"og:image:type\" content=\"image\/jpeg\" \/>\n<meta name=\"twitter:card\" content=\"summary_large_image\" \/>\n<meta name=\"twitter:label1\" content=\"Becs\u00fclt olvas\u00e1si id\u0151\" \/>\n\t<meta name=\"twitter:data1\" content=\"3 perc\" \/>\n<script type=\"application\/ld+json\" class=\"yoast-schema-graph\">{\"@context\":\"https:\/\/schema.org\",\"@graph\":[{\"@type\":\"WebPage\",\"@id\":\"https:\/\/smartdoor.sk\/hu\/produkt\/derekmodell-formatum\/\",\"url\":\"https:\/\/smartdoor.sk\/hu\/produkt\/derekmodell-formatum\/\",\"name\":\"l\u00e1nctalpas modell FORMAT - Smartdoor\",\"isPartOf\":{\"@id\":\"https:\/\/smartdoor.sk\/hu\/#website\"},\"primaryImageOfPage\":{\"@id\":\"https:\/\/smartdoor.sk\/hu\/produkt\/derekmodell-formatum\/#primaryimage\"},\"image\":{\"@id\":\"https:\/\/smartdoor.sk\/hu\/produkt\/derekmodell-formatum\/#primaryimage\"},\"thumbnailUrl\":\"https:\/\/smartdoor.sk\/wp-content\/uploads\/2021\/03\/FORMAT.jpg\",\"datePublished\":\"2024-03-26T13:38:00+00:00\",\"description\":\"Szekcion\u00e1lt ac\u00e9l gar\u00e1zskapu FORMAT univerz\u00e1lis hevederes kialak\u00edt\u00e1ssal. - ac\u00e9lkapu festett fel\u00fclettel, - szelv\u00e9nyvastags\u00e1g: 40 mm\",\"breadcrumb\":{\"@id\":\"https:\/\/smartdoor.sk\/hu\/produkt\/derekmodell-formatum\/#breadcrumb\"},\"inLanguage\":\"hu\",\"potentialAction\":[{\"@type\":\"ReadAction\",\"target\":[\"https:\/\/smartdoor.sk\/hu\/produkt\/derekmodell-formatum\/\"]}]},{\"@type\":\"ImageObject\",\"inLanguage\":\"hu\",\"@id\":\"https:\/\/smartdoor.sk\/hu\/produkt\/derekmodell-formatum\/#primaryimage\",\"url\":\"https:\/\/smartdoor.sk\/wp-content\/uploads\/2021\/03\/FORMAT.jpg\",\"contentUrl\":\"https:\/\/smartdoor.sk\/wp-content\/uploads\/2021\/03\/FORMAT.jpg\",\"width\":300,\"height\":280,\"caption\":\"Sekcion\u00e1lna gar\u00e1\u017eov\u00e1 br\u00e1na oce\u013eov\u00e1 FORMAT|Sekcion\u00e1lna gar\u00e1\u017eov\u00e1 br\u00e1na FACTORY||\"},{\"@type\":\"BreadcrumbList\",\"@id\":\"https:\/\/smartdoor.sk\/hu\/produkt\/derekmodell-formatum\/#breadcrumb\",\"itemListElement\":[{\"@type\":\"ListItem\",\"position\":1,\"name\":\"Domovsk\u00e1 str\u00e1nka\",\"item\":\"https:\/\/smartdoor.sk\/hu\/\"},{\"@type\":\"ListItem\",\"position\":2,\"name\":\"Term\u00e9kek\",\"item\":\"https:\/\/smartdoor.sk\/hu\/termekek\/\"},{\"@type\":\"ListItem\",\"position\":3,\"name\":\"l\u00e1nctalpas modell FORMAT\"}]},{\"@type\":\"WebSite\",\"@id\":\"https:\/\/smartdoor.sk\/hu\/#website\",\"url\":\"https:\/\/smartdoor.sk\/hu\/\",\"name\":\"Smartdoor\",\"description\":\"M\u00fadre rie\u0161enia pre gar\u00e1\u017eov\u00e9 br\u00e1ny\",\"publisher\":{\"@id\":\"https:\/\/smartdoor.sk\/hu\/#organization\"},\"potentialAction\":[{\"@type\":\"SearchAction\",\"target\":{\"@type\":\"EntryPoint\",\"urlTemplate\":\"https:\/\/smartdoor.sk\/hu\/?s={search_term_string}\"},\"query-input\":{\"@type\":\"PropertyValueSpecification\",\"valueRequired\":true,\"valueName\":\"search_term_string\"}}],\"inLanguage\":\"hu\"},{\"@type\":\"Organization\",\"@id\":\"https:\/\/smartdoor.sk\/hu\/#organization\",\"name\":\"Smartdoor\",\"url\":\"https:\/\/smartdoor.sk\/hu\/\",\"logo\":{\"@type\":\"ImageObject\",\"inLanguage\":\"hu\",\"@id\":\"https:\/\/smartdoor.sk\/hu\/#\/schema\/logo\/image\/\",\"url\":\"https:\/\/smartdoor.sk\/wp-content\/uploads\/2023\/03\/SmartDoorLogo.png\",\"contentUrl\":\"https:\/\/smartdoor.sk\/wp-content\/uploads\/2023\/03\/SmartDoorLogo.png\",\"width\":1500,\"height\":902,\"caption\":\"Smartdoor\"},\"image\":{\"@id\":\"https:\/\/smartdoor.sk\/hu\/#\/schema\/logo\/image\/\"}}]}<\/script>\n<!-- \/ Yoast SEO Premium plugin. -->","yoast_head_json":{"title":"l\u00e1nctalpas modell FORMAT - Smartdoor","description":"Szekcion\u00e1lt ac\u00e9l gar\u00e1zskapu FORMAT univerz\u00e1lis hevederes kialak\u00edt\u00e1ssal. - ac\u00e9lkapu festett fel\u00fclettel, - szelv\u00e9nyvastags\u00e1g: 40 mm","robots":{"index":"index","follow":"follow","max-snippet":"max-snippet:-1","max-image-preview":"max-image-preview:large","max-video-preview":"max-video-preview:-1"},"canonical":"https:\/\/smartdoor.sk\/hu\/produkt\/derekmodell-formatum\/","og_locale":"hu_HU","og_type":"article","og_title":"l\u00e1nctalpas modell FORMAT","og_description":"Szekcion\u00e1lt ac\u00e9l gar\u00e1zskapu FORMAT univerz\u00e1lis hevederes kialak\u00edt\u00e1ssal. - ac\u00e9lkapu festett fel\u00fclettel, - szelv\u00e9nyvastags\u00e1g: 40 mm","og_url":"https:\/\/smartdoor.sk\/hu\/produkt\/derekmodell-formatum\/","og_site_name":"Smartdoor","og_image":[{"width":300,"height":280,"url":"https:\/\/smartdoor.sk\/wp-content\/uploads\/2021\/03\/FORMAT.jpg","type":"image\/jpeg"}],"twitter_card":"summary_large_image","twitter_misc":{"Becs\u00fclt olvas\u00e1si id\u0151":"3 perc"},"schema":{"@context":"https:\/\/schema.org","@graph":[{"@type":"WebPage","@id":"https:\/\/smartdoor.sk\/hu\/produkt\/derekmodell-formatum\/","url":"https:\/\/smartdoor.sk\/hu\/produkt\/derekmodell-formatum\/","name":"l\u00e1nctalpas modell FORMAT - Smartdoor","isPartOf":{"@id":"https:\/\/smartdoor.sk\/hu\/#website"},"primaryImageOfPage":{"@id":"https:\/\/smartdoor.sk\/hu\/produkt\/derekmodell-formatum\/#primaryimage"},"image":{"@id":"https:\/\/smartdoor.sk\/hu\/produkt\/derekmodell-formatum\/#primaryimage"},"thumbnailUrl":"https:\/\/smartdoor.sk\/wp-content\/uploads\/2021\/03\/FORMAT.jpg","datePublished":"2024-03-26T13:38:00+00:00","description":"Szekcion\u00e1lt ac\u00e9l gar\u00e1zskapu FORMAT univerz\u00e1lis hevederes kialak\u00edt\u00e1ssal. - ac\u00e9lkapu festett fel\u00fclettel, - szelv\u00e9nyvastags\u00e1g: 40 mm","breadcrumb":{"@id":"https:\/\/smartdoor.sk\/hu\/produkt\/derekmodell-formatum\/#breadcrumb"},"inLanguage":"hu","potentialAction":[{"@type":"ReadAction","target":["https:\/\/smartdoor.sk\/hu\/produkt\/derekmodell-formatum\/"]}]},{"@type":"ImageObject","inLanguage":"hu","@id":"https:\/\/smartdoor.sk\/hu\/produkt\/derekmodell-formatum\/#primaryimage","url":"https:\/\/smartdoor.sk\/wp-content\/uploads\/2021\/03\/FORMAT.jpg","contentUrl":"https:\/\/smartdoor.sk\/wp-content\/uploads\/2021\/03\/FORMAT.jpg","width":300,"height":280,"caption":"Sekcion\u00e1lna gar\u00e1\u017eov\u00e1 br\u00e1na oce\u013eov\u00e1 FORMAT|Sekcion\u00e1lna gar\u00e1\u017eov\u00e1 br\u00e1na FACTORY||"},{"@type":"BreadcrumbList","@id":"https:\/\/smartdoor.sk\/hu\/produkt\/derekmodell-formatum\/#breadcrumb","itemListElement":[{"@type":"ListItem","position":1,"name":"Domovsk\u00e1 str\u00e1nka","item":"https:\/\/smartdoor.sk\/hu\/"},{"@type":"ListItem","position":2,"name":"Term\u00e9kek","item":"https:\/\/smartdoor.sk\/hu\/termekek\/"},{"@type":"ListItem","position":3,"name":"l\u00e1nctalpas modell FORMAT"}]},{"@type":"WebSite","@id":"https:\/\/smartdoor.sk\/hu\/#website","url":"https:\/\/smartdoor.sk\/hu\/","name":"Smartdoor","description":"M\u00fadre rie\u0161enia pre gar\u00e1\u017eov\u00e9 br\u00e1ny","publisher":{"@id":"https:\/\/smartdoor.sk\/hu\/#organization"},"potentialAction":[{"@type":"SearchAction","target":{"@type":"EntryPoint","urlTemplate":"https:\/\/smartdoor.sk\/hu\/?s={search_term_string}"},"query-input":{"@type":"PropertyValueSpecification","valueRequired":true,"valueName":"search_term_string"}}],"inLanguage":"hu"},{"@type":"Organization","@id":"https:\/\/smartdoor.sk\/hu\/#organization","name":"Smartdoor","url":"https:\/\/smartdoor.sk\/hu\/","logo":{"@type":"ImageObject","inLanguage":"hu","@id":"https:\/\/smartdoor.sk\/hu\/#\/schema\/logo\/image\/","url":"https:\/\/smartdoor.sk\/wp-content\/uploads\/2023\/03\/SmartDoorLogo.png","contentUrl":"https:\/\/smartdoor.sk\/wp-content\/uploads\/2023\/03\/SmartDoorLogo.png","width":1500,"height":902,"caption":"Smartdoor"},"image":{"@id":"https:\/\/smartdoor.sk\/hu\/#\/schema\/logo\/image\/"}}]}},"_links":{"self":[{"href":"https:\/\/smartdoor.sk\/hu\/wp-json\/wp\/v2\/product\/13619","targetHints":{"allow":["GET"]}}],"collection":[{"href":"https:\/\/smartdoor.sk\/hu\/wp-json\/wp\/v2\/product"}],"about":[{"href":"https:\/\/smartdoor.sk\/hu\/wp-json\/wp\/v2\/types\/product"}],"version-history":[{"count":0,"href":"https:\/\/smartdoor.sk\/hu\/wp-json\/wp\/v2\/product\/13619\/revisions"}],"wp:featuredmedia":[{"embeddable":true,"href":"https:\/\/smartdoor.sk\/hu\/wp-json\/wp\/v2\/media\/9939"}],"wp:attachment":[{"href":"https:\/\/smartdoor.sk\/hu\/wp-json\/wp\/v2\/media?parent=13619"}],"wp:term":[{"taxonomy":"product_brand","embeddable":true,"href":"https:\/\/smartdoor.sk\/hu\/wp-json\/wp\/v2\/product_brand?post=13619"},{"taxonomy":"product_cat","embeddable":true,"href":"https:\/\/smartdoor.sk\/hu\/wp-json\/wp\/v2\/product_cat?post=13619"},{"taxonomy":"product_tag","embeddable":true,"href":"https:\/\/smartdoor.sk\/hu\/wp-json\/wp\/v2\/product_tag?post=13619"}],"curies":[{"name":"wp","href":"https:\/\/api.w.org\/{rel}","templated":true}]}}