{"id":13624,"date":"2020-02-28T18:26:54","date_gmt":"2024-03-26T13:38:03","guid":{"rendered":"https:\/\/www.smartdoor.sk\/produkt\/factory-lanctalpas-modell\/"},"modified":"2024-03-26T14:38:03","modified_gmt":"2024-03-26T13:38:03","slug":"derek-modell-gyar","status":"publish","type":"product","link":"https:\/\/smartdoor.sk\/hu\/produkt\/derek-modell-gyar\/","title":{"rendered":"FACTORY l\u00e1nctalpas modell"},"content":{"rendered":"<hr>\n<hr>\n<p><span style=\"color: #ff0000;\"><strong>SZEKCION\u00c1LT GAR\u00c1ZSKAPU GY\u00c1RI<\/strong> <strong>SPECIFIK\u00c1CI\u00d3:<\/strong><\/span><\/p>\n<p><span style=\"color: #000000;\"><br \/>\n  <strong>szelv\u00e9nyvastags\u00e1g<\/strong><br \/>\n<\/span>: 40 mm<br \/>\n<span style=\"color: #000000;\"><br \/>\n  <strong>m\u00e9retek<\/strong><br \/>\n<\/span>: max. sz\u00e9less\u00e9g 6000 mm<br \/>\nmax. magass\u00e1g 3000 mm<br \/>\n<span style=\"color: #000000;\"><br \/>\n  <strong>tervez\u00e9s<\/strong><br \/>\n<\/span>: \u00f6vek<br \/>\n<span style=\"color: #000000;\"><br \/>\n  <strong>fel\u00fclet<\/strong><br \/>\n<\/span>: stukk\u00f3<br \/>\n<span style=\"color: #000000;\"><br \/>\n  <strong>szigetel\u00e9s<\/strong><br \/>\n<\/span>: poliuret\u00e1n<br \/>\n<span style=\"color: #000000;\"><br \/>\n  <strong>fest\u00e9kek<\/strong><br \/>\n<\/span>: feh\u00e9r RAL 9010, ez\u00fcst RAL 9006, alum\u00ednium RAL 9007, z\u00f6ld RAL 6005, k\u00e9k RAL 5010, piros RAL 3000<br \/>\na RAL sz\u00ednsk\u00e1la szerinti egy\u00e9b \u00e1rnyalatok sz\u00ednez\u00e9se fel\u00e1r ellen\u00e9ben lehets\u00e9ges.<\/p>\n<p><a class=\"button\" href=\"http:\/\/smartdoor.sk\/sk\/dopyt\/\">V\u00e1s\u00e1roljon most!<\/a><\/p>\n<hr>\n<hr>\n<p style=\"text-align: left;\"><span style=\"color: #000000;\"><br \/>\n  <strong>SZEKCION\u00c1LT GAR\u00c1ZSKAPU GY\u00c1R <\/strong><br \/>\n<\/span>ac\u00e9lszelv\u00e9nyekb\u0151l \u00e1ll, t\u00f6lt\u00f6tt <span style=\"color: #000000;\"><br \/>\n  <strong>poliuret\u00e1n habbal<\/strong><br \/>\n<\/span>amely rendk\u00edv\u00fcl hat\u00e9kony szigetel\u00e9sk\u00e9nt szolg\u00e1l. Az ilyen t\u00edpus\u00fa \u00e1tj\u00e1r\u00f3k \u00e1ltal\u00e1nos n\u00e9pszer\u0171s\u00e9g\u00e9t f\u0151k\u00e9nt a k\u00f6vetkez\u0151k t\u00e1mogatj\u00e1k <span style=\"color: #000000;\"><br \/>\n  <strong>a szelv\u00e9nyek univerz\u00e1lis \u00f6vkialak\u00edt\u00e1sa<\/strong><br \/>\n<\/span>. A FACTORY kapu n\u00e9pszer\u0171 a sokoldal\u00fa felhaszn\u00e1lhat\u00f3s\u00e1ga miatt &#8211; a szalagkialak\u00edt\u00e1snak k\u00f6sz\u00f6nhet\u0151en szinte korl\u00e1tlan sz\u00e9less\u00e9g \u00e9s magass\u00e1g gy\u00e1rthat\u00f3, \u00e9s a kapu atipikus ny\u00edl\u00e1sokba is beilleszthet\u0151. Az alap\u00e1rban hat sz\u00edn\u00e1rnyalatot k\u00edn\u00e1lunk. A stukk\u00f3szakaszok fel\u00fclete alacsony karbantart\u00e1si ig\u00e9ny\u0171 \u00e9s rendk\u00edv\u00fcl ellen\u00e1ll\u00f3 a s\u00e9r\u00fcl\u00e9sekkel szemben. <span style=\"color: #000000;\"><br \/>\n  <strong>A szelv\u00e9ny vastags\u00e1ga 40 mm<\/strong><br \/>\n<\/span> biztos\u00edtja a kapu megfelel\u0151 szil\u00e1rds\u00e1g\u00e1t a kisebb ipari \u00e9p\u00fcletekben val\u00f3 haszn\u00e1lathoz, illetve a k\u00f6z\u00f6s gar\u00e1zsok bej\u00e1ratain\u00e1l. Az egyes szelv\u00e9nyek k\u00f6z\u00f6tti illeszt\u00e9sek speci\u00e1lisan \u00fagy vannak kialak\u00edtva, hogy megfeleljenek minden <span style=\"color: #000000;\"><br \/>\n  <strong>EU biztons\u00e1gi szabv\u00e1nyoknak<\/strong><br \/>\n<\/span>.<\/p>\n<hr>\n<hr>\n<p>TELEP\u00cdT\u00c9SI FELT\u00c9TELEK :<br \/>\nA szekcion\u00e1lt gar\u00e1zskapukat a gar\u00e1zs vagy az \u00e9p\u00fclet belsej\u00e9be szerelik be. A gar\u00e1zskapu be\u00e9p\u00edt\u00e9s\u00e9hez szil\u00e1rd falra vagy tart\u00f3szerkezetre van sz\u00fcks\u00e9g.<br \/>\nK\u00f6telez\u0151 <strong><span style=\"color: #000000;\">a b\u00e9l\u00e9s sz\u00e9less\u00e9ge<\/span> <\/strong>alapesetben 150 mm az \u00e9p\u00edt\u00e9si ny\u00edl\u00e1s mindk\u00e9t oldal\u00e1n, egy speci\u00e1lis hardverrendszerrel (bels\u0151 f\u00e9melemek rendszere, amelyek seg\u00edts\u00e9g\u00e9vel a szelv\u00e9nyek mozognak) fel\u00e1r ellen\u00e9ben lehets\u00e9ges az \u00e9p\u00edt\u00e9si ny\u00edl\u00e1s mindk\u00e9t oldal\u00e1n legal\u00e1bb 100 mm-es helyet elfogadni.<br \/>\nM\u00e9retek <span style=\"color: #000000;\"><br \/>\n  <strong>a ny\u00edl\u00e1s feletti ford\u00edt\u00e1s<\/strong><br \/>\n<\/span> meg kell felelnie az alkalmazott hardvermegold\u00e1s egyik t\u00edpus\u00e1nak. Szabv\u00e1nyos vasalat haszn\u00e1lata eset\u00e9n a hajt\u00e1ssal ell\u00e1tott kapu telep\u00edt\u00e9sekor legal\u00e1bb 320 mm-es, illetve a hajt\u00e1s n\u00e9lk\u00fcli kapu telep\u00edt\u00e9sekor legal\u00e1bb 290 mm-es belmagass\u00e1g sz\u00fcks\u00e9ges. K\u00fcl\u00f6nleges vasalatt\u00edpusok elektromos m\u0171k\u00f6dtet\u00e9s\u0171 kapuk eset\u00e9ben 120 mm-es, nem elektromos m\u0171k\u00f6dtet\u00e9s\u0171 kapuk eset\u00e9ben 70 mm-es minim\u00e1lis \u00e1tfed\u00e9si magass\u00e1gig fel\u00e1r ellen\u00e9ben gy\u00e1rthat\u00f3k.  <a href=\"http:\/\/smartdoor.sk\/sk\/garage-door-repair-sk\/\">A kapuk telep\u00edt\u00e9s\u00e9vel kapcsolatos tov\u00e1bbi inform\u00e1ci\u00f3k\u00e9rt kattintson ide.<\/a><\/p>\n<p><a href=\"https:\/\/branyservis.sk\/\">Az \u00e1ltalunk sz\u00e1ll\u00edtott kapukhoz szervizt \u00e9s p\u00f3talkatr\u00e9szeket biztos\u00edtunk.<\/a><\/p>\n","protected":false},"excerpt":{"rendered":"<p>SZEKCION\u00c1LT GAR\u00c1ZSKAPU GY\u00c1RI SPECIFIK\u00c1CI\u00d3: szelv\u00e9nyvastags\u00e1g : 40 mm m\u00e9retek : max. sz\u00e9less\u00e9g 6000 mm max. magass\u00e1g 3000 mm tervez\u00e9s : \u00f6vek fel\u00fclet : stukk\u00f3 szigetel\u00e9s : poliuret\u00e1n fest\u00e9kek : feh\u00e9r RAL 9010, ez\u00fcst RAL 9006, alum\u00ednium RAL 9007, z\u00f6ld RAL 6005, k\u00e9k RAL 5010, piros RAL 3000 a RAL sz\u00ednsk\u00e1la szerinti egy\u00e9b \u00e1rnyalatok sz\u00ednez\u00e9se fel\u00e1r [&hellip;]<\/p>\n","protected":false},"featured_media":9939,"template":"","meta":{"_acf_changed":false,"site-sidebar-layout":"default","site-content-layout":"","ast-site-content-layout":"default","site-content-style":"default","site-sidebar-style":"default","ast-global-header-display":"","ast-banner-title-visibility":"","ast-main-header-display":"","ast-hfb-above-header-display":"","ast-hfb-below-header-display":"","ast-hfb-mobile-header-display":"","site-post-title":"","ast-breadcrumbs-content":"","ast-featured-img":"","footer-sml-layout":"","ast-disable-related-posts":"","theme-transparent-header-meta":"","adv-header-id-meta":"","stick-header-meta":"","header-above-stick-meta":"","header-main-stick-meta":"","header-below-stick-meta":"","astra-migrate-meta-layouts":"default","ast-page-background-enabled":"default","ast-page-background-meta":{"desktop":{"background-color":"","background-image":"","background-repeat":"repeat","background-position":"center center","background-size":"auto","background-attachment":"scroll","background-type":"","background-media":"","overlay-type":"","overlay-color":"","overlay-opacity":"","overlay-gradient":""},"tablet":{"background-color":"","background-image":"","background-repeat":"repeat","background-position":"center center","background-size":"auto","background-attachment":"scroll","background-type":"","background-media":"","overlay-type":"","overlay-color":"","overlay-opacity":"","overlay-gradient":""},"mobile":{"background-color":"","background-image":"","background-repeat":"repeat","background-position":"center center","background-size":"auto","background-attachment":"scroll","background-type":"","background-media":"","overlay-type":"","overlay-color":"","overlay-opacity":"","overlay-gradient":""}},"ast-content-background-meta":{"desktop":{"background-color":"var(--ast-global-color-5)","background-image":"","background-repeat":"repeat","background-position":"center center","background-size":"auto","background-attachment":"scroll","background-type":"","background-media":"","overlay-type":"","overlay-color":"","overlay-opacity":"","overlay-gradient":""},"tablet":{"background-color":"var(--ast-global-color-5)","background-image":"","background-repeat":"repeat","background-position":"center center","background-size":"auto","background-attachment":"scroll","background-type":"","background-media":"","overlay-type":"","overlay-color":"","overlay-opacity":"","overlay-gradient":""},"mobile":{"background-color":"var(--ast-global-color-5)","background-image":"","background-repeat":"repeat","background-position":"center center","background-size":"auto","background-attachment":"scroll","background-type":"","background-media":"","overlay-type":"","overlay-color":"","overlay-opacity":"","overlay-gradient":""}}},"product_brand":[],"product_cat":[435,438],"product_tag":[],"class_list":{"0":"post-13624","1":"product","2":"type-product","3":"status-publish","4":"has-post-thumbnail","6":"product_cat-garazskapuk","7":"product_cat-szekcionalt-kapuk","8":"desktop-align-left","9":"tablet-align-left","10":"mobile-align-left","11":"ast-product-gallery-layout-horizontal-slider","12":"ast-product-gallery-with-no-image","13":"ast-product-tabs-layout-horizontal","15":"first","16":"instock","17":"product-type-simple"},"acf":[],"yoast_head":"<!-- This site is optimized with the Yoast SEO Premium plugin v26.2 (Yoast SEO v27.2) - https:\/\/yoast.com\/product\/yoast-seo-premium-wordpress\/ -->\n<title>FACTORY l\u00e1nctalpas modell - Smartdoor<\/title>\n<meta name=\"description\" content=\"FACTORY szekcion\u00e1lt ac\u00e9l gar\u00e1zskapu univerz\u00e1lis s\u00ednes kialak\u00edt\u00e1ssal. El\u0151ny\u00f6s kapu\u00e1r nagy m\u00e9retek \u00e9s ipari \u00e9p\u00fcletek eset\u00e9n is.\" \/>\n<meta name=\"robots\" content=\"index, follow, max-snippet:-1, max-image-preview:large, max-video-preview:-1\" \/>\n<link rel=\"canonical\" href=\"https:\/\/smartdoor.sk\/hu\/produkt\/derek-modell-gyar\/\" \/>\n<meta property=\"og:locale\" content=\"hu_HU\" \/>\n<meta property=\"og:type\" content=\"article\" \/>\n<meta property=\"og:title\" content=\"FACTORY l\u00e1nctalpas modell\" \/>\n<meta property=\"og:description\" content=\"FACTORY szekcion\u00e1lt ac\u00e9l gar\u00e1zskapu univerz\u00e1lis s\u00ednes kialak\u00edt\u00e1ssal. El\u0151ny\u00f6s kapu\u00e1r nagy m\u00e9retek \u00e9s ipari \u00e9p\u00fcletek eset\u00e9n is.\" \/>\n<meta property=\"og:url\" content=\"https:\/\/smartdoor.sk\/hu\/produkt\/derek-modell-gyar\/\" \/>\n<meta property=\"og:site_name\" content=\"Smartdoor\" \/>\n<meta property=\"og:image\" content=\"https:\/\/smartdoor.sk\/wp-content\/uploads\/2021\/03\/FORMAT.jpg\" \/>\n\t<meta property=\"og:image:width\" content=\"300\" \/>\n\t<meta property=\"og:image:height\" content=\"280\" \/>\n\t<meta property=\"og:image:type\" content=\"image\/jpeg\" \/>\n<meta name=\"twitter:card\" content=\"summary_large_image\" \/>\n<meta name=\"twitter:label1\" content=\"Becs\u00fclt olvas\u00e1si id\u0151\" \/>\n\t<meta name=\"twitter:data1\" content=\"2 perc\" \/>\n<script type=\"application\/ld+json\" class=\"yoast-schema-graph\">{\"@context\":\"https:\/\/schema.org\",\"@graph\":[{\"@type\":\"WebPage\",\"@id\":\"https:\/\/smartdoor.sk\/hu\/produkt\/derek-modell-gyar\/\",\"url\":\"https:\/\/smartdoor.sk\/hu\/produkt\/derek-modell-gyar\/\",\"name\":\"FACTORY l\u00e1nctalpas modell - Smartdoor\",\"isPartOf\":{\"@id\":\"https:\/\/smartdoor.sk\/hu\/#website\"},\"primaryImageOfPage\":{\"@id\":\"https:\/\/smartdoor.sk\/hu\/produkt\/derek-modell-gyar\/#primaryimage\"},\"image\":{\"@id\":\"https:\/\/smartdoor.sk\/hu\/produkt\/derek-modell-gyar\/#primaryimage\"},\"thumbnailUrl\":\"https:\/\/smartdoor.sk\/wp-content\/uploads\/2021\/03\/FORMAT.jpg\",\"datePublished\":\"2024-03-26T13:38:03+00:00\",\"description\":\"FACTORY szekcion\u00e1lt ac\u00e9l gar\u00e1zskapu univerz\u00e1lis s\u00ednes kialak\u00edt\u00e1ssal. El\u0151ny\u00f6s kapu\u00e1r nagy m\u00e9retek \u00e9s ipari \u00e9p\u00fcletek eset\u00e9n is.\",\"breadcrumb\":{\"@id\":\"https:\/\/smartdoor.sk\/hu\/produkt\/derek-modell-gyar\/#breadcrumb\"},\"inLanguage\":\"hu\",\"potentialAction\":[{\"@type\":\"ReadAction\",\"target\":[\"https:\/\/smartdoor.sk\/hu\/produkt\/derek-modell-gyar\/\"]}]},{\"@type\":\"ImageObject\",\"inLanguage\":\"hu\",\"@id\":\"https:\/\/smartdoor.sk\/hu\/produkt\/derek-modell-gyar\/#primaryimage\",\"url\":\"https:\/\/smartdoor.sk\/wp-content\/uploads\/2021\/03\/FORMAT.jpg\",\"contentUrl\":\"https:\/\/smartdoor.sk\/wp-content\/uploads\/2021\/03\/FORMAT.jpg\",\"width\":300,\"height\":280,\"caption\":\"Sekcion\u00e1lna gar\u00e1\u017eov\u00e1 br\u00e1na oce\u013eov\u00e1 FORMAT|Sekcion\u00e1lna gar\u00e1\u017eov\u00e1 br\u00e1na FACTORY||\"},{\"@type\":\"BreadcrumbList\",\"@id\":\"https:\/\/smartdoor.sk\/hu\/produkt\/derek-modell-gyar\/#breadcrumb\",\"itemListElement\":[{\"@type\":\"ListItem\",\"position\":1,\"name\":\"Domovsk\u00e1 str\u00e1nka\",\"item\":\"https:\/\/smartdoor.sk\/hu\/\"},{\"@type\":\"ListItem\",\"position\":2,\"name\":\"Term\u00e9kek\",\"item\":\"https:\/\/smartdoor.sk\/hu\/termekek\/\"},{\"@type\":\"ListItem\",\"position\":3,\"name\":\"FACTORY l\u00e1nctalpas modell\"}]},{\"@type\":\"WebSite\",\"@id\":\"https:\/\/smartdoor.sk\/hu\/#website\",\"url\":\"https:\/\/smartdoor.sk\/hu\/\",\"name\":\"Smartdoor\",\"description\":\"M\u00fadre rie\u0161enia pre gar\u00e1\u017eov\u00e9 br\u00e1ny\",\"publisher\":{\"@id\":\"https:\/\/smartdoor.sk\/hu\/#organization\"},\"potentialAction\":[{\"@type\":\"SearchAction\",\"target\":{\"@type\":\"EntryPoint\",\"urlTemplate\":\"https:\/\/smartdoor.sk\/hu\/?s={search_term_string}\"},\"query-input\":{\"@type\":\"PropertyValueSpecification\",\"valueRequired\":true,\"valueName\":\"search_term_string\"}}],\"inLanguage\":\"hu\"},{\"@type\":\"Organization\",\"@id\":\"https:\/\/smartdoor.sk\/hu\/#organization\",\"name\":\"Smartdoor\",\"url\":\"https:\/\/smartdoor.sk\/hu\/\",\"logo\":{\"@type\":\"ImageObject\",\"inLanguage\":\"hu\",\"@id\":\"https:\/\/smartdoor.sk\/hu\/#\/schema\/logo\/image\/\",\"url\":\"https:\/\/smartdoor.sk\/wp-content\/uploads\/2023\/03\/SmartDoorLogo.png\",\"contentUrl\":\"https:\/\/smartdoor.sk\/wp-content\/uploads\/2023\/03\/SmartDoorLogo.png\",\"width\":1500,\"height\":902,\"caption\":\"Smartdoor\"},\"image\":{\"@id\":\"https:\/\/smartdoor.sk\/hu\/#\/schema\/logo\/image\/\"}}]}<\/script>\n<!-- \/ Yoast SEO Premium plugin. -->","yoast_head_json":{"title":"FACTORY l\u00e1nctalpas modell - Smartdoor","description":"FACTORY szekcion\u00e1lt ac\u00e9l gar\u00e1zskapu univerz\u00e1lis s\u00ednes kialak\u00edt\u00e1ssal. El\u0151ny\u00f6s kapu\u00e1r nagy m\u00e9retek \u00e9s ipari \u00e9p\u00fcletek eset\u00e9n is.","robots":{"index":"index","follow":"follow","max-snippet":"max-snippet:-1","max-image-preview":"max-image-preview:large","max-video-preview":"max-video-preview:-1"},"canonical":"https:\/\/smartdoor.sk\/hu\/produkt\/derek-modell-gyar\/","og_locale":"hu_HU","og_type":"article","og_title":"FACTORY l\u00e1nctalpas modell","og_description":"FACTORY szekcion\u00e1lt ac\u00e9l gar\u00e1zskapu univerz\u00e1lis s\u00ednes kialak\u00edt\u00e1ssal. El\u0151ny\u00f6s kapu\u00e1r nagy m\u00e9retek \u00e9s ipari \u00e9p\u00fcletek eset\u00e9n is.","og_url":"https:\/\/smartdoor.sk\/hu\/produkt\/derek-modell-gyar\/","og_site_name":"Smartdoor","og_image":[{"width":300,"height":280,"url":"https:\/\/smartdoor.sk\/wp-content\/uploads\/2021\/03\/FORMAT.jpg","type":"image\/jpeg"}],"twitter_card":"summary_large_image","twitter_misc":{"Becs\u00fclt olvas\u00e1si id\u0151":"2 perc"},"schema":{"@context":"https:\/\/schema.org","@graph":[{"@type":"WebPage","@id":"https:\/\/smartdoor.sk\/hu\/produkt\/derek-modell-gyar\/","url":"https:\/\/smartdoor.sk\/hu\/produkt\/derek-modell-gyar\/","name":"FACTORY l\u00e1nctalpas modell - Smartdoor","isPartOf":{"@id":"https:\/\/smartdoor.sk\/hu\/#website"},"primaryImageOfPage":{"@id":"https:\/\/smartdoor.sk\/hu\/produkt\/derek-modell-gyar\/#primaryimage"},"image":{"@id":"https:\/\/smartdoor.sk\/hu\/produkt\/derek-modell-gyar\/#primaryimage"},"thumbnailUrl":"https:\/\/smartdoor.sk\/wp-content\/uploads\/2021\/03\/FORMAT.jpg","datePublished":"2024-03-26T13:38:03+00:00","description":"FACTORY szekcion\u00e1lt ac\u00e9l gar\u00e1zskapu univerz\u00e1lis s\u00ednes kialak\u00edt\u00e1ssal. El\u0151ny\u00f6s kapu\u00e1r nagy m\u00e9retek \u00e9s ipari \u00e9p\u00fcletek eset\u00e9n is.","breadcrumb":{"@id":"https:\/\/smartdoor.sk\/hu\/produkt\/derek-modell-gyar\/#breadcrumb"},"inLanguage":"hu","potentialAction":[{"@type":"ReadAction","target":["https:\/\/smartdoor.sk\/hu\/produkt\/derek-modell-gyar\/"]}]},{"@type":"ImageObject","inLanguage":"hu","@id":"https:\/\/smartdoor.sk\/hu\/produkt\/derek-modell-gyar\/#primaryimage","url":"https:\/\/smartdoor.sk\/wp-content\/uploads\/2021\/03\/FORMAT.jpg","contentUrl":"https:\/\/smartdoor.sk\/wp-content\/uploads\/2021\/03\/FORMAT.jpg","width":300,"height":280,"caption":"Sekcion\u00e1lna gar\u00e1\u017eov\u00e1 br\u00e1na oce\u013eov\u00e1 FORMAT|Sekcion\u00e1lna gar\u00e1\u017eov\u00e1 br\u00e1na FACTORY||"},{"@type":"BreadcrumbList","@id":"https:\/\/smartdoor.sk\/hu\/produkt\/derek-modell-gyar\/#breadcrumb","itemListElement":[{"@type":"ListItem","position":1,"name":"Domovsk\u00e1 str\u00e1nka","item":"https:\/\/smartdoor.sk\/hu\/"},{"@type":"ListItem","position":2,"name":"Term\u00e9kek","item":"https:\/\/smartdoor.sk\/hu\/termekek\/"},{"@type":"ListItem","position":3,"name":"FACTORY l\u00e1nctalpas modell"}]},{"@type":"WebSite","@id":"https:\/\/smartdoor.sk\/hu\/#website","url":"https:\/\/smartdoor.sk\/hu\/","name":"Smartdoor","description":"M\u00fadre rie\u0161enia pre gar\u00e1\u017eov\u00e9 br\u00e1ny","publisher":{"@id":"https:\/\/smartdoor.sk\/hu\/#organization"},"potentialAction":[{"@type":"SearchAction","target":{"@type":"EntryPoint","urlTemplate":"https:\/\/smartdoor.sk\/hu\/?s={search_term_string}"},"query-input":{"@type":"PropertyValueSpecification","valueRequired":true,"valueName":"search_term_string"}}],"inLanguage":"hu"},{"@type":"Organization","@id":"https:\/\/smartdoor.sk\/hu\/#organization","name":"Smartdoor","url":"https:\/\/smartdoor.sk\/hu\/","logo":{"@type":"ImageObject","inLanguage":"hu","@id":"https:\/\/smartdoor.sk\/hu\/#\/schema\/logo\/image\/","url":"https:\/\/smartdoor.sk\/wp-content\/uploads\/2023\/03\/SmartDoorLogo.png","contentUrl":"https:\/\/smartdoor.sk\/wp-content\/uploads\/2023\/03\/SmartDoorLogo.png","width":1500,"height":902,"caption":"Smartdoor"},"image":{"@id":"https:\/\/smartdoor.sk\/hu\/#\/schema\/logo\/image\/"}}]}},"_links":{"self":[{"href":"https:\/\/smartdoor.sk\/hu\/wp-json\/wp\/v2\/product\/13624","targetHints":{"allow":["GET"]}}],"collection":[{"href":"https:\/\/smartdoor.sk\/hu\/wp-json\/wp\/v2\/product"}],"about":[{"href":"https:\/\/smartdoor.sk\/hu\/wp-json\/wp\/v2\/types\/product"}],"version-history":[{"count":0,"href":"https:\/\/smartdoor.sk\/hu\/wp-json\/wp\/v2\/product\/13624\/revisions"}],"wp:featuredmedia":[{"embeddable":true,"href":"https:\/\/smartdoor.sk\/hu\/wp-json\/wp\/v2\/media\/9939"}],"wp:attachment":[{"href":"https:\/\/smartdoor.sk\/hu\/wp-json\/wp\/v2\/media?parent=13624"}],"wp:term":[{"taxonomy":"product_brand","embeddable":true,"href":"https:\/\/smartdoor.sk\/hu\/wp-json\/wp\/v2\/product_brand?post=13624"},{"taxonomy":"product_cat","embeddable":true,"href":"https:\/\/smartdoor.sk\/hu\/wp-json\/wp\/v2\/product_cat?post=13624"},{"taxonomy":"product_tag","embeddable":true,"href":"https:\/\/smartdoor.sk\/hu\/wp-json\/wp\/v2\/product_tag?post=13624"}],"curies":[{"name":"wp","href":"https:\/\/api.w.org\/{rel}","templated":true}]}}