{"id":13802,"date":"2016-10-06T08:20:23","date_gmt":"2024-03-27T15:47:04","guid":{"rendered":"https:\/\/www.smartdoor.sk\/produkt\/77-rol-box\/"},"modified":"2024-03-27T16:47:04","modified_gmt":"2024-03-27T15:47:04","slug":"77-rol-box","status":"publish","type":"product","link":"https:\/\/smartdoor.sk\/hu\/produkt\/77-rol-box\/","title":{"rendered":"77 ROL BOX"},"content":{"rendered":"<p>G\u00f6rd\u00fcl\u0151ajt\u00f3 77 ROL BOX N77 lamell\u00e1kkal \u00e9s a doboz oldals\u00f3 fedel\u00e9be szerelt tengellyel.<\/p>\n<p>&#8211; r\u00f6gz\u00edtett tengely<br \/>\n&#8211; cs\u0151hajt\u00e1s<br \/>\n&#8211; max. sz\u00e9less\u00e9g 5500 mm x max. magass\u00e1g 3200 mm, max. ter\u00fclet 16m2<\/p>\n","protected":false},"excerpt":{"rendered":"<p>G\u00f6rd\u00fcl\u0151ajt\u00f3 77 ROL BOX N77 lamell\u00e1kkal \u00e9s a doboz oldals\u00f3 fedel\u00e9be szerelt tengellyel. &#8211; r\u00f6gz\u00edtett tengely &#8211; cs\u0151hajt\u00e1s &#8211; max. sz\u00e9less\u00e9g 5500 mm x max. magass\u00e1g 3200 mm, max. ter\u00fclet 16m2<\/p>\n","protected":false},"featured_media":9963,"template":"","meta":{"_acf_changed":false,"site-sidebar-layout":"default","site-content-layout":"","ast-site-content-layout":"default","site-content-style":"default","site-sidebar-style":"default","ast-global-header-display":"","ast-banner-title-visibility":"","ast-main-header-display":"","ast-hfb-above-header-display":"","ast-hfb-below-header-display":"","ast-hfb-mobile-header-display":"","site-post-title":"","ast-breadcrumbs-content":"","ast-featured-img":"","footer-sml-layout":"","ast-disable-related-posts":"","theme-transparent-header-meta":"","adv-header-id-meta":"","stick-header-meta":"","header-above-stick-meta":"","header-main-stick-meta":"","header-below-stick-meta":"","astra-migrate-meta-layouts":"default","ast-page-background-enabled":"default","ast-page-background-meta":{"desktop":{"background-color":"","background-image":"","background-repeat":"repeat","background-position":"center center","background-size":"auto","background-attachment":"scroll","background-type":"","background-media":"","overlay-type":"","overlay-color":"","overlay-opacity":"","overlay-gradient":""},"tablet":{"background-color":"","background-image":"","background-repeat":"repeat","background-position":"center center","background-size":"auto","background-attachment":"scroll","background-type":"","background-media":"","overlay-type":"","overlay-color":"","overlay-opacity":"","overlay-gradient":""},"mobile":{"background-color":"","background-image":"","background-repeat":"repeat","background-position":"center center","background-size":"auto","background-attachment":"scroll","background-type":"","background-media":"","overlay-type":"","overlay-color":"","overlay-opacity":"","overlay-gradient":""}},"ast-content-background-meta":{"desktop":{"background-color":"var(--ast-global-color-5)","background-image":"","background-repeat":"repeat","background-position":"center center","background-size":"auto","background-attachment":"scroll","background-type":"","background-media":"","overlay-type":"","overlay-color":"","overlay-opacity":"","overlay-gradient":""},"tablet":{"background-color":"var(--ast-global-color-5)","background-image":"","background-repeat":"repeat","background-position":"center center","background-size":"auto","background-attachment":"scroll","background-type":"","background-media":"","overlay-type":"","overlay-color":"","overlay-opacity":"","overlay-gradient":""},"mobile":{"background-color":"var(--ast-global-color-5)","background-image":"","background-repeat":"repeat","background-position":"center center","background-size":"auto","background-attachment":"scroll","background-type":"","background-media":"","overlay-type":"","overlay-color":"","overlay-opacity":"","overlay-gradient":""}}},"product_brand":[],"product_cat":[435,437],"product_tag":[],"class_list":{"0":"post-13802","1":"product","2":"type-product","3":"status-publish","4":"has-post-thumbnail","6":"product_cat-garazskapuk","7":"product_cat-gordulo-kapuk","8":"desktop-align-left","9":"tablet-align-left","10":"mobile-align-left","11":"ast-product-gallery-layout-horizontal-slider","12":"ast-product-gallery-with-no-image","13":"ast-product-tabs-layout-horizontal","15":"first","16":"instock","17":"product-type-simple"},"acf":[],"yoast_head":"<!-- This site is optimized with the Yoast SEO Premium plugin v26.2 (Yoast SEO v27.2) - https:\/\/yoast.com\/product\/yoast-seo-premium-wordpress\/ -->\n<title>77 ROL BOX - Smartdoor<\/title>\n<meta name=\"description\" content=\"G\u00f6rd\u00fcl\u0151ajt\u00f3 77 ROL BOX N77 lamell\u00e1kkal \u00e9s a doboz oldals\u00f3 fedel\u00e9be szerelt tengellyel. - max. sz\u00e9less\u00e9g 5500 mm x max. magass\u00e1g 3200 mm, max. ter\u00fclet 16m2\" \/>\n<meta name=\"robots\" content=\"index, follow, max-snippet:-1, max-image-preview:large, max-video-preview:-1\" \/>\n<link rel=\"canonical\" href=\"https:\/\/smartdoor.sk\/hu\/produkt\/77-rol-box\/\" \/>\n<meta property=\"og:locale\" content=\"hu_HU\" \/>\n<meta property=\"og:type\" content=\"article\" \/>\n<meta property=\"og:title\" content=\"77 ROL BOX\" \/>\n<meta property=\"og:description\" content=\"G\u00f6rd\u00fcl\u0151ajt\u00f3 77 ROL BOX N77 lamell\u00e1kkal \u00e9s a doboz oldals\u00f3 fedel\u00e9be szerelt tengellyel. - max. sz\u00e9less\u00e9g 5500 mm x max. magass\u00e1g 3200 mm, max. ter\u00fclet 16m2\" \/>\n<meta property=\"og:url\" content=\"https:\/\/smartdoor.sk\/hu\/produkt\/77-rol-box\/\" \/>\n<meta property=\"og:site_name\" content=\"Smartdoor\" \/>\n<meta property=\"og:image\" content=\"https:\/\/smartdoor.sk\/wp-content\/uploads\/2021\/03\/77-ROLBOX1_2.jpg\" \/>\n\t<meta property=\"og:image:width\" content=\"800\" \/>\n\t<meta property=\"og:image:height\" content=\"600\" \/>\n\t<meta property=\"og:image:type\" content=\"image\/jpeg\" \/>\n<meta name=\"twitter:card\" content=\"summary_large_image\" \/>\n<script type=\"application\/ld+json\" class=\"yoast-schema-graph\">{\"@context\":\"https:\/\/schema.org\",\"@graph\":[{\"@type\":\"WebPage\",\"@id\":\"https:\/\/smartdoor.sk\/hu\/produkt\/77-rol-box\/\",\"url\":\"https:\/\/smartdoor.sk\/hu\/produkt\/77-rol-box\/\",\"name\":\"77 ROL BOX - Smartdoor\",\"isPartOf\":{\"@id\":\"https:\/\/smartdoor.sk\/hu\/#website\"},\"primaryImageOfPage\":{\"@id\":\"https:\/\/smartdoor.sk\/hu\/produkt\/77-rol-box\/#primaryimage\"},\"image\":{\"@id\":\"https:\/\/smartdoor.sk\/hu\/produkt\/77-rol-box\/#primaryimage\"},\"thumbnailUrl\":\"https:\/\/smartdoor.sk\/wp-content\/uploads\/2021\/03\/77-ROLBOX1_2.jpg\",\"datePublished\":\"2024-03-27T15:47:04+00:00\",\"description\":\"G\u00f6rd\u00fcl\u0151ajt\u00f3 77 ROL BOX N77 lamell\u00e1kkal \u00e9s a doboz oldals\u00f3 fedel\u00e9be szerelt tengellyel. - max. sz\u00e9less\u00e9g 5500 mm x max. magass\u00e1g 3200 mm, max. ter\u00fclet 16m2\",\"breadcrumb\":{\"@id\":\"https:\/\/smartdoor.sk\/hu\/produkt\/77-rol-box\/#breadcrumb\"},\"inLanguage\":\"hu\",\"potentialAction\":[{\"@type\":\"ReadAction\",\"target\":[\"https:\/\/smartdoor.sk\/hu\/produkt\/77-rol-box\/\"]}]},{\"@type\":\"ImageObject\",\"inLanguage\":\"hu\",\"@id\":\"https:\/\/smartdoor.sk\/hu\/produkt\/77-rol-box\/#primaryimage\",\"url\":\"https:\/\/smartdoor.sk\/wp-content\/uploads\/2021\/03\/77-ROLBOX1_2.jpg\",\"contentUrl\":\"https:\/\/smartdoor.sk\/wp-content\/uploads\/2021\/03\/77-ROLBOX1_2.jpg\",\"width\":800,\"height\":600,\"caption\":\"Rolovacia br\u00e1na 77 ROL BOX|Rolovacia br\u00e1na s lamelami\"},{\"@type\":\"BreadcrumbList\",\"@id\":\"https:\/\/smartdoor.sk\/hu\/produkt\/77-rol-box\/#breadcrumb\",\"itemListElement\":[{\"@type\":\"ListItem\",\"position\":1,\"name\":\"Domovsk\u00e1 str\u00e1nka\",\"item\":\"https:\/\/smartdoor.sk\/hu\/\"},{\"@type\":\"ListItem\",\"position\":2,\"name\":\"Term\u00e9kek\",\"item\":\"https:\/\/smartdoor.sk\/hu\/termekek\/\"},{\"@type\":\"ListItem\",\"position\":3,\"name\":\"77 ROL BOX\"}]},{\"@type\":\"WebSite\",\"@id\":\"https:\/\/smartdoor.sk\/hu\/#website\",\"url\":\"https:\/\/smartdoor.sk\/hu\/\",\"name\":\"Smartdoor\",\"description\":\"M\u00fadre rie\u0161enia pre gar\u00e1\u017eov\u00e9 br\u00e1ny\",\"publisher\":{\"@id\":\"https:\/\/smartdoor.sk\/hu\/#organization\"},\"potentialAction\":[{\"@type\":\"SearchAction\",\"target\":{\"@type\":\"EntryPoint\",\"urlTemplate\":\"https:\/\/smartdoor.sk\/hu\/?s={search_term_string}\"},\"query-input\":{\"@type\":\"PropertyValueSpecification\",\"valueRequired\":true,\"valueName\":\"search_term_string\"}}],\"inLanguage\":\"hu\"},{\"@type\":\"Organization\",\"@id\":\"https:\/\/smartdoor.sk\/hu\/#organization\",\"name\":\"Smartdoor\",\"url\":\"https:\/\/smartdoor.sk\/hu\/\",\"logo\":{\"@type\":\"ImageObject\",\"inLanguage\":\"hu\",\"@id\":\"https:\/\/smartdoor.sk\/hu\/#\/schema\/logo\/image\/\",\"url\":\"https:\/\/smartdoor.sk\/wp-content\/uploads\/2023\/03\/SmartDoorLogo.png\",\"contentUrl\":\"https:\/\/smartdoor.sk\/wp-content\/uploads\/2023\/03\/SmartDoorLogo.png\",\"width\":1500,\"height\":902,\"caption\":\"Smartdoor\"},\"image\":{\"@id\":\"https:\/\/smartdoor.sk\/hu\/#\/schema\/logo\/image\/\"}}]}<\/script>\n<!-- \/ Yoast SEO Premium plugin. -->","yoast_head_json":{"title":"77 ROL BOX - Smartdoor","description":"G\u00f6rd\u00fcl\u0151ajt\u00f3 77 ROL BOX N77 lamell\u00e1kkal \u00e9s a doboz oldals\u00f3 fedel\u00e9be szerelt tengellyel. - max. sz\u00e9less\u00e9g 5500 mm x max. magass\u00e1g 3200 mm, max. ter\u00fclet 16m2","robots":{"index":"index","follow":"follow","max-snippet":"max-snippet:-1","max-image-preview":"max-image-preview:large","max-video-preview":"max-video-preview:-1"},"canonical":"https:\/\/smartdoor.sk\/hu\/produkt\/77-rol-box\/","og_locale":"hu_HU","og_type":"article","og_title":"77 ROL BOX","og_description":"G\u00f6rd\u00fcl\u0151ajt\u00f3 77 ROL BOX N77 lamell\u00e1kkal \u00e9s a doboz oldals\u00f3 fedel\u00e9be szerelt tengellyel. - max. sz\u00e9less\u00e9g 5500 mm x max. magass\u00e1g 3200 mm, max. ter\u00fclet 16m2","og_url":"https:\/\/smartdoor.sk\/hu\/produkt\/77-rol-box\/","og_site_name":"Smartdoor","og_image":[{"width":800,"height":600,"url":"https:\/\/smartdoor.sk\/wp-content\/uploads\/2021\/03\/77-ROLBOX1_2.jpg","type":"image\/jpeg"}],"twitter_card":"summary_large_image","schema":{"@context":"https:\/\/schema.org","@graph":[{"@type":"WebPage","@id":"https:\/\/smartdoor.sk\/hu\/produkt\/77-rol-box\/","url":"https:\/\/smartdoor.sk\/hu\/produkt\/77-rol-box\/","name":"77 ROL BOX - Smartdoor","isPartOf":{"@id":"https:\/\/smartdoor.sk\/hu\/#website"},"primaryImageOfPage":{"@id":"https:\/\/smartdoor.sk\/hu\/produkt\/77-rol-box\/#primaryimage"},"image":{"@id":"https:\/\/smartdoor.sk\/hu\/produkt\/77-rol-box\/#primaryimage"},"thumbnailUrl":"https:\/\/smartdoor.sk\/wp-content\/uploads\/2021\/03\/77-ROLBOX1_2.jpg","datePublished":"2024-03-27T15:47:04+00:00","description":"G\u00f6rd\u00fcl\u0151ajt\u00f3 77 ROL BOX N77 lamell\u00e1kkal \u00e9s a doboz oldals\u00f3 fedel\u00e9be szerelt tengellyel. - max. sz\u00e9less\u00e9g 5500 mm x max. magass\u00e1g 3200 mm, max. ter\u00fclet 16m2","breadcrumb":{"@id":"https:\/\/smartdoor.sk\/hu\/produkt\/77-rol-box\/#breadcrumb"},"inLanguage":"hu","potentialAction":[{"@type":"ReadAction","target":["https:\/\/smartdoor.sk\/hu\/produkt\/77-rol-box\/"]}]},{"@type":"ImageObject","inLanguage":"hu","@id":"https:\/\/smartdoor.sk\/hu\/produkt\/77-rol-box\/#primaryimage","url":"https:\/\/smartdoor.sk\/wp-content\/uploads\/2021\/03\/77-ROLBOX1_2.jpg","contentUrl":"https:\/\/smartdoor.sk\/wp-content\/uploads\/2021\/03\/77-ROLBOX1_2.jpg","width":800,"height":600,"caption":"Rolovacia br\u00e1na 77 ROL BOX|Rolovacia br\u00e1na s lamelami"},{"@type":"BreadcrumbList","@id":"https:\/\/smartdoor.sk\/hu\/produkt\/77-rol-box\/#breadcrumb","itemListElement":[{"@type":"ListItem","position":1,"name":"Domovsk\u00e1 str\u00e1nka","item":"https:\/\/smartdoor.sk\/hu\/"},{"@type":"ListItem","position":2,"name":"Term\u00e9kek","item":"https:\/\/smartdoor.sk\/hu\/termekek\/"},{"@type":"ListItem","position":3,"name":"77 ROL BOX"}]},{"@type":"WebSite","@id":"https:\/\/smartdoor.sk\/hu\/#website","url":"https:\/\/smartdoor.sk\/hu\/","name":"Smartdoor","description":"M\u00fadre rie\u0161enia pre gar\u00e1\u017eov\u00e9 br\u00e1ny","publisher":{"@id":"https:\/\/smartdoor.sk\/hu\/#organization"},"potentialAction":[{"@type":"SearchAction","target":{"@type":"EntryPoint","urlTemplate":"https:\/\/smartdoor.sk\/hu\/?s={search_term_string}"},"query-input":{"@type":"PropertyValueSpecification","valueRequired":true,"valueName":"search_term_string"}}],"inLanguage":"hu"},{"@type":"Organization","@id":"https:\/\/smartdoor.sk\/hu\/#organization","name":"Smartdoor","url":"https:\/\/smartdoor.sk\/hu\/","logo":{"@type":"ImageObject","inLanguage":"hu","@id":"https:\/\/smartdoor.sk\/hu\/#\/schema\/logo\/image\/","url":"https:\/\/smartdoor.sk\/wp-content\/uploads\/2023\/03\/SmartDoorLogo.png","contentUrl":"https:\/\/smartdoor.sk\/wp-content\/uploads\/2023\/03\/SmartDoorLogo.png","width":1500,"height":902,"caption":"Smartdoor"},"image":{"@id":"https:\/\/smartdoor.sk\/hu\/#\/schema\/logo\/image\/"}}]}},"_links":{"self":[{"href":"https:\/\/smartdoor.sk\/hu\/wp-json\/wp\/v2\/product\/13802","targetHints":{"allow":["GET"]}}],"collection":[{"href":"https:\/\/smartdoor.sk\/hu\/wp-json\/wp\/v2\/product"}],"about":[{"href":"https:\/\/smartdoor.sk\/hu\/wp-json\/wp\/v2\/types\/product"}],"version-history":[{"count":0,"href":"https:\/\/smartdoor.sk\/hu\/wp-json\/wp\/v2\/product\/13802\/revisions"}],"wp:featuredmedia":[{"embeddable":true,"href":"https:\/\/smartdoor.sk\/hu\/wp-json\/wp\/v2\/media\/9963"}],"wp:attachment":[{"href":"https:\/\/smartdoor.sk\/hu\/wp-json\/wp\/v2\/media?parent=13802"}],"wp:term":[{"taxonomy":"product_brand","embeddable":true,"href":"https:\/\/smartdoor.sk\/hu\/wp-json\/wp\/v2\/product_brand?post=13802"},{"taxonomy":"product_cat","embeddable":true,"href":"https:\/\/smartdoor.sk\/hu\/wp-json\/wp\/v2\/product_cat?post=13802"},{"taxonomy":"product_tag","embeddable":true,"href":"https:\/\/smartdoor.sk\/hu\/wp-json\/wp\/v2\/product_tag?post=13802"}],"curies":[{"name":"wp","href":"https:\/\/api.w.org\/{rel}","templated":true}]}}