{"id":13812,"date":"2016-10-06T12:25:14","date_gmt":"2024-03-27T15:48:55","guid":{"rendered":"https:\/\/www.smartdoor.sk\/produkt\/emc-shields\/"},"modified":"2024-03-27T16:48:55","modified_gmt":"2024-03-27T15:48:55","slug":"emc-stity","status":"publish","type":"product","link":"https:\/\/smartdoor.sk\/hu\/produkt\/emc-stity\/","title":{"rendered":"EMC SHIELDS"},"content":{"rendered":"<p>Az energiaiparban val\u00f3 haszn\u00e1latra tervezett speci\u00e1lis kaput\u00edpus. A kapukat a k\u00f6vetkez\u0151k lez\u00e1r\u00e1s\u00e1ra haszn\u00e1lj\u00e1k<br \/>\na laborat\u00f3riumok, kutat\u00e1si ter\u00fcletek \u00e9s Faraday-ketrecek bej\u00e1rati ny\u00edl\u00e1sai, \u00e9s egy szil\u00e1rd<br \/>\nv\u00e9delem az elektrom\u00e1gneses sug\u00e1rz\u00e1s behatol\u00e1sa ellen. A kapukat egyedileg tervezik az ig\u00e9nyeknek megfelel\u0151en.<br \/>\naz \u00fcgyf\u00e9l.<\/p>\n<p>&#8211; v\u00e9detts\u00e9gi fok : ak\u00e1r 70dB az 1kHz &#8211; 10 MHz frekvenciatartom\u00e1nyban<br \/>\n&#8211; konstrukci\u00f3: g\u00f6rd\u00fcl\u0151 kapuk, tol\u00f3ajt\u00f3k, szekcion\u00e1lt kapuk, guillotine kapuk, ac\u00e9l szalagp\u00e1ntok (mennyd\u00f6rg\u00e9s elleni v\u00e9delem)<\/p>\n","protected":false},"excerpt":{"rendered":"<p>Az energiaiparban val\u00f3 haszn\u00e1latra tervezett speci\u00e1lis kaput\u00edpus. A kapukat a k\u00f6vetkez\u0151k lez\u00e1r\u00e1s\u00e1ra haszn\u00e1lj\u00e1k a laborat\u00f3riumok, kutat\u00e1si ter\u00fcletek \u00e9s Faraday-ketrecek bej\u00e1rati ny\u00edl\u00e1sai, \u00e9s egy szil\u00e1rd v\u00e9delem az elektrom\u00e1gneses sug\u00e1rz\u00e1s behatol\u00e1sa ellen. A kapukat egyedileg tervezik az ig\u00e9nyeknek megfelel\u0151en. az \u00fcgyf\u00e9l. &#8211; v\u00e9detts\u00e9gi fok : ak\u00e1r 70dB az 1kHz &#8211; 10 MHz frekvenciatartom\u00e1nyban &#8211; konstrukci\u00f3: g\u00f6rd\u00fcl\u0151 kapuk, [&hellip;]<\/p>\n","protected":false},"featured_media":10005,"template":"","meta":{"_acf_changed":false,"site-sidebar-layout":"default","site-content-layout":"","ast-site-content-layout":"default","site-content-style":"default","site-sidebar-style":"default","ast-global-header-display":"","ast-banner-title-visibility":"","ast-main-header-display":"","ast-hfb-above-header-display":"","ast-hfb-below-header-display":"","ast-hfb-mobile-header-display":"","site-post-title":"","ast-breadcrumbs-content":"","ast-featured-img":"","footer-sml-layout":"","ast-disable-related-posts":"","theme-transparent-header-meta":"","adv-header-id-meta":"","stick-header-meta":"","header-above-stick-meta":"","header-main-stick-meta":"","header-below-stick-meta":"","astra-migrate-meta-layouts":"default","ast-page-background-enabled":"default","ast-page-background-meta":{"desktop":{"background-color":"","background-image":"","background-repeat":"repeat","background-position":"center center","background-size":"auto","background-attachment":"scroll","background-type":"","background-media":"","overlay-type":"","overlay-color":"","overlay-opacity":"","overlay-gradient":""},"tablet":{"background-color":"","background-image":"","background-repeat":"repeat","background-position":"center center","background-size":"auto","background-attachment":"scroll","background-type":"","background-media":"","overlay-type":"","overlay-color":"","overlay-opacity":"","overlay-gradient":""},"mobile":{"background-color":"","background-image":"","background-repeat":"repeat","background-position":"center center","background-size":"auto","background-attachment":"scroll","background-type":"","background-media":"","overlay-type":"","overlay-color":"","overlay-opacity":"","overlay-gradient":""}},"ast-content-background-meta":{"desktop":{"background-color":"var(--ast-global-color-5)","background-image":"","background-repeat":"repeat","background-position":"center center","background-size":"auto","background-attachment":"scroll","background-type":"","background-media":"","overlay-type":"","overlay-color":"","overlay-opacity":"","overlay-gradient":""},"tablet":{"background-color":"var(--ast-global-color-5)","background-image":"","background-repeat":"repeat","background-position":"center center","background-size":"auto","background-attachment":"scroll","background-type":"","background-media":"","overlay-type":"","overlay-color":"","overlay-opacity":"","overlay-gradient":""},"mobile":{"background-color":"var(--ast-global-color-5)","background-image":"","background-repeat":"repeat","background-position":"center center","background-size":"auto","background-attachment":"scroll","background-type":"","background-media":"","overlay-type":"","overlay-color":"","overlay-opacity":"","overlay-gradient":""}}},"product_brand":[],"product_cat":[444,450],"product_tag":[],"class_list":{"0":"post-13812","1":"product","2":"type-product","3":"status-publish","4":"has-post-thumbnail","6":"product_cat-ipari-kapuk","7":"product_cat-kulonleges-kapuk","8":"desktop-align-left","9":"tablet-align-left","10":"mobile-align-left","11":"ast-product-gallery-layout-horizontal-slider","12":"ast-product-gallery-with-no-image","13":"ast-product-tabs-layout-horizontal","15":"first","16":"instock","17":"product-type-simple"},"acf":[],"yoast_head":"<!-- This site is optimized with the Yoast SEO Premium plugin v26.2 (Yoast SEO v27.2) - https:\/\/yoast.com\/product\/yoast-seo-premium-wordpress\/ -->\n<title>EMC SHIELDS - Smartdoor<\/title>\n<meta name=\"description\" content=\"Az EMC \u00e1rny\u00e9kol\u00f3kat laborat\u00f3riumok, kutat\u00e1si l\u00e9tes\u00edtm\u00e9nyek \u00e9s Faraday-ketrecek bej\u00e1rati ny\u00edl\u00e1sainak lez\u00e1r\u00e1s\u00e1ra haszn\u00e1lj\u00e1k, \u00e9s robusztus v\u00e9delmet ny\u00fajtanak a k\u00f6vetkez\u0151k ellen\" \/>\n<meta name=\"robots\" content=\"index, follow, max-snippet:-1, max-image-preview:large, max-video-preview:-1\" \/>\n<link rel=\"canonical\" href=\"https:\/\/smartdoor.sk\/hu\/produkt\/emc-stity\/\" \/>\n<meta property=\"og:locale\" content=\"hu_HU\" \/>\n<meta property=\"og:type\" content=\"article\" \/>\n<meta property=\"og:title\" content=\"EMC SHIELDS\" \/>\n<meta property=\"og:description\" content=\"Az EMC \u00e1rny\u00e9kol\u00f3kat laborat\u00f3riumok, kutat\u00e1si l\u00e9tes\u00edtm\u00e9nyek \u00e9s Faraday-ketrecek bej\u00e1rati ny\u00edl\u00e1sainak lez\u00e1r\u00e1s\u00e1ra haszn\u00e1lj\u00e1k, \u00e9s robusztus v\u00e9delmet ny\u00fajtanak a k\u00f6vetkez\u0151k ellen\" \/>\n<meta property=\"og:url\" content=\"https:\/\/smartdoor.sk\/hu\/produkt\/emc-stity\/\" \/>\n<meta property=\"og:site_name\" content=\"Smartdoor\" \/>\n<meta property=\"og:image\" content=\"https:\/\/smartdoor.sk\/wp-content\/uploads\/2021\/03\/EMC_stitky.jpg\" \/>\n\t<meta property=\"og:image:width\" content=\"418\" \/>\n\t<meta property=\"og:image:height\" content=\"279\" \/>\n\t<meta property=\"og:image:type\" content=\"image\/jpeg\" \/>\n<meta name=\"twitter:card\" content=\"summary_large_image\" \/>\n<meta name=\"twitter:label1\" content=\"Becs\u00fclt olvas\u00e1si id\u0151\" \/>\n\t<meta name=\"twitter:data1\" content=\"1 perc\" \/>\n<script type=\"application\/ld+json\" class=\"yoast-schema-graph\">{\"@context\":\"https:\/\/schema.org\",\"@graph\":[{\"@type\":\"WebPage\",\"@id\":\"https:\/\/smartdoor.sk\/hu\/produkt\/emc-stity\/\",\"url\":\"https:\/\/smartdoor.sk\/hu\/produkt\/emc-stity\/\",\"name\":\"EMC SHIELDS - Smartdoor\",\"isPartOf\":{\"@id\":\"https:\/\/smartdoor.sk\/hu\/#website\"},\"primaryImageOfPage\":{\"@id\":\"https:\/\/smartdoor.sk\/hu\/produkt\/emc-stity\/#primaryimage\"},\"image\":{\"@id\":\"https:\/\/smartdoor.sk\/hu\/produkt\/emc-stity\/#primaryimage\"},\"thumbnailUrl\":\"https:\/\/smartdoor.sk\/wp-content\/uploads\/2021\/03\/EMC_stitky.jpg\",\"datePublished\":\"2024-03-27T15:48:55+00:00\",\"description\":\"Az EMC \u00e1rny\u00e9kol\u00f3kat laborat\u00f3riumok, kutat\u00e1si l\u00e9tes\u00edtm\u00e9nyek \u00e9s Faraday-ketrecek bej\u00e1rati ny\u00edl\u00e1sainak lez\u00e1r\u00e1s\u00e1ra haszn\u00e1lj\u00e1k, \u00e9s robusztus v\u00e9delmet ny\u00fajtanak a k\u00f6vetkez\u0151k ellen\",\"breadcrumb\":{\"@id\":\"https:\/\/smartdoor.sk\/hu\/produkt\/emc-stity\/#breadcrumb\"},\"inLanguage\":\"hu\",\"potentialAction\":[{\"@type\":\"ReadAction\",\"target\":[\"https:\/\/smartdoor.sk\/hu\/produkt\/emc-stity\/\"]}]},{\"@type\":\"ImageObject\",\"inLanguage\":\"hu\",\"@id\":\"https:\/\/smartdoor.sk\/hu\/produkt\/emc-stity\/#primaryimage\",\"url\":\"https:\/\/smartdoor.sk\/wp-content\/uploads\/2021\/03\/EMC_stitky.jpg\",\"contentUrl\":\"https:\/\/smartdoor.sk\/wp-content\/uploads\/2021\/03\/EMC_stitky.jpg\",\"width\":418,\"height\":279,\"caption\":\"EMC \u0160t\u00edty\"},{\"@type\":\"BreadcrumbList\",\"@id\":\"https:\/\/smartdoor.sk\/hu\/produkt\/emc-stity\/#breadcrumb\",\"itemListElement\":[{\"@type\":\"ListItem\",\"position\":1,\"name\":\"Domovsk\u00e1 str\u00e1nka\",\"item\":\"https:\/\/smartdoor.sk\/hu\/\"},{\"@type\":\"ListItem\",\"position\":2,\"name\":\"Term\u00e9kek\",\"item\":\"https:\/\/smartdoor.sk\/hu\/termekek\/\"},{\"@type\":\"ListItem\",\"position\":3,\"name\":\"EMC SHIELDS\"}]},{\"@type\":\"WebSite\",\"@id\":\"https:\/\/smartdoor.sk\/hu\/#website\",\"url\":\"https:\/\/smartdoor.sk\/hu\/\",\"name\":\"Smartdoor\",\"description\":\"M\u00fadre rie\u0161enia pre gar\u00e1\u017eov\u00e9 br\u00e1ny\",\"publisher\":{\"@id\":\"https:\/\/smartdoor.sk\/hu\/#organization\"},\"potentialAction\":[{\"@type\":\"SearchAction\",\"target\":{\"@type\":\"EntryPoint\",\"urlTemplate\":\"https:\/\/smartdoor.sk\/hu\/?s={search_term_string}\"},\"query-input\":{\"@type\":\"PropertyValueSpecification\",\"valueRequired\":true,\"valueName\":\"search_term_string\"}}],\"inLanguage\":\"hu\"},{\"@type\":\"Organization\",\"@id\":\"https:\/\/smartdoor.sk\/hu\/#organization\",\"name\":\"Smartdoor\",\"url\":\"https:\/\/smartdoor.sk\/hu\/\",\"logo\":{\"@type\":\"ImageObject\",\"inLanguage\":\"hu\",\"@id\":\"https:\/\/smartdoor.sk\/hu\/#\/schema\/logo\/image\/\",\"url\":\"https:\/\/smartdoor.sk\/wp-content\/uploads\/2023\/03\/SmartDoorLogo.png\",\"contentUrl\":\"https:\/\/smartdoor.sk\/wp-content\/uploads\/2023\/03\/SmartDoorLogo.png\",\"width\":1500,\"height\":902,\"caption\":\"Smartdoor\"},\"image\":{\"@id\":\"https:\/\/smartdoor.sk\/hu\/#\/schema\/logo\/image\/\"}}]}<\/script>\n<!-- \/ Yoast SEO Premium plugin. -->","yoast_head_json":{"title":"EMC SHIELDS - Smartdoor","description":"Az EMC \u00e1rny\u00e9kol\u00f3kat laborat\u00f3riumok, kutat\u00e1si l\u00e9tes\u00edtm\u00e9nyek \u00e9s Faraday-ketrecek bej\u00e1rati ny\u00edl\u00e1sainak lez\u00e1r\u00e1s\u00e1ra haszn\u00e1lj\u00e1k, \u00e9s robusztus v\u00e9delmet ny\u00fajtanak a k\u00f6vetkez\u0151k ellen","robots":{"index":"index","follow":"follow","max-snippet":"max-snippet:-1","max-image-preview":"max-image-preview:large","max-video-preview":"max-video-preview:-1"},"canonical":"https:\/\/smartdoor.sk\/hu\/produkt\/emc-stity\/","og_locale":"hu_HU","og_type":"article","og_title":"EMC SHIELDS","og_description":"Az EMC \u00e1rny\u00e9kol\u00f3kat laborat\u00f3riumok, kutat\u00e1si l\u00e9tes\u00edtm\u00e9nyek \u00e9s Faraday-ketrecek bej\u00e1rati ny\u00edl\u00e1sainak lez\u00e1r\u00e1s\u00e1ra haszn\u00e1lj\u00e1k, \u00e9s robusztus v\u00e9delmet ny\u00fajtanak a k\u00f6vetkez\u0151k ellen","og_url":"https:\/\/smartdoor.sk\/hu\/produkt\/emc-stity\/","og_site_name":"Smartdoor","og_image":[{"width":418,"height":279,"url":"https:\/\/smartdoor.sk\/wp-content\/uploads\/2021\/03\/EMC_stitky.jpg","type":"image\/jpeg"}],"twitter_card":"summary_large_image","twitter_misc":{"Becs\u00fclt olvas\u00e1si id\u0151":"1 perc"},"schema":{"@context":"https:\/\/schema.org","@graph":[{"@type":"WebPage","@id":"https:\/\/smartdoor.sk\/hu\/produkt\/emc-stity\/","url":"https:\/\/smartdoor.sk\/hu\/produkt\/emc-stity\/","name":"EMC SHIELDS - Smartdoor","isPartOf":{"@id":"https:\/\/smartdoor.sk\/hu\/#website"},"primaryImageOfPage":{"@id":"https:\/\/smartdoor.sk\/hu\/produkt\/emc-stity\/#primaryimage"},"image":{"@id":"https:\/\/smartdoor.sk\/hu\/produkt\/emc-stity\/#primaryimage"},"thumbnailUrl":"https:\/\/smartdoor.sk\/wp-content\/uploads\/2021\/03\/EMC_stitky.jpg","datePublished":"2024-03-27T15:48:55+00:00","description":"Az EMC \u00e1rny\u00e9kol\u00f3kat laborat\u00f3riumok, kutat\u00e1si l\u00e9tes\u00edtm\u00e9nyek \u00e9s Faraday-ketrecek bej\u00e1rati ny\u00edl\u00e1sainak lez\u00e1r\u00e1s\u00e1ra haszn\u00e1lj\u00e1k, \u00e9s robusztus v\u00e9delmet ny\u00fajtanak a k\u00f6vetkez\u0151k ellen","breadcrumb":{"@id":"https:\/\/smartdoor.sk\/hu\/produkt\/emc-stity\/#breadcrumb"},"inLanguage":"hu","potentialAction":[{"@type":"ReadAction","target":["https:\/\/smartdoor.sk\/hu\/produkt\/emc-stity\/"]}]},{"@type":"ImageObject","inLanguage":"hu","@id":"https:\/\/smartdoor.sk\/hu\/produkt\/emc-stity\/#primaryimage","url":"https:\/\/smartdoor.sk\/wp-content\/uploads\/2021\/03\/EMC_stitky.jpg","contentUrl":"https:\/\/smartdoor.sk\/wp-content\/uploads\/2021\/03\/EMC_stitky.jpg","width":418,"height":279,"caption":"EMC \u0160t\u00edty"},{"@type":"BreadcrumbList","@id":"https:\/\/smartdoor.sk\/hu\/produkt\/emc-stity\/#breadcrumb","itemListElement":[{"@type":"ListItem","position":1,"name":"Domovsk\u00e1 str\u00e1nka","item":"https:\/\/smartdoor.sk\/hu\/"},{"@type":"ListItem","position":2,"name":"Term\u00e9kek","item":"https:\/\/smartdoor.sk\/hu\/termekek\/"},{"@type":"ListItem","position":3,"name":"EMC SHIELDS"}]},{"@type":"WebSite","@id":"https:\/\/smartdoor.sk\/hu\/#website","url":"https:\/\/smartdoor.sk\/hu\/","name":"Smartdoor","description":"M\u00fadre rie\u0161enia pre gar\u00e1\u017eov\u00e9 br\u00e1ny","publisher":{"@id":"https:\/\/smartdoor.sk\/hu\/#organization"},"potentialAction":[{"@type":"SearchAction","target":{"@type":"EntryPoint","urlTemplate":"https:\/\/smartdoor.sk\/hu\/?s={search_term_string}"},"query-input":{"@type":"PropertyValueSpecification","valueRequired":true,"valueName":"search_term_string"}}],"inLanguage":"hu"},{"@type":"Organization","@id":"https:\/\/smartdoor.sk\/hu\/#organization","name":"Smartdoor","url":"https:\/\/smartdoor.sk\/hu\/","logo":{"@type":"ImageObject","inLanguage":"hu","@id":"https:\/\/smartdoor.sk\/hu\/#\/schema\/logo\/image\/","url":"https:\/\/smartdoor.sk\/wp-content\/uploads\/2023\/03\/SmartDoorLogo.png","contentUrl":"https:\/\/smartdoor.sk\/wp-content\/uploads\/2023\/03\/SmartDoorLogo.png","width":1500,"height":902,"caption":"Smartdoor"},"image":{"@id":"https:\/\/smartdoor.sk\/hu\/#\/schema\/logo\/image\/"}}]}},"_links":{"self":[{"href":"https:\/\/smartdoor.sk\/hu\/wp-json\/wp\/v2\/product\/13812","targetHints":{"allow":["GET"]}}],"collection":[{"href":"https:\/\/smartdoor.sk\/hu\/wp-json\/wp\/v2\/product"}],"about":[{"href":"https:\/\/smartdoor.sk\/hu\/wp-json\/wp\/v2\/types\/product"}],"version-history":[{"count":0,"href":"https:\/\/smartdoor.sk\/hu\/wp-json\/wp\/v2\/product\/13812\/revisions"}],"wp:featuredmedia":[{"embeddable":true,"href":"https:\/\/smartdoor.sk\/hu\/wp-json\/wp\/v2\/media\/10005"}],"wp:attachment":[{"href":"https:\/\/smartdoor.sk\/hu\/wp-json\/wp\/v2\/media?parent=13812"}],"wp:term":[{"taxonomy":"product_brand","embeddable":true,"href":"https:\/\/smartdoor.sk\/hu\/wp-json\/wp\/v2\/product_brand?post=13812"},{"taxonomy":"product_cat","embeddable":true,"href":"https:\/\/smartdoor.sk\/hu\/wp-json\/wp\/v2\/product_cat?post=13812"},{"taxonomy":"product_tag","embeddable":true,"href":"https:\/\/smartdoor.sk\/hu\/wp-json\/wp\/v2\/product_tag?post=13812"}],"curies":[{"name":"wp","href":"https:\/\/api.w.org\/{rel}","templated":true}]}}