{"id":13813,"date":"2016-10-06T12:26:15","date_gmt":"2024-03-27T15:48:55","guid":{"rendered":"https:\/\/www.smartdoor.sk\/produkt\/zajvedo-gordulo-kapuk\/"},"modified":"2024-03-27T16:48:55","modified_gmt":"2024-03-27T15:48:55","slug":"zajvedo-gordulo-kapuk","status":"publish","type":"product","link":"https:\/\/smartdoor.sk\/hu\/produkt\/zajvedo-gordulo-kapuk\/","title":{"rendered":"Zajv\u00e9d\u0151 g\u00f6rd\u00fcl\u0151 kapuk"},"content":{"rendered":"<p>Speci\u00e1lis zajszigetelt ac\u00e9l red\u0151nykapuk<br \/>\n31dB, 45dB, 50dB vagy 67dB szintek. Alkalmas sz\u00ednh\u00e1zak, mozik sz\u00e1m\u00e1ra<br \/>\n\u00e9s olyan termek, ahol t\u00falzott zaj keletkezik. A term\u00e9ket tesztelt\u00e9k<br \/>\naz EN 20140-3 \u00e9s az EN 20140-3 szabv\u00e1ny k\u00f6vetelm\u00e9nyeinek megfelel\u0151 k\u00f6r\u00fclm\u00e9nyek k\u00f6z\u00f6tt.<br \/>\nISO 717-1.<\/p>\n<p>&#8211; Ajt\u00f3t\u00edpusok: 31dB (szimpla red\u0151ny), 45dB (dupla red\u0151ny), 50dB (dupla red\u0151ny)<br \/>\n&#8211; konstrukci\u00f3: egyetlen red\u0151ny egyetlen tengelyen (31 dB), k\u00e9t f\u00fcggetlen red\u0151ny k\u00e9t tengelyen, egyidej\u0171leg m\u0171k\u00f6dtetve (45 \u00e9s 50 dB).<br \/>\n&#8211; a kapuf\u00fcgg\u00f6ny s\u00falya kb. 40 kg\/m2<br \/>\n&#8211; 400V-os k\u00fcls\u0151 meghajt\u00f3 v\u00e9sznyit\u00e1ssal<\/p>\n","protected":false},"excerpt":{"rendered":"<p>Speci\u00e1lis zajszigetelt ac\u00e9l red\u0151nykapuk 31dB, 45dB, 50dB vagy 67dB szintek. Alkalmas sz\u00ednh\u00e1zak, mozik sz\u00e1m\u00e1ra \u00e9s olyan termek, ahol t\u00falzott zaj keletkezik. A term\u00e9ket tesztelt\u00e9k az EN 20140-3 \u00e9s az EN 20140-3 szabv\u00e1ny k\u00f6vetelm\u00e9nyeinek megfelel\u0151 k\u00f6r\u00fclm\u00e9nyek k\u00f6z\u00f6tt. ISO 717-1. &#8211; Ajt\u00f3t\u00edpusok: 31dB (szimpla red\u0151ny), 45dB (dupla red\u0151ny), 50dB (dupla red\u0151ny) &#8211; konstrukci\u00f3: egyetlen red\u0151ny egyetlen tengelyen [&hellip;]<\/p>\n","protected":false},"featured_media":10001,"template":"","meta":{"_acf_changed":false,"site-sidebar-layout":"default","site-content-layout":"","ast-site-content-layout":"default","site-content-style":"default","site-sidebar-style":"default","ast-global-header-display":"","ast-banner-title-visibility":"","ast-main-header-display":"","ast-hfb-above-header-display":"","ast-hfb-below-header-display":"","ast-hfb-mobile-header-display":"","site-post-title":"","ast-breadcrumbs-content":"","ast-featured-img":"","footer-sml-layout":"","ast-disable-related-posts":"","theme-transparent-header-meta":"","adv-header-id-meta":"","stick-header-meta":"","header-above-stick-meta":"","header-main-stick-meta":"","header-below-stick-meta":"","astra-migrate-meta-layouts":"default","ast-page-background-enabled":"default","ast-page-background-meta":{"desktop":{"background-color":"","background-image":"","background-repeat":"repeat","background-position":"center center","background-size":"auto","background-attachment":"scroll","background-type":"","background-media":"","overlay-type":"","overlay-color":"","overlay-opacity":"","overlay-gradient":""},"tablet":{"background-color":"","background-image":"","background-repeat":"repeat","background-position":"center center","background-size":"auto","background-attachment":"scroll","background-type":"","background-media":"","overlay-type":"","overlay-color":"","overlay-opacity":"","overlay-gradient":""},"mobile":{"background-color":"","background-image":"","background-repeat":"repeat","background-position":"center center","background-size":"auto","background-attachment":"scroll","background-type":"","background-media":"","overlay-type":"","overlay-color":"","overlay-opacity":"","overlay-gradient":""}},"ast-content-background-meta":{"desktop":{"background-color":"var(--ast-global-color-5)","background-image":"","background-repeat":"repeat","background-position":"center center","background-size":"auto","background-attachment":"scroll","background-type":"","background-media":"","overlay-type":"","overlay-color":"","overlay-opacity":"","overlay-gradient":""},"tablet":{"background-color":"var(--ast-global-color-5)","background-image":"","background-repeat":"repeat","background-position":"center center","background-size":"auto","background-attachment":"scroll","background-type":"","background-media":"","overlay-type":"","overlay-color":"","overlay-opacity":"","overlay-gradient":""},"mobile":{"background-color":"var(--ast-global-color-5)","background-image":"","background-repeat":"repeat","background-position":"center center","background-size":"auto","background-attachment":"scroll","background-type":"","background-media":"","overlay-type":"","overlay-color":"","overlay-opacity":"","overlay-gradient":""}}},"product_brand":[],"product_cat":[444,450],"product_tag":[],"class_list":{"0":"post-13813","1":"product","2":"type-product","3":"status-publish","4":"has-post-thumbnail","6":"product_cat-ipari-kapuk","7":"product_cat-kulonleges-kapuk","8":"desktop-align-left","9":"tablet-align-left","10":"mobile-align-left","11":"ast-product-gallery-layout-horizontal-slider","12":"ast-product-gallery-with-no-image","13":"ast-product-tabs-layout-horizontal","15":"first","16":"instock","17":"product-type-simple"},"acf":[],"yoast_head":"<!-- This site is optimized with the Yoast SEO Premium plugin v26.2 (Yoast SEO v27.2) - https:\/\/yoast.com\/product\/yoast-seo-premium-wordpress\/ -->\n<title>Zajv\u00e9d\u0151 g\u00f6rd\u00fcl\u0151 kapuk - Smartdoor<\/title>\n<meta name=\"description\" content=\"Speci\u00e1lis ac\u00e9l zajv\u00e9d\u0151 g\u00f6rd\u00fcl\u0151ajt\u00f3k 31dB, 45dB, 50dB vagy 67dB zajszigetel\u00e9si szintekkel. Alkalmas sz\u00ednh\u00e1zak, mozik \u00e9s termek sz\u00e1m\u00e1ra, ahol\" \/>\n<meta name=\"robots\" content=\"index, follow, max-snippet:-1, max-image-preview:large, max-video-preview:-1\" \/>\n<link rel=\"canonical\" href=\"https:\/\/smartdoor.sk\/hu\/produkt\/zajvedo-gordulo-kapuk\/\" \/>\n<meta property=\"og:locale\" content=\"hu_HU\" \/>\n<meta property=\"og:type\" content=\"article\" \/>\n<meta property=\"og:title\" content=\"Zajv\u00e9d\u0151 g\u00f6rd\u00fcl\u0151 kapuk\" \/>\n<meta property=\"og:description\" content=\"Speci\u00e1lis ac\u00e9l zajv\u00e9d\u0151 g\u00f6rd\u00fcl\u0151ajt\u00f3k 31dB, 45dB, 50dB vagy 67dB zajszigetel\u00e9si szintekkel. Alkalmas sz\u00ednh\u00e1zak, mozik \u00e9s termek sz\u00e1m\u00e1ra, ahol\" \/>\n<meta property=\"og:url\" content=\"https:\/\/smartdoor.sk\/hu\/produkt\/zajvedo-gordulo-kapuk\/\" \/>\n<meta property=\"og:site_name\" content=\"Smartdoor\" \/>\n<meta property=\"og:image\" content=\"https:\/\/smartdoor.sk\/wp-content\/uploads\/2021\/03\/Protihlukove_rolovacie_brany.jpg\" \/>\n\t<meta property=\"og:image:width\" content=\"418\" \/>\n\t<meta property=\"og:image:height\" content=\"279\" \/>\n\t<meta property=\"og:image:type\" content=\"image\/jpeg\" \/>\n<meta name=\"twitter:card\" content=\"summary_large_image\" \/>\n<meta name=\"twitter:label1\" content=\"Becs\u00fclt olvas\u00e1si id\u0151\" \/>\n\t<meta name=\"twitter:data1\" content=\"1 perc\" \/>\n<script type=\"application\/ld+json\" class=\"yoast-schema-graph\">{\"@context\":\"https:\/\/schema.org\",\"@graph\":[{\"@type\":\"WebPage\",\"@id\":\"https:\/\/smartdoor.sk\/hu\/produkt\/zajvedo-gordulo-kapuk\/\",\"url\":\"https:\/\/smartdoor.sk\/hu\/produkt\/zajvedo-gordulo-kapuk\/\",\"name\":\"Zajv\u00e9d\u0151 g\u00f6rd\u00fcl\u0151 kapuk - Smartdoor\",\"isPartOf\":{\"@id\":\"https:\/\/smartdoor.sk\/hu\/#website\"},\"primaryImageOfPage\":{\"@id\":\"https:\/\/smartdoor.sk\/hu\/produkt\/zajvedo-gordulo-kapuk\/#primaryimage\"},\"image\":{\"@id\":\"https:\/\/smartdoor.sk\/hu\/produkt\/zajvedo-gordulo-kapuk\/#primaryimage\"},\"thumbnailUrl\":\"https:\/\/smartdoor.sk\/wp-content\/uploads\/2021\/03\/Protihlukove_rolovacie_brany.jpg\",\"datePublished\":\"2024-03-27T15:48:55+00:00\",\"description\":\"Speci\u00e1lis ac\u00e9l zajv\u00e9d\u0151 g\u00f6rd\u00fcl\u0151ajt\u00f3k 31dB, 45dB, 50dB vagy 67dB zajszigetel\u00e9si szintekkel. Alkalmas sz\u00ednh\u00e1zak, mozik \u00e9s termek sz\u00e1m\u00e1ra, ahol\",\"breadcrumb\":{\"@id\":\"https:\/\/smartdoor.sk\/hu\/produkt\/zajvedo-gordulo-kapuk\/#breadcrumb\"},\"inLanguage\":\"hu\",\"potentialAction\":[{\"@type\":\"ReadAction\",\"target\":[\"https:\/\/smartdoor.sk\/hu\/produkt\/zajvedo-gordulo-kapuk\/\"]}]},{\"@type\":\"ImageObject\",\"inLanguage\":\"hu\",\"@id\":\"https:\/\/smartdoor.sk\/hu\/produkt\/zajvedo-gordulo-kapuk\/#primaryimage\",\"url\":\"https:\/\/smartdoor.sk\/wp-content\/uploads\/2021\/03\/Protihlukove_rolovacie_brany.jpg\",\"contentUrl\":\"https:\/\/smartdoor.sk\/wp-content\/uploads\/2021\/03\/Protihlukove_rolovacie_brany.jpg\",\"width\":418,\"height\":279,\"caption\":\"Protihlukov\u00e9 rolovacie br\u00e1ny\"},{\"@type\":\"BreadcrumbList\",\"@id\":\"https:\/\/smartdoor.sk\/hu\/produkt\/zajvedo-gordulo-kapuk\/#breadcrumb\",\"itemListElement\":[{\"@type\":\"ListItem\",\"position\":1,\"name\":\"Domovsk\u00e1 str\u00e1nka\",\"item\":\"https:\/\/smartdoor.sk\/hu\/\"},{\"@type\":\"ListItem\",\"position\":2,\"name\":\"Term\u00e9kek\",\"item\":\"https:\/\/smartdoor.sk\/hu\/termekek\/\"},{\"@type\":\"ListItem\",\"position\":3,\"name\":\"Zajv\u00e9d\u0151 g\u00f6rd\u00fcl\u0151 kapuk\"}]},{\"@type\":\"WebSite\",\"@id\":\"https:\/\/smartdoor.sk\/hu\/#website\",\"url\":\"https:\/\/smartdoor.sk\/hu\/\",\"name\":\"Smartdoor\",\"description\":\"M\u00fadre rie\u0161enia pre gar\u00e1\u017eov\u00e9 br\u00e1ny\",\"publisher\":{\"@id\":\"https:\/\/smartdoor.sk\/hu\/#organization\"},\"potentialAction\":[{\"@type\":\"SearchAction\",\"target\":{\"@type\":\"EntryPoint\",\"urlTemplate\":\"https:\/\/smartdoor.sk\/hu\/?s={search_term_string}\"},\"query-input\":{\"@type\":\"PropertyValueSpecification\",\"valueRequired\":true,\"valueName\":\"search_term_string\"}}],\"inLanguage\":\"hu\"},{\"@type\":\"Organization\",\"@id\":\"https:\/\/smartdoor.sk\/hu\/#organization\",\"name\":\"Smartdoor\",\"url\":\"https:\/\/smartdoor.sk\/hu\/\",\"logo\":{\"@type\":\"ImageObject\",\"inLanguage\":\"hu\",\"@id\":\"https:\/\/smartdoor.sk\/hu\/#\/schema\/logo\/image\/\",\"url\":\"https:\/\/smartdoor.sk\/wp-content\/uploads\/2023\/03\/SmartDoorLogo.png\",\"contentUrl\":\"https:\/\/smartdoor.sk\/wp-content\/uploads\/2023\/03\/SmartDoorLogo.png\",\"width\":1500,\"height\":902,\"caption\":\"Smartdoor\"},\"image\":{\"@id\":\"https:\/\/smartdoor.sk\/hu\/#\/schema\/logo\/image\/\"}}]}<\/script>\n<!-- \/ Yoast SEO Premium plugin. -->","yoast_head_json":{"title":"Zajv\u00e9d\u0151 g\u00f6rd\u00fcl\u0151 kapuk - Smartdoor","description":"Speci\u00e1lis ac\u00e9l zajv\u00e9d\u0151 g\u00f6rd\u00fcl\u0151ajt\u00f3k 31dB, 45dB, 50dB vagy 67dB zajszigetel\u00e9si szintekkel. Alkalmas sz\u00ednh\u00e1zak, mozik \u00e9s termek sz\u00e1m\u00e1ra, ahol","robots":{"index":"index","follow":"follow","max-snippet":"max-snippet:-1","max-image-preview":"max-image-preview:large","max-video-preview":"max-video-preview:-1"},"canonical":"https:\/\/smartdoor.sk\/hu\/produkt\/zajvedo-gordulo-kapuk\/","og_locale":"hu_HU","og_type":"article","og_title":"Zajv\u00e9d\u0151 g\u00f6rd\u00fcl\u0151 kapuk","og_description":"Speci\u00e1lis ac\u00e9l zajv\u00e9d\u0151 g\u00f6rd\u00fcl\u0151ajt\u00f3k 31dB, 45dB, 50dB vagy 67dB zajszigetel\u00e9si szintekkel. Alkalmas sz\u00ednh\u00e1zak, mozik \u00e9s termek sz\u00e1m\u00e1ra, ahol","og_url":"https:\/\/smartdoor.sk\/hu\/produkt\/zajvedo-gordulo-kapuk\/","og_site_name":"Smartdoor","og_image":[{"width":418,"height":279,"url":"https:\/\/smartdoor.sk\/wp-content\/uploads\/2021\/03\/Protihlukove_rolovacie_brany.jpg","type":"image\/jpeg"}],"twitter_card":"summary_large_image","twitter_misc":{"Becs\u00fclt olvas\u00e1si id\u0151":"1 perc"},"schema":{"@context":"https:\/\/schema.org","@graph":[{"@type":"WebPage","@id":"https:\/\/smartdoor.sk\/hu\/produkt\/zajvedo-gordulo-kapuk\/","url":"https:\/\/smartdoor.sk\/hu\/produkt\/zajvedo-gordulo-kapuk\/","name":"Zajv\u00e9d\u0151 g\u00f6rd\u00fcl\u0151 kapuk - Smartdoor","isPartOf":{"@id":"https:\/\/smartdoor.sk\/hu\/#website"},"primaryImageOfPage":{"@id":"https:\/\/smartdoor.sk\/hu\/produkt\/zajvedo-gordulo-kapuk\/#primaryimage"},"image":{"@id":"https:\/\/smartdoor.sk\/hu\/produkt\/zajvedo-gordulo-kapuk\/#primaryimage"},"thumbnailUrl":"https:\/\/smartdoor.sk\/wp-content\/uploads\/2021\/03\/Protihlukove_rolovacie_brany.jpg","datePublished":"2024-03-27T15:48:55+00:00","description":"Speci\u00e1lis ac\u00e9l zajv\u00e9d\u0151 g\u00f6rd\u00fcl\u0151ajt\u00f3k 31dB, 45dB, 50dB vagy 67dB zajszigetel\u00e9si szintekkel. Alkalmas sz\u00ednh\u00e1zak, mozik \u00e9s termek sz\u00e1m\u00e1ra, ahol","breadcrumb":{"@id":"https:\/\/smartdoor.sk\/hu\/produkt\/zajvedo-gordulo-kapuk\/#breadcrumb"},"inLanguage":"hu","potentialAction":[{"@type":"ReadAction","target":["https:\/\/smartdoor.sk\/hu\/produkt\/zajvedo-gordulo-kapuk\/"]}]},{"@type":"ImageObject","inLanguage":"hu","@id":"https:\/\/smartdoor.sk\/hu\/produkt\/zajvedo-gordulo-kapuk\/#primaryimage","url":"https:\/\/smartdoor.sk\/wp-content\/uploads\/2021\/03\/Protihlukove_rolovacie_brany.jpg","contentUrl":"https:\/\/smartdoor.sk\/wp-content\/uploads\/2021\/03\/Protihlukove_rolovacie_brany.jpg","width":418,"height":279,"caption":"Protihlukov\u00e9 rolovacie br\u00e1ny"},{"@type":"BreadcrumbList","@id":"https:\/\/smartdoor.sk\/hu\/produkt\/zajvedo-gordulo-kapuk\/#breadcrumb","itemListElement":[{"@type":"ListItem","position":1,"name":"Domovsk\u00e1 str\u00e1nka","item":"https:\/\/smartdoor.sk\/hu\/"},{"@type":"ListItem","position":2,"name":"Term\u00e9kek","item":"https:\/\/smartdoor.sk\/hu\/termekek\/"},{"@type":"ListItem","position":3,"name":"Zajv\u00e9d\u0151 g\u00f6rd\u00fcl\u0151 kapuk"}]},{"@type":"WebSite","@id":"https:\/\/smartdoor.sk\/hu\/#website","url":"https:\/\/smartdoor.sk\/hu\/","name":"Smartdoor","description":"M\u00fadre rie\u0161enia pre gar\u00e1\u017eov\u00e9 br\u00e1ny","publisher":{"@id":"https:\/\/smartdoor.sk\/hu\/#organization"},"potentialAction":[{"@type":"SearchAction","target":{"@type":"EntryPoint","urlTemplate":"https:\/\/smartdoor.sk\/hu\/?s={search_term_string}"},"query-input":{"@type":"PropertyValueSpecification","valueRequired":true,"valueName":"search_term_string"}}],"inLanguage":"hu"},{"@type":"Organization","@id":"https:\/\/smartdoor.sk\/hu\/#organization","name":"Smartdoor","url":"https:\/\/smartdoor.sk\/hu\/","logo":{"@type":"ImageObject","inLanguage":"hu","@id":"https:\/\/smartdoor.sk\/hu\/#\/schema\/logo\/image\/","url":"https:\/\/smartdoor.sk\/wp-content\/uploads\/2023\/03\/SmartDoorLogo.png","contentUrl":"https:\/\/smartdoor.sk\/wp-content\/uploads\/2023\/03\/SmartDoorLogo.png","width":1500,"height":902,"caption":"Smartdoor"},"image":{"@id":"https:\/\/smartdoor.sk\/hu\/#\/schema\/logo\/image\/"}}]}},"_links":{"self":[{"href":"https:\/\/smartdoor.sk\/hu\/wp-json\/wp\/v2\/product\/13813","targetHints":{"allow":["GET"]}}],"collection":[{"href":"https:\/\/smartdoor.sk\/hu\/wp-json\/wp\/v2\/product"}],"about":[{"href":"https:\/\/smartdoor.sk\/hu\/wp-json\/wp\/v2\/types\/product"}],"version-history":[{"count":0,"href":"https:\/\/smartdoor.sk\/hu\/wp-json\/wp\/v2\/product\/13813\/revisions"}],"wp:featuredmedia":[{"embeddable":true,"href":"https:\/\/smartdoor.sk\/hu\/wp-json\/wp\/v2\/media\/10001"}],"wp:attachment":[{"href":"https:\/\/smartdoor.sk\/hu\/wp-json\/wp\/v2\/media?parent=13813"}],"wp:term":[{"taxonomy":"product_brand","embeddable":true,"href":"https:\/\/smartdoor.sk\/hu\/wp-json\/wp\/v2\/product_brand?post=13813"},{"taxonomy":"product_cat","embeddable":true,"href":"https:\/\/smartdoor.sk\/hu\/wp-json\/wp\/v2\/product_cat?post=13813"},{"taxonomy":"product_tag","embeddable":true,"href":"https:\/\/smartdoor.sk\/hu\/wp-json\/wp\/v2\/product_tag?post=13813"}],"curies":[{"name":"wp","href":"https:\/\/api.w.org\/{rel}","templated":true}]}}