{"id":13818,"date":"2016-10-06T12:24:36","date_gmt":"2024-03-27T15:49:35","guid":{"rendered":"https:\/\/www.smartdoor.sk\/produkt\/fabrik\/"},"modified":"2024-03-27T16:49:38","modified_gmt":"2024-03-27T15:49:38","slug":"gyar","status":"publish","type":"product","link":"https:\/\/smartdoor.sk\/hu\/produkt\/gyar\/","title":{"rendered":"FABRIK"},"content":{"rendered":"<p>A FABRIK ipari leng\u0151ajt\u00f3 minden szekcion\u00e1lt kapu kivitelben versenyk\u00e9pes \u00e1ron kaphat\u00f3.<br \/>\nAz ajt\u00f3t kerettel, be\u00e9p\u00edtett z\u00e1rral \u00e9s hengerrel sz\u00e1ll\u00edtjuk.<br \/>\n&#8211; ac\u00e9lkapu festett fel\u00fclettel vagy fa ut\u00e1nzat\u00fa fel\u00fclettel<br \/>\n&#8211; Sz\u00e1rny vastags\u00e1ga: 40 mm<br \/>\n&#8211; m\u00e9retek: max. sz\u00e9less\u00e9g 3500 mm x max. magass\u00e1g 3500 mm<br \/>\n&#8211; kialak\u00edt\u00e1s: kazett\u00e1k, sima, mikrohornyok, bar\u00e1zd\u00e1k, cs\u00edkok, cs\u00edkok<\/p>\n<p>A kazett\u00e1s kivitelben korl\u00e1tozott m\u00e9retv\u00e1laszt\u00e9k \u00e1ll rendelkez\u00e9sre &#8211; \u00e9rdekl\u0151dj\u00f6n a r\u00e9szletekr\u0151l.<br \/>\n&#8211; fel\u00fclet: fad\u00edszes, sima, stukk\u00f3<br \/>\n&#8211; szigetel\u00e9s: poliuret\u00e1n<br \/>\n&#8211; sz\u00ednek: feh\u00e9r, barna &#8211; standard sz\u00ednek, RAL sz\u00ednez\u00e9s fel\u00e1r ellen\u00e9ben, faimit\u00e1ci\u00f3, lamin\u00e1lt anyag.<\/p>\n","protected":false},"excerpt":{"rendered":"<p>A FABRIK ipari leng\u0151ajt\u00f3 minden szekcion\u00e1lt kapu kivitelben versenyk\u00e9pes \u00e1ron kaphat\u00f3. Az ajt\u00f3t kerettel, be\u00e9p\u00edtett z\u00e1rral \u00e9s hengerrel sz\u00e1ll\u00edtjuk. &#8211; ac\u00e9lkapu festett fel\u00fclettel vagy fa ut\u00e1nzat\u00fa fel\u00fclettel &#8211; Sz\u00e1rny vastags\u00e1ga: 40 mm &#8211; m\u00e9retek: max. sz\u00e9less\u00e9g 3500 mm x max. magass\u00e1g 3500 mm &#8211; kialak\u00edt\u00e1s: kazett\u00e1k, sima, mikrohornyok, bar\u00e1zd\u00e1k, cs\u00edkok, cs\u00edkok A kazett\u00e1s kivitelben korl\u00e1tozott [&hellip;]<\/p>\n","protected":false},"featured_media":10007,"template":"","meta":{"_acf_changed":false,"site-sidebar-layout":"default","site-content-layout":"","ast-site-content-layout":"default","site-content-style":"default","site-sidebar-style":"default","ast-global-header-display":"","ast-banner-title-visibility":"","ast-main-header-display":"","ast-hfb-above-header-display":"","ast-hfb-below-header-display":"","ast-hfb-mobile-header-display":"","site-post-title":"","ast-breadcrumbs-content":"","ast-featured-img":"","footer-sml-layout":"","ast-disable-related-posts":"","theme-transparent-header-meta":"","adv-header-id-meta":"","stick-header-meta":"","header-above-stick-meta":"","header-main-stick-meta":"","header-below-stick-meta":"","astra-migrate-meta-layouts":"default","ast-page-background-enabled":"default","ast-page-background-meta":{"desktop":{"background-color":"","background-image":"","background-repeat":"repeat","background-position":"center center","background-size":"auto","background-attachment":"scroll","background-type":"","background-media":"","overlay-type":"","overlay-color":"","overlay-opacity":"","overlay-gradient":""},"tablet":{"background-color":"","background-image":"","background-repeat":"repeat","background-position":"center center","background-size":"auto","background-attachment":"scroll","background-type":"","background-media":"","overlay-type":"","overlay-color":"","overlay-opacity":"","overlay-gradient":""},"mobile":{"background-color":"","background-image":"","background-repeat":"repeat","background-position":"center center","background-size":"auto","background-attachment":"scroll","background-type":"","background-media":"","overlay-type":"","overlay-color":"","overlay-opacity":"","overlay-gradient":""}},"ast-content-background-meta":{"desktop":{"background-color":"var(--ast-global-color-5)","background-image":"","background-repeat":"repeat","background-position":"center center","background-size":"auto","background-attachment":"scroll","background-type":"","background-media":"","overlay-type":"","overlay-color":"","overlay-opacity":"","overlay-gradient":""},"tablet":{"background-color":"var(--ast-global-color-5)","background-image":"","background-repeat":"repeat","background-position":"center center","background-size":"auto","background-attachment":"scroll","background-type":"","background-media":"","overlay-type":"","overlay-color":"","overlay-opacity":"","overlay-gradient":""},"mobile":{"background-color":"var(--ast-global-color-5)","background-image":"","background-repeat":"repeat","background-position":"center center","background-size":"auto","background-attachment":"scroll","background-type":"","background-media":"","overlay-type":"","overlay-color":"","overlay-opacity":"","overlay-gradient":""}}},"product_brand":[],"product_cat":[444,445],"product_tag":[],"class_list":{"0":"post-13818","1":"product","2":"type-product","3":"status-publish","4":"has-post-thumbnail","6":"product_cat-ipari-kapuk","7":"product_cat-ipari-lengokapuk","8":"desktop-align-left","9":"tablet-align-left","10":"mobile-align-left","11":"ast-product-gallery-layout-horizontal-slider","12":"ast-product-gallery-with-no-image","13":"ast-product-tabs-layout-horizontal","15":"first","16":"instock","17":"product-type-simple"},"acf":[],"yoast_head":"<!-- This site is optimized with the Yoast SEO Premium plugin v26.2 (Yoast SEO v27.2) - https:\/\/yoast.com\/product\/yoast-seo-premium-wordpress\/ -->\n<title>FABRIK - Smartdoor<\/title>\n<meta name=\"description\" content=\"A FABRIK ipari leng\u0151ajt\u00f3 minden szekcion\u00e1lt kapu kivitelben versenyk\u00e9pes \u00e1ron kaphat\u00f3. Az ajt\u00f3t kerettel sz\u00e1ll\u00edtjuk\" \/>\n<meta name=\"robots\" content=\"index, follow, max-snippet:-1, max-image-preview:large, max-video-preview:-1\" \/>\n<link rel=\"canonical\" href=\"https:\/\/smartdoor.sk\/hu\/produkt\/gyar\/\" \/>\n<meta property=\"og:locale\" content=\"hu_HU\" \/>\n<meta property=\"og:type\" content=\"article\" \/>\n<meta property=\"og:title\" content=\"FABRIK\" \/>\n<meta property=\"og:description\" content=\"A FABRIK ipari leng\u0151ajt\u00f3 minden szekcion\u00e1lt kapu kivitelben versenyk\u00e9pes \u00e1ron kaphat\u00f3. Az ajt\u00f3t kerettel sz\u00e1ll\u00edtjuk\" \/>\n<meta property=\"og:url\" content=\"https:\/\/smartdoor.sk\/hu\/produkt\/gyar\/\" \/>\n<meta property=\"og:site_name\" content=\"Smartdoor\" \/>\n<meta property=\"article:modified_time\" content=\"2024-03-27T15:49:38+00:00\" \/>\n<meta property=\"og:image\" content=\"https:\/\/smartdoor.sk\/wp-content\/uploads\/2021\/03\/FABRIK_.jpg\" \/>\n\t<meta property=\"og:image:width\" content=\"800\" \/>\n\t<meta property=\"og:image:height\" content=\"600\" \/>\n\t<meta property=\"og:image:type\" content=\"image\/jpeg\" \/>\n<meta name=\"twitter:card\" content=\"summary_large_image\" \/>\n<meta name=\"twitter:label1\" content=\"Becs\u00fclt olvas\u00e1si id\u0151\" \/>\n\t<meta name=\"twitter:data1\" content=\"1 perc\" \/>\n<script type=\"application\/ld+json\" class=\"yoast-schema-graph\">{\"@context\":\"https:\/\/schema.org\",\"@graph\":[{\"@type\":\"WebPage\",\"@id\":\"https:\/\/smartdoor.sk\/hu\/produkt\/gyar\/\",\"url\":\"https:\/\/smartdoor.sk\/hu\/produkt\/gyar\/\",\"name\":\"FABRIK - Smartdoor\",\"isPartOf\":{\"@id\":\"https:\/\/smartdoor.sk\/hu\/#website\"},\"primaryImageOfPage\":{\"@id\":\"https:\/\/smartdoor.sk\/hu\/produkt\/gyar\/#primaryimage\"},\"image\":{\"@id\":\"https:\/\/smartdoor.sk\/hu\/produkt\/gyar\/#primaryimage\"},\"thumbnailUrl\":\"https:\/\/smartdoor.sk\/wp-content\/uploads\/2021\/03\/FABRIK_.jpg\",\"datePublished\":\"2024-03-27T15:49:35+00:00\",\"dateModified\":\"2024-03-27T15:49:38+00:00\",\"description\":\"A FABRIK ipari leng\u0151ajt\u00f3 minden szekcion\u00e1lt kapu kivitelben versenyk\u00e9pes \u00e1ron kaphat\u00f3. Az ajt\u00f3t kerettel sz\u00e1ll\u00edtjuk\",\"breadcrumb\":{\"@id\":\"https:\/\/smartdoor.sk\/hu\/produkt\/gyar\/#breadcrumb\"},\"inLanguage\":\"hu\",\"potentialAction\":[{\"@type\":\"ReadAction\",\"target\":[\"https:\/\/smartdoor.sk\/hu\/produkt\/gyar\/\"]}]},{\"@type\":\"ImageObject\",\"inLanguage\":\"hu\",\"@id\":\"https:\/\/smartdoor.sk\/hu\/produkt\/gyar\/#primaryimage\",\"url\":\"https:\/\/smartdoor.sk\/wp-content\/uploads\/2021\/03\/FABRIK_.jpg\",\"contentUrl\":\"https:\/\/smartdoor.sk\/wp-content\/uploads\/2021\/03\/FABRIK_.jpg\",\"width\":800,\"height\":600,\"caption\":\"Priemyseln\u00e1 kr\u00eddlov\u00e1 br\u00e1na FABRIK\"},{\"@type\":\"BreadcrumbList\",\"@id\":\"https:\/\/smartdoor.sk\/hu\/produkt\/gyar\/#breadcrumb\",\"itemListElement\":[{\"@type\":\"ListItem\",\"position\":1,\"name\":\"Domovsk\u00e1 str\u00e1nka\",\"item\":\"https:\/\/smartdoor.sk\/hu\/\"},{\"@type\":\"ListItem\",\"position\":2,\"name\":\"Term\u00e9kek\",\"item\":\"https:\/\/smartdoor.sk\/hu\/termekek\/\"},{\"@type\":\"ListItem\",\"position\":3,\"name\":\"FABRIK\"}]},{\"@type\":\"WebSite\",\"@id\":\"https:\/\/smartdoor.sk\/hu\/#website\",\"url\":\"https:\/\/smartdoor.sk\/hu\/\",\"name\":\"Smartdoor\",\"description\":\"M\u00fadre rie\u0161enia pre gar\u00e1\u017eov\u00e9 br\u00e1ny\",\"publisher\":{\"@id\":\"https:\/\/smartdoor.sk\/hu\/#organization\"},\"potentialAction\":[{\"@type\":\"SearchAction\",\"target\":{\"@type\":\"EntryPoint\",\"urlTemplate\":\"https:\/\/smartdoor.sk\/hu\/?s={search_term_string}\"},\"query-input\":{\"@type\":\"PropertyValueSpecification\",\"valueRequired\":true,\"valueName\":\"search_term_string\"}}],\"inLanguage\":\"hu\"},{\"@type\":\"Organization\",\"@id\":\"https:\/\/smartdoor.sk\/hu\/#organization\",\"name\":\"Smartdoor\",\"url\":\"https:\/\/smartdoor.sk\/hu\/\",\"logo\":{\"@type\":\"ImageObject\",\"inLanguage\":\"hu\",\"@id\":\"https:\/\/smartdoor.sk\/hu\/#\/schema\/logo\/image\/\",\"url\":\"https:\/\/smartdoor.sk\/wp-content\/uploads\/2023\/03\/SmartDoorLogo.png\",\"contentUrl\":\"https:\/\/smartdoor.sk\/wp-content\/uploads\/2023\/03\/SmartDoorLogo.png\",\"width\":1500,\"height\":902,\"caption\":\"Smartdoor\"},\"image\":{\"@id\":\"https:\/\/smartdoor.sk\/hu\/#\/schema\/logo\/image\/\"}}]}<\/script>\n<!-- \/ Yoast SEO Premium plugin. -->","yoast_head_json":{"title":"FABRIK - Smartdoor","description":"A FABRIK ipari leng\u0151ajt\u00f3 minden szekcion\u00e1lt kapu kivitelben versenyk\u00e9pes \u00e1ron kaphat\u00f3. Az ajt\u00f3t kerettel sz\u00e1ll\u00edtjuk","robots":{"index":"index","follow":"follow","max-snippet":"max-snippet:-1","max-image-preview":"max-image-preview:large","max-video-preview":"max-video-preview:-1"},"canonical":"https:\/\/smartdoor.sk\/hu\/produkt\/gyar\/","og_locale":"hu_HU","og_type":"article","og_title":"FABRIK","og_description":"A FABRIK ipari leng\u0151ajt\u00f3 minden szekcion\u00e1lt kapu kivitelben versenyk\u00e9pes \u00e1ron kaphat\u00f3. Az ajt\u00f3t kerettel sz\u00e1ll\u00edtjuk","og_url":"https:\/\/smartdoor.sk\/hu\/produkt\/gyar\/","og_site_name":"Smartdoor","article_modified_time":"2024-03-27T15:49:38+00:00","og_image":[{"width":800,"height":600,"url":"https:\/\/smartdoor.sk\/wp-content\/uploads\/2021\/03\/FABRIK_.jpg","type":"image\/jpeg"}],"twitter_card":"summary_large_image","twitter_misc":{"Becs\u00fclt olvas\u00e1si id\u0151":"1 perc"},"schema":{"@context":"https:\/\/schema.org","@graph":[{"@type":"WebPage","@id":"https:\/\/smartdoor.sk\/hu\/produkt\/gyar\/","url":"https:\/\/smartdoor.sk\/hu\/produkt\/gyar\/","name":"FABRIK - Smartdoor","isPartOf":{"@id":"https:\/\/smartdoor.sk\/hu\/#website"},"primaryImageOfPage":{"@id":"https:\/\/smartdoor.sk\/hu\/produkt\/gyar\/#primaryimage"},"image":{"@id":"https:\/\/smartdoor.sk\/hu\/produkt\/gyar\/#primaryimage"},"thumbnailUrl":"https:\/\/smartdoor.sk\/wp-content\/uploads\/2021\/03\/FABRIK_.jpg","datePublished":"2024-03-27T15:49:35+00:00","dateModified":"2024-03-27T15:49:38+00:00","description":"A FABRIK ipari leng\u0151ajt\u00f3 minden szekcion\u00e1lt kapu kivitelben versenyk\u00e9pes \u00e1ron kaphat\u00f3. Az ajt\u00f3t kerettel sz\u00e1ll\u00edtjuk","breadcrumb":{"@id":"https:\/\/smartdoor.sk\/hu\/produkt\/gyar\/#breadcrumb"},"inLanguage":"hu","potentialAction":[{"@type":"ReadAction","target":["https:\/\/smartdoor.sk\/hu\/produkt\/gyar\/"]}]},{"@type":"ImageObject","inLanguage":"hu","@id":"https:\/\/smartdoor.sk\/hu\/produkt\/gyar\/#primaryimage","url":"https:\/\/smartdoor.sk\/wp-content\/uploads\/2021\/03\/FABRIK_.jpg","contentUrl":"https:\/\/smartdoor.sk\/wp-content\/uploads\/2021\/03\/FABRIK_.jpg","width":800,"height":600,"caption":"Priemyseln\u00e1 kr\u00eddlov\u00e1 br\u00e1na FABRIK"},{"@type":"BreadcrumbList","@id":"https:\/\/smartdoor.sk\/hu\/produkt\/gyar\/#breadcrumb","itemListElement":[{"@type":"ListItem","position":1,"name":"Domovsk\u00e1 str\u00e1nka","item":"https:\/\/smartdoor.sk\/hu\/"},{"@type":"ListItem","position":2,"name":"Term\u00e9kek","item":"https:\/\/smartdoor.sk\/hu\/termekek\/"},{"@type":"ListItem","position":3,"name":"FABRIK"}]},{"@type":"WebSite","@id":"https:\/\/smartdoor.sk\/hu\/#website","url":"https:\/\/smartdoor.sk\/hu\/","name":"Smartdoor","description":"M\u00fadre rie\u0161enia pre gar\u00e1\u017eov\u00e9 br\u00e1ny","publisher":{"@id":"https:\/\/smartdoor.sk\/hu\/#organization"},"potentialAction":[{"@type":"SearchAction","target":{"@type":"EntryPoint","urlTemplate":"https:\/\/smartdoor.sk\/hu\/?s={search_term_string}"},"query-input":{"@type":"PropertyValueSpecification","valueRequired":true,"valueName":"search_term_string"}}],"inLanguage":"hu"},{"@type":"Organization","@id":"https:\/\/smartdoor.sk\/hu\/#organization","name":"Smartdoor","url":"https:\/\/smartdoor.sk\/hu\/","logo":{"@type":"ImageObject","inLanguage":"hu","@id":"https:\/\/smartdoor.sk\/hu\/#\/schema\/logo\/image\/","url":"https:\/\/smartdoor.sk\/wp-content\/uploads\/2023\/03\/SmartDoorLogo.png","contentUrl":"https:\/\/smartdoor.sk\/wp-content\/uploads\/2023\/03\/SmartDoorLogo.png","width":1500,"height":902,"caption":"Smartdoor"},"image":{"@id":"https:\/\/smartdoor.sk\/hu\/#\/schema\/logo\/image\/"}}]}},"_links":{"self":[{"href":"https:\/\/smartdoor.sk\/hu\/wp-json\/wp\/v2\/product\/13818","targetHints":{"allow":["GET"]}}],"collection":[{"href":"https:\/\/smartdoor.sk\/hu\/wp-json\/wp\/v2\/product"}],"about":[{"href":"https:\/\/smartdoor.sk\/hu\/wp-json\/wp\/v2\/types\/product"}],"version-history":[{"count":1,"href":"https:\/\/smartdoor.sk\/hu\/wp-json\/wp\/v2\/product\/13818\/revisions"}],"predecessor-version":[{"id":13819,"href":"https:\/\/smartdoor.sk\/hu\/wp-json\/wp\/v2\/product\/13818\/revisions\/13819"}],"wp:featuredmedia":[{"embeddable":true,"href":"https:\/\/smartdoor.sk\/hu\/wp-json\/wp\/v2\/media\/10007"}],"wp:attachment":[{"href":"https:\/\/smartdoor.sk\/hu\/wp-json\/wp\/v2\/media?parent=13818"}],"wp:term":[{"taxonomy":"product_brand","embeddable":true,"href":"https:\/\/smartdoor.sk\/hu\/wp-json\/wp\/v2\/product_brand?post=13818"},{"taxonomy":"product_cat","embeddable":true,"href":"https:\/\/smartdoor.sk\/hu\/wp-json\/wp\/v2\/product_cat?post=13818"},{"taxonomy":"product_tag","embeddable":true,"href":"https:\/\/smartdoor.sk\/hu\/wp-json\/wp\/v2\/product_tag?post=13818"}],"curies":[{"name":"wp","href":"https:\/\/api.w.org\/{rel}","templated":true}]}}